{"id":106,"date":"2018-03-21T10:10:18","date_gmt":"2018-03-21T13:10:18","guid":{"rendered":"http:\/\/nossacasa.net\/nossosriachos\/agroecologia\/?page_id=106"},"modified":"2018-03-21T10:10:18","modified_gmt":"2018-03-21T13:10:18","slug":"como-eu-comeco-a-mudar-para-sistemas-agroecologicos","status":"publish","type":"page","link":"http:\/\/nossacasa.net\/nossosriachos\/agroecologia\/como-eu-comeco-a-mudar-para-sistemas-agroecologicos\/","title":{"rendered":"Como eu come\u00e7o a mudar para sistemas agroecol\u00f3gicos?"},"content":{"rendered":"<div style=\"text-align:justify\">\n<div style=\"text-align:center\">\n<a href=\"www.nossacasa.net\/pdf\/Cartilhas\/Como-eu-comeco-a-mudar-para-sistemas-agroecologicos.pdf\" rel=\"noopener\" target=\"_blank\"><strong>Como eu come\u00e7o a mudar para sistemas agroecol\u00f3gicos?<\/strong><\/a><br \/>\n<a href=\"http:\/\/www.nossacasa.net\/pdf\/Cartilhas\/Como-eu-comeco-a-mudar-para-sistemas-agroecologicos.pdf\" rel=\"noopener\" target=\"_blank\"><img loading=\"lazy\" decoding=\"async\" src=\"http:\/\/nossacasa.net\/nossosriachos\/agroecologia\/wp-content\/uploads\/sites\/9\/2018\/03\/Como-eu-comeco-a-mudar-para.jpg\" alt=\"\" width=\"595\" height=\"693\" class=\"aligncenter size-full wp-image-107\" srcset=\"http:\/\/nossacasa.net\/nossosriachos\/agroecologia\/wp-content\/uploads\/sites\/9\/2018\/03\/Como-eu-comeco-a-mudar-para.jpg 595w, http:\/\/nossacasa.net\/nossosriachos\/agroecologia\/wp-content\/uploads\/sites\/9\/2018\/03\/Como-eu-comeco-a-mudar-para-258x300.jpg 258w\" sizes=\"auto, (max-width: 595px) 100vw, 595px\" \/><\/a><br \/>\nAlberto Feiden<br \/>\nAur\u00e9lio Vinicius Borsato<br \/>\nEmbrapa Pantanal<br \/>\nCorumb\u00e1, MS<br \/>\n2011\n<\/div>\n<p>\nEsta \u00e9 a pergunta mais comum dos agricultores quando pensam em iniciar um processo de transforma\u00e7\u00e3o de sua propriedade para sistemas mais ecol\u00f3gicos. Respond\u00ea-la n\u00e3o \u00e9 tarefa simples, pois uma das caracter\u00edsticas da produ\u00e7\u00e3o org\u00e2nica em bases agroecol\u00f3gicas \u00e9 n\u00e3o ter pacotes prontos para ado\u00e7\u00e3o, sendo que cada propriedade e cada agricultor t\u00eam um caminho pr\u00f3prio para a mudan\u00e7a. Este caminho varia de acordo com as condi\u00e7\u00f5es espec\u00edficas de cada agricultor, do seu n\u00edvel de utiliza\u00e7\u00e3o de insumos modernos, das condi\u00e7\u00f5es de investimento, das condi\u00e7\u00f5es do mercado local e da disponibilidade de conhecimentos e de assist\u00eancia t\u00e9cnica.<\/p>\n","protected":false},"excerpt":{"rendered":"<p>Como eu come\u00e7o a mudar para sistemas agroecol\u00f3gicos? Alberto Feiden Aur\u00e9lio Vinicius Borsato Embrapa Pantanal Corumb\u00e1, MS 2011 Esta \u00e9 a pergunta mais comum dos agricultores quando pensam em iniciar um processo de transforma\u00e7\u00e3o de sua propriedade para sistemas mais &hellip; <a href=\"http:\/\/nossacasa.net\/nossosriachos\/agroecologia\/como-eu-comeco-a-mudar-para-sistemas-agroecologicos\/\">Continue lendo <span class=\"meta-nav\">&rarr;<\/span><\/a><\/p>\n","protected":false},"author":1,"featured_media":107,"parent":0,"menu_order":0,"comment_status":"closed","ping_status":"closed","template":"","meta":{"footnotes":""},"class_list":["post-106","page","type-page","status-publish","has-post-thumbnail","hentry"],"_links":{"self":[{"href":"http:\/\/nossacasa.net\/nossosriachos\/agroecologia\/wp-json\/wp\/v2\/pages\/106","targetHints":{"allow":["GET"]}}],"collection":[{"href":"http:\/\/nossacasa.net\/nossosriachos\/agroecologia\/wp-json\/wp\/v2\/pages"}],"about":[{"href":"http:\/\/nossacasa.net\/nossosriachos\/agroecologia\/wp-json\/wp\/v2\/types\/page"}],"author":[{"embeddable":true,"href":"http:\/\/nossacasa.net\/nossosriachos\/agroecologia\/wp-json\/wp\/v2\/users\/1"}],"replies":[{"embeddable":true,"href":"http:\/\/nossacasa.net\/nossosriachos\/agroecologia\/wp-json\/wp\/v2\/comments?post=106"}],"version-history":[{"count":1,"href":"http:\/\/nossacasa.net\/nossosriachos\/agroecologia\/wp-json\/wp\/v2\/pages\/106\/revisions"}],"predecessor-version":[{"id":108,"href":"http:\/\/nossacasa.net\/nossosriachos\/agroecologia\/wp-json\/wp\/v2\/pages\/106\/revisions\/108"}],"wp:featuredmedia":[{"embeddable":true,"href":"http:\/\/nossacasa.net\/nossosriachos\/agroecologia\/wp-json\/wp\/v2\/media\/107"}],"wp:attachment":[{"href":"http:\/\/nossacasa.net\/nossosriachos\/agroecologia\/wp-json\/wp\/v2\/media?parent=106"}],"curies":[{"name":"wp","href":"https:\/\/api.w.org\/{rel}","templated":true}]}}