{"id":111,"date":"2018-03-21T10:27:42","date_gmt":"2018-03-21T13:27:42","guid":{"rendered":"http:\/\/nossacasa.net\/nossosriachos\/agroecologia\/?page_id=111"},"modified":"2018-03-21T10:27:42","modified_gmt":"2018-03-21T13:27:42","slug":"terra-floresta-gente","status":"publish","type":"page","link":"http:\/\/nossacasa.net\/nossosriachos\/agroecologia\/terra-floresta-gente\/","title":{"rendered":"Terra-Floresta-Gente"},"content":{"rendered":"<div style=\"text-align:justify\">\n<div style=\"text-align:center\">\n<a href=\"http:\/\/www.nossacasa.net\/pdf\/Cartilhas\/Terra-Floresta-Gente.pdf\" rel=\"noopener\" target=\"_blank\"><strong>Terra-Floresta-Gentes<\/strong><\/a><br \/>\n<a href=\"http:\/\/www.nossacasa.net\/pdf\/Cartilhas\/Terra-Floresta-Gente.pdf\" rel=\"noopener\" target=\"_blank\"><img loading=\"lazy\" decoding=\"async\" src=\"http:\/\/nossacasa.net\/nossosriachos\/agroecologia\/wp-content\/uploads\/sites\/9\/2018\/03\/terra-floresta-gente.jpg\" alt=\"\" width=\"567\" height=\"709\" class=\"aligncenter size-full wp-image-112\" srcset=\"http:\/\/nossacasa.net\/nossosriachos\/agroecologia\/wp-content\/uploads\/sites\/9\/2018\/03\/terra-floresta-gente.jpg 567w, http:\/\/nossacasa.net\/nossosriachos\/agroecologia\/wp-content\/uploads\/sites\/9\/2018\/03\/terra-floresta-gente-240x300.jpg 240w\" sizes=\"auto, (max-width: 567px) 100vw, 567px\" \/><\/a><br \/>\nProjetoflora.com<br \/>\nCaderno 1\n<\/div>\n<p>\nUma cartilha, geralmente, \u00e9 um livro direcionado \u00e0 alfabetiza\u00e7\u00e3o, ou seja, que ensina a ler e a escrever uma l\u00edngua ou idioma. A<br \/>\npalavra cartilha tamb\u00e9m \u00e9 usada na express\u00e3o: ler ou rezar pela cartilha de algu\u00e9m (ou de algum assunto); que quer dizer: ter ou seguir as mesmas convic\u00e7\u00f5es, id\u00e9ias, teorias ou m\u00e9todos.<\/p>\n<p>A Cartilha do Projeto Flora \u201creza\u201d em suas p\u00e1ginas o ABC da Agrofloresta, conta um pouco sobre a rela\u00e7\u00e3o entre a Agroecologia e<br \/>\na Reforma Agr\u00e1ria, e ensina sobre a Forma\u00e7\u00e3o das Florestas.<\/p>\n<p>Tudo isso \u00e9 apresentado a partir da hist\u00f3ria de um reencontro entre Nh\u00f4 Dito e a fam\u00edlia de D. Rosa e Seu Jo\u00e3o. Nesse encontro, o compadre e a comadre explicam ao Nh\u00f4 Dito os saberes que os levaram a produzir de uma forma t\u00e3o diversa e rica.<\/p>\n<p>A uni\u00e3o entre os saberes tradicional e acad\u00eamico, um dos pilares do Projeto Flora, est\u00e1 simbolizado na prosa entre os amigos: quando S.Jo\u00e3o precisa dar mais detalhes ao Nh\u00f4 Dito sobre o assunto, recorre a uma cartilha guardada em sua casa, a Cartilha do Projeto Flora. <\/p>\n<p>O leitor n\u00e3o estranhe, mas, para dar conta do assunto de maneira criativa, trouxemos uma cartilha dentro da outra. Assim, o leitor pode aprender junto com Nh\u00f4 Dito as orienta\u00e7\u00f5es do Projeto Flora para a implanta\u00e7\u00e3o de uma Agrofloresta.<\/p>\n<p>A equipe do Projeto Flora, seus agentes multiplicadores e as fam\u00edlias camponesas desejam uma boa leitura e aprendizagem ao leitor.<\/p>\n<\/div>\n","protected":false},"excerpt":{"rendered":"<p>Terra-Floresta-Gentes Projetoflora.com Caderno 1 Uma cartilha, geralmente, \u00e9 um livro direcionado \u00e0 alfabetiza\u00e7\u00e3o, ou seja, que ensina a ler e a escrever uma l\u00edngua ou idioma. A palavra cartilha tamb\u00e9m \u00e9 usada na express\u00e3o: ler ou rezar pela cartilha de &hellip; <a href=\"http:\/\/nossacasa.net\/nossosriachos\/agroecologia\/terra-floresta-gente\/\">Continue lendo <span class=\"meta-nav\">&rarr;<\/span><\/a><\/p>\n","protected":false},"author":1,"featured_media":112,"parent":0,"menu_order":0,"comment_status":"closed","ping_status":"closed","template":"","meta":{"footnotes":""},"class_list":["post-111","page","type-page","status-publish","has-post-thumbnail","hentry"],"_links":{"self":[{"href":"http:\/\/nossacasa.net\/nossosriachos\/agroecologia\/wp-json\/wp\/v2\/pages\/111","targetHints":{"allow":["GET"]}}],"collection":[{"href":"http:\/\/nossacasa.net\/nossosriachos\/agroecologia\/wp-json\/wp\/v2\/pages"}],"about":[{"href":"http:\/\/nossacasa.net\/nossosriachos\/agroecologia\/wp-json\/wp\/v2\/types\/page"}],"author":[{"embeddable":true,"href":"http:\/\/nossacasa.net\/nossosriachos\/agroecologia\/wp-json\/wp\/v2\/users\/1"}],"replies":[{"embeddable":true,"href":"http:\/\/nossacasa.net\/nossosriachos\/agroecologia\/wp-json\/wp\/v2\/comments?post=111"}],"version-history":[{"count":1,"href":"http:\/\/nossacasa.net\/nossosriachos\/agroecologia\/wp-json\/wp\/v2\/pages\/111\/revisions"}],"predecessor-version":[{"id":113,"href":"http:\/\/nossacasa.net\/nossosriachos\/agroecologia\/wp-json\/wp\/v2\/pages\/111\/revisions\/113"}],"wp:featuredmedia":[{"embeddable":true,"href":"http:\/\/nossacasa.net\/nossosriachos\/agroecologia\/wp-json\/wp\/v2\/media\/112"}],"wp:attachment":[{"href":"http:\/\/nossacasa.net\/nossosriachos\/agroecologia\/wp-json\/wp\/v2\/media?parent=111"}],"curies":[{"name":"wp","href":"https:\/\/api.w.org\/{rel}","templated":true}]}}