{"id":119,"date":"2018-03-21T11:21:04","date_gmt":"2018-03-21T14:21:04","guid":{"rendered":"http:\/\/nossacasa.net\/nossosriachos\/agroecologia\/?page_id=119"},"modified":"2018-03-21T11:28:34","modified_gmt":"2018-03-21T14:28:34","slug":"manual-do-arquiteto-descalco","status":"publish","type":"page","link":"http:\/\/nossacasa.net\/nossosriachos\/agroecologia\/manual-do-arquiteto-descalco\/","title":{"rendered":"Manual do Arquiteto Descal\u00e7o"},"content":{"rendered":"<div style=\"text-align:justify\">\n<div style=\"text-align:center\">\n<a href=\"http:\/\/www.nossacasa.net\/pdf\/Cartilhas\/manual-arquiteto-descalco-pt_1.pdf\" rel=\"noopener\" target=\"_blank\"><strong>Manual do Arquiteto Descal\u00e7o<\/strong><\/a><br \/>\n<a href=\"http:\/\/www.nossacasa.net\/pdf\/Cartilhas\/manual-arquiteto-descalco-pt_1.pdf\" rel=\"noopener\" target=\"_blank\"><img loading=\"lazy\" decoding=\"async\" src=\"http:\/\/nossacasa.net\/nossosriachos\/agroecologia\/wp-content\/uploads\/sites\/9\/2018\/03\/manual-arquiteto-descalco-p.jpg\" alt=\"\" width=\"491\" height=\"595\" class=\"aligncenter size-full wp-image-120\" srcset=\"http:\/\/nossacasa.net\/nossosriachos\/agroecologia\/wp-content\/uploads\/sites\/9\/2018\/03\/manual-arquiteto-descalco-p.jpg 491w, http:\/\/nossacasa.net\/nossosriachos\/agroecologia\/wp-content\/uploads\/sites\/9\/2018\/03\/manual-arquiteto-descalco-p-248x300.jpg 248w\" sizes=\"auto, (max-width: 491px) 100vw, 491px\" \/><\/a><\/p>\n<\/div>\n<p>O Manual do Arquiteto Descal\u00e7o \u00e9 um cl\u00e1ssico da arquitetura sustent\u00e1vel seu autor o arquiteto Johan Van Lengen tornou-se um dos mais importantes defensores da arquitetura sustent\u00e1vel, conquistando milhares de seguidores no Brasil e no mundo.<br \/>\nA Bioarquitetura \u00e9 um conceito que une ecologia, arquitetura e urbanismo. Revela t\u00e9cnicas e maneiras de constru\u00e7\u00e3o em harmonia com a natureza e os seus recursos, promovendo o equil\u00edbrio entre o meio ambiente e o desenvolvimento. Nesta obra o arquiteto prop\u00f5e explica\u00e7\u00f5es surpreendentes sobre contextos clim\u00e1ticos, formas e materiais que capacitam solu\u00e7\u00f5es sobre energia, \u00e1gua e saneamento que ajudam na obra, atrav\u00e9s do uso de eco-tecnologias alternativas.\n<\/p><\/div>\n","protected":false},"excerpt":{"rendered":"<p>Manual do Arquiteto Descal\u00e7o O Manual do Arquiteto Descal\u00e7o \u00e9 um cl\u00e1ssico da arquitetura sustent\u00e1vel seu autor o arquiteto Johan Van Lengen tornou-se um dos mais importantes defensores da arquitetura sustent\u00e1vel, conquistando milhares de seguidores no Brasil e no mundo. &hellip; <a href=\"http:\/\/nossacasa.net\/nossosriachos\/agroecologia\/manual-do-arquiteto-descalco\/\">Continue lendo <span class=\"meta-nav\">&rarr;<\/span><\/a><\/p>\n","protected":false},"author":1,"featured_media":120,"parent":0,"menu_order":0,"comment_status":"closed","ping_status":"closed","template":"","meta":{"footnotes":""},"class_list":["post-119","page","type-page","status-publish","has-post-thumbnail","hentry"],"_links":{"self":[{"href":"http:\/\/nossacasa.net\/nossosriachos\/agroecologia\/wp-json\/wp\/v2\/pages\/119","targetHints":{"allow":["GET"]}}],"collection":[{"href":"http:\/\/nossacasa.net\/nossosriachos\/agroecologia\/wp-json\/wp\/v2\/pages"}],"about":[{"href":"http:\/\/nossacasa.net\/nossosriachos\/agroecologia\/wp-json\/wp\/v2\/types\/page"}],"author":[{"embeddable":true,"href":"http:\/\/nossacasa.net\/nossosriachos\/agroecologia\/wp-json\/wp\/v2\/users\/1"}],"replies":[{"embeddable":true,"href":"http:\/\/nossacasa.net\/nossosriachos\/agroecologia\/wp-json\/wp\/v2\/comments?post=119"}],"version-history":[{"count":1,"href":"http:\/\/nossacasa.net\/nossosriachos\/agroecologia\/wp-json\/wp\/v2\/pages\/119\/revisions"}],"predecessor-version":[{"id":121,"href":"http:\/\/nossacasa.net\/nossosriachos\/agroecologia\/wp-json\/wp\/v2\/pages\/119\/revisions\/121"}],"wp:featuredmedia":[{"embeddable":true,"href":"http:\/\/nossacasa.net\/nossosriachos\/agroecologia\/wp-json\/wp\/v2\/media\/120"}],"wp:attachment":[{"href":"http:\/\/nossacasa.net\/nossosriachos\/agroecologia\/wp-json\/wp\/v2\/media?parent=119"}],"curies":[{"name":"wp","href":"https:\/\/api.w.org\/{rel}","templated":true}]}}