{"id":122,"date":"2018-03-21T11:27:30","date_gmt":"2018-03-21T14:27:30","guid":{"rendered":"http:\/\/nossacasa.net\/nossosriachos\/agroecologia\/?page_id=122"},"modified":"2018-03-21T11:27:30","modified_gmt":"2018-03-21T14:27:30","slug":"semeando-agroecologia","status":"publish","type":"page","link":"http:\/\/nossacasa.net\/nossosriachos\/agroecologia\/semeando-agroecologia\/","title":{"rendered":"Semeando Agroecologia"},"content":{"rendered":"<div style=\"text-align:justify\">\n<div style=\"text-align:center\">\n<a href=\"http:\/\/www.nossacasa.net\/pdf\/Cartilhas\/Semeando-Agroecologia.pdf\" rel=\"noopener\" target=\"_blank\"><strong>Semeando Agroecologia: \u00c1rvores na Agricultura Familiar<\/strong><\/a><br \/>\n<a href=\"http:\/\/www.nossacasa.net\/pdf\/Cartilhas\/Semeando-Agroecologia.pdf\" rel=\"noopener\" target=\"_blank\"><img loading=\"lazy\" decoding=\"async\" src=\"http:\/\/nossacasa.net\/nossosriachos\/agroecologia\/wp-content\/uploads\/sites\/9\/2018\/03\/Semeando-Agroecologia.jpg\" alt=\"\" width=\"595\" height=\"842\" class=\"aligncenter size-full wp-image-123\" srcset=\"http:\/\/nossacasa.net\/nossosriachos\/agroecologia\/wp-content\/uploads\/sites\/9\/2018\/03\/Semeando-Agroecologia.jpg 595w, http:\/\/nossacasa.net\/nossosriachos\/agroecologia\/wp-content\/uploads\/sites\/9\/2018\/03\/Semeando-Agroecologia-212x300.jpg 212w\" sizes=\"auto, (max-width: 595px) 100vw, 595px\" \/><\/a><br \/>\nTexto: Thiago Michelini Barbosa<br \/>\nRevis\u00e3o t\u00e9cnica: Adriana Galv\u00e3o Freire, Claudemar Mattos, Marcio Mattos de Mendon\u00e7a<br \/>\nRevis\u00e3o ortogr\u00e1fica e gramatical: Rosa Peralta<br \/>\nProjeto Gr\u00e1fico: I Graficci Comunica\u00e7\u00e3o &#038; Design<br \/>\nIlustra\u00e7\u00f5es: Ayssa<br \/>\nTiragem: 1.000 exemplares<br \/>\nImpress\u00e3o: Reproset<br \/>\nAS-PTA Agricultura Familiar e Agroecologia<br \/>\nRua das Palmeiras, 90 \u2022 Botafogo \u2022 RJ<br \/>\nCEP 22270-070 \u2022 Rio de Janeiro<br \/>\nwww.aspta.org.br \u2022 e-mail: urbana@aspta.org.br \u2022 @asptaagroecologia\n<\/div>\n<p>Vivemos num pa\u00eds tropical, aben\u00e7oado por Deus e bonito por natureza, j\u00e1 cantava Jorge Benjor, inspirado nas belas paisagens do nosso litoral: na grandeza de seus mares, nas curvas de seus morros e na exuber\u00e2ncia de suas florestas.<\/p>\n<p>As florestas tropicais s\u00e3o as mais ricas do planeta. Ricas em quantidade e diversidade de animais e plantas. Ricas em seres vivos. Chamamos isso de biodiversidade. A Mata Atl\u00e2ntica, floresta que abriga todo o estado Rio de Janeiro, \u00e9 uma das mais ricas em biodiversidade do mundo. E, dependendo do solo, do clima e da altitude, a Mata Atl\u00e2ntica pode se apresentar como uma floresta densa ou assumir a forma de campos de altitude, mangue ou restinga.<\/p>\n<p>Nos dias de hoje, por\u00e9m, existem poucos remanescentes originais de Mata Atl\u00e2ntica no Brasil, apenas 8% de tudo que j\u00e1 existiu. \u00c9 como ficar com apenas 8 p\u00e9s de fruta de um pomar que tinha 100 p\u00e9s. Grande parte da depreda\u00e7\u00e3o da Mata Atl\u00e2ntica ocorreu pela forma de explora\u00e7\u00e3o da terra predominante no pa\u00eds: extra\u00e7\u00e3o desenfreada do pau-brasil, agricultura monocultora e ind\u00fastria predat\u00f3ria, assim como pela especula\u00e7\u00e3o imobili\u00e1ria.\n<\/p><\/div>\n","protected":false},"excerpt":{"rendered":"<p>Semeando Agroecologia: \u00c1rvores na Agricultura Familiar Texto: Thiago Michelini Barbosa Revis\u00e3o t\u00e9cnica: Adriana Galv\u00e3o Freire, Claudemar Mattos, Marcio Mattos de Mendon\u00e7a Revis\u00e3o ortogr\u00e1fica e gramatical: Rosa Peralta Projeto Gr\u00e1fico: I Graficci Comunica\u00e7\u00e3o &#038; Design Ilustra\u00e7\u00f5es: Ayssa Tiragem: 1.000 exemplares Impress\u00e3o: &hellip; <a href=\"http:\/\/nossacasa.net\/nossosriachos\/agroecologia\/semeando-agroecologia\/\">Continue lendo <span class=\"meta-nav\">&rarr;<\/span><\/a><\/p>\n","protected":false},"author":1,"featured_media":123,"parent":0,"menu_order":0,"comment_status":"closed","ping_status":"closed","template":"","meta":{"footnotes":""},"class_list":["post-122","page","type-page","status-publish","has-post-thumbnail","hentry"],"_links":{"self":[{"href":"http:\/\/nossacasa.net\/nossosriachos\/agroecologia\/wp-json\/wp\/v2\/pages\/122","targetHints":{"allow":["GET"]}}],"collection":[{"href":"http:\/\/nossacasa.net\/nossosriachos\/agroecologia\/wp-json\/wp\/v2\/pages"}],"about":[{"href":"http:\/\/nossacasa.net\/nossosriachos\/agroecologia\/wp-json\/wp\/v2\/types\/page"}],"author":[{"embeddable":true,"href":"http:\/\/nossacasa.net\/nossosriachos\/agroecologia\/wp-json\/wp\/v2\/users\/1"}],"replies":[{"embeddable":true,"href":"http:\/\/nossacasa.net\/nossosriachos\/agroecologia\/wp-json\/wp\/v2\/comments?post=122"}],"version-history":[{"count":1,"href":"http:\/\/nossacasa.net\/nossosriachos\/agroecologia\/wp-json\/wp\/v2\/pages\/122\/revisions"}],"predecessor-version":[{"id":124,"href":"http:\/\/nossacasa.net\/nossosriachos\/agroecologia\/wp-json\/wp\/v2\/pages\/122\/revisions\/124"}],"wp:featuredmedia":[{"embeddable":true,"href":"http:\/\/nossacasa.net\/nossosriachos\/agroecologia\/wp-json\/wp\/v2\/media\/123"}],"wp:attachment":[{"href":"http:\/\/nossacasa.net\/nossosriachos\/agroecologia\/wp-json\/wp\/v2\/media?parent=122"}],"curies":[{"name":"wp","href":"https:\/\/api.w.org\/{rel}","templated":true}]}}