{"id":1235,"date":"2019-10-25T15:31:43","date_gmt":"2019-10-25T18:31:43","guid":{"rendered":"http:\/\/nossacasa.net\/nossosriachos\/agroecologia\/?page_id=1235"},"modified":"2019-10-31T10:01:08","modified_gmt":"2019-10-31T13:01:08","slug":"ervas-e-pancs-do-tiririca","status":"publish","type":"page","link":"http:\/\/nossacasa.net\/nossosriachos\/agroecologia\/ervas-e-pancs-do-tiririca\/","title":{"rendered":"Ervas no Tiririca"},"content":{"rendered":"<div style=\"text-align: justify;\">\nEsp\u00e9cies de ervas medicinais, de tempero usadas na recupera\u00e7\u00e3o vegetal da margem esquerda do C\u00f3rrego da Tiririca (dos Colibris) usando t\u00e9cnica de agricultura sintr\u00f3pica. Projeto realizado pelo <strong>Coletivo C\u00f3rrego da Tiririca<\/strong>.<\/p>\n\n<table id=\"tablepress-3\" class=\"tablepress tablepress-id-3\">\n<thead>\n<tr class=\"row-1\">\n\t<th class=\"column-1\"><strong>Item<\/strong><\/th><th class=\"column-2\"><strong>Nome Popular<\/strong> <\/th><th class=\"column-3\"><strong>Nome Cient\u00edfico<\/strong><\/th><th class=\"column-4\"><strong>Fam\u00edlia<\/strong> <\/th><th class=\"column-5\"><strong>Entre ninhos<\/strong><\/th>\n<\/tr>\n<\/thead>\n<tbody class=\"row-striping row-hover\">\n<tr class=\"row-2\">\n\t<td class=\"column-1\">1<\/td><td class=\"column-2\"><a href=\"http:\/\/nossacasa.net\/nossosriachos\/agroecologia\/alfavacao\/\" rel=\"noopener\" target=\"_blank\">Alfavac\u00e3o<\/a><\/td><td class=\"column-3\"><em>Ocimum gratissimum<\/em><\/td><td class=\"column-4\">Lamiaceae<\/td><td class=\"column-5\"><\/td>\n<\/tr>\n<tr class=\"row-3\">\n\t<td class=\"column-1\">2<\/td><td class=\"column-2\"><a href=\"http:\/\/nossacasa.net\/nossosriachos\/agroecologia\/aperta-ruao\/\" rel=\"noopener\" target=\"_blank\">Aperta-ru\u00e3o<\/a><\/td><td class=\"column-3\"><em>Piper aduncun<\/em><\/td><td class=\"column-4\">Piperaceae<\/td><td class=\"column-5\"><\/td>\n<\/tr>\n<tr class=\"row-4\">\n\t<td class=\"column-1\">3<\/td><td class=\"column-2\"><a href=\"http:\/\/nossacasa.net\/nossosriachos\/agroecologia\/boldo-da-terra\/\" rel=\"noopener\" target=\"_blank\">Boldo-da-terra<\/a><\/td><td class=\"column-3\"><em>Plectranthus barbatus<\/em><\/td><td class=\"column-4\">Lamiaceae<br \/>\n<\/td><td class=\"column-5\"><\/td>\n<\/tr>\n<tr class=\"row-5\">\n\t<td class=\"column-1\">4<\/td><td class=\"column-2\"><a href=\"http:\/\/nossacasa.net\/nossosriachos\/agroecologia\/boldo-do-chile\/\" rel=\"noopener\" target=\"_blank\">Boldo-do-Chile<\/a><\/td><td class=\"column-3\"><em>Peumus boldus<\/em><\/td><td class=\"column-4\">Monimiaceae<\/td><td class=\"column-5\">N\u00c3O<\/td>\n<\/tr>\n<tr class=\"row-6\">\n\t<td class=\"column-1\">5<\/td><td class=\"column-2\"><a href=\"http:\/\/nossacasa.net\/nossosriachos\/agroecologia\/calendula\/\" rel=\"noopener\" target=\"_blank\">Cal\u00eandula<\/a><\/td><td class=\"column-3\"><em>Calendula officinalis<\/em><\/td><td class=\"column-4\">Compositae<\/td><td class=\"column-5\"><\/td>\n<\/tr>\n<tr class=\"row-7\">\n\t<td class=\"column-1\">6<\/td><td class=\"column-2\"><a href=\"http:\/\/nossacasa.net\/nossosriachos\/agroecologia\/cana-do-brejo\/\" rel=\"noopener\" target=\"_blank\">Cana-do-brejo<\/a><\/td><td class=\"column-3\"><em>Costus spicatus<\/em><\/td><td class=\"column-4\">Costaceae<\/td><td class=\"column-5\"><\/td>\n<\/tr>\n<tr class=\"row-8\">\n\t<td class=\"column-1\">7<\/td><td class=\"column-2\"><a href=\"http:\/\/nossacasa.net\/nossosriachos\/agroecologia\/coentro\/\" rel=\"noopener\" target=\"_blank\">Coentro<\/a><\/td><td class=\"column-3\"><em>Coriandrum sativum<\/em><\/td><td class=\"column-4\">Apiaceae<\/td><td class=\"column-5\"><\/td>\n<\/tr>\n<tr class=\"row-9\">\n\t<td class=\"column-1\">8<\/td><td class=\"column-2\"><a href=\"http:\/\/nossacasa.net\/nossosriachos\/agroecologia\/erva-grossa\/\" rel=\"noopener\" target=\"_blank\">Erva-grossa<\/a><\/td><td class=\"column-3\"><em>Elephantopus mollis<\/em><\/td><td class=\"column-4\">Asteraceae<\/td><td class=\"column-5\"><\/td>\n<\/tr>\n<tr class=\"row-10\">\n\t<td class=\"column-1\">9<\/td><td class=\"column-2\"><a href=\"http:\/\/nossacasa.net\/nossosriachos\/agroecologia\/gervao-roxo\/\" rel=\"noopener\" target=\"_blank\">Gerv\u00e3o-roxo<\/a><\/td><td class=\"column-3\"><em>Stachytarpheta cayennensis<\/em><\/td><td class=\"column-4\">Verbenaceae<\/td><td class=\"column-5\"><\/td>\n<\/tr>\n<tr class=\"row-11\">\n\t<td class=\"column-1\">10<\/td><td class=\"column-2\"><a href=\"http:\/\/nossacasa.net\/nossosriachos\/agroecologia\/guaco\/\" rel=\"noopener\" target=\"_blank\">Guaco<\/a><\/td><td class=\"column-3\"><em>Mikania glomerata<\/em><\/td><td class=\"column-4\">Asteraceae<\/td><td class=\"column-5\"><\/td>\n<\/tr>\n<tr class=\"row-12\">\n\t<td class=\"column-1\">11<\/td><td class=\"column-2\"><a href=\"http:\/\/nossacasa.net\/nossosriachos\/agroecologia\/terramicina\/\" rel=\"noopener\" target=\"_blank\">Terramicina<\/a><\/td><td class=\"column-3\"><em>Alternanthera brasiliana<\/em><\/td><td class=\"column-4\">Amaranthaceae<\/td><td class=\"column-5\"><\/td>\n<\/tr>\n<tr class=\"row-13\">\n\t<td class=\"column-1\">12<\/td><td class=\"column-2\"><a href=\"http:\/\/nossacasa.net\/nossosriachos\/agroecologia\/trapoeraba\/\" rel=\"noopener\" target=\"_blank\">Trapoeraba<\/a><\/td><td class=\"column-3\"><em>Commelina erecta<\/em><\/td><td class=\"column-4\">Commelinaceae<\/td><td class=\"column-5\"><\/td>\n<\/tr>\n<\/tbody>\n<\/table>\n\n<hr \/ >\n<\/div>\n","protected":false},"excerpt":{"rendered":"<p>Esp\u00e9cies de ervas medicinais, de tempero usadas na recupera\u00e7\u00e3o vegetal da margem esquerda do C\u00f3rrego da Tiririca (dos Colibris) usando t\u00e9cnica de agricultura sintr\u00f3pica. Projeto realizado pelo Coletivo C\u00f3rrego da Tiririca.<\/p>\n","protected":false},"author":1,"featured_media":0,"parent":0,"menu_order":0,"comment_status":"closed","ping_status":"closed","template":"","meta":{"footnotes":""},"class_list":["post-1235","page","type-page","status-publish","hentry"],"_links":{"self":[{"href":"http:\/\/nossacasa.net\/nossosriachos\/agroecologia\/wp-json\/wp\/v2\/pages\/1235","targetHints":{"allow":["GET"]}}],"collection":[{"href":"http:\/\/nossacasa.net\/nossosriachos\/agroecologia\/wp-json\/wp\/v2\/pages"}],"about":[{"href":"http:\/\/nossacasa.net\/nossosriachos\/agroecologia\/wp-json\/wp\/v2\/types\/page"}],"author":[{"embeddable":true,"href":"http:\/\/nossacasa.net\/nossosriachos\/agroecologia\/wp-json\/wp\/v2\/users\/1"}],"replies":[{"embeddable":true,"href":"http:\/\/nossacasa.net\/nossosriachos\/agroecologia\/wp-json\/wp\/v2\/comments?post=1235"}],"version-history":[{"count":2,"href":"http:\/\/nossacasa.net\/nossosriachos\/agroecologia\/wp-json\/wp\/v2\/pages\/1235\/revisions"}],"predecessor-version":[{"id":1358,"href":"http:\/\/nossacasa.net\/nossosriachos\/agroecologia\/wp-json\/wp\/v2\/pages\/1235\/revisions\/1358"}],"wp:attachment":[{"href":"http:\/\/nossacasa.net\/nossosriachos\/agroecologia\/wp-json\/wp\/v2\/media?parent=1235"}],"curies":[{"name":"wp","href":"https:\/\/api.w.org\/{rel}","templated":true}]}}