{"id":125,"date":"2018-03-21T11:33:47","date_gmt":"2018-03-21T14:33:47","guid":{"rendered":"http:\/\/nossacasa.net\/nossosriachos\/agroecologia\/?page_id=125"},"modified":"2018-03-21T11:33:47","modified_gmt":"2018-03-21T14:33:47","slug":"sistemas-agroflorestais","status":"publish","type":"page","link":"http:\/\/nossacasa.net\/nossosriachos\/agroecologia\/sistemas-agroflorestais\/","title":{"rendered":"Sistemas Agroflorestais"},"content":{"rendered":"<div style=\"text-align:justify\">\n<div style=\"text-align:center\">\n<a href=\"http:\/\/www.nossacasa.net\/pdf\/Cartilhas\/Sistemas-Agroflorestais.pdf\" rel=\"noopener\" target=\"_blank\"><strong>Sistemas Agroflorestais<\/strong><\/a><br \/>\n<a href=\"http:\/\/www.nossacasa.net\/pdf\/Cartilhas\/Sistemas-Agroflorestais.pdf\" rel=\"noopener\" target=\"_blank\"><img loading=\"lazy\" decoding=\"async\" src=\"http:\/\/nossacasa.net\/nossosriachos\/agroecologia\/wp-content\/uploads\/sites\/9\/2018\/03\/Sistemas-Agroflorestais.jpg\" alt=\"\" width=\"612\" height=\"792\" class=\"aligncenter size-full wp-image-126\" srcset=\"http:\/\/nossacasa.net\/nossosriachos\/agroecologia\/wp-content\/uploads\/sites\/9\/2018\/03\/Sistemas-Agroflorestais.jpg 612w, http:\/\/nossacasa.net\/nossosriachos\/agroecologia\/wp-content\/uploads\/sites\/9\/2018\/03\/Sistemas-Agroflorestais-232x300.jpg 232w\" sizes=\"auto, (max-width: 612px) 100vw, 612px\" \/><\/a><\/p>\n<p>Marcelle Nardele<br \/>\nIgor Conde\n<\/p><\/div>\n<p>Um sistema agroflorestal \u00e9 uma forma de produzirmos alimentos ao mesmo tempo em que conservamos ou recuperamos a natureza. Isso \u00e9 poss\u00edvel porque nessa forma de produ\u00e7\u00e3o, ao inv\u00e9s de retirarmos toda a vegeta\u00e7\u00e3o original e plantarmos apenas uma cultura em uma larga extens\u00e3o de terra, procuramos entender o funcionamento da natureza e imit\u00e1-la, utilizando as rela\u00e7\u00f5es entre os seres vivos a nosso favor e estimulando a biodiversidade.\n<\/p><\/div>\n","protected":false},"excerpt":{"rendered":"<p>Sistemas Agroflorestais Marcelle Nardele Igor Conde Um sistema agroflorestal \u00e9 uma forma de produzirmos alimentos ao mesmo tempo em que conservamos ou recuperamos a natureza. Isso \u00e9 poss\u00edvel porque nessa forma de produ\u00e7\u00e3o, ao inv\u00e9s de retirarmos toda a vegeta\u00e7\u00e3o &hellip; <a href=\"http:\/\/nossacasa.net\/nossosriachos\/agroecologia\/sistemas-agroflorestais\/\">Continue lendo <span class=\"meta-nav\">&rarr;<\/span><\/a><\/p>\n","protected":false},"author":1,"featured_media":126,"parent":0,"menu_order":0,"comment_status":"closed","ping_status":"closed","template":"","meta":{"footnotes":""},"class_list":["post-125","page","type-page","status-publish","has-post-thumbnail","hentry"],"_links":{"self":[{"href":"http:\/\/nossacasa.net\/nossosriachos\/agroecologia\/wp-json\/wp\/v2\/pages\/125","targetHints":{"allow":["GET"]}}],"collection":[{"href":"http:\/\/nossacasa.net\/nossosriachos\/agroecologia\/wp-json\/wp\/v2\/pages"}],"about":[{"href":"http:\/\/nossacasa.net\/nossosriachos\/agroecologia\/wp-json\/wp\/v2\/types\/page"}],"author":[{"embeddable":true,"href":"http:\/\/nossacasa.net\/nossosriachos\/agroecologia\/wp-json\/wp\/v2\/users\/1"}],"replies":[{"embeddable":true,"href":"http:\/\/nossacasa.net\/nossosriachos\/agroecologia\/wp-json\/wp\/v2\/comments?post=125"}],"version-history":[{"count":1,"href":"http:\/\/nossacasa.net\/nossosriachos\/agroecologia\/wp-json\/wp\/v2\/pages\/125\/revisions"}],"predecessor-version":[{"id":127,"href":"http:\/\/nossacasa.net\/nossosriachos\/agroecologia\/wp-json\/wp\/v2\/pages\/125\/revisions\/127"}],"wp:featuredmedia":[{"embeddable":true,"href":"http:\/\/nossacasa.net\/nossosriachos\/agroecologia\/wp-json\/wp\/v2\/media\/126"}],"wp:attachment":[{"href":"http:\/\/nossacasa.net\/nossosriachos\/agroecologia\/wp-json\/wp\/v2\/media?parent=125"}],"curies":[{"name":"wp","href":"https:\/\/api.w.org\/{rel}","templated":true}]}}