{"id":136,"date":"2018-03-22T11:06:48","date_gmt":"2018-03-22T14:06:48","guid":{"rendered":"http:\/\/nossacasa.net\/nossosriachos\/agroecologia\/?page_id=136"},"modified":"2018-03-22T11:18:31","modified_gmt":"2018-03-22T14:18:31","slug":"agroecologia-introducao-e-conceitos","status":"publish","type":"page","link":"http:\/\/nossacasa.net\/nossosriachos\/agroecologia\/agroecologia-introducao-e-conceitos\/","title":{"rendered":"Agroecologia: Introdu\u00e7\u00e3o e Conceitos"},"content":{"rendered":"<div style=\"text-align:justify\">\n<div style=\"text-align:center\">\n<a href=\"www.nossacasa.net\/pdf\/Livros\/Agroecologia%20Introdu%C3%A7%C3%A3o%20e%20Conceitos.pdf\" rel=\"noopener\" target=\"_blank\"><strong>Agroecologia: Introdu\u00e7\u00e3o e Conceitos<\/strong><\/a><br \/>\n<a href=\"http:\/\/www.nossacasa.net\/pdf\/Livros\/Agroecologia%20Introdu%C3%A7%C3%A3o%20e%20Conceitos.pdf\" rel=\"noopener\" target=\"_blank\"><img loading=\"lazy\" decoding=\"async\" src=\"http:\/\/nossacasa.net\/nossosriachos\/agroecologia\/wp-content\/uploads\/sites\/9\/2018\/03\/Agroecologia-Introdu\u00e7\u00e3o-e-C.jpg\" alt=\"\" width=\"454\" height=\"624\" class=\"aligncenter size-full wp-image-137\" srcset=\"http:\/\/nossacasa.net\/nossosriachos\/agroecologia\/wp-content\/uploads\/sites\/9\/2018\/03\/Agroecologia-Introdu\u00e7\u00e3o-e-C.jpg 454w, http:\/\/nossacasa.net\/nossosriachos\/agroecologia\/wp-content\/uploads\/sites\/9\/2018\/03\/Agroecologia-Introdu\u00e7\u00e3o-e-C-218x300.jpg 218w\" sizes=\"auto, (max-width: 454px) 100vw, 454px\" \/><\/a><\/p>\n<p>Cap\u00edtulo 2<\/p>\n<p>Alberto Feiden\n<\/p><\/div>\n<p>\nO ecossistema \u00e9 um sistema funcional, delimitado arbitrariamente, onde se d\u00e3o rela\u00e7\u00f5es complementares entre os organismos vivos e seu ambiente. \u00c9 constitu\u00eddo de organismos vivos, que interagem no ambiente, de fatores bi\u00f3ticos, e de componentes f\u00edsicos e qu\u00edmicos n\u00e3o-vivos do ambiente, como solo, luz, umidade, temperatura, etc., que constituem os fatores abi\u00f3ticos.<\/p>\n<p>As rela\u00e7\u00f5es entre ambos formam a estrutura do sistema, e os processos din\u00e2micos de que participam constituem a fun\u00e7\u00e3o do sistema.<\/p>\n<\/div>\n","protected":false},"excerpt":{"rendered":"<p>Agroecologia: Introdu\u00e7\u00e3o e Conceitos Cap\u00edtulo 2 Alberto Feiden O ecossistema \u00e9 um sistema funcional, delimitado arbitrariamente, onde se d\u00e3o rela\u00e7\u00f5es complementares entre os organismos vivos e seu ambiente. \u00c9 constitu\u00eddo de organismos vivos, que interagem no ambiente, de fatores bi\u00f3ticos, &hellip; <a href=\"http:\/\/nossacasa.net\/nossosriachos\/agroecologia\/agroecologia-introducao-e-conceitos\/\">Continue lendo <span class=\"meta-nav\">&rarr;<\/span><\/a><\/p>\n","protected":false},"author":1,"featured_media":137,"parent":0,"menu_order":0,"comment_status":"closed","ping_status":"closed","template":"","meta":{"footnotes":""},"class_list":["post-136","page","type-page","status-publish","has-post-thumbnail","hentry"],"_links":{"self":[{"href":"http:\/\/nossacasa.net\/nossosriachos\/agroecologia\/wp-json\/wp\/v2\/pages\/136","targetHints":{"allow":["GET"]}}],"collection":[{"href":"http:\/\/nossacasa.net\/nossosriachos\/agroecologia\/wp-json\/wp\/v2\/pages"}],"about":[{"href":"http:\/\/nossacasa.net\/nossosriachos\/agroecologia\/wp-json\/wp\/v2\/types\/page"}],"author":[{"embeddable":true,"href":"http:\/\/nossacasa.net\/nossosriachos\/agroecologia\/wp-json\/wp\/v2\/users\/1"}],"replies":[{"embeddable":true,"href":"http:\/\/nossacasa.net\/nossosriachos\/agroecologia\/wp-json\/wp\/v2\/comments?post=136"}],"version-history":[{"count":1,"href":"http:\/\/nossacasa.net\/nossosriachos\/agroecologia\/wp-json\/wp\/v2\/pages\/136\/revisions"}],"predecessor-version":[{"id":138,"href":"http:\/\/nossacasa.net\/nossosriachos\/agroecologia\/wp-json\/wp\/v2\/pages\/136\/revisions\/138"}],"wp:featuredmedia":[{"embeddable":true,"href":"http:\/\/nossacasa.net\/nossosriachos\/agroecologia\/wp-json\/wp\/v2\/media\/137"}],"wp:attachment":[{"href":"http:\/\/nossacasa.net\/nossosriachos\/agroecologia\/wp-json\/wp\/v2\/media?parent=136"}],"curies":[{"name":"wp","href":"https:\/\/api.w.org\/{rel}","templated":true}]}}