{"id":1368,"date":"2019-10-31T10:49:49","date_gmt":"2019-10-31T13:49:49","guid":{"rendered":"http:\/\/nossacasa.net\/nossosriachos\/agroecologia\/?page_id=1368"},"modified":"2019-10-31T10:49:49","modified_gmt":"2019-10-31T13:49:49","slug":"frutais-no-tiririca","status":"publish","type":"page","link":"http:\/\/nossacasa.net\/nossosriachos\/agroecologia\/frutais-no-tiririca\/","title":{"rendered":"Frutais no Tiririca"},"content":{"rendered":"<div style=\"text-align: justify;\">\nEsp\u00e9cies frutais, usadas na recupera\u00e7\u00e3o vegetal da margem esquerda do C\u00f3rrego da Tiririca (dos Colibris) usando t\u00e9cnica de agricultura sintr\u00f3pica. Projeto realizado pelo <strong>Coletivo C\u00f3rrego da Tiririca<\/strong>.<\/p>\n\n<table id=\"tablepress-4\" class=\"tablepress tablepress-id-4\">\n<thead>\n<tr class=\"row-1\">\n\t<th class=\"column-1\"><strong>Item<\/strong><\/th><th class=\"column-2\"><strong>Nome Popular<\/strong> <\/th><th class=\"column-3\"><strong>Nome Cient\u00edfico<\/strong><\/th><th class=\"column-4\"><strong>Fam\u00edlia<\/strong> <\/th><th class=\"column-5\"><strong>Ninhos<\/strong><\/th>\n<\/tr>\n<\/thead>\n<tbody class=\"row-striping row-hover\">\n<tr class=\"row-2\">\n\t<td class=\"column-1\">1<\/td><td class=\"column-2\"><a href=\"http:\/\/nossacasa.net\/nossosriachos\/agroecologia\/abacateiro\/\" rel=\"noopener\" target=\"_blank\">Abacateiro<\/a><\/td><td class=\"column-3\"><em>Persea americana<\/em><\/td><td class=\"column-4\">Lauraceae<\/td><td class=\"column-5\">002-037-038-081-098<\/td>\n<\/tr>\n<tr class=\"row-3\">\n\t<td class=\"column-1\">2<\/td><td class=\"column-2\"><a href=\"http:\/\/nossacasa.net\/nossosriachos\/agroecologia\/abieiro\/\" rel=\"noopener\" target=\"_blank\">Abieiro<\/a><\/td><td class=\"column-3\"><em>Pouteria caimito<\/em><\/td><td class=\"column-4\">Sapotacea<\/td><td class=\"column-5\">042-052-055-057<\/td>\n<\/tr>\n<tr class=\"row-4\">\n\t<td class=\"column-1\">3<\/td><td class=\"column-2\"><a href=\"http:\/\/nossacasa.net\/nossosriachos\/agroecologia\/acai\/\" rel=\"noopener\" target=\"_blank\">A\u00e7aizeiro<\/a><\/td><td class=\"column-3\"><em>Euterpe oleracea<\/em><\/td><td class=\"column-4\">Arecaceae<\/td><td class=\"column-5\">001-004-006-007-008-013-016-018-026-028-031-057-067-070-075-076-077-079-082<\/td>\n<\/tr>\n<tr class=\"row-5\">\n\t<td class=\"column-1\">4<\/td><td class=\"column-2\"><a href=\"http:\/\/nossacasa.net\/nossosriachos\/agroecologia\/amoreira-negra\/\" rel=\"noopener\" target=\"_blank\">Amoreira-negra <\/a><\/td><td class=\"column-3\"><em>Morus nigra<\/em><\/td><td class=\"column-4\">Moraceae<\/td><td class=\"column-5\">031-034-042-056<\/td>\n<\/tr>\n<tr class=\"row-6\">\n\t<td class=\"column-1\">5<\/td><td class=\"column-2\"><a href=\"http:\/\/nossacasa.net\/nossosriachos\/agroecologia\/aracaeiro\/\" rel=\"noopener\" target=\"_blank\">Ara\u00e7aeiro<\/a><\/td><td class=\"column-3\"><em>Psidium cattleianum<\/em><\/td><td class=\"column-4\">Myrtaceae<\/td><td class=\"column-5\">034<\/td>\n<\/tr>\n<tr class=\"row-7\">\n\t<td class=\"column-1\">6<\/td><td class=\"column-2\"><a href=\"http:\/\/nossacasa.net\/nossosriachos\/agroecologia\/bananeira\/\" rel=\"noopener\" target=\"_blank\">Bananeira<\/a><br \/>\n<\/td><td class=\"column-3\"><em>Musa<\/em> spp.<\/td><td class=\"column-4\">Musaceae<\/td><td class=\"column-5\">038-052-055<\/td>\n<\/tr>\n<tr class=\"row-8\">\n\t<td class=\"column-1\">7<\/td><td class=\"column-2\"><a href=\"http:\/\/nossacasa.net\/nossosriachos\/agroecologia\/caja-mirim\/\" rel=\"noopener\" target=\"_blank\">Cajazeiro<\/a><br \/>\n<a href=\"http:\/\/nossacasa.net\/nossosriachos\/agroecologia\/caja-manga\/\" rel=\"noopener\" target=\"_blank\">Cajazeiro<\/a><br \/>\n<\/td><td class=\"column-3\"><em>Spondias mombin<\/em><br \/>\n<em>Spondias dulcis<\/em><\/td><td class=\"column-4\">Anacardiaceae<\/td><td class=\"column-5\">033-094<\/td>\n<\/tr>\n<tr class=\"row-9\">\n\t<td class=\"column-1\">8<\/td><td class=\"column-2\"><a href=\"http:\/\/nossacasa.net\/nossosriachos\/agroecologia\/coqueiro\/\" rel=\"noopener\" target=\"_blank\">Coqueiro<\/a><\/td><td class=\"column-3\"><em>Cocos nucifera<\/em><\/td><td class=\"column-4\"> Arecaceae<\/td><td class=\"column-5\">033-048<\/td>\n<\/tr>\n<tr class=\"row-10\">\n\t<td class=\"column-1\">9<\/td><td class=\"column-2\"><a href=\"http:\/\/nossacasa.net\/nossosriachos\/agroecologia\/inga\/\" rel=\"noopener\" target=\"_blank\">Ingazeiro<\/a><\/td><td class=\"column-3\"><em>Inga edulis<\/em><\/td><td class=\"column-4\">Fabaceae<\/td><td class=\"column-5\">015-068<\/td>\n<\/tr>\n<tr class=\"row-11\">\n\t<td class=\"column-1\">10<\/td><td class=\"column-2\"><a href=\"http:\/\/nossacasa.net\/nossosriachos\/agroecologia\/jabuticabeira\/\" rel=\"noopener\" target=\"_blank\">Jabuticabeira<\/a><\/td><td class=\"column-3\"><em>Plinia cauliflora<\/em><\/td><td class=\"column-4\">Myrtaceae<\/td><td class=\"column-5\">011-039-072-088-089-093-097<\/td>\n<\/tr>\n<tr class=\"row-12\">\n\t<td class=\"column-1\">11<\/td><td class=\"column-2\"><a href=\"http:\/\/nossacasa.net\/nossosriachos\/agroecologia\/jambo-vermelho\/\" rel=\"noopener\" target=\"_blank\">Jambeiro<\/a><\/td><td class=\"column-3\"><em>Syzygium jambos<\/em><\/td><td class=\"column-4\">Myrtaceae<\/td><td class=\"column-5\">006-077-088-<\/td>\n<\/tr>\n<tr class=\"row-13\">\n\t<td class=\"column-1\">12<\/td><td class=\"column-2\"><a href=\"http:\/\/nossacasa.net\/nossosriachos\/agroecologia\/laranjeira\/\" rel=\"noopener\" target=\"_blank\">Laranjeira<\/a><\/td><td class=\"column-3\"><em>Citrus sinensis<\/em><\/td><td class=\"column-4\">Rutaceae<\/td><td class=\"column-5\">012-041-050-071<\/td>\n<\/tr>\n<tr class=\"row-14\">\n\t<td class=\"column-1\">13<\/td><td class=\"column-2\"><a href=\"http:\/\/nossacasa.net\/nossosriachos\/agroecologia\/limoeiro\/\" rel=\"noopener\" target=\"_blank\">Limoeiro<\/a><\/td><td class=\"column-3\"><em>Citrus lemon<\/em><\/td><td class=\"column-4\">Rutaceae<\/td><td class=\"column-5\">002-004-006-007-024-032-042-052-053-055-057-059-076-077-079-081<\/td>\n<\/tr>\n<tr class=\"row-15\">\n\t<td class=\"column-1\">14<\/td><td class=\"column-2\"><a href=\"http:\/\/nossacasa.net\/nossosriachos\/agroecologia\/mamoeiro\/\" rel=\"noopener\" target=\"_blank\">Mamoeiro<\/a><\/td><td class=\"column-3\"><em>Carica papaya<\/em><\/td><td class=\"column-4\">Caricaceae<\/td><td class=\"column-5\">007-034-055-076-095-<\/td>\n<\/tr>\n<tr class=\"row-16\">\n\t<td class=\"column-1\">15<\/td><td class=\"column-2\"><a href=\"http:\/\/nossacasa.net\/nossosriachos\/agroecologia\/mangueira\/\" rel=\"noopener\" target=\"_blank\">Mangueira<\/a><\/td><td class=\"column-3\"><em>Mangifera indica<\/em><\/td><td class=\"column-4\">Anacardiaceae<\/td><td class=\"column-5\">010-020-029-030-032-037-049-063-073-<\/td>\n<\/tr>\n<tr class=\"row-17\">\n\t<td class=\"column-1\">16<\/td><td class=\"column-2\"><a href=\"http:\/\/nossacasa.net\/nossosriachos\/agroecologia\/pinha\/\" rel=\"noopener\" target=\"_blank\">Pinheira<\/a><\/td><td class=\"column-3\"><em>Annona squamosa<\/em><\/td><td class=\"column-4\">Annonaceae<\/td><td class=\"column-5\">041-050-054<\/td>\n<\/tr>\n<tr class=\"row-18\">\n\t<td class=\"column-1\">17<\/td><td class=\"column-2\"><a href=\"http:\/\/nossacasa.net\/nossosriachos\/agroecologia\/pitangueira\/\" rel=\"noopener\" target=\"_blank\">Pitangueira<\/a><\/td><td class=\"column-3\"><em>Eugenia uniflora<\/em><\/td><td class=\"column-4\">Myrtaceae<\/td><td class=\"column-5\">003-016-021-024-025-028-031-048-049-050-052-059-062-067-080-098-102-<\/td>\n<\/tr>\n<tr class=\"row-19\">\n\t<td class=\"column-1\">18<\/td><td class=\"column-2\"><a href=\"http:\/\/nossacasa.net\/nossosriachos\/agroecologia\/seriguela\/\" rel=\"noopener\" target=\"_blank\">Seriguela<\/a><\/td><td class=\"column-3\"><em>Spondias purpurea<\/em><\/td><td class=\"column-4\">Anacardiaceae<\/td><td class=\"column-5\">006-009-074-077<\/td>\n<\/tr>\n<tr class=\"row-20\">\n\t<td class=\"column-1\">19<\/td><td class=\"column-2\"><a href=\"http:\/\/nossacasa.net\/nossosriachos\/agroecologia\/tangerineira\/\" rel=\"noopener\" target=\"_blank\">Tangerineira<\/a><\/td><td class=\"column-3\"><em>Citrus reticulata<\/em><\/td><td class=\"column-4\">Rutaceae<\/td><td class=\"column-5\">006-009-027-074-077<\/td>\n<\/tr>\n<\/tbody>\n<\/table>\n\n<hr \/ >\n<\/div>\n","protected":false},"excerpt":{"rendered":"<p>Esp\u00e9cies frutais, usadas na recupera\u00e7\u00e3o vegetal da margem esquerda do C\u00f3rrego da Tiririca (dos Colibris) usando t\u00e9cnica de agricultura sintr\u00f3pica. Projeto realizado pelo Coletivo C\u00f3rrego da Tiririca.<\/p>\n","protected":false},"author":1,"featured_media":0,"parent":0,"menu_order":0,"comment_status":"closed","ping_status":"closed","template":"","meta":{"footnotes":""},"class_list":["post-1368","page","type-page","status-publish","hentry"],"_links":{"self":[{"href":"http:\/\/nossacasa.net\/nossosriachos\/agroecologia\/wp-json\/wp\/v2\/pages\/1368","targetHints":{"allow":["GET"]}}],"collection":[{"href":"http:\/\/nossacasa.net\/nossosriachos\/agroecologia\/wp-json\/wp\/v2\/pages"}],"about":[{"href":"http:\/\/nossacasa.net\/nossosriachos\/agroecologia\/wp-json\/wp\/v2\/types\/page"}],"author":[{"embeddable":true,"href":"http:\/\/nossacasa.net\/nossosriachos\/agroecologia\/wp-json\/wp\/v2\/users\/1"}],"replies":[{"embeddable":true,"href":"http:\/\/nossacasa.net\/nossosriachos\/agroecologia\/wp-json\/wp\/v2\/comments?post=1368"}],"version-history":[{"count":1,"href":"http:\/\/nossacasa.net\/nossosriachos\/agroecologia\/wp-json\/wp\/v2\/pages\/1368\/revisions"}],"predecessor-version":[{"id":1369,"href":"http:\/\/nossacasa.net\/nossosriachos\/agroecologia\/wp-json\/wp\/v2\/pages\/1368\/revisions\/1369"}],"wp:attachment":[{"href":"http:\/\/nossacasa.net\/nossosriachos\/agroecologia\/wp-json\/wp\/v2\/media?parent=1368"}],"curies":[{"name":"wp","href":"https:\/\/api.w.org\/{rel}","templated":true}]}}