{"id":139,"date":"2018-03-22T11:17:46","date_gmt":"2018-03-22T14:17:46","guid":{"rendered":"http:\/\/nossacasa.net\/nossosriachos\/agroecologia\/?page_id=139"},"modified":"2018-03-22T11:17:46","modified_gmt":"2018-03-22T14:17:46","slug":"agrofloresta-aprendendo-a-produzir-com-a-natureza","status":"publish","type":"page","link":"http:\/\/nossacasa.net\/nossosriachos\/agroecologia\/agrofloresta-aprendendo-a-produzir-com-a-natureza\/","title":{"rendered":"Agrofloresta : aprendendo a produzir com a natureza"},"content":{"rendered":"<div style=\"text-align:justify\">\n<div style=\"text-align:center\">\n<a href=\"www.nossacasa.net\/pdf\/Livros\/Agrofloresta%20aprendendo%20a%20produzir%20com%20a%20natureza.pdf\" rel=\"noopener\" target=\"_blank\"><strong>Agrofloresta : aprendendo a produzir com a natureza<\/strong><\/a><\/p>\n<p><a href=\"http:\/\/www.nossacasa.net\/pdf\/Livros\/Agrofloresta%20aprendendo%20a%20produzir%20com%20a%20natureza.pdf\" rel=\"noopener\" target=\"_blank\"><img loading=\"lazy\" decoding=\"async\" src=\"http:\/\/nossacasa.net\/nossosriachos\/agroecologia\/wp-content\/uploads\/sites\/9\/2018\/03\/Agrofloresta-aprendendo-a-p.jpg\" alt=\"\" width=\"425\" height=\"595\" class=\"aligncenter size-full wp-image-140\" srcset=\"http:\/\/nossacasa.net\/nossosriachos\/agroecologia\/wp-content\/uploads\/sites\/9\/2018\/03\/Agrofloresta-aprendendo-a-p.jpg 425w, http:\/\/nossacasa.net\/nossosriachos\/agroecologia\/wp-content\/uploads\/sites\/9\/2018\/03\/Agrofloresta-aprendendo-a-p-214x300.jpg 214w\" sizes=\"auto, (max-width: 425px) 100vw, 425px\" \/><\/a><\/p>\n<p>Walter Steenbock e<br \/>\nFabiane Machado Vezzani<br \/>\nIlustra\u00e7\u00f5es de Claudio Leme\n<\/p><\/div>\n<p>\nAgrofloresta ou sistemas agroflorestais (SAFs), segundo seus autores \u201cs\u00e3o combina\u00e7\u00f5es do elemento arb\u00f3reo com herb\u00e1ceas e\/ou animais, organizados no espa\u00e7o e\/ou no tempo.<\/p>\n<p>A legisla\u00e7\u00e3o brasileira, em diferentes instrumentos legais (Brasil, 2009; Brasil, 2011), tem definido sistemas agroflorestais como \u201csistemas de uso e ocupa\u00e7\u00e3o do solo em que plantas lenhosas perenes s\u00e3o manejadas em associa\u00e7\u00e3o com plantas herb\u00e1ceas, arbustivas, arb\u00f3reas, culturas agr\u00edcolas, forrageiras em uma mesma unidade de manejo, de acordo com arranjo espacial e temporal, com alta diversidade de esp\u00e9cies e intera\u00e7\u00f5es entre estes componentes\u201d.<\/p>\n<p>O livro de 147 p\u00e1ginas, escrito por Walter Steenbock e Fabiane Machado Vezzani e editado por esta \u00faltima, foi colocado \u00e0 disposi\u00e7\u00e3o no site do Departamento de Solos e Engenharia Agr\u00edcola da Universidade Federal do Paran\u00e1.<\/p>\n<p>Fonte \u2013 UFPR\/DSEA<\/p>\n<\/div>\n","protected":false},"excerpt":{"rendered":"<p>Agrofloresta : aprendendo a produzir com a natureza Walter Steenbock e Fabiane Machado Vezzani Ilustra\u00e7\u00f5es de Claudio Leme Agrofloresta ou sistemas agroflorestais (SAFs), segundo seus autores \u201cs\u00e3o combina\u00e7\u00f5es do elemento arb\u00f3reo com herb\u00e1ceas e\/ou animais, organizados no espa\u00e7o e\/ou no &hellip; <a href=\"http:\/\/nossacasa.net\/nossosriachos\/agroecologia\/agrofloresta-aprendendo-a-produzir-com-a-natureza\/\">Continue lendo <span class=\"meta-nav\">&rarr;<\/span><\/a><\/p>\n","protected":false},"author":1,"featured_media":140,"parent":0,"menu_order":0,"comment_status":"closed","ping_status":"closed","template":"","meta":{"footnotes":""},"class_list":["post-139","page","type-page","status-publish","has-post-thumbnail","hentry"],"_links":{"self":[{"href":"http:\/\/nossacasa.net\/nossosriachos\/agroecologia\/wp-json\/wp\/v2\/pages\/139","targetHints":{"allow":["GET"]}}],"collection":[{"href":"http:\/\/nossacasa.net\/nossosriachos\/agroecologia\/wp-json\/wp\/v2\/pages"}],"about":[{"href":"http:\/\/nossacasa.net\/nossosriachos\/agroecologia\/wp-json\/wp\/v2\/types\/page"}],"author":[{"embeddable":true,"href":"http:\/\/nossacasa.net\/nossosriachos\/agroecologia\/wp-json\/wp\/v2\/users\/1"}],"replies":[{"embeddable":true,"href":"http:\/\/nossacasa.net\/nossosriachos\/agroecologia\/wp-json\/wp\/v2\/comments?post=139"}],"version-history":[{"count":1,"href":"http:\/\/nossacasa.net\/nossosriachos\/agroecologia\/wp-json\/wp\/v2\/pages\/139\/revisions"}],"predecessor-version":[{"id":141,"href":"http:\/\/nossacasa.net\/nossosriachos\/agroecologia\/wp-json\/wp\/v2\/pages\/139\/revisions\/141"}],"wp:featuredmedia":[{"embeddable":true,"href":"http:\/\/nossacasa.net\/nossosriachos\/agroecologia\/wp-json\/wp\/v2\/media\/140"}],"wp:attachment":[{"href":"http:\/\/nossacasa.net\/nossosriachos\/agroecologia\/wp-json\/wp\/v2\/media?parent=139"}],"curies":[{"name":"wp","href":"https:\/\/api.w.org\/{rel}","templated":true}]}}