{"id":1393,"date":"2019-10-31T13:50:53","date_gmt":"2019-10-31T16:50:53","guid":{"rendered":"http:\/\/nossacasa.net\/nossosriachos\/agroecologia\/?page_id=1393"},"modified":"2019-10-31T13:52:44","modified_gmt":"2019-10-31T16:52:44","slug":"pancs-no-tiririca","status":"publish","type":"page","link":"http:\/\/nossacasa.net\/nossosriachos\/agroecologia\/pancs-no-tiririca\/","title":{"rendered":"PANCs no Tiririca"},"content":{"rendered":"<div style=\"text-align: justify;\">\nEsp\u00e9cies de <strong>PANCS<\/strong> e outros alimentos usados na recupera\u00e7\u00e3o vegetal da margem esquerda do C\u00f3rrego da Tiririca (dos Colibris) usando t\u00e9cnica de agricultura sintr\u00f3pica. Projeto realizado pelo <strong>Coletivo C\u00f3rrego da Tiririca<\/strong>.<\/p>\n<p>A sigla <strong>PANC<\/strong> significa Plantas Aliment\u00edcias N\u00e3o Convencionais. Em outras palavras, quer dizer \u201ctodas as plantas que poder\u00edamos consumir, mas n\u00e3o consumimos\u201d. Imagine todas as plantas comest\u00edveis que existem. Uma pequena parcela delas n\u00f3s conhecemos, produzimos e comemos no dia a dia, sendo chamadas de plantas aliment\u00edcias convencionais. As que n\u00e3o conhecemos, n\u00e3o produzimos ou consumimos pouco s\u00e3o denominadas <strong>Plantas Aliment\u00edcias N\u00e3o Convencionais<\/strong>, ou <strong>PANC<\/strong>.<\/p>\n\n<table id=\"tablepress-5\" class=\"tablepress tablepress-id-5\">\n<thead>\n<tr class=\"row-1\">\n\t<th class=\"column-1\"><strong>Item<\/strong><\/th><th class=\"column-2\"><strong>Nome Popular<\/strong> <\/th><th class=\"column-3\"><strong>Nome Cient\u00edfico<\/strong><\/th><th class=\"column-4\"><strong>Fam\u00edlia<\/strong> <\/th><th class=\"column-5\"><strong>Ninhos<\/strong><\/th>\n<\/tr>\n<\/thead>\n<tbody class=\"row-striping row-hover\">\n<tr class=\"row-2\">\n\t<td class=\"column-1\">1<\/td><td class=\"column-2\"><a href=\"http:\/\/nossacasa.net\/nossosriachos\/agroecologia\/aipim\/\" rel=\"noopener\" target=\"_blank\">Aipim<\/a><\/td><td class=\"column-3\"><em>Manihot esculenta<\/em><\/td><td class=\"column-4\">Euphorbiaceae<\/td><td class=\"column-5\">001-003-004-005-006-009-010-017-019-025-058-064-066-073-074-075-077-078-079-080-082<\/td>\n<\/tr>\n<tr class=\"row-3\">\n\t<td class=\"column-1\">2<\/td><td class=\"column-2\"><a href=\"http:\/\/nossacasa.net\/nossosriachos\/agroecologia\/feijao-de-porco\/\" rel=\"noopener\" target=\"_blank\">Feij\u00e3o-de-porco<\/a><\/td><td class=\"column-3\"><em>Canavalia ensiformis<\/em><\/td><td class=\"column-4\">Fabaceae<\/td><td class=\"column-5\">002-004-005-011-012-015-071-072-078-079-081<\/td>\n<\/tr>\n<tr class=\"row-4\">\n\t<td class=\"column-1\">3<\/td><td class=\"column-2\"><a href=\"http:\/\/nossacasa.net\/nossosriachos\/agroecologia\/taioba\/\" rel=\"noopener\" target=\"_blank\">Taioba<\/a><\/td><td class=\"column-3\"><em>Xanthosoma sagittifolium<\/em<\/td><td class=\"column-4\">Araceae<\/td><td class=\"column-5\">002-005-007-012-014-068-071-076-078-081<\/td>\n<\/tr>\n<\/tbody>\n<\/table>\n\n<hr \/ >\n<\/div>\n","protected":false},"excerpt":{"rendered":"<p>Esp\u00e9cies de PANCS e outros alimentos usados na recupera\u00e7\u00e3o vegetal da margem esquerda do C\u00f3rrego da Tiririca (dos Colibris) usando t\u00e9cnica de agricultura sintr\u00f3pica. Projeto realizado pelo Coletivo C\u00f3rrego da Tiririca. A sigla PANC significa Plantas Aliment\u00edcias N\u00e3o Convencionais. Em &hellip; <a href=\"http:\/\/nossacasa.net\/nossosriachos\/agroecologia\/pancs-no-tiririca\/\">Continue lendo <span class=\"meta-nav\">&rarr;<\/span><\/a><\/p>\n","protected":false},"author":1,"featured_media":0,"parent":0,"menu_order":0,"comment_status":"closed","ping_status":"closed","template":"","meta":{"footnotes":""},"class_list":["post-1393","page","type-page","status-publish","hentry"],"_links":{"self":[{"href":"http:\/\/nossacasa.net\/nossosriachos\/agroecologia\/wp-json\/wp\/v2\/pages\/1393","targetHints":{"allow":["GET"]}}],"collection":[{"href":"http:\/\/nossacasa.net\/nossosriachos\/agroecologia\/wp-json\/wp\/v2\/pages"}],"about":[{"href":"http:\/\/nossacasa.net\/nossosriachos\/agroecologia\/wp-json\/wp\/v2\/types\/page"}],"author":[{"embeddable":true,"href":"http:\/\/nossacasa.net\/nossosriachos\/agroecologia\/wp-json\/wp\/v2\/users\/1"}],"replies":[{"embeddable":true,"href":"http:\/\/nossacasa.net\/nossosriachos\/agroecologia\/wp-json\/wp\/v2\/comments?post=1393"}],"version-history":[{"count":3,"href":"http:\/\/nossacasa.net\/nossosriachos\/agroecologia\/wp-json\/wp\/v2\/pages\/1393\/revisions"}],"predecessor-version":[{"id":1397,"href":"http:\/\/nossacasa.net\/nossosriachos\/agroecologia\/wp-json\/wp\/v2\/pages\/1393\/revisions\/1397"}],"wp:attachment":[{"href":"http:\/\/nossacasa.net\/nossosriachos\/agroecologia\/wp-json\/wp\/v2\/media?parent=1393"}],"curies":[{"name":"wp","href":"https:\/\/api.w.org\/{rel}","templated":true}]}}