{"id":142,"date":"2018-03-22T11:26:08","date_gmt":"2018-03-22T14:26:08","guid":{"rendered":"http:\/\/nossacasa.net\/nossosriachos\/agroecologia\/?page_id=142"},"modified":"2018-03-22T11:26:24","modified_gmt":"2018-03-22T14:26:24","slug":"agrofloresta-ecologia-e-sociedade","status":"publish","type":"page","link":"http:\/\/nossacasa.net\/nossosriachos\/agroecologia\/agrofloresta-ecologia-e-sociedade\/","title":{"rendered":"Agrofloresta, ecologia e sociedade"},"content":{"rendered":"<div style=\"text-align:justify\">\n<div style=\"text-align:center\">\n<a href=\"www.nossacasa.net\/pdf\/Livros\/Agrofloresta%20ecologia%20e%20sociedade.pdf\" rel=\"noopener\" target=\"_blank\"><strong>Agrofloresta, ecologia e sociedade<\/strong><\/a><\/p>\n<p><a href=\"http:\/\/www.nossacasa.net\/pdf\/Livros\/Agrofloresta%20ecologia%20e%20sociedade.pdf\" rel=\"noopener\" target=\"_blank\"><img loading=\"lazy\" decoding=\"async\" src=\"http:\/\/nossacasa.net\/nossosriachos\/agroecologia\/wp-content\/uploads\/sites\/9\/2018\/03\/Agrofloresta-ecologia-e-soc.jpg\" alt=\"\" width=\"431\" height=\"652\" class=\"aligncenter size-full wp-image-143\" srcset=\"http:\/\/nossacasa.net\/nossosriachos\/agroecologia\/wp-content\/uploads\/sites\/9\/2018\/03\/Agrofloresta-ecologia-e-soc.jpg 431w, http:\/\/nossacasa.net\/nossosriachos\/agroecologia\/wp-content\/uploads\/sites\/9\/2018\/03\/Agrofloresta-ecologia-e-soc-198x300.jpg 198w\" sizes=\"auto, (max-width: 431px) 100vw, 431px\" \/><\/a><br \/>\nORGANIZADORES<br \/>\nWalter Steenbock | Let\u00edcia da Costa e Silva<br \/>\nRodrigo Ozelame da Silva | Almir Sandro Rodrigues<br \/>\nJulian Perez-Cassarino | Regiane Fonini<br \/>\nCOLABORADORES<br \/>\nCarlos Eduardo Seoane | Lu\u00eds Cl\u00e1udio Maranh\u00e3o Froufe<\/p>\n<\/div>\n<p>\nEste livro trata da constru\u00e7\u00e3o de alternatividades vivenciadas por agricultores e agricultoras ligados \u00e0 Cooperafloresta, uma organiza\u00e7\u00e3o que re\u00fane fam\u00edlias rurais dos munic\u00edpios de Barra do Turvo, em S\u00e3o Paulo, Adrian\u00f3polis e Bocai\u00fava do Sul, no Paran\u00e1, na regi\u00e3o do Vale do Ribeira, fronteiri\u00e7a entre os dois estados.<\/p>\n<p><em>Agrofloresta, ecologia e sociedade \/ organizador Walter Steenbock&#8230; et al. ; colaboradores Carlos Eduardo Seoane, Lu\u00eds Cl\u00e1udio Maranh\u00e3o Froufe.\u2014 Curitiba : Kair\u00f3s, 2013. 422 p.<\/em>\n<\/div>\n","protected":false},"excerpt":{"rendered":"<p>Agrofloresta, ecologia e sociedade ORGANIZADORES Walter Steenbock | Let\u00edcia da Costa e Silva Rodrigo Ozelame da Silva | Almir Sandro Rodrigues Julian Perez-Cassarino | Regiane Fonini COLABORADORES Carlos Eduardo Seoane | Lu\u00eds Cl\u00e1udio Maranh\u00e3o Froufe Este livro trata da constru\u00e7\u00e3o &hellip; <a href=\"http:\/\/nossacasa.net\/nossosriachos\/agroecologia\/agrofloresta-ecologia-e-sociedade\/\">Continue lendo <span class=\"meta-nav\">&rarr;<\/span><\/a><\/p>\n","protected":false},"author":1,"featured_media":143,"parent":0,"menu_order":0,"comment_status":"closed","ping_status":"closed","template":"","meta":{"footnotes":""},"class_list":["post-142","page","type-page","status-publish","has-post-thumbnail","hentry"],"_links":{"self":[{"href":"http:\/\/nossacasa.net\/nossosriachos\/agroecologia\/wp-json\/wp\/v2\/pages\/142","targetHints":{"allow":["GET"]}}],"collection":[{"href":"http:\/\/nossacasa.net\/nossosriachos\/agroecologia\/wp-json\/wp\/v2\/pages"}],"about":[{"href":"http:\/\/nossacasa.net\/nossosriachos\/agroecologia\/wp-json\/wp\/v2\/types\/page"}],"author":[{"embeddable":true,"href":"http:\/\/nossacasa.net\/nossosriachos\/agroecologia\/wp-json\/wp\/v2\/users\/1"}],"replies":[{"embeddable":true,"href":"http:\/\/nossacasa.net\/nossosriachos\/agroecologia\/wp-json\/wp\/v2\/comments?post=142"}],"version-history":[{"count":1,"href":"http:\/\/nossacasa.net\/nossosriachos\/agroecologia\/wp-json\/wp\/v2\/pages\/142\/revisions"}],"predecessor-version":[{"id":144,"href":"http:\/\/nossacasa.net\/nossosriachos\/agroecologia\/wp-json\/wp\/v2\/pages\/142\/revisions\/144"}],"wp:featuredmedia":[{"embeddable":true,"href":"http:\/\/nossacasa.net\/nossosriachos\/agroecologia\/wp-json\/wp\/v2\/media\/143"}],"wp:attachment":[{"href":"http:\/\/nossacasa.net\/nossosriachos\/agroecologia\/wp-json\/wp\/v2\/media?parent=142"}],"curies":[{"name":"wp","href":"https:\/\/api.w.org\/{rel}","templated":true}]}}