{"id":145,"date":"2018-03-22T11:36:30","date_gmt":"2018-03-22T14:36:30","guid":{"rendered":"http:\/\/nossacasa.net\/nossosriachos\/agroecologia\/?page_id=145"},"modified":"2018-03-22T11:43:30","modified_gmt":"2018-03-22T14:43:30","slug":"caderno-de-experiencias-agroecologica","status":"publish","type":"page","link":"http:\/\/nossacasa.net\/nossosriachos\/agroecologia\/caderno-de-experiencias-agroecologica\/","title":{"rendered":"Caderno de experi\u00eancias agroecol\u00f3gica"},"content":{"rendered":"<div style=\"text-align:justify\">\n<div style=\"text-align:center\">\n<p><a href=\"http:\/\/www.nossacasa.net\/pdf\/Livros\/Caderno-de-experiencias-agroecologicas-RJ.pdf\" rel=\"noopener\" target=\"_blank\"><strong>Caminhos agroecol\u00f3gicos do Rio de Janeiro: caderno de experi\u00eancias agroecol\u00f3gicas<\/strong><\/a><\/p>\n<p><a href=\"http:\/\/www.nossacasa.net\/pdf\/Livros\/Caderno-de-experiencias-agroecologicas-RJ.pdf\" rel=\"noopener\" target=\"_blank\"><img loading=\"lazy\" decoding=\"async\" src=\"http:\/\/nossacasa.net\/nossosriachos\/agroecologia\/wp-content\/uploads\/sites\/9\/2018\/03\/Caderno-de-experiencias-agr.jpg\" alt=\"\" width=\"463\" height=\"637\" class=\"aligncenter size-full wp-image-146\" srcset=\"http:\/\/nossacasa.net\/nossosriachos\/agroecologia\/wp-content\/uploads\/sites\/9\/2018\/03\/Caderno-de-experiencias-agr.jpg 463w, http:\/\/nossacasa.net\/nossosriachos\/agroecologia\/wp-content\/uploads\/sites\/9\/2018\/03\/Caderno-de-experiencias-agr-218x300.jpg 218w\" sizes=\"auto, (max-width: 463px) 100vw, 463px\" \/><\/a><\/p>\n<p>Organiza\u00e7\u00e3o e reda\u00e7\u00e3o: Grupo de Trabalho de Constru\u00e7\u00e3o do Conhecimento Agroecol\u00f3gico da Articula\u00e7\u00e3o de Agroecologia do RJ (Alexandre Gollo, Guilherme Strauch, M\u00f4nica Cox de Britto Pereira, e Thiago Michelini Barbosa).<br \/>\nColaboradores: Paulo Petersen e Claudemar Mattos.<br \/>\nEditor: AS-PTA.<br \/>\nCo-editor: Pacs.<br \/>\nISBN 978-85-87116-17-8<\/p>\n<\/div>\n<p>\nO processo que originou este livro pode ser comparado a uma troca de \u00f3culos. Mas n\u00e3o por que precis\u00e1vamos de lentes de maior grau para<br \/>\nenxergar melhor o que antes v\u00edamos emba\u00e7ado. Esses novos \u00f3culos seriam mais daqueles que utilizamos para assistir filmes 3D, pois eles<br \/>\npossibilitam a visualiza\u00e7\u00e3o de novas luzes, sombras e, igualmente importante, permitem que nos vejamos como participantes da realidade.<\/p>\n<p>O fato mais significativo nessa \u201ctroca de \u00f3culos\u201d foi que ela se deu como resultado de uma decis\u00e3o coletiva, conjuntamente executada pelas organiza\u00e7\u00f5es vinculadas \u00e0 Articula\u00e7\u00e3o de Agroecologia do Rio de Janeiro (AARJ), que empreenderam o esfor\u00e7o de identifica\u00e7\u00e3o e leitura de variadas express\u00f5es da Agroecologia no estado do Rio de Janeiro.<\/p>\n<p>Para conduzirem esse exerc\u00edcio de reinterpreta\u00e7\u00e3o do papel e do lugar da perspectiva agroecol\u00f3gica na agricultura fluminense, tomaram<br \/>\ncomo refer\u00eancia um conjunto amplo e diversificado de experi\u00eancias sociais em curso nas v\u00e1rias regi\u00f5es do estado. Em sua diversidade, essas experi\u00eancias s\u00e3o rurais e urbanas, de produ\u00e7\u00e3o e de consumo, agr\u00edcolas e n\u00e3o agr\u00edcolas. S\u00e3o protagonizadas por atores portadores das mais variadas identidades socioculturais (agricultores(as) familiares, assentados(as), quilombolas, cai\u00e7aras, agricultores(as) urbanos(as), consumidores(as), etc.) e afilia\u00e7\u00f5es institucionais (organiza\u00e7\u00f5es e movimentos da agricultura familiar e da reforma agr\u00e1ria, ONGs, cooperativas de servi\u00e7o e de consumo, institui\u00e7\u00f5es oficiais de ensino, de pesquisa e de extens\u00e3o rural).<\/p>\n<p><em>Caminhos agroecol\u00f3gicos do Rio de Janeiro: caderno de experi\u00eancias agroecol\u00f3gicas \/ &#8211;1 .ed.&#8211; Rio de Janeiro, 2014. 249 p.<\/em>\n<\/div>\n","protected":false},"excerpt":{"rendered":"<p>Caminhos agroecol\u00f3gicos do Rio de Janeiro: caderno de experi\u00eancias agroecol\u00f3gicas Organiza\u00e7\u00e3o e reda\u00e7\u00e3o: Grupo de Trabalho de Constru\u00e7\u00e3o do Conhecimento Agroecol\u00f3gico da Articula\u00e7\u00e3o de Agroecologia do RJ (Alexandre Gollo, Guilherme Strauch, M\u00f4nica Cox de Britto Pereira, e Thiago Michelini Barbosa). &hellip; <a href=\"http:\/\/nossacasa.net\/nossosriachos\/agroecologia\/caderno-de-experiencias-agroecologica\/\">Continue lendo <span class=\"meta-nav\">&rarr;<\/span><\/a><\/p>\n","protected":false},"author":1,"featured_media":146,"parent":0,"menu_order":0,"comment_status":"closed","ping_status":"closed","template":"","meta":{"footnotes":""},"class_list":["post-145","page","type-page","status-publish","has-post-thumbnail","hentry"],"_links":{"self":[{"href":"http:\/\/nossacasa.net\/nossosriachos\/agroecologia\/wp-json\/wp\/v2\/pages\/145","targetHints":{"allow":["GET"]}}],"collection":[{"href":"http:\/\/nossacasa.net\/nossosriachos\/agroecologia\/wp-json\/wp\/v2\/pages"}],"about":[{"href":"http:\/\/nossacasa.net\/nossosriachos\/agroecologia\/wp-json\/wp\/v2\/types\/page"}],"author":[{"embeddable":true,"href":"http:\/\/nossacasa.net\/nossosriachos\/agroecologia\/wp-json\/wp\/v2\/users\/1"}],"replies":[{"embeddable":true,"href":"http:\/\/nossacasa.net\/nossosriachos\/agroecologia\/wp-json\/wp\/v2\/comments?post=145"}],"version-history":[{"count":2,"href":"http:\/\/nossacasa.net\/nossosriachos\/agroecologia\/wp-json\/wp\/v2\/pages\/145\/revisions"}],"predecessor-version":[{"id":151,"href":"http:\/\/nossacasa.net\/nossosriachos\/agroecologia\/wp-json\/wp\/v2\/pages\/145\/revisions\/151"}],"wp:featuredmedia":[{"embeddable":true,"href":"http:\/\/nossacasa.net\/nossosriachos\/agroecologia\/wp-json\/wp\/v2\/media\/146"}],"wp:attachment":[{"href":"http:\/\/nossacasa.net\/nossosriachos\/agroecologia\/wp-json\/wp\/v2\/media?parent=145"}],"curies":[{"name":"wp","href":"https:\/\/api.w.org\/{rel}","templated":true}]}}