{"id":148,"date":"2018-03-22T11:42:49","date_gmt":"2018-03-22T14:42:49","guid":{"rendered":"http:\/\/nossacasa.net\/nossosriachos\/agroecologia\/?page_id=148"},"modified":"2018-03-22T11:42:49","modified_gmt":"2018-03-22T14:42:49","slug":"enfoques-sobre-bienestar-y-buen-vivir","status":"publish","type":"page","link":"http:\/\/nossacasa.net\/nossosriachos\/agroecologia\/enfoques-sobre-bienestar-y-buen-vivir\/","title":{"rendered":"Enfoques sobre bienestar y buen vivir"},"content":{"rendered":"<div style=\"text-align:justify\">\n<div style=\"text-align:center\">\n<p><a href=\"www.nossacasa.net\/pdf\/Livros\/Enfoques_sobre_bienestar_y_buen_vivir.pdf\" rel=\"noopener\" target=\"_blank\"><strong>Enfoques sobre bienestar y buen vivir<\/strong><\/a><\/p>\n<p><a href=\"http:\/\/www.nossacasa.net\/pdf\/Livros\/Enfoques_sobre_bienestar_y_buen_vivir.pdf\" rel=\"noopener\" target=\"_blank\"><img loading=\"lazy\" decoding=\"async\" src=\"http:\/\/nossacasa.net\/nossosriachos\/agroecologia\/wp-content\/uploads\/sites\/9\/2018\/03\/Enfoques_sobre_bienestar_y_.jpg\" alt=\"\" width=\"595\" height=\"842\" class=\"aligncenter size-full wp-image-149\" srcset=\"http:\/\/nossacasa.net\/nossosriachos\/agroecologia\/wp-content\/uploads\/sites\/9\/2018\/03\/Enfoques_sobre_bienestar_y_.jpg 595w, http:\/\/nossacasa.net\/nossosriachos\/agroecologia\/wp-content\/uploads\/sites\/9\/2018\/03\/Enfoques_sobre_bienestar_y_-212x300.jpg 212w\" sizes=\"auto, (max-width: 595px) 100vw, 595px\" \/><\/a><\/p>\n<p>Joaquim Sempere<br \/>\nAlberto Acosta<br \/>\nSaamah Abdallah<br \/>\nMario Ort\u00ed<br \/>\nSelecci\u00f3n de recursos documentales: CIP-Ecosocial<\/p>\n<\/div>\n<p>\nLa b\u00fasqueda del bienestar, la felicidad y el buen vivir han sido y son objetivo com\u00fan de todas las sociedades, aunque ha variado enormemente c\u00f3mo definirlo, medirlo y llevarlo a la pr\u00e1ctica. El presente dossier se aproxima a esta tem\u00e1tica a trav\u00e9s de cuatro art\u00edculos de an\u00e1lisis. Alberto Acosta, ex ministro y te\u00f3rico ecuatoriano, explora el buen vivir desde la concepci\u00f3n andina del sumak kawsay, y Joaquim Sempere se acerca a la cuesti\u00f3n &#8211;tan esencial hoy en las sociedades opulentas\u2014desde la perspectiva de la suficiencia y la autocontenci\u00f3n. Por su parte, Saamah Abdallah y Mario Ort\u00ed abordan en sus art\u00edculos cuestiones metodol\u00f3gicas de medici\u00f3n del bienestar social. El dossier se cierra con una selecci\u00f3n de recursos sobre bienestar y buen vivir.\n<\/div>\n","protected":false},"excerpt":{"rendered":"<p>Enfoques sobre bienestar y buen vivir Joaquim Sempere Alberto Acosta Saamah Abdallah Mario Ort\u00ed Selecci\u00f3n de recursos documentales: CIP-Ecosocial La b\u00fasqueda del bienestar, la felicidad y el buen vivir han sido y son objetivo com\u00fan de todas las sociedades, aunque &hellip; <a href=\"http:\/\/nossacasa.net\/nossosriachos\/agroecologia\/enfoques-sobre-bienestar-y-buen-vivir\/\">Continue lendo <span class=\"meta-nav\">&rarr;<\/span><\/a><\/p>\n","protected":false},"author":1,"featured_media":149,"parent":0,"menu_order":0,"comment_status":"closed","ping_status":"closed","template":"","meta":{"footnotes":""},"class_list":["post-148","page","type-page","status-publish","has-post-thumbnail","hentry"],"_links":{"self":[{"href":"http:\/\/nossacasa.net\/nossosriachos\/agroecologia\/wp-json\/wp\/v2\/pages\/148","targetHints":{"allow":["GET"]}}],"collection":[{"href":"http:\/\/nossacasa.net\/nossosriachos\/agroecologia\/wp-json\/wp\/v2\/pages"}],"about":[{"href":"http:\/\/nossacasa.net\/nossosriachos\/agroecologia\/wp-json\/wp\/v2\/types\/page"}],"author":[{"embeddable":true,"href":"http:\/\/nossacasa.net\/nossosriachos\/agroecologia\/wp-json\/wp\/v2\/users\/1"}],"replies":[{"embeddable":true,"href":"http:\/\/nossacasa.net\/nossosriachos\/agroecologia\/wp-json\/wp\/v2\/comments?post=148"}],"version-history":[{"count":1,"href":"http:\/\/nossacasa.net\/nossosriachos\/agroecologia\/wp-json\/wp\/v2\/pages\/148\/revisions"}],"predecessor-version":[{"id":150,"href":"http:\/\/nossacasa.net\/nossosriachos\/agroecologia\/wp-json\/wp\/v2\/pages\/148\/revisions\/150"}],"wp:featuredmedia":[{"embeddable":true,"href":"http:\/\/nossacasa.net\/nossosriachos\/agroecologia\/wp-json\/wp\/v2\/media\/149"}],"wp:attachment":[{"href":"http:\/\/nossacasa.net\/nossosriachos\/agroecologia\/wp-json\/wp\/v2\/media?parent=148"}],"curies":[{"name":"wp","href":"https:\/\/api.w.org\/{rel}","templated":true}]}}