{"id":152,"date":"2018-03-22T12:38:49","date_gmt":"2018-03-22T15:38:49","guid":{"rendered":"http:\/\/nossacasa.net\/nossosriachos\/agroecologia\/?page_id=152"},"modified":"2018-03-22T12:40:27","modified_gmt":"2018-03-22T15:40:27","slug":"jornada-de-agroecologia","status":"publish","type":"page","link":"http:\/\/nossacasa.net\/nossosriachos\/agroecologia\/jornada-de-agroecologia\/","title":{"rendered":"Jornada de Agroecologia"},"content":{"rendered":"<div style=\"text-align:justify\">\n<div style=\"text-align:center\">\n<p><a href=\"www.nossacasa.net\/pdf\/Livros\/Jornada%20de%20Agroecologia.pdf\" rel=\"noopener\" target=\"_blank\"><strong>Jornada de Agroecologia<\/strong><\/a><\/p>\n<p><a href=\"http:\/\/www.nossacasa.net\/pdf\/Livros\/Jornada%20de%20Agroecologia.pdf\" rel=\"noopener\" target=\"_blank\"><img loading=\"lazy\" decoding=\"async\" src=\"http:\/\/nossacasa.net\/nossosriachos\/agroecologia\/wp-content\/uploads\/sites\/9\/2018\/03\/Jornada-de-Agroecologia.jpg\" alt=\"\" width=\"595\" height=\"842\" class=\"aligncenter size-full wp-image-153\" srcset=\"http:\/\/nossacasa.net\/nossosriachos\/agroecologia\/wp-content\/uploads\/sites\/9\/2018\/03\/Jornada-de-Agroecologia.jpg 595w, http:\/\/nossacasa.net\/nossosriachos\/agroecologia\/wp-content\/uploads\/sites\/9\/2018\/03\/Jornada-de-Agroecologia-212x300.jpg 212w\" sizes=\"auto, (max-width: 595px) 100vw, 595px\" \/><\/a><\/p>\n<p>Autores:<br \/>\nAdriano da Costa Valad\u00e3o, Mestre em Ci\u00eancias Sociais Aplicadas, militante do Movimento dos Trabalhadores Rurais Sem Terra.<\/p>\n<p>Carlos Neudi Finkler, Setor de Produ\u00e7\u00e3o, Coopera\u00e7\u00e3o e Meio Ambiente &#8211; Setor de Produ\u00e7\u00e3o Coopera\u00e7\u00e3o e Meio Ambiente &#8211; Movimento dos Trabalhadores Rurais Sem Terra.<\/p>\n<p>Cassemiro Chebinski, Engenheiro Agr\u00f4nomo, Setor de Produ\u00e7\u00e3o, Coopera\u00e7\u00e3o e Meio Ambiente &#8211; Setor de Produ\u00e7\u00e3o Coopera\u00e7\u00e3o e Meio Ambiente &#8211; Movimento dos Trabalhadores Rurais Sem Terra.<\/p>\n<p>Cinara F\u00e1tima Benetti Pinto, M\u00e9dica Veterin\u00e1ria, Setor de Produ\u00e7\u00e3o Coopera\u00e7\u00e3o e Meio Ambiente &#8211; Movimento dos Trabalhadores Rurais Sem Terra.<\/p>\n<p>Jos\u00e9 Maria Tardin, T\u00e9cnico Agropecu\u00e1rio, Setor de Produ\u00e7\u00e3o Coopera\u00e7\u00e3o e Meio Ambiente &#8211; Movimento dos Trabalhadores Rurais Sem Terra.<\/p>\n<p>Priscila Facina Monnerat, Engenheira Florestal, Setor de Produ\u00e7\u00e3o Coopera\u00e7\u00e3o e Meio Ambiente &#8211; Movimento dos Trabalhadores Rurais Sem Terra.<\/p>\n<p>Silvana dos Santos Moreira, Engenheira Agronoma, Setor de Produ\u00e7\u00e3o Coopera\u00e7\u00e3o e Meio Ambiente &#8211; Movimento dos Trabalhadores Rurais Sem Terra.<\/p>\n<p>L\u00edlian Garcia Faria, Zootecnista, Setor de Produ\u00e7\u00e3o, Coopera\u00e7\u00e3o e Meio Ambiente &#8211; Movimento dos Trabalhadores Rurais Sem Terra.<\/p>\n<\/div>\n<p>\nN\u00f3s, 6.000 participantes do 4\u00ba Encontro da Jornada de Agroecologia, reunidos em Cascavel &#8211; Paran\u00e1 &#8211; Brasil reafirmamos nosso compromisso com a Agroecologia, continuando nossa luta por uma Terra Livre de Transg\u00eanicos e sem Agrot\u00f3xicos e conquistando a<br \/>\nimplementa\u00e7\u00e3o de um Projeto Popular Soberano para a Agricultura Camponesa e Familiar, fundamentado na Agroecologia.<\/p>\n<p>A Jornada de Agroecologia \u00e9 um espa\u00e7o de express\u00e3o de v\u00e1rios movimentos sociais da agricultura familiar e camponesa, organiza\u00e7\u00f5es da sociedade civil, t\u00e9cnicos e acad\u00eamicos e se insere no grande movimento de lutas dos povos contra a mercantiliza\u00e7\u00e3o da vida, comprometendo- se a construir uma nova sociedade capaz de satisfazer suas necessidades atuais e garantir as necessidades das gera\u00e7\u00f5es<br \/>\nfuturas.\n<\/p><\/div>\n","protected":false},"excerpt":{"rendered":"<p>Jornada de Agroecologia Autores: Adriano da Costa Valad\u00e3o, Mestre em Ci\u00eancias Sociais Aplicadas, militante do Movimento dos Trabalhadores Rurais Sem Terra. Carlos Neudi Finkler, Setor de Produ\u00e7\u00e3o, Coopera\u00e7\u00e3o e Meio Ambiente &#8211; Setor de Produ\u00e7\u00e3o Coopera\u00e7\u00e3o e Meio Ambiente &#8211; &hellip; <a href=\"http:\/\/nossacasa.net\/nossosriachos\/agroecologia\/jornada-de-agroecologia\/\">Continue lendo <span class=\"meta-nav\">&rarr;<\/span><\/a><\/p>\n","protected":false},"author":1,"featured_media":153,"parent":0,"menu_order":0,"comment_status":"closed","ping_status":"closed","template":"","meta":{"footnotes":""},"class_list":["post-152","page","type-page","status-publish","has-post-thumbnail","hentry"],"_links":{"self":[{"href":"http:\/\/nossacasa.net\/nossosriachos\/agroecologia\/wp-json\/wp\/v2\/pages\/152","targetHints":{"allow":["GET"]}}],"collection":[{"href":"http:\/\/nossacasa.net\/nossosriachos\/agroecologia\/wp-json\/wp\/v2\/pages"}],"about":[{"href":"http:\/\/nossacasa.net\/nossosriachos\/agroecologia\/wp-json\/wp\/v2\/types\/page"}],"author":[{"embeddable":true,"href":"http:\/\/nossacasa.net\/nossosriachos\/agroecologia\/wp-json\/wp\/v2\/users\/1"}],"replies":[{"embeddable":true,"href":"http:\/\/nossacasa.net\/nossosriachos\/agroecologia\/wp-json\/wp\/v2\/comments?post=152"}],"version-history":[{"count":3,"href":"http:\/\/nossacasa.net\/nossosriachos\/agroecologia\/wp-json\/wp\/v2\/pages\/152\/revisions"}],"predecessor-version":[{"id":156,"href":"http:\/\/nossacasa.net\/nossosriachos\/agroecologia\/wp-json\/wp\/v2\/pages\/152\/revisions\/156"}],"wp:featuredmedia":[{"embeddable":true,"href":"http:\/\/nossacasa.net\/nossosriachos\/agroecologia\/wp-json\/wp\/v2\/media\/153"}],"wp:attachment":[{"href":"http:\/\/nossacasa.net\/nossosriachos\/agroecologia\/wp-json\/wp\/v2\/media?parent=152"}],"curies":[{"name":"wp","href":"https:\/\/api.w.org\/{rel}","templated":true}]}}