{"id":1522,"date":"2020-01-21T08:20:51","date_gmt":"2020-01-21T11:20:51","guid":{"rendered":"http:\/\/nossacasa.net\/nossosriachos\/agroecologia\/?page_id=1522"},"modified":"2020-01-21T08:30:40","modified_gmt":"2020-01-21T11:30:40","slug":"manual-de-identificacao-de-mudas-de-especies-florestais","status":"publish","type":"page","link":"http:\/\/nossacasa.net\/nossosriachos\/agroecologia\/manual-de-identificacao-de-mudas-de-especies-florestais\/","title":{"rendered":"Manual de Identifica\u00e7\u00e3o de mudas de esp\u00e9cies florestais"},"content":{"rendered":"<div style=\"text-align:justify\">\n<div style=\"text-align:center\">\n<a href=\"http:\/\/www.nossacasa.net\/pdf\/Cartilhas\/ManualdeMudas.pdf\" rel=\"noopener noreferrer\" target=\"_blank\"><div id=\"attachment_1525\" style=\"width: 434px\" class=\"wp-caption aligncenter\"><img loading=\"lazy\" decoding=\"async\" aria-describedby=\"caption-attachment-1525\" src=\"http:\/\/nossacasa.net\/nossosriachos\/agroecologia\/wp-content\/uploads\/sites\/9\/2020\/01\/Manual-de-mudas.jpg\" alt=\"\" width=\"424\" height=\"599\" class=\"size-full wp-image-1525\" srcset=\"http:\/\/nossacasa.net\/nossosriachos\/agroecologia\/wp-content\/uploads\/sites\/9\/2020\/01\/Manual-de-mudas.jpg 424w, http:\/\/nossacasa.net\/nossosriachos\/agroecologia\/wp-content\/uploads\/sites\/9\/2020\/01\/Manual-de-mudas-212x300.jpg 212w\" sizes=\"auto, (max-width: 424px) 100vw, 424px\" \/><p id=\"caption-attachment-1525\" class=\"wp-caption-text\">Manual de Identifica\u00e7\u00e3o de mudas de esp\u00e9cies florestais<\/p><\/div><\/a>\n<\/div>\n<p>O Programa de Reflorestamento da Cidade do Rio de Janeiro, desenvolvido pela Secretaria Municipal de Meio Ambiente, ao longo dos seus 27 anos, passou por uma s\u00e9rie de evolu\u00e7\u00f5es. Cada fase contribuiu para agregar conhecimentos pr\u00e1ticos relativos \u00e0 sua metodologia de trabalho, dentre os quais, a identifica\u00e7\u00e3o das ess\u00eancias florestais com melhor desempenho, considerando a diversidade de ambientes em que o projeto atua.<\/p>\n<p>O objetivo deste manual \u00e9 apresentar as esp\u00e9cies que obtiveram um maior destaque pela sua resposta nos processos de recupera\u00e7\u00e3o da cidade e \u00e9 dirigido aos profissionais e executores de plantios florestais, especialmente em encostas com caracter\u00edsticas semelhantes \u00e0s que ocorrem no Rio de Janeiro.<\/p>\n<p>Trata-se de uma publica\u00e7\u00e3o contendo informa\u00e7\u00f5es simplificadas, sendo bastante \u00fatil como um manual de campo, para r\u00e1pida refer\u00eancia,<br \/>\ntornando-o uma importante ferramenta de trabalho para os t\u00e9cnicos e trabalhadores das equipes de reflorestamento da Prefeitura. Uma<br \/>\npeculiaridade deste material \u00e9 o fato de ilustrar as esp\u00e9cies na forma de mudas, uma vez que muitas delas apresentam dimorfismo em sua fase jovem, dificultando a identifica\u00e7\u00e3o.<\/p>\n<p>Nesta segunda edi\u00e7\u00e3o foram acrescidas 15 fichas, totalizando 54 esp\u00e9cies florestais nativas da Mata Atl\u00e2ntica, ilustradas com as respectivas classifica\u00e7\u00f5es, zonas de ocorr\u00eancia, informa\u00e7\u00f5es ecol\u00f3gicas, usos, fenologia e caracter\u00edsticas morfol\u00f3gicas que auxiliam na classifica\u00e7\u00e3o das mudas.\n<\/p><\/div>\n","protected":false},"excerpt":{"rendered":"<p>O Programa de Reflorestamento da Cidade do Rio de Janeiro, desenvolvido pela Secretaria Municipal de Meio Ambiente, ao longo dos seus 27 anos, passou por uma s\u00e9rie de evolu\u00e7\u00f5es. Cada fase contribuiu para agregar conhecimentos pr\u00e1ticos relativos \u00e0 sua metodologia &hellip; <a href=\"http:\/\/nossacasa.net\/nossosriachos\/agroecologia\/manual-de-identificacao-de-mudas-de-especies-florestais\/\">Continue lendo <span class=\"meta-nav\">&rarr;<\/span><\/a><\/p>\n","protected":false},"author":1,"featured_media":116,"parent":0,"menu_order":0,"comment_status":"closed","ping_status":"closed","template":"","meta":{"footnotes":""},"class_list":["post-1522","page","type-page","status-publish","has-post-thumbnail","hentry"],"_links":{"self":[{"href":"http:\/\/nossacasa.net\/nossosriachos\/agroecologia\/wp-json\/wp\/v2\/pages\/1522","targetHints":{"allow":["GET"]}}],"collection":[{"href":"http:\/\/nossacasa.net\/nossosriachos\/agroecologia\/wp-json\/wp\/v2\/pages"}],"about":[{"href":"http:\/\/nossacasa.net\/nossosriachos\/agroecologia\/wp-json\/wp\/v2\/types\/page"}],"author":[{"embeddable":true,"href":"http:\/\/nossacasa.net\/nossosriachos\/agroecologia\/wp-json\/wp\/v2\/users\/1"}],"replies":[{"embeddable":true,"href":"http:\/\/nossacasa.net\/nossosriachos\/agroecologia\/wp-json\/wp\/v2\/comments?post=1522"}],"version-history":[{"count":3,"href":"http:\/\/nossacasa.net\/nossosriachos\/agroecologia\/wp-json\/wp\/v2\/pages\/1522\/revisions"}],"predecessor-version":[{"id":1526,"href":"http:\/\/nossacasa.net\/nossosriachos\/agroecologia\/wp-json\/wp\/v2\/pages\/1522\/revisions\/1526"}],"wp:featuredmedia":[{"embeddable":true,"href":"http:\/\/nossacasa.net\/nossosriachos\/agroecologia\/wp-json\/wp\/v2\/media\/116"}],"wp:attachment":[{"href":"http:\/\/nossacasa.net\/nossosriachos\/agroecologia\/wp-json\/wp\/v2\/media?parent=1522"}],"curies":[{"name":"wp","href":"https:\/\/api.w.org\/{rel}","templated":true}]}}