{"id":1536,"date":"2020-01-21T09:45:46","date_gmt":"2020-01-21T12:45:46","guid":{"rendered":"http:\/\/nossacasa.net\/nossosriachos\/agroecologia\/?page_id=1536"},"modified":"2020-01-21T09:45:46","modified_gmt":"2020-01-21T12:45:46","slug":"restauracao-ecologica-com-sistemas-agroflorestais","status":"publish","type":"page","link":"http:\/\/nossacasa.net\/nossosriachos\/agroecologia\/restauracao-ecologica-com-sistemas-agroflorestais\/","title":{"rendered":"Restaura\u00e7\u00e3o ecol\u00f3gica com Sistemas Agroflorestais"},"content":{"rendered":"<div style=\"text-align:justify\">\n<div style=\"text-align:center\">\n<a href=\"http:\/\/www.nossacasa.net\/pdf\/Cartilhas\/Restauracao-ecologica.pdf\" rel=\"noopener noreferrer\" target=\"_blank\"><div id=\"attachment_1537\" style=\"width: 431px\" class=\"wp-caption aligncenter\"><img loading=\"lazy\" decoding=\"async\" aria-describedby=\"caption-attachment-1537\" src=\"http:\/\/nossacasa.net\/nossosriachos\/agroecologia\/wp-content\/uploads\/sites\/9\/2020\/01\/restauracao-ecologica.jpg\" alt=\"\" width=\"421\" height=\"599\" class=\"size-full wp-image-1537\" srcset=\"http:\/\/nossacasa.net\/nossosriachos\/agroecologia\/wp-content\/uploads\/sites\/9\/2020\/01\/restauracao-ecologica.jpg 421w, http:\/\/nossacasa.net\/nossosriachos\/agroecologia\/wp-content\/uploads\/sites\/9\/2020\/01\/restauracao-ecologica-211x300.jpg 211w\" sizes=\"auto, (max-width: 421px) 100vw, 421px\" \/><p id=\"caption-attachment-1537\" class=\"wp-caption-text\">Restaura\u00e7\u00e3o ecol\u00f3gica com Sistemas Agroflorestais<\/p><\/div><\/a>\n<\/div>\n<p>Este livro tem como principal objetivo orientar a ado\u00e7\u00e3o de sistemas agroflorestais (SAFs) na restaura\u00e7\u00e3o e recupera\u00e7\u00e3o de \u00e1reas alteradas e degradadas por meio de estrat\u00e9gias que conciliem a conserva\u00e7\u00e3o com benef\u00edcios sociais. Sua constru\u00e7\u00e3o foi fruto de um processo participativo e de pesquisa envolvendo t\u00e9cnicos, agricultores, pesquisadores, formuladores de pol\u00edticas e praticantes nos temas da restaura\u00e7\u00e3o e SAFs. Primeiro, foram analisadas as normas que regem o uso de SAFs em \u00e1reas de prote\u00e7\u00e3o ambiental (\u00c1reas de Preserva\u00e7\u00e3o Permanente \u2013 APPs e Reservas Legais \u2013 RLs) a fim de esclarecer, para t\u00e9cnicos, agricultores e formuladores de pol\u00edticas, suas implica\u00e7\u00f5es pr\u00e1ticas no campo.<\/p>\n<p>Uma ampla revis\u00e3o da literatura analisou a viabilidade de SAFs e sistemas mais adequados para cumprir com os objetivos ecol\u00f3gicos e sociais da restaura\u00e7\u00e3o.<\/p>\n<p>Em maio de 2015, no semin\u00e1rio participativo \u201cConserva\u00e7\u00e3o com Agroflorestas: caminhos para restaura\u00e7\u00e3o na agricultura familiar\u201d, 70 participantes elaboraram princ\u00edpios e crit\u00e9rios para conciliar conserva\u00e7\u00e3o com produ\u00e7\u00e3o e sistematizaram 19 experi\u00eancias de SAFs a fim de extrair li\u00e7\u00f5es para replica\u00e7\u00e3o de boas pr\u00e1ticas.<\/p>\n<p>Foram visitadas 16 fam\u00edlias de agricultores inovadores, que trouxeram exemplos de sistemas e pr\u00e1ticas de manejo promissores, e realizadas consultas a especialistas.<\/p>\n<p>Com base neste conjunto de subs\u00eddios, propomos recomenda\u00e7\u00f5es para superar os desafios dos SAFs e regulamentar a implementa\u00e7\u00e3o do novo c\u00f3digo florestal, bem como metodologia de diagn\u00f3stico socioambiental e planejamento de SAFs moldados \u00e0s aspira\u00e7\u00f5es e condi\u00e7\u00f5es da fam\u00edlia e do ambiente que ela ocupa. Para alguns dos contextos mais comuns, como pastagens degradadas a \u00e1reas de vegeta\u00e7\u00e3o nativa em regenera\u00e7\u00e3o, apresentamos 11 op\u00e7\u00f5es agroflorestais que podem ser adaptadas de acordo com as especificidades da propriedade.<\/p>\n<p>Dentre as esp\u00e9cies recomendadas para estas op\u00e7\u00f5es, 19 esp\u00e9cies-chave para recupera\u00e7\u00e3o de \u00e1reas degradadas s\u00e3o descritas detalhadamente e 130 esp\u00e9cies consideradas importantes para restaura\u00e7\u00e3o com SAFs comp\u00f5em uma tabela geral de atributos funcionais. Por fim, apresentamos orienta\u00e7\u00f5es t\u00e9cnicas sobre as normas que regem APPs e RLs, destacando obriga\u00e7\u00f5es de conserva\u00e7\u00e3o e recupera\u00e7\u00e3o e o papel de SAFs nestes contextos. Embora este livro seja focado nos biomas Cerrado e Caatinga, a metodologia de diagn\u00f3stico socioambiental, os princ\u00edpios e crit\u00e9rios para sele\u00e7\u00e3o de esp\u00e9cies e desenho de sistemas, assim como as t\u00e9cnicas de implanta\u00e7\u00e3o<br \/>\ne manejo, podem ser aplicados em outras regi\u00f5es.\n<\/p><\/div>\n","protected":false},"excerpt":{"rendered":"<p>Este livro tem como principal objetivo orientar a ado\u00e7\u00e3o de sistemas agroflorestais (SAFs) na restaura\u00e7\u00e3o e recupera\u00e7\u00e3o de \u00e1reas alteradas e degradadas por meio de estrat\u00e9gias que conciliem a conserva\u00e7\u00e3o com benef\u00edcios sociais. Sua constru\u00e7\u00e3o foi fruto de um processo &hellip; <a href=\"http:\/\/nossacasa.net\/nossosriachos\/agroecologia\/restauracao-ecologica-com-sistemas-agroflorestais\/\">Continue lendo <span class=\"meta-nav\">&rarr;<\/span><\/a><\/p>\n","protected":false},"author":1,"featured_media":126,"parent":0,"menu_order":0,"comment_status":"closed","ping_status":"closed","template":"","meta":{"footnotes":""},"class_list":["post-1536","page","type-page","status-publish","has-post-thumbnail","hentry"],"_links":{"self":[{"href":"http:\/\/nossacasa.net\/nossosriachos\/agroecologia\/wp-json\/wp\/v2\/pages\/1536","targetHints":{"allow":["GET"]}}],"collection":[{"href":"http:\/\/nossacasa.net\/nossosriachos\/agroecologia\/wp-json\/wp\/v2\/pages"}],"about":[{"href":"http:\/\/nossacasa.net\/nossosriachos\/agroecologia\/wp-json\/wp\/v2\/types\/page"}],"author":[{"embeddable":true,"href":"http:\/\/nossacasa.net\/nossosriachos\/agroecologia\/wp-json\/wp\/v2\/users\/1"}],"replies":[{"embeddable":true,"href":"http:\/\/nossacasa.net\/nossosriachos\/agroecologia\/wp-json\/wp\/v2\/comments?post=1536"}],"version-history":[{"count":1,"href":"http:\/\/nossacasa.net\/nossosriachos\/agroecologia\/wp-json\/wp\/v2\/pages\/1536\/revisions"}],"predecessor-version":[{"id":1538,"href":"http:\/\/nossacasa.net\/nossosriachos\/agroecologia\/wp-json\/wp\/v2\/pages\/1536\/revisions\/1538"}],"wp:featuredmedia":[{"embeddable":true,"href":"http:\/\/nossacasa.net\/nossosriachos\/agroecologia\/wp-json\/wp\/v2\/media\/126"}],"wp:attachment":[{"href":"http:\/\/nossacasa.net\/nossosriachos\/agroecologia\/wp-json\/wp\/v2\/media?parent=1536"}],"curies":[{"name":"wp","href":"https:\/\/api.w.org\/{rel}","templated":true}]}}