{"id":157,"date":"2018-03-22T12:45:44","date_gmt":"2018-03-22T15:45:44","guid":{"rendered":"http:\/\/nossacasa.net\/nossosriachos\/agroecologia\/?page_id=157"},"modified":"2018-03-22T12:45:44","modified_gmt":"2018-03-22T15:45:44","slug":"planeta-agua-morrendo-de-sede","status":"publish","type":"page","link":"http:\/\/nossacasa.net\/nossosriachos\/agroecologia\/planeta-agua-morrendo-de-sede\/","title":{"rendered":"Planeta \u00e1gua morrendo de sede"},"content":{"rendered":"<div style=\"text-align:justify\">\n<div style=\"text-align:center\">\n<p><a href=\"www.nossacasa.net\/pdf\/Livros\/Planeta%20%C3%81gua%20Morrendo%20de%20Sede.pdf\" rel=\"noopener\" target=\"_blank\"><strong>Planeta \u00e1gua morrendo de sede : uma vis\u00e3o anal\u00edtica na metodologia do uso e abuso dos recursos h\u00eddricos<\/strong><\/a><\/p>\n<p><a href=\"http:\/\/www.nossacasa.net\/pdf\/Livros\/Planeta%20%C3%81gua%20Morrendo%20de%20Sede.pdf\" rel=\"noopener\" target=\"_blank\"><img loading=\"lazy\" decoding=\"async\" src=\"http:\/\/nossacasa.net\/nossosriachos\/agroecologia\/wp-content\/uploads\/sites\/9\/2018\/03\/Planeta-agua.jpg\" alt=\"\" width=\"595\" height=\"842\" class=\"aligncenter size-full wp-image-158\" srcset=\"http:\/\/nossacasa.net\/nossosriachos\/agroecologia\/wp-content\/uploads\/sites\/9\/2018\/03\/Planeta-agua.jpg 595w, http:\/\/nossacasa.net\/nossosriachos\/agroecologia\/wp-content\/uploads\/sites\/9\/2018\/03\/Planeta-agua-212x300.jpg 212w\" sizes=\"auto, (max-width: 595px) 100vw, 595px\" \/><\/a><\/p>\n<p>C\u00e9lia Jurema Aito Victorino<\/p>\n<p>PORTO ALEGRE<br \/>\n2007<\/p>\n<\/div>\n<p>\nConsiderando ser a \u00e1gua, nosso precioso recurso natural respons\u00e1vel pela origem da vida e sua sustenta\u00e7\u00e3o no nosso planeta Terra, reconhe\u00e7o como extremamente oportuna a iniciativa de divulgar a import\u00e2ncia desse bem.<\/p>\n<p>Qualidade e quantidade se constituem em requisitos b\u00e1sicos relacionados \u00e0 \u00e1gua, mas bin\u00f4mio inconsistente se na nossa an\u00e1lise inserirmos a vari\u00e1vel tempo no seu longo prazo. \u00c9 por isto que, tenho a convic\u00e7\u00e3o, um terceiro requisito deva ser considerado em nossas incurs\u00f5es pela ampla gama de enfoques, an\u00e1lises e planos de gest\u00e3o em rela\u00e7\u00e3o a este elemento indispens\u00e1vel e insubstitu\u00edvel para todas as formas de vida: a perpetuidade. Assim, as tomadas de decis\u00e3o devem, tenho convic\u00e7\u00e3o, considerar o trip\u00e9 \u201cquantidade, qualidade e perpetuidade\u201d, para que seja poss\u00edvel construir cen\u00e1rios com \u00e1gua de boa qualidade, para todos e para sempre.\n<\/p><\/div>\n","protected":false},"excerpt":{"rendered":"<p>Planeta \u00e1gua morrendo de sede : uma vis\u00e3o anal\u00edtica na metodologia do uso e abuso dos recursos h\u00eddricos C\u00e9lia Jurema Aito Victorino PORTO ALEGRE 2007 Considerando ser a \u00e1gua, nosso precioso recurso natural respons\u00e1vel pela origem da vida e sua &hellip; <a href=\"http:\/\/nossacasa.net\/nossosriachos\/agroecologia\/planeta-agua-morrendo-de-sede\/\">Continue lendo <span class=\"meta-nav\">&rarr;<\/span><\/a><\/p>\n","protected":false},"author":1,"featured_media":158,"parent":0,"menu_order":0,"comment_status":"closed","ping_status":"closed","template":"","meta":{"footnotes":""},"class_list":["post-157","page","type-page","status-publish","has-post-thumbnail","hentry"],"_links":{"self":[{"href":"http:\/\/nossacasa.net\/nossosriachos\/agroecologia\/wp-json\/wp\/v2\/pages\/157","targetHints":{"allow":["GET"]}}],"collection":[{"href":"http:\/\/nossacasa.net\/nossosriachos\/agroecologia\/wp-json\/wp\/v2\/pages"}],"about":[{"href":"http:\/\/nossacasa.net\/nossosriachos\/agroecologia\/wp-json\/wp\/v2\/types\/page"}],"author":[{"embeddable":true,"href":"http:\/\/nossacasa.net\/nossosriachos\/agroecologia\/wp-json\/wp\/v2\/users\/1"}],"replies":[{"embeddable":true,"href":"http:\/\/nossacasa.net\/nossosriachos\/agroecologia\/wp-json\/wp\/v2\/comments?post=157"}],"version-history":[{"count":1,"href":"http:\/\/nossacasa.net\/nossosriachos\/agroecologia\/wp-json\/wp\/v2\/pages\/157\/revisions"}],"predecessor-version":[{"id":159,"href":"http:\/\/nossacasa.net\/nossosriachos\/agroecologia\/wp-json\/wp\/v2\/pages\/157\/revisions\/159"}],"wp:featuredmedia":[{"embeddable":true,"href":"http:\/\/nossacasa.net\/nossosriachos\/agroecologia\/wp-json\/wp\/v2\/media\/158"}],"wp:attachment":[{"href":"http:\/\/nossacasa.net\/nossosriachos\/agroecologia\/wp-json\/wp\/v2\/media?parent=157"}],"curies":[{"name":"wp","href":"https:\/\/api.w.org\/{rel}","templated":true}]}}