{"id":160,"date":"2018-03-22T13:16:19","date_gmt":"2018-03-22T16:16:19","guid":{"rendered":"http:\/\/nossacasa.net\/nossosriachos\/agroecologia\/?page_id=160"},"modified":"2018-03-22T13:28:07","modified_gmt":"2018-03-22T16:28:07","slug":"saberes-e-fazeres-1","status":"publish","type":"page","link":"http:\/\/nossacasa.net\/nossosriachos\/agroecologia\/saberes-e-fazeres-1\/","title":{"rendered":"Saberes e Fazeres &#8211; 1"},"content":{"rendered":"<div style=\"text-align:justify\">\n<div style=\"text-align:center\">\n<p><a href=\"www.nossacasa.net\/pdf\/Livros\/Saberes%20e%20fazeres%20da%20Mata%20Atlantica%20Nordeste_volume%20i.pdf\" rel=\"noopener\" target=\"_blank\"><strong>Saberes e Fazeres da Mata Atl\u00e2ntica do Nordeste: li\u00e7\u00f5es para uma gest\u00e3o participativa<\/strong><\/a><\/p>\n<p><a href=\"http:\/\/www.nossacasa.net\/pdf\/Livros\/Saberes%20e%20fazeres%20da%20Mata%20Atlantica%20Nordeste_volume%20i.pdf\" rel=\"noopener\" target=\"_blank\"><img loading=\"lazy\" decoding=\"async\" src=\"http:\/\/nossacasa.net\/nossosriachos\/agroecologia\/wp-content\/uploads\/sites\/9\/2018\/03\/Saberes-e-fazeres-da-Mata-A.jpg\" alt=\"\" width=\"496\" height=\"694\" class=\"aligncenter size-full wp-image-161\" srcset=\"http:\/\/nossacasa.net\/nossosriachos\/agroecologia\/wp-content\/uploads\/sites\/9\/2018\/03\/Saberes-e-fazeres-da-Mata-A.jpg 496w, http:\/\/nossacasa.net\/nossosriachos\/agroecologia\/wp-content\/uploads\/sites\/9\/2018\/03\/Saberes-e-fazeres-da-Mata-A-214x300.jpg 214w\" sizes=\"auto, (max-width: 496px) 100vw, 496px\" \/><\/a><\/p>\n<p>Organiza\u00e7\u00e3o<br \/>\nCarla J. H. Coelho<br \/>\nMaria das Dores de V. C. Melo<\/p>\n<p>Autores<br \/>\nAdriana Paese, Bruno Paes Castelo Branco, Carla J. H. Coelho, Cec\u00edlia Patr\u00edcia Alves Costa, Liza Rolim Baggio, Marcelo Luiz Pelizzoli, Maria das Dores de V. C. Melo, Michele de S\u00e1 Dechoum, Ros\u00e1lia Lara de Moura Dors, Severino Rodrigo Ribeiro Pinto e Thomas Enlazador<\/p>\n<\/div>\n<p>\nA AMANE acredita que uma gest\u00e3o participativa \u00e9 o \u00fanico meio para a efetiva prote\u00e7\u00e3o da Mata Atl\u00e2ntica.<\/p>\n<p>Foi imbu\u00edda dessa convic\u00e7\u00e3o que aceitamos esse desafio de organizar e colocar em pr\u00e1tica um processo de articula\u00e7\u00e3o, mobiliza\u00e7\u00e3o, sensibiliza\u00e7\u00e3o e constru\u00e7\u00e3o de novos conhecimentos com o objetivo de promover uma gest\u00e3o compartilhada e participativa da Mata Atl\u00e2ntica, atrav\u00e9s do Projeto de Capacita\u00e7\u00e3o em Gest\u00e3o Participativa de Unidades de Conserva\u00e7\u00e3o na Mata Atl\u00e2ntica do Nordeste apoiado pelo Subprograma Projetos Demonstrativos (PDA), vinculado ao Minist\u00e9rio do Meio Ambiente.<\/p>\n<p>A presente publica\u00e7\u00e3o, fruto do processo de sistematiza\u00e7\u00e3o da trajet\u00f3ria vivenciada durante o per\u00edodo que foi desenvolvido o projeto, pretende apresentar esse percurso desde as primeiras reflex\u00f5es e sentimentos, quando da prepara\u00e7\u00e3o da equipe t\u00e9cnica e docente da AMANE, passando pela estrutura organizacional e epistemol\u00f3gica dos cursos, a metodologia utilizada e as experi\u00eancias vivenciadas com os mais diversos gestores participantes.<\/p>\n<p><em>Saberes e fazeres da Mata Atl\u00e2ntica do Nordeste: li\u00e7\u00f5es para uma gest\u00e3o participativa \/ Carla Jeane Helfemsteller Coelho, Maria das Dores de Vasconcelos Cavalcanti Melo , organizadoras ; [autores] Adriana Paese&#8230; [et al.].<br \/>\nRecife : [Associa\u00e7\u00e3o para Prote\u00e7\u00e3o da Mata Atl\u00e2ntica do Nordeste \u2013 AMANE] , 2010. 204 p. : il. ; 25 cm<\/em>\n<\/div>\n","protected":false},"excerpt":{"rendered":"<p>Saberes e Fazeres da Mata Atl\u00e2ntica do Nordeste: li\u00e7\u00f5es para uma gest\u00e3o participativa Organiza\u00e7\u00e3o Carla J. H. Coelho Maria das Dores de V. C. Melo Autores Adriana Paese, Bruno Paes Castelo Branco, Carla J. H. Coelho, Cec\u00edlia Patr\u00edcia Alves Costa, &hellip; <a href=\"http:\/\/nossacasa.net\/nossosriachos\/agroecologia\/saberes-e-fazeres-1\/\">Continue lendo <span class=\"meta-nav\">&rarr;<\/span><\/a><\/p>\n","protected":false},"author":1,"featured_media":161,"parent":0,"menu_order":0,"comment_status":"closed","ping_status":"closed","template":"","meta":{"footnotes":""},"class_list":["post-160","page","type-page","status-publish","has-post-thumbnail","hentry"],"_links":{"self":[{"href":"http:\/\/nossacasa.net\/nossosriachos\/agroecologia\/wp-json\/wp\/v2\/pages\/160","targetHints":{"allow":["GET"]}}],"collection":[{"href":"http:\/\/nossacasa.net\/nossosriachos\/agroecologia\/wp-json\/wp\/v2\/pages"}],"about":[{"href":"http:\/\/nossacasa.net\/nossosriachos\/agroecologia\/wp-json\/wp\/v2\/types\/page"}],"author":[{"embeddable":true,"href":"http:\/\/nossacasa.net\/nossosriachos\/agroecologia\/wp-json\/wp\/v2\/users\/1"}],"replies":[{"embeddable":true,"href":"http:\/\/nossacasa.net\/nossosriachos\/agroecologia\/wp-json\/wp\/v2\/comments?post=160"}],"version-history":[{"count":2,"href":"http:\/\/nossacasa.net\/nossosriachos\/agroecologia\/wp-json\/wp\/v2\/pages\/160\/revisions"}],"predecessor-version":[{"id":166,"href":"http:\/\/nossacasa.net\/nossosriachos\/agroecologia\/wp-json\/wp\/v2\/pages\/160\/revisions\/166"}],"wp:featuredmedia":[{"embeddable":true,"href":"http:\/\/nossacasa.net\/nossosriachos\/agroecologia\/wp-json\/wp\/v2\/media\/161"}],"wp:attachment":[{"href":"http:\/\/nossacasa.net\/nossosriachos\/agroecologia\/wp-json\/wp\/v2\/media?parent=160"}],"curies":[{"name":"wp","href":"https:\/\/api.w.org\/{rel}","templated":true}]}}