{"id":163,"date":"2018-03-22T13:22:30","date_gmt":"2018-03-22T16:22:30","guid":{"rendered":"http:\/\/nossacasa.net\/nossosriachos\/agroecologia\/?page_id=163"},"modified":"2018-03-22T13:22:30","modified_gmt":"2018-03-22T16:22:30","slug":"saberes-e-fazeres-2","status":"publish","type":"page","link":"http:\/\/nossacasa.net\/nossosriachos\/agroecologia\/saberes-e-fazeres-2\/","title":{"rendered":"Saberes e Fazeres &#8211; 2"},"content":{"rendered":"<div style=\"text-align:justify\">\n<div style=\"text-align:center\">\n<p><a href=\"www.nossacasa.net\/pdf\/Livros\/Saberes%20e%20fazeres%20da%20Mata%20Atlantica%20Nordeste_volume%20ii.pdff\" rel=\"noopener\" target=\"_blank\"><strong>Saberes e fazeres da Mata Atl\u00e2ntica do Nordeste: tecendo uma rede de gestores<\/strong><\/a><\/p>\n<p><a href=\"http:\/\/www.nossacasa.net\/pdf\/Livros\/Saberes%20e%20fazeres%20da%20Mata%20Atlantica%20Nordeste_volume%20ii.pdf\" rel=\"noopener\" target=\"_blank\"><img loading=\"lazy\" decoding=\"async\" src=\"http:\/\/nossacasa.net\/nossosriachos\/agroecologia\/wp-content\/uploads\/sites\/9\/2018\/03\/Saberes-e-fazeres_volume-ii.jpg\" alt=\"\" width=\"496\" height=\"694\" class=\"aligncenter size-full wp-image-164\" srcset=\"http:\/\/nossacasa.net\/nossosriachos\/agroecologia\/wp-content\/uploads\/sites\/9\/2018\/03\/Saberes-e-fazeres_volume-ii.jpg 496w, http:\/\/nossacasa.net\/nossosriachos\/agroecologia\/wp-content\/uploads\/sites\/9\/2018\/03\/Saberes-e-fazeres_volume-ii-214x300.jpg 214w\" sizes=\"auto, (max-width: 496px) 100vw, 496px\" \/><\/a><\/p>\n<p>Organiza\u00e7\u00e3o<br \/>\nCarla J. H. Coelho<br \/>\nMaria das Dores de V. C. Melo<\/p>\n<p>Autores<br \/>\nBruno Paes Castelo Branco, Carla Jeane Helfemsteller Coelho, Claudia Vital, Let\u00edcia Almeida de Paula, Liza Rolim Baggio, Maria das Dores de Vasconcelos Cavalcanti Melo e Ravi Rocha<\/p>\n<\/div>\n<p>\nEste \u00e9 o segundo volume da s\u00e9rie Saberes e Fazeres da Mata Atl\u00e2ntica do Nordeste. Nesta publica\u00e7\u00e3o, ser\u00e3o apresentadas experi\u00eancias, ferramentas, metodologias e resultados do Projeto Rede de Gestores de Unidades de Conserva\u00e7\u00e3o (UC) do Centro de Endemismo Pernambuco (CEP) implementado entre 2009 e 2012, que contou com o apoio do Subprograma Projetos Demonstrativos (PDA) do Minist\u00e9rio<br \/>\ndo Meio Ambiente (MMA).<\/p>\n<p>Esperamos que esta publica\u00e7\u00e3o sirva de inspira\u00e7\u00e3o para outros grupos se agregarem em prol da prote\u00e7\u00e3o da Mata Atl\u00e2ntica e possam replicar as experi\u00eancias bem-sucedidas em outras localidades. Ela constitui a linha de base para a Rede de Gestores de UCs do Nordeste, que deve seguir conectando e implementando a\u00e7\u00f5es articuladas.<\/p>\n<p><em>Saberes e fazeres da Mata Atl\u00e2ntica do Nordeste: tecendo uma rede de gestores \/ Bruno Paes Castelo<br \/>\nBranco, Maria das Dores de Vasconcelos Cavalcanti Melo, organizadores ; [autores] Bruno Paes Castelo<br \/>\nBranco&#8230; [et al.] Recife : [Associa\u00e7\u00e3o para Prote\u00e7\u00e3o da Mata Atl\u00e2ntica do Nordeste \u2013 AMANE] , 2012.<br \/>\n166 p. : il.<\/em>\n<\/div>\n","protected":false},"excerpt":{"rendered":"<p>Saberes e fazeres da Mata Atl\u00e2ntica do Nordeste: tecendo uma rede de gestores Organiza\u00e7\u00e3o Carla J. H. Coelho Maria das Dores de V. C. Melo Autores Bruno Paes Castelo Branco, Carla Jeane Helfemsteller Coelho, Claudia Vital, Let\u00edcia Almeida de Paula, &hellip; <a href=\"http:\/\/nossacasa.net\/nossosriachos\/agroecologia\/saberes-e-fazeres-2\/\">Continue lendo <span class=\"meta-nav\">&rarr;<\/span><\/a><\/p>\n","protected":false},"author":1,"featured_media":164,"parent":0,"menu_order":0,"comment_status":"closed","ping_status":"closed","template":"","meta":{"footnotes":""},"class_list":["post-163","page","type-page","status-publish","has-post-thumbnail","hentry"],"_links":{"self":[{"href":"http:\/\/nossacasa.net\/nossosriachos\/agroecologia\/wp-json\/wp\/v2\/pages\/163","targetHints":{"allow":["GET"]}}],"collection":[{"href":"http:\/\/nossacasa.net\/nossosriachos\/agroecologia\/wp-json\/wp\/v2\/pages"}],"about":[{"href":"http:\/\/nossacasa.net\/nossosriachos\/agroecologia\/wp-json\/wp\/v2\/types\/page"}],"author":[{"embeddable":true,"href":"http:\/\/nossacasa.net\/nossosriachos\/agroecologia\/wp-json\/wp\/v2\/users\/1"}],"replies":[{"embeddable":true,"href":"http:\/\/nossacasa.net\/nossosriachos\/agroecologia\/wp-json\/wp\/v2\/comments?post=163"}],"version-history":[{"count":1,"href":"http:\/\/nossacasa.net\/nossosriachos\/agroecologia\/wp-json\/wp\/v2\/pages\/163\/revisions"}],"predecessor-version":[{"id":165,"href":"http:\/\/nossacasa.net\/nossosriachos\/agroecologia\/wp-json\/wp\/v2\/pages\/163\/revisions\/165"}],"wp:featuredmedia":[{"embeddable":true,"href":"http:\/\/nossacasa.net\/nossosriachos\/agroecologia\/wp-json\/wp\/v2\/media\/164"}],"wp:attachment":[{"href":"http:\/\/nossacasa.net\/nossosriachos\/agroecologia\/wp-json\/wp\/v2\/media?parent=163"}],"curies":[{"name":"wp","href":"https:\/\/api.w.org\/{rel}","templated":true}]}}