{"id":167,"date":"2018-03-22T13:31:36","date_gmt":"2018-03-22T16:31:36","guid":{"rendered":"http:\/\/nossacasa.net\/nossosriachos\/agroecologia\/?page_id=167"},"modified":"2018-03-22T13:31:36","modified_gmt":"2018-03-22T16:31:36","slug":"sistemas-agroflorestais-em-espacos-protegidos","status":"publish","type":"page","link":"http:\/\/nossacasa.net\/nossosriachos\/agroecologia\/sistemas-agroflorestais-em-espacos-protegidos\/","title":{"rendered":"Sistemas agroflorestais em espa\u00e7os protegidos"},"content":{"rendered":"<div style=\"text-align:justify\">\n<div style=\"text-align:center\">\n<p><a href=\"www.nossacasa.net\/pdf\/Livros\/Sistemas%20Agroflorestais%20nos%20espa%C3%A7os%20protegidos.pdf\" rel=\"noopener\" target=\"_blank\"><strong>Sistemas agroflorestais em espa\u00e7os protegidos<\/strong><\/a><\/p>\n<p><a href=\"http:\/\/www.nossacasa.net\/pdf\/Livros\/Sistemas%20Agroflorestais%20nos%20espa%C3%A7os%20protegidos.pdf\" rel=\"noopener\" target=\"_blank\"><img loading=\"lazy\" decoding=\"async\" src=\"http:\/\/nossacasa.net\/nossosriachos\/agroecologia\/wp-content\/uploads\/sites\/9\/2018\/03\/Sistemas-Agroflorestais-nos.jpg\" alt=\"\" width=\"595\" height=\"842\" class=\"aligncenter size-full wp-image-169\" srcset=\"http:\/\/nossacasa.net\/nossosriachos\/agroecologia\/wp-content\/uploads\/sites\/9\/2018\/03\/Sistemas-Agroflorestais-nos.jpg 595w, http:\/\/nossacasa.net\/nossosriachos\/agroecologia\/wp-content\/uploads\/sites\/9\/2018\/03\/Sistemas-Agroflorestais-nos-212x300.jpg 212w\" sizes=\"auto, (max-width: 595px) 100vw, 595px\" \/><\/a><\/p>\n<p>Patr\u00edcia Yamamoto Costa Caldeira, Rafael Barreiro Chaves<\/p>\n<\/div>\n<p>\nEsta publica\u00e7\u00e3o visa orientar o agricultor sobre os casos espec\u00edficos em que os SAFs podem ser utilizados em locais que o Poder P\u00fablico determinou como \u201cespa\u00e7os especialmente protegidos\u201d, com a inten\u00e7\u00e3o de conservar o meio ambiente e assegurar o uso sustent\u00e1vel dos recursos naturais. Nas suas p\u00e1ginas, o agricultor poder\u00e1, por meio de ilustra\u00e7\u00f5es e textos curtos:<br \/>\n\u2022 compreender como certos espa\u00e7os est\u00e3o protegidos pelas leis ambientais;<br \/>\n\u2022 aprender a identificar esses espa\u00e7os em sua propriedade rural;<br \/>\n\u2022 entender em quais desses casos poder\u00e1 cultivar sua agrofloresta.<\/p>\n<p><em>Caldeira, Patr\u00edcia Yamamoto Costa. Sistemas agroflorestais em espa\u00e7os protegidos [recurso eletr\u00f4nico] \/ Patr\u00edcia Yamamoto Costa Caldeira, Rafael Barreiro Chaves ; Secretaria de Estado do Meio Ambiente, Coordenadoria de Biodiversidade e Recursos Naturais. &#8211; &#8211; 1.ed atualizada. 2\u00aa reimpr &#8212; S\u00e3o Paulo : SMA, 2011. 36 p. : il. color. ; 21 x 30 cm. Dispon\u00edvel em: <http:\/\/www.ambiente.sp.gov.br> ISBN 978-85-86624-76-6<\/em>\n<\/div>\n","protected":false},"excerpt":{"rendered":"<p>Sistemas agroflorestais em espa\u00e7os protegidos Patr\u00edcia Yamamoto Costa Caldeira, Rafael Barreiro Chaves Esta publica\u00e7\u00e3o visa orientar o agricultor sobre os casos espec\u00edficos em que os SAFs podem ser utilizados em locais que o Poder P\u00fablico determinou como \u201cespa\u00e7os especialmente protegidos\u201d, &hellip; <a href=\"http:\/\/nossacasa.net\/nossosriachos\/agroecologia\/sistemas-agroflorestais-em-espacos-protegidos\/\">Continue lendo <span class=\"meta-nav\">&rarr;<\/span><\/a><\/p>\n","protected":false},"author":1,"featured_media":169,"parent":0,"menu_order":0,"comment_status":"closed","ping_status":"closed","template":"","meta":{"footnotes":""},"class_list":["post-167","page","type-page","status-publish","has-post-thumbnail","hentry"],"_links":{"self":[{"href":"http:\/\/nossacasa.net\/nossosriachos\/agroecologia\/wp-json\/wp\/v2\/pages\/167","targetHints":{"allow":["GET"]}}],"collection":[{"href":"http:\/\/nossacasa.net\/nossosriachos\/agroecologia\/wp-json\/wp\/v2\/pages"}],"about":[{"href":"http:\/\/nossacasa.net\/nossosriachos\/agroecologia\/wp-json\/wp\/v2\/types\/page"}],"author":[{"embeddable":true,"href":"http:\/\/nossacasa.net\/nossosriachos\/agroecologia\/wp-json\/wp\/v2\/users\/1"}],"replies":[{"embeddable":true,"href":"http:\/\/nossacasa.net\/nossosriachos\/agroecologia\/wp-json\/wp\/v2\/comments?post=167"}],"version-history":[{"count":1,"href":"http:\/\/nossacasa.net\/nossosriachos\/agroecologia\/wp-json\/wp\/v2\/pages\/167\/revisions"}],"predecessor-version":[{"id":170,"href":"http:\/\/nossacasa.net\/nossosriachos\/agroecologia\/wp-json\/wp\/v2\/pages\/167\/revisions\/170"}],"wp:featuredmedia":[{"embeddable":true,"href":"http:\/\/nossacasa.net\/nossosriachos\/agroecologia\/wp-json\/wp\/v2\/media\/169"}],"wp:attachment":[{"href":"http:\/\/nossacasa.net\/nossosriachos\/agroecologia\/wp-json\/wp\/v2\/media?parent=167"}],"curies":[{"name":"wp","href":"https:\/\/api.w.org\/{rel}","templated":true}]}}