{"id":171,"date":"2018-03-22T13:39:13","date_gmt":"2018-03-22T16:39:13","guid":{"rendered":"http:\/\/nossacasa.net\/nossosriachos\/agroecologia\/?page_id=171"},"modified":"2018-03-22T13:39:13","modified_gmt":"2018-03-22T16:39:13","slug":"sistemas-agroflorestais-2","status":"publish","type":"page","link":"http:\/\/nossacasa.net\/nossosriachos\/agroecologia\/sistemas-agroflorestais-2\/","title":{"rendered":"Sistemas Agroflorestais"},"content":{"rendered":"<div style=\"text-align:justify\">\n<div style=\"text-align:center\">\n<p><a href=\"www.nossacasa.net\/pdf\/Livros\/Sistemas%20Agroflorestais.pdf\" rel=\"noopener\" target=\"_blank\"><strong>Cadernos da Disciplina Sistemas Agroflorestais<\/strong><\/a><\/p>\n<p><a href=\"http:\/\/www.nossacasa.net\/pdf\/Livros\/Sistemas%20Agroflorestais.pdf\" rel=\"noopener\" target=\"_blank\"><img loading=\"lazy\" decoding=\"async\" src=\"http:\/\/nossacasa.net\/nossosriachos\/agroecologia\/wp-content\/uploads\/sites\/9\/2018\/03\/Sistemas-Agroflorestais_liv.jpg\" alt=\"\" width=\"420\" height=\"595\" class=\"aligncenter size-full wp-image-173\" srcset=\"http:\/\/nossacasa.net\/nossosriachos\/agroecologia\/wp-content\/uploads\/sites\/9\/2018\/03\/Sistemas-Agroflorestais_liv.jpg 420w, http:\/\/nossacasa.net\/nossosriachos\/agroecologia\/wp-content\/uploads\/sites\/9\/2018\/03\/Sistemas-Agroflorestais_liv-212x300.jpg 212w\" sizes=\"auto, (max-width: 420px) 100vw, 420px\" \/><\/a><\/p>\n<p>Prof. Dr. Ciro Abbud Righi<br \/>\nProf. Dr. Marcos Silveira Bernardes<br \/>\nEditores<\/p>\n<p>Escola Superior de Agricultura \u201cLuiz de Queiroz\u201d<br \/>\nUniversidade de S\u00e3o Paulo\n<\/p><\/div>\n<p>\nDesde o in\u00edcio do lecionamento da disciplina Sistemas Agroflorestais, LCF-5882 no programa de p\u00f3s-gradua\u00e7\u00e3o do Departamento de Ci\u00eancias Florestais da E.S.A. \u201cLuiz de Queiroz\u201d, h\u00e1 tr\u00eas anos, foi pensada a falta de literatura t\u00e9cnica-cient\u00edfica dispon\u00edvel na l\u00edngua portuguesa. Por proposta do Prof. Dr. Marcos Silveira Bernardes, tamb\u00e9m respons\u00e1vel pela disciplina, foi resgatada a ideia de transformarmos em um livro os trabalhos de pesquisas bibliogr\u00e1ficas realizados pelos estudantes. O Prof. Marcos \u00e9 um dos pioneiros na pesquisa cient\u00edfica sobre os sistemas agroflorestais nessa Escola e certamente um entusiasta da agricultura. Esse livro \u00e9 assim fruto dos esfor\u00e7os dos alunos interessados em aprimorar seus conhecimentos sobre diferentes sistemas de produ\u00e7\u00e3o trazendo para a modernidade modos seculares de agricultura. Esperamos que os textos com as an\u00e1lises cr\u00edticas de cada autor sejam \u00fateis ao leitor interessado na sua forma\u00e7\u00e3o pessoal e profissional bem como \u00e0queles que buscam ampliar seus conhecimentos te\u00f3ricos e sua aplica\u00e7\u00e3o pr\u00e1tica. Gostaria de externar minha gratid\u00e3o \u00e0 minha esposa, Alessandra de Oliveira, pelas corre\u00e7\u00f5es e sugest\u00f5es realizadas. Certamente, seu nervosismo tornou essa obra fact\u00edvel. Tamb\u00e9m gostaria de expressar meu reconhecimento aos alunos que suportaram o car\u00e1ter experimental dessa disciplina nos primeiros anos. Estou certo que seus criticismos em muito melhoraram a condu\u00e7\u00e3o e o conte\u00fado da mat\u00e9ria.<br \/>\nPiracicaba, 29 de agosto de 2014.<br \/>\nCiro Abbud Righi<br \/>\nProf. Dr.\n<\/div>\n","protected":false},"excerpt":{"rendered":"<p>Cadernos da Disciplina Sistemas Agroflorestais Prof. Dr. Ciro Abbud Righi Prof. Dr. Marcos Silveira Bernardes Editores Escola Superior de Agricultura \u201cLuiz de Queiroz\u201d Universidade de S\u00e3o Paulo Desde o in\u00edcio do lecionamento da disciplina Sistemas Agroflorestais, LCF-5882 no programa de &hellip; <a href=\"http:\/\/nossacasa.net\/nossosriachos\/agroecologia\/sistemas-agroflorestais-2\/\">Continue lendo <span class=\"meta-nav\">&rarr;<\/span><\/a><\/p>\n","protected":false},"author":1,"featured_media":173,"parent":0,"menu_order":0,"comment_status":"closed","ping_status":"closed","template":"","meta":{"footnotes":""},"class_list":["post-171","page","type-page","status-publish","has-post-thumbnail","hentry"],"_links":{"self":[{"href":"http:\/\/nossacasa.net\/nossosriachos\/agroecologia\/wp-json\/wp\/v2\/pages\/171","targetHints":{"allow":["GET"]}}],"collection":[{"href":"http:\/\/nossacasa.net\/nossosriachos\/agroecologia\/wp-json\/wp\/v2\/pages"}],"about":[{"href":"http:\/\/nossacasa.net\/nossosriachos\/agroecologia\/wp-json\/wp\/v2\/types\/page"}],"author":[{"embeddable":true,"href":"http:\/\/nossacasa.net\/nossosriachos\/agroecologia\/wp-json\/wp\/v2\/users\/1"}],"replies":[{"embeddable":true,"href":"http:\/\/nossacasa.net\/nossosriachos\/agroecologia\/wp-json\/wp\/v2\/comments?post=171"}],"version-history":[{"count":1,"href":"http:\/\/nossacasa.net\/nossosriachos\/agroecologia\/wp-json\/wp\/v2\/pages\/171\/revisions"}],"predecessor-version":[{"id":174,"href":"http:\/\/nossacasa.net\/nossosriachos\/agroecologia\/wp-json\/wp\/v2\/pages\/171\/revisions\/174"}],"wp:featuredmedia":[{"embeddable":true,"href":"http:\/\/nossacasa.net\/nossosriachos\/agroecologia\/wp-json\/wp\/v2\/media\/173"}],"wp:attachment":[{"href":"http:\/\/nossacasa.net\/nossosriachos\/agroecologia\/wp-json\/wp\/v2\/media?parent=171"}],"curies":[{"name":"wp","href":"https:\/\/api.w.org\/{rel}","templated":true}]}}