{"id":205,"date":"2018-03-23T09:36:31","date_gmt":"2018-03-23T12:36:31","guid":{"rendered":"http:\/\/nossacasa.net\/nossosriachos\/agroecologia\/?page_id=205"},"modified":"2018-03-23T09:36:31","modified_gmt":"2018-03-23T12:36:31","slug":"la-dimension-ecologica-del-buen-vivir","status":"publish","type":"page","link":"http:\/\/nossacasa.net\/nossosriachos\/agroecologia\/la-dimension-ecologica-del-buen-vivir\/","title":{"rendered":"La dimensi\u00f3n ecol\u00f3gica del buen vivir"},"content":{"rendered":"<div style=\"text-align:justify\">\n<strong>La dimensi\u00f3n ecol\u00f3gica del buen vivir: entre el fantasma de la modernidad y el desaf\u00edo bioc\u00e9ntrico<\/strong><br \/>\n<img loading=\"lazy\" decoding=\"async\" src=\"http:\/\/nossacasa.net\/nossosriachos\/agroecologia\/wp-content\/uploads\/sites\/9\/2018\/03\/dimensi\u00f3n-ecol\u00f3gica-del-buen-vivir.jpg\" alt=\"\" width=\"642\" height=\"480\" class=\"aligncenter size-full wp-image-206\" srcset=\"http:\/\/nossacasa.net\/nossosriachos\/agroecologia\/wp-content\/uploads\/sites\/9\/2018\/03\/dimensi\u00f3n-ecol\u00f3gica-del-buen-vivir.jpg 642w, http:\/\/nossacasa.net\/nossosriachos\/agroecologia\/wp-content\/uploads\/sites\/9\/2018\/03\/dimensi\u00f3n-ecol\u00f3gica-del-buen-vivir-300x224.jpg 300w, http:\/\/nossacasa.net\/nossosriachos\/agroecologia\/wp-content\/uploads\/sites\/9\/2018\/03\/dimensi\u00f3n-ecol\u00f3gica-del-buen-vivir-401x300.jpg 401w\" sizes=\"auto, (max-width: 642px) 100vw, 642px\" \/><\/p>\n<div style=\"text-align:center\">\n<strong>A dimens\u00e3o ecol\u00f3gica do Bem Viver: entre o fantasma da modernidade e o desfio bioc\u00eantrico.\n<\/div>\n<div style=\"text-align:right\">\nPor Eduardo Gudynas<\/strong>\n<\/div>\n<p>As tens\u00f5es geradas quando conceito de \u201cbem viver\u201d aborda a dimens\u00e3o ambiental s\u00e3o claras quando comparando as novas Constitui\u00e7\u00f5es da Bol\u00edvia e Equador. Enquanto Equador reconhece os direitos da natureza, e aponta para uma posi\u00e7\u00e3o bioc\u00eantrica, a posi\u00e7\u00e3o da Bol\u00edvia insiste que um Estado deve industrializar recursos naturais. Isto expressa a persist\u00eancia dos aspectos pr\u00f3prios da modernidade, com um antropocentrismo baseado no dualismo Natureza-Sociedade. O \u201cBem Viver\u201d necessariamente deve incorporar uma dimens\u00e3o ambiental, que a partir do biocentrismo, permita superar o legado moderno, e viajar para outros desenvolvimentos, com uma outra rela\u00e7\u00e3o com a natureza, certamente mais austeras, mas mais equitativas<\/p>\n<div class=\"ead-preview\"><div class=\"ead-document\" style=\"position: relative;padding-top: 90%;\"><div class=\"ead-iframe-wrapper\"><iframe src=\"\/\/docs.google.com\/viewer?url=http%3A%2F%2Fnossacasa.net%2Fnossosriachos%2Fagroecologia%2Fwp-content%2Fuploads%2Fsites%2F9%2F2018%2F03%2F2009_Gudynas-Buen-Vivir-Biocentrismo.pdf&amp;embedded=true&amp;hl=en\" title=\"Embedded Document\" class=\"ead-iframe\" style=\"width: 100%;height: 100%;border: none;position: absolute;left: 0;top: 0;visibility: hidden;\"><\/iframe><\/div>\t\t\t<div class=\"ead-document-loading\" style=\"width:100%;height:100%;position:absolute;left:0;top:0;z-index:10;\">\n\t\t\t\t<div class=\"ead-loading-wrap\">\n\t\t\t\t\t<div class=\"ead-loading-main\">\n\t\t\t\t\t\t<div class=\"ead-loading\">\n\t\t\t\t\t\t\t<img loading=\"lazy\" decoding=\"async\" src=\"http:\/\/nossacasa.net\/nossosriachos\/agroecologia\/wp-content\/plugins\/embed-any-document\/images\/loading.svg\" width=\"55\" height=\"55\" alt=\"Loader\">\n\t\t\t\t\t\t\t<span>Loading...<\/span>\n\t\t\t\t\t\t<\/div>\n\t\t\t\t\t<\/div>\n\t\t\t\t\t<div class=\"ead-loading-foot\">\n\t\t\t\t\t\t<div class=\"ead-loading-foot-title\">\n\t\t\t\t\t\t\t<img loading=\"lazy\" decoding=\"async\" src=\"http:\/\/nossacasa.net\/nossosriachos\/agroecologia\/wp-content\/plugins\/embed-any-document\/images\/EAD-logo.svg\" alt=\"EAD Logo\" width=\"36\" height=\"23\"\/>\n\t\t\t\t\t\t\t<span>Taking too long?<\/span>\n\t\t\t\t\t\t<\/div>\n\t\t\t\t\t\t<p>\n\t\t\t\t\t\t\t<div class=\"ead-document-btn ead-reload-btn\" role=\"button\">\n\t\t\t\t\t\t\t\t<img loading=\"lazy\" decoding=\"async\" src=\"http:\/\/nossacasa.net\/nossosriachos\/agroecologia\/wp-content\/plugins\/embed-any-document\/images\/reload.svg\" alt=\"Reload\" width=\"12\" height=\"12\"\/> Reload document\t\t\t\t\t\t\t<\/div>\n\t\t\t\t\t\t\t<span>|<\/span>\n\t\t\t\t\t\t\t<a href=\"http:\/\/nossacasa.net\/nossosriachos\/agroecologia\/wp-content\/uploads\/sites\/9\/2018\/03\/2009_Gudynas-Buen-Vivir-Biocentrismo.pdf\" class=\"ead-document-btn\" target=\"_blank\">\n\t\t\t\t\t\t\t\t<img loading=\"lazy\" decoding=\"async\" src=\"http:\/\/nossacasa.net\/nossosriachos\/agroecologia\/wp-content\/plugins\/embed-any-document\/images\/open.svg\" alt=\"Open\" width=\"12\" height=\"12\"\/> Open in new tab\t\t\t\t\t\t\t<\/a>\n\t\t\t\t\t<\/div>\n\t\t\t\t<\/div>\n\t\t\t<\/div>\n\t\t<\/div><p class=\"embed_download\"><a href=\"http:\/\/nossacasa.net\/nossosriachos\/agroecologia\/wp-content\/uploads\/sites\/9\/2018\/03\/2009_Gudynas-Buen-Vivir-Biocentrismo.pdf\" download>Download [29.77 KB] <\/a><\/p><\/div><\/div>\n","protected":false},"excerpt":{"rendered":"<p>La dimensi\u00f3n ecol\u00f3gica del buen vivir: entre el fantasma de la modernidad y el desaf\u00edo bioc\u00e9ntrico A dimens\u00e3o ecol\u00f3gica do Bem Viver: entre o fantasma da modernidade e o desfio bioc\u00eantrico. Por Eduardo Gudynas As tens\u00f5es geradas quando conceito de &hellip; <a href=\"http:\/\/nossacasa.net\/nossosriachos\/agroecologia\/la-dimension-ecologica-del-buen-vivir\/\">Continue lendo <span class=\"meta-nav\">&rarr;<\/span><\/a><\/p>\n","protected":false},"author":1,"featured_media":206,"parent":0,"menu_order":0,"comment_status":"closed","ping_status":"closed","template":"","meta":{"footnotes":""},"class_list":["post-205","page","type-page","status-publish","has-post-thumbnail","hentry"],"_links":{"self":[{"href":"http:\/\/nossacasa.net\/nossosriachos\/agroecologia\/wp-json\/wp\/v2\/pages\/205","targetHints":{"allow":["GET"]}}],"collection":[{"href":"http:\/\/nossacasa.net\/nossosriachos\/agroecologia\/wp-json\/wp\/v2\/pages"}],"about":[{"href":"http:\/\/nossacasa.net\/nossosriachos\/agroecologia\/wp-json\/wp\/v2\/types\/page"}],"author":[{"embeddable":true,"href":"http:\/\/nossacasa.net\/nossosriachos\/agroecologia\/wp-json\/wp\/v2\/users\/1"}],"replies":[{"embeddable":true,"href":"http:\/\/nossacasa.net\/nossosriachos\/agroecologia\/wp-json\/wp\/v2\/comments?post=205"}],"version-history":[{"count":2,"href":"http:\/\/nossacasa.net\/nossosriachos\/agroecologia\/wp-json\/wp\/v2\/pages\/205\/revisions"}],"predecessor-version":[{"id":209,"href":"http:\/\/nossacasa.net\/nossosriachos\/agroecologia\/wp-json\/wp\/v2\/pages\/205\/revisions\/209"}],"wp:featuredmedia":[{"embeddable":true,"href":"http:\/\/nossacasa.net\/nossosriachos\/agroecologia\/wp-json\/wp\/v2\/media\/206"}],"wp:attachment":[{"href":"http:\/\/nossacasa.net\/nossosriachos\/agroecologia\/wp-json\/wp\/v2\/media?parent=205"}],"curies":[{"name":"wp","href":"https:\/\/api.w.org\/{rel}","templated":true}]}}