{"id":211,"date":"2018-03-23T10:11:41","date_gmt":"2018-03-23T13:11:41","guid":{"rendered":"http:\/\/nossacasa.net\/nossosriachos\/agroecologia\/?page_id=211"},"modified":"2018-03-23T10:11:41","modified_gmt":"2018-03-23T13:11:41","slug":"biodiversidade-e-comunidades-tradicionais","status":"publish","type":"page","link":"http:\/\/nossacasa.net\/nossosriachos\/agroecologia\/biodiversidade-e-comunidades-tradicionais\/","title":{"rendered":"Biodiversidade e Comunidades Tradicionais"},"content":{"rendered":"<div style=\"text-align:justify\">\n<div style=\"text-align:center\">\n<a href=\"www.nossacasa.net\/pdf\/Livros\/Biodiversidade%20e%20comunidades%20tradicionais%20no%20Brasil.pdf\" rel=\"noopener\" target=\"_blank\"><strong>Os Saberes Tradicionais e a Biodiversidade no Brasil<\/strong><\/a><\/p>\n<p><a href=\"http:\/\/www.nossacasa.net\/pdf\/Livros\/Biodiversidade%20e%20comunidades%20tradicionais%20no%20Brasil.pdf\" rel=\"noopener\" target=\"_blank\"><img loading=\"lazy\" decoding=\"async\" src=\"http:\/\/nossacasa.net\/nossosriachos\/agroecologia\/wp-content\/uploads\/sites\/9\/2018\/03\/biodiversidade-comunidades-.jpg\" alt=\"\" width=\"596\" height=\"842\" class=\"aligncenter size-full wp-image-212\" srcset=\"http:\/\/nossacasa.net\/nossosriachos\/agroecologia\/wp-content\/uploads\/sites\/9\/2018\/03\/biodiversidade-comunidades-.jpg 596w, http:\/\/nossacasa.net\/nossosriachos\/agroecologia\/wp-content\/uploads\/sites\/9\/2018\/03\/biodiversidade-comunidades--212x300.jpg 212w\" sizes=\"auto, (max-width: 596px) 100vw, 596px\" \/><\/a><\/p>\n<p><strong>Os Saberes Tradicionais e a Biodiversidade no Brasil<\/strong><\/p>\n<p>Antonio Carlos Diegues(ORG)<br \/>\nRinaldo Sergio Vieira Arruda<br \/>\nViviane Capezzuto Ferreira da Silva<br \/>\nFrancisca Aida Barboza Figols<br \/>\nDaniela Andrade<br \/>\nS\u00c3O PAULO, FEVEREIRO DE 2000<\/p>\n<\/div>\n<p>\nO NUPAUB agradece a contribui\u00e7\u00e3o dos in\u00fameros pesquisadores, espalhados nos diversos centros de pesquisa brasileiros e, em particular, ao ec\u00f3logo Jos\u00e9 Geraldo Marques, da Universidade Federal de Alagoas, Kimiye Tommasino, antrop\u00f3loga, da Universidade Estadual de Londrina, Heitor Medeiros, historiador, Elaine Elisabetsky,<br \/>\netnofarmac\u00f3loga da Universidade Federal do Rio Grande do Sul e Eraldo Medeiros Costa Neto, bi\u00f3logo, da Universidade Estadual de Feira de Santana, que encaminharam listagem relevantes sobre o tema.<\/p>\n<p>O presente livro est\u00e1 organizado em tr\u00eas partes: na primeira s\u00e3o apresentados os conceitos e defini\u00e7\u00f5es, na segunda s\u00e3o analisados os dados do levantamento e na terceira s\u00e3o apresentadas as conclus\u00f5es e recomenda\u00e7\u00f5es. Ao final do texto encontra-se toda a bibliografia pesquisadas, separada por tipo de comunidade tradicional<\/p>\n<\/div>\n","protected":false},"excerpt":{"rendered":"<p>Os Saberes Tradicionais e a Biodiversidade no Brasil Os Saberes Tradicionais e a Biodiversidade no Brasil Antonio Carlos Diegues(ORG) Rinaldo Sergio Vieira Arruda Viviane Capezzuto Ferreira da Silva Francisca Aida Barboza Figols Daniela Andrade S\u00c3O PAULO, FEVEREIRO DE 2000 O &hellip; <a href=\"http:\/\/nossacasa.net\/nossosriachos\/agroecologia\/biodiversidade-e-comunidades-tradicionais\/\">Continue lendo <span class=\"meta-nav\">&rarr;<\/span><\/a><\/p>\n","protected":false},"author":1,"featured_media":212,"parent":0,"menu_order":0,"comment_status":"closed","ping_status":"closed","template":"","meta":{"footnotes":""},"class_list":["post-211","page","type-page","status-publish","has-post-thumbnail","hentry"],"_links":{"self":[{"href":"http:\/\/nossacasa.net\/nossosriachos\/agroecologia\/wp-json\/wp\/v2\/pages\/211","targetHints":{"allow":["GET"]}}],"collection":[{"href":"http:\/\/nossacasa.net\/nossosriachos\/agroecologia\/wp-json\/wp\/v2\/pages"}],"about":[{"href":"http:\/\/nossacasa.net\/nossosriachos\/agroecologia\/wp-json\/wp\/v2\/types\/page"}],"author":[{"embeddable":true,"href":"http:\/\/nossacasa.net\/nossosriachos\/agroecologia\/wp-json\/wp\/v2\/users\/1"}],"replies":[{"embeddable":true,"href":"http:\/\/nossacasa.net\/nossosriachos\/agroecologia\/wp-json\/wp\/v2\/comments?post=211"}],"version-history":[{"count":1,"href":"http:\/\/nossacasa.net\/nossosriachos\/agroecologia\/wp-json\/wp\/v2\/pages\/211\/revisions"}],"predecessor-version":[{"id":213,"href":"http:\/\/nossacasa.net\/nossosriachos\/agroecologia\/wp-json\/wp\/v2\/pages\/211\/revisions\/213"}],"wp:featuredmedia":[{"embeddable":true,"href":"http:\/\/nossacasa.net\/nossosriachos\/agroecologia\/wp-json\/wp\/v2\/media\/212"}],"wp:attachment":[{"href":"http:\/\/nossacasa.net\/nossosriachos\/agroecologia\/wp-json\/wp\/v2\/media?parent=211"}],"curies":[{"name":"wp","href":"https:\/\/api.w.org\/{rel}","templated":true}]}}