{"id":2536,"date":"2020-10-29T15:58:37","date_gmt":"2020-10-29T18:58:37","guid":{"rendered":"http:\/\/nossacasa.net\/nossosriachos\/agroecologia\/?page_id=2536"},"modified":"2020-10-31T08:35:25","modified_gmt":"2020-10-31T11:35:25","slug":"teses-e-dissertacoes","status":"publish","type":"page","link":"http:\/\/nossacasa.net\/nossosriachos\/agroecologia\/teses-e-dissertacoes\/","title":{"rendered":"Teses, disserta\u00e7\u00f5es e monografias"},"content":{"rendered":"<div style=\"text-align:justify\">\n<hr \/>\n<p><strong>Johnny Rodrigues de Melo Murta<\/strong><br \/>\n<strong>2020. <a href=\"http:\/\/nossacasa.net\/nossosriachos\/agroecologia\/johnny-rodrigues-de-melo-murta-dissertacao\/\" rel=\"noopener noreferrer\" target=\"_blank\">Efeito de um sistema agroflorestal biodiverso sintr\u00f3pico sobre as propriedades f\u00edsico-h\u00eddricas do solo<\/a><\/strong> &#8211; Disserta\u00e7\u00e3o apresentada como requisito para obten\u00e7\u00e3o do t\u00edtulo de Mestre em Ci\u00eancias Ambientais no Programa de P\u00f3s-Gradua\u00e7\u00e3o em Ci\u00eancias Ambientais da Universidade de Bras\u00edlia<\/p>\n<hr \/>\n<p><strong>Leonardo da Silva L\u00f3pez<\/strong><br \/>\n<strong>2019. <a href=\"http:\/\/nossacasa.net\/nossosriachos\/agroecologia\/leonardo-da-silva-lopez-monografia\/\" rel=\"noopener noreferrer\" target=\"_blank\">Sistemas Agroflorestais no Entorno de Parques Nacionais. O Caso do Parque Nacional do Igua\u00e7u<\/a><\/strong> &#8211; Monografia de Conclus\u00e3o de Curso apresentado ao Instituto Latino-Americano de Economia, sociedade e pol\u00edtica da Universidade Federal da Integra\u00e7\u00e3o Latino-Americana, como requisito parcial \u00e0 obten\u00e7\u00e3o do t\u00edtulo de Bacharel em Desenvolvimento Rural e Seguran\u00e7a Alimentar<\/p>\n<hr \/>\n<p><strong>Dayana Velozo Pastor Andrade<\/strong><br \/>\n<strong>2019. <a href=\"http:\/\/nossacasa.net\/nossosriachos\/agroecologia\/dayana-velozo-pastor-andrade-tese\/\" rel=\"noopener noreferrer\" target=\"_blank\">Agricultura, meio ambiente e sociedade &#8211; Um estudo sobre a adotabilidade da agricultura sintr\u00f3pica.<\/a><\/strong> &#8211; Tese de Doutorado apresentada ao programa de Po\u0301s-Graduac\u0327a\u0303o em Cie\u0302ncias Ambientais e Conservac\u0327a\u0303o, campus Macae\u0301, Universidade Federal do Rio de Janeiro, como parte dos requisitos necessa\u0301rios a\u0300 obtenc\u0327a\u0303o do ti\u0301tulo de Doutor em Cie\u0302ncias Ambientais e Conservac\u0327a\u0303o.<\/p>\n<hr \/>\n<p><strong>Andr\u00e9 Vin\u00edcius Freire Baleeiro<\/strong><br \/>\n<strong>2018. Intersec\u00e7\u00e3o termodin\u00e2mica-ecologia e discuss\u00e3o das bases cient\u00edficas da agricultura sintr\u00f3pica<\/strong> &#8211; Disserta\u00e7\u00e3o apresentada ao Instituto de Ci\u00eancias Biol\u00f3gicas da Universidade Federal de Goi\u00e1s para obten\u00e7\u00e3o do T\u00edtulo de Mestre em Ecologia e Evolu\u00e7\u00e3o. \u00c1rea de concentra\u00e7\u00e3o: Ecologia Te\u00f3rica e Evolu\u00e7\u00e3o.<\/p>\n<hr \/>\n<p><strong>Josu\u00e9 Vicente Gregio<\/strong><br \/>\n<strong>2018. <a href=\"http:\/\/nossacasa.net\/nossosriachos\/agroecologia\/josue-vicente-gregio-dissertacao\/\" rel=\"noopener noreferrer\" target=\"_blank\">Agricultura sintr\u00f3pica: produzindo alimentos na floresta, das ra\u00edzes do aipim ao dossel das castanheiras<\/a><\/strong> &#8211; Disserta\u00e7\u00e3o apresentada para a obten\u00e7\u00e3o do t\u00edtulo de mestre no Programa de P\u00f3s-Gradua\u00e7\u00e3o em Geografia \u2013 \u00e1rea de concentra\u00e7\u00e3o \u201cProdu\u00e7\u00e3o do Espa\u00e7o e Meio Ambiente\u201d, na linha de pesquisa \u201cDin\u00e2mica, Utiliza\u00e7\u00e3o e Preserva\u00e7\u00e3o do Meio Ambiente\u201d da Universidade Estadual do Oeste do Paran\u00e1, campus Francisco Beltr\u00e3o.<\/p>\n<hr \/>\n<p><strong>Jo\u00e3o Fernando de Almeida Benedetti<\/strong><br \/>\n<strong>2017. <a href=\"http:\/\/nossacasa.net\/nossosriachos\/agroecologia\/joao-fernando-de-almeida-benedetti-dissertacao\/\" rel=\"noopener noreferrer\" target=\"_blank\">Diversidade de mirmecofauna (hymenoptera, formicidae) e sua potencialidade para o monitoramento de \u00e1reas guiadas pela agricultura sintr\u00f3pica<\/a><\/strong> &#8211; Disserta\u00e7\u00e3o apresentada ao Programa de P\u00f3s-Gradua\u00e7\u00e3o em Agroecologia e Desenvolvimento Rural como requisito parcial \u00e0 obten\u00e7\u00e3o do t\u00edtulo de mestre em agroecologia e desenvolvimento rural.<\/p>\n<hr \/>\n<p><strong>Aruana Vargas Couto<\/strong><br \/>\n<strong>2017. <a href=\"http:\/\/nossacasa.net\/nossosriachos\/agroecologia\/aruana-vargas-couto-dissertacao\/\" rel=\"noopener noreferrer\" target=\"_blank\">Cons\u00f3rcios oler\u00edcolas baseados na sucess\u00e3o vegetal: um experimento em hortas sintr\u00f3picas<\/a><\/strong> &#8211; Disserta\u00e7\u00e3o submetida ao Programa de P\u00f3s-Gradua\u00e7\u00e3o em Agroecossistemas da Universidade Federal de Santa Catarina para a obten\u00e7\u00e3o do Grau de Mestre em Agroecossistemas.<\/p>\n<hr \/>\n<p><strong>Felipe dos Santos Pasini<\/strong><br \/>\n<strong>2017. <a href=\"http:\/\/nossacasa.net\/nossosriachos\/agroecologia\/felipe-dos-santos-pasini-dissertacao\/\" rel=\"noopener noreferrer\" target=\"_blank\">A Agricultura Sintr\u00f3pica de Ernst G\u00f6tsch: hist\u00f3ria, fundamentos e seu nicho no universo da Agricultura Sustent\u00e1vel<\/a><\/strong>&#8211; Disserta\u00e7\u00e3o de mestrado apresentada ao Programa de P\u00f3sgradua\u00e7\u00e3o em Ci\u00eancias Ambientais e Conserva\u00e7\u00e3o, da Universidade Federal do Rio de Janeiro como parte dos requisitos necess\u00e1rios \u00e0 obten\u00e7\u00e3o do t\u00edtulo de Mestre em Ci\u00eancias Ambientais e Conserva\u00e7\u00e3o. <\/p>\n<hr \/>\n<p><strong>Andr\u00e9 Luis Zanela Monte<\/strong><br \/>\n2013. <strong>Sintropia em agroecossistemas: subs\u00eddios para uma an\u00e1lise bioecon\u00f4mica<\/strong> &#8211; Disserta\u00e7\u00e3o de Mestrado Profissional em Desenvolvimento Sustent\u00e1vel. Centro de Desenvolvimento Sustent\u00e1vel. Universidade de Bras\u00edlia, Bras\u00edlia.<\/p>\n<hr \/>\n<p><strong>Gabriela Narezi<\/strong><br \/>\n&#8220;<strong>2012. <a href=\"http:\/\/nossacasa.net\/nossosriachos\/agroecologia\/gabriela-narezi-tese\/\" rel=\"noopener noreferrer\" target=\"_blank\">A agroecologia como estrat\u00e9gia de gest\u00e3o de Unidades de Conserva\u00e7\u00e3o de Uso Sustent\u00e1vel no Vale do Ribeira \u2013 SP, Brasil<\/a><\/strong>&#8221; &#8211; Tese apresentada para obten\u00e7\u00e3o do t\u00edtulo de Doutor em Ci\u00eancias. \u00c1rea de concentra\u00e7\u00e3o: Ecologia Aplicada da Universidade de S\u00e3o Paulo. Escola Superior de Agricultura \u201cLuiz de Queiroz\u201d \u2013 Centro de Energia Nuclear na Agricultura.<\/p>\n<hr \/>\n<p><strong>Gustavo da Motta Pollmann<\/strong><br \/>\n<strong>2008. <a href=\"http:\/\/nossacasa.net\/nossosriachos\/agroecologia\/gustavo-da-motta-pollmann-monografia\/\" rel=\"noopener noreferrer\" target=\"_blank\">Indicadores de sustentabilidade na pr\u00e1tica agroflorestal: Um estudo de caso no s\u00edtio S\u00e3o Jos\u00e9, Sert\u00e3o de Taquari, munic\u00edpio de Paraty \u2013 RJ<\/a><\/strong> &#8211; Monografia apresentada ao Instituto de Florestas da Universidade Federal Rural do Rio de Janeiro, como parte dos requisitos para obten\u00e7\u00e3o do t\u00edtulo de Engenheiro Florestal.<\/p>\n<hr \/>\n<p><strong>Renata Zambello de Pinho<\/strong><br \/>\n<strong>2008. <a href=\"http:\/\/2008_Renata_Zambello\" rel=\"noopener noreferrer\" target=\"_blank\">Movimento mutir\u00e3o agroflorestal: Trajet\u00f3ria do grupo, o processo de forma\u00e7\u00e3o em agrofloresta, suas contribui\u00e7\u00f5es e impactos<\/a><\/strong> &#8211; Disserta\u00e7\u00e3o apresentada ao Instituto de Geoci\u00eancias como parte dos requisitos para obten\u00e7\u00e3o do t\u00edtulo de Mestre em Geografia.<\/p>\n<hr \/>\n<p><strong>Rafael de Oliveira Poubel<\/strong><br \/>\n<strong>2006. <a href=\"http:\/\/nossacasa.net\/nossosriachos\/agroecologia\/rafael-de-oliveira-poubel-dissertacao\/\" rel=\"noopener noreferrer\" target=\"_blank\">H\u00e1bitos alimentares, nutri\u00e7\u00e3o e sustentabilidade: agroflorestas sucessionais como estrat\u00e9gia na agricultura familiar<\/a>.<\/strong> &#8211; Disserta\u00e7\u00e3o de Mestrado submetida ao Centro de Desenvolvimento Sustent\u00e1vel da Universidade de Bras\u00edlia, como parte dos requisitos necess\u00e1rios para obten\u00e7\u00e3o do grau de Mestre em Desenvolvimento Sustent\u00e1vel, \u00e1rea de concentra\u00e7\u00e3o em Pol\u00edticas e Gest\u00e3o Ambiental, op\u00e7\u00e3o acad\u00eamica<\/p>\n<hr \/>\n<p><strong>Eduardo Jorge Pino Lyra Rocha<\/strong><br \/>\n<strong>2006. <a href=\"http:\/\/nossacasa.net\/nossosriachos\/agroecologia\/eduardo-jorge-pino-lyra-rocha-dissertacao\/\" rel=\"noopener noreferrer\" target=\"_blank\">Agroflorestas sucessionais no assentamento Fruta d&#8217;Anta\/MG: potenciais e limita\u00e7\u00f5es para a transi\u00e7\u00e3o agroecol\u00f3gica<\/a><\/strong> &#8211; Disserta\u00e7\u00e3o de Mestrado submetida ao Centro de Desenvolvimento Sustent\u00e1vel da Universidade de Bras\u00edlia, como parte dos requisitos necess\u00e1rios para a obten\u00e7\u00e3o do Grau de Mestre em Desenvolvimento Sustent\u00e1vel, \u00e1rea de concentra\u00e7\u00e3o em Pol\u00edtica e Gest\u00e3o Ambiental, op\u00e7\u00e3o acad\u00eamica.<\/p>\n<hr \/>\n<p><strong>Maur\u00edcio Rigon Hoffmann<\/strong><br \/>\n<strong>2005. <a href=\"http:\/\/nossacasa.net\/nossosriachos\/agroecologia\/mauricio-rigon-hoffmann-monografia\/\" rel=\"noopener noreferrer\" target=\"_blank\">Sistema agroflorestal sucessional &#8211; implanta\u00e7\u00e3o mecanizada. Um estudo de caso<\/a>.<\/strong> &#8211; Monografia de gradua\u00e7\u00e3o submetida \u00e0 faculdade de agronomia e medicina veterin\u00e1ria da Universidade de Bras\u00edlia, como parte dos requisitos necess\u00e1rios \u00e0 obten\u00e7\u00e3o do grau de engenheiro agr\u00f4nomo.<\/p>\n<hr \/>\n<p><strong>Ana Paula Fraga Bolfe<\/strong><br \/>\n<strong>2004. <a href=\"http:\/\/nossacasa.net\/nossosriachos\/agroecologia\/ana-paula-fraga-bolfe-dissertacao\/\" rel=\"noopener noreferrer\" target=\"_blank\">Educa\u00e7\u00e3o na floresta: uma constru\u00e7\u00e3o participativa de sistemas agroflorestais sucessionais em Japaratuba, Sergipe<\/a><\/strong> &#8211; Disserta\u00e7\u00e3o de Mestrado apresentada ao N\u00facleo de P\u00f3s-Gradua\u00e7\u00e3o em Desenvolvimento e Meio Ambiente da Universidade Federal de Sergipe, como parte dos requisitos exigidos para a obten\u00e7\u00e3o do t\u00edtulo de Mestre em Desenvolvimento e Meio Ambiente.<\/p>\n<hr \/>\n<p><strong>Nina Duarte Silveira<\/strong><br \/>\n<strong>2003. <a href=\"http:\/\/nossacasa.net\/nossosriachos\/agroecologia\/nina-duarte-silveira-monografia\/\" rel=\"noopener noreferrer\" target=\"_blank\">Indicadores de sustentabilidade ambiental em sistemas agroflorestais na mata atl\u00e2ntica<\/a>.<\/strong> &#8211; Monografia apresentada ao Instituto de Florestas da Universidade Federal Rural do Rio de Janeiro, como parte dos<br \/>\nrequisitos para obten\u00e7\u00e3o do t\u00edtulo de Engenheiro Florestal<\/p>\n<hr \/>\n<p><strong>Patr\u00edcia Pereira Vaz da Silva<\/strong><br \/>\n<strong>2002. <a href=\"http:\/\/nossacasa.net\/nossosriachos\/agroecologia\/patricia-pereira-vaz-da-silva-dissertacao\/\" rel=\"noopener noreferrer\" target=\"_blank\">Sistemas agroflorestais para recupera\u00e7\u00e3o de matas ciliares em Piracicaba, SP<\/a><\/strong>  &#8211; Disserta\u00e7\u00e3o apresentada \u00e0 Escola Superior de Agricultura \u201cLuiz de Queiroz\u201d, Universidade de S\u00e3o Paulo, para obten\u00e7\u00e3o do t\u00edtulo de Mestre em Ci\u00eancias, \u00c1rea de Concentra\u00e7\u00e3o: Ci\u00eancias Florestais<\/p>\n<hr \/>\n<p><strong>Fabiana Mongeli Peneireiro<\/strong><br \/>\n<strong>2013. <a href=\"http:\/\/nossacasa.net\/nossosriachos\/agroecologia\/fabiana-mongeli-peneireiro-tese\/\" rel=\"noopener noreferrer\" target=\"_blank\">Educa\u00e7\u00e3o na contemporaneidade: nutrindo-se com a experi\u00eancia da Escola da Floresta Acre, Brasil<\/a><\/strong> &#8211; Tese de Doutorado submetida \u00e0 Faculdade de Educa\u00e7\u00e3o da Universidade de Bras\u00edlia, como parte dos requisitos necess\u00e1rios para obten\u00e7\u00e3o do Grau de Doutora em Educa\u00e7\u00e3o, \u00e1rea de concentra\u00e7\u00e3o em Educa\u00e7\u00e3o e Ecologia Humana.<\/p>\n<p><strong>1999. <a href=\"http:\/\/nossacasa.net\/nossosriachos\/agroecologia\/fabiana-mongeli-peneireiro-dissertacao\/\" rel=\"noopener noreferrer\" target=\"_blank\">Sistemas agroflorestais dirigidos pela sucess\u00e3o natural: Um estudo de caso<\/a><\/strong> &#8211; Disserta\u00e7\u00e3o apresentada \u00e0 Escola Superior de Agricultura \u201cLuiz de Queiroz\u201d, Universidade de S\u00e3o Paulo, para obten\u00e7\u00e3o do t\u00edtulo de Mestre em Ci\u00eancias, \u00c1rea de Concentra\u00e7\u00e3o: Ci\u00eancias Florestais. <\/p>\n<\/div>\n","protected":false},"excerpt":{"rendered":"<p>Johnny Rodrigues de Melo Murta 2020. Efeito de um sistema agroflorestal biodiverso sintr\u00f3pico sobre as propriedades f\u00edsico-h\u00eddricas do solo &#8211; Disserta\u00e7\u00e3o apresentada como requisito para obten\u00e7\u00e3o do t\u00edtulo de Mestre em Ci\u00eancias Ambientais no Programa de P\u00f3s-Gradua\u00e7\u00e3o em Ci\u00eancias Ambientais &hellip; <a href=\"http:\/\/nossacasa.net\/nossosriachos\/agroecologia\/teses-e-dissertacoes\/\">Continue lendo <span class=\"meta-nav\">&rarr;<\/span><\/a><\/p>\n","protected":false},"author":1,"featured_media":0,"parent":0,"menu_order":0,"comment_status":"closed","ping_status":"closed","template":"","meta":{"footnotes":""},"class_list":["post-2536","page","type-page","status-publish","hentry"],"_links":{"self":[{"href":"http:\/\/nossacasa.net\/nossosriachos\/agroecologia\/wp-json\/wp\/v2\/pages\/2536","targetHints":{"allow":["GET"]}}],"collection":[{"href":"http:\/\/nossacasa.net\/nossosriachos\/agroecologia\/wp-json\/wp\/v2\/pages"}],"about":[{"href":"http:\/\/nossacasa.net\/nossosriachos\/agroecologia\/wp-json\/wp\/v2\/types\/page"}],"author":[{"embeddable":true,"href":"http:\/\/nossacasa.net\/nossosriachos\/agroecologia\/wp-json\/wp\/v2\/users\/1"}],"replies":[{"embeddable":true,"href":"http:\/\/nossacasa.net\/nossosriachos\/agroecologia\/wp-json\/wp\/v2\/comments?post=2536"}],"version-history":[{"count":27,"href":"http:\/\/nossacasa.net\/nossosriachos\/agroecologia\/wp-json\/wp\/v2\/pages\/2536\/revisions"}],"predecessor-version":[{"id":2613,"href":"http:\/\/nossacasa.net\/nossosriachos\/agroecologia\/wp-json\/wp\/v2\/pages\/2536\/revisions\/2613"}],"wp:attachment":[{"href":"http:\/\/nossacasa.net\/nossosriachos\/agroecologia\/wp-json\/wp\/v2\/media?parent=2536"}],"curies":[{"name":"wp","href":"https:\/\/api.w.org\/{rel}","templated":true}]}}