{"id":2614,"date":"2020-10-31T08:39:54","date_gmt":"2020-10-31T11:39:54","guid":{"rendered":"http:\/\/nossacasa.net\/nossosriachos\/agroecologia\/?page_id=2614"},"modified":"2020-10-31T08:39:54","modified_gmt":"2020-10-31T11:39:54","slug":"artigos","status":"publish","type":"page","link":"http:\/\/nossacasa.net\/nossosriachos\/agroecologia\/artigos\/","title":{"rendered":"Artigos"},"content":{"rendered":"<p><strong>2017<\/strong><br \/>\n<strong><a href=\"http:\/\/nossacasa.net\/nossosriachos\/agroecologia\/category\/artigos\/2017\/\" rel=\"noopener noreferrer\" target=\"_blank\">Movimento educador \u201cEcossocialismo e bem viver\u201d<\/a><\/strong> &#8211; Artigo, de Fernanda Corr\u00eaa de Moraes, Vivian Battaini, Laura Vidotto Sacconi, Tom\u00e1s Mauricio Almeida Carvalho, Suzani Maria Rodrigues da Paz e Marcos Sorrentino, introduz o Movimento Educador Ecossocialismo e Bem Viver, fomentado pela Oca \u2013 Laborat\u00f3rio de Educa\u00e7\u00e3o e Pol\u00edtica Ambiental da Escola Superior de Agricultura \u201cLuiz de Queiroz\u201d (Esalq), buscando revelar as estrat\u00e9gias alcan\u00e7adas e os ac\u00famulos de dois anos de caminhada da iniciativa.<\/p>\n","protected":false},"excerpt":{"rendered":"<p>2017 Movimento educador \u201cEcossocialismo e bem viver\u201d &#8211; Artigo, de Fernanda Corr\u00eaa de Moraes, Vivian Battaini, Laura Vidotto Sacconi, Tom\u00e1s Mauricio Almeida Carvalho, Suzani Maria Rodrigues da Paz e Marcos Sorrentino, introduz o Movimento Educador Ecossocialismo e Bem Viver, fomentado &hellip; <a href=\"http:\/\/nossacasa.net\/nossosriachos\/agroecologia\/artigos\/\">Continue lendo <span class=\"meta-nav\">&rarr;<\/span><\/a><\/p>\n","protected":false},"author":1,"featured_media":0,"parent":0,"menu_order":0,"comment_status":"closed","ping_status":"closed","template":"","meta":{"footnotes":""},"class_list":["post-2614","page","type-page","status-publish","hentry"],"_links":{"self":[{"href":"http:\/\/nossacasa.net\/nossosriachos\/agroecologia\/wp-json\/wp\/v2\/pages\/2614","targetHints":{"allow":["GET"]}}],"collection":[{"href":"http:\/\/nossacasa.net\/nossosriachos\/agroecologia\/wp-json\/wp\/v2\/pages"}],"about":[{"href":"http:\/\/nossacasa.net\/nossosriachos\/agroecologia\/wp-json\/wp\/v2\/types\/page"}],"author":[{"embeddable":true,"href":"http:\/\/nossacasa.net\/nossosriachos\/agroecologia\/wp-json\/wp\/v2\/users\/1"}],"replies":[{"embeddable":true,"href":"http:\/\/nossacasa.net\/nossosriachos\/agroecologia\/wp-json\/wp\/v2\/comments?post=2614"}],"version-history":[{"count":1,"href":"http:\/\/nossacasa.net\/nossosriachos\/agroecologia\/wp-json\/wp\/v2\/pages\/2614\/revisions"}],"predecessor-version":[{"id":2615,"href":"http:\/\/nossacasa.net\/nossosriachos\/agroecologia\/wp-json\/wp\/v2\/pages\/2614\/revisions\/2615"}],"wp:attachment":[{"href":"http:\/\/nossacasa.net\/nossosriachos\/agroecologia\/wp-json\/wp\/v2\/media?parent=2614"}],"curies":[{"name":"wp","href":"https:\/\/api.w.org\/{rel}","templated":true}]}}