{"id":761,"date":"2019-10-19T19:36:54","date_gmt":"2019-10-19T22:36:54","guid":{"rendered":"http:\/\/nossacasa.net\/nossosriachos\/agroecologia\/?page_id=761"},"modified":"2020-01-27T10:40:09","modified_gmt":"2020-01-27T13:40:09","slug":"plantas-de-brejo","status":"publish","type":"page","link":"http:\/\/nossacasa.net\/nossosriachos\/agroecologia\/plantas-de-brejo\/","title":{"rendered":"Plantas de Brejo"},"content":{"rendered":"<div style=\"text-align: justify;\">\nTodas as plantas citadas na tabela abaixo se desenvolvem perfeitamente bem no solo encharcado dos brejos, e elas se dividem entre plantas complementares e peculiares, sendo que as complementares s\u00e3o plantas que se desenvolvem tanto em brejos quanto em outros habitats, enquanto as peculiares s\u00e3o exclusivas do brejo, se reproduzindo apenas atrav\u00e9s de solo constantemente inundado.<br \/>\n<strong>Refer\u00eancia<\/strong>: https:\/\/www.mundoecologia.com.br\/natureza\/plantas-frutiferas-para-brejo\/<\/p>\n\n<table id=\"tablepress-1\" class=\"tablepress tablepress-id-1\">\n<thead>\n<tr class=\"row-1\">\n\t<th class=\"column-1\"><strong>Item<\/strong><\/th><th class=\"column-2\"><strong>Nome Popular<\/strong>\t<\/th><th class=\"column-3\"><strong>Nome Cient\u00edfico<\/strong><\/th><th class=\"column-4\"><strong>Fam\u00edlia<\/strong>\t<\/th><th class=\"column-5\"><strong>Adapta\u00e7\u00e3o<\/strong><\/th>\n<\/tr>\n<\/thead>\n<tbody class=\"row-striping row-hover\">\n<tr class=\"row-2\">\n\t<td class=\"column-1\">1<\/td><td class=\"column-2\"><a href=\"http:\/\/nossacasa.net\/nossosriachos\/agroecologia\/acoita-cavalo\/\" rel=\"noopener\" target=\"_blank\">A\u00e7oita-Cavalo<\/a><\/td><td class=\"column-3\"><em>Luehea divaricata<\/em>\t<\/td><td class=\"column-4\">Tiliaceae\t<\/td><td class=\"column-5\">Complementar<\/td>\n<\/tr>\n<tr class=\"row-3\">\n\t<td class=\"column-1\">2<\/td><td class=\"column-2\"><a href=\"http:\/\/nossacasa.net\/nossosriachos\/agroecologia\/almecega\/\" rel=\"noopener\" target=\"_blank\">Almecega<\/a>\t<\/td><td class=\"column-3\"><em>Protium heptaphyllum\t<\/em><\/td><td class=\"column-4\">Burseraceae\t<\/td><td class=\"column-5\">Complementar<\/td>\n<\/tr>\n<tr class=\"row-4\">\n\t<td class=\"column-1\">3<\/td><td class=\"column-2\"><a href=\"http:\/\/nossacasa.net\/nossosriachos\/agroecologia\/angico-branco\/\" rel=\"noopener\" target=\"_blank\">Angico Branco<\/a><\/td><td class=\"column-3\"><em>Acacia polyhylla<\/em>\t<\/td><td class=\"column-4\">Mimosaceae\t<\/td><td class=\"column-5\">Complementar<\/td>\n<\/tr>\n<tr class=\"row-5\">\n\t<td class=\"column-1\">4<\/td><td class=\"column-2\"><a href=\"http:\/\/nossacasa.net\/nossosriachos\/agroecologia\/araticum-cagao\/\" rel=\"noopener\" target=\"_blank\">Araticum Cag\u00e3o<\/a><\/td><td class=\"column-3\"><em>Annona cacans<\/em>\t<\/td><td class=\"column-4\">Annonaceae\t<\/td><td class=\"column-5\">Complementar<\/td>\n<\/tr>\n<tr class=\"row-6\">\n\t<td class=\"column-1\">5<\/td><td class=\"column-2\"><a href=\"http:\/\/nossacasa.net\/nossosriachos\/agroecologia\/arvore-do-balsamo\/\" rel=\"noopener\" target=\"_blank\">\u00c1rvore do B\u00e1lsamo<\/a>\t<\/td><td class=\"column-3\"><em>Styrax pohlii<\/em>\t<\/td><td class=\"column-4\">Styracaceae\t<\/td><td class=\"column-5\">Peculiar<\/td>\n<\/tr>\n<tr class=\"row-7\">\n\t<td class=\"column-1\">6<\/td><td class=\"column-2\"><a href=\"http:\/\/nossacasa.net\/nossosriachos\/agroecologia\/bico-de-pato\/\" rel=\"noopener\" target=\"_blank\">Bico de Pato<\/a>\t<\/td><td class=\"column-3\"><em>Machaerium aculeatum<\/em>\t<\/td><td class=\"column-4\">Fabaceae\t<\/td><td class=\"column-5\">Complementar<\/td>\n<\/tr>\n<tr class=\"row-8\">\n\t<td class=\"column-1\">7<\/td><td class=\"column-2\"><a href=\"http:\/\/nossacasa.net\/nossosriachos\/agroecologia\/branquinho\/\" rel=\"noopener\" target=\"_blank\">Branquinho<\/a>\t<\/td><td class=\"column-3\"><em>Sebastiania brasiliensis<\/em>\t<\/td><td class=\"column-4\">Euphorbiaceae\t<\/td><td class=\"column-5\">Complementar<\/td>\n<\/tr>\n<tr class=\"row-9\">\n\t<td class=\"column-1\">8<\/td><td class=\"column-2\"><a href=\"http:\/\/nossacasa.net\/nossosriachos\/agroecologia\/cabreutinga\/\" rel=\"noopener\" target=\"_blank\">Cabreutinga<\/a>\t<\/td><td class=\"column-3\"><em>Cyclolobium vechii<\/em>\t<\/td><td class=\"column-4\">Fabaceae\t<\/td><td class=\"column-5\">Complementar<\/td>\n<\/tr>\n<tr class=\"row-10\">\n\t<td class=\"column-1\">9<\/td><td class=\"column-2\"><a href=\"http:\/\/nossacasa.net\/nossosriachos\/agroecologia\/canela-do-brejo\/\" rel=\"noopener\" target=\"_blank\">Canela do Brejo<\/a>\t<\/td><td class=\"column-3\"><em>Persea major<\/em>\t<\/td><td class=\"column-4\">Lauraceae\t<\/td><td class=\"column-5\">Peculiar<\/td>\n<\/tr>\n<tr class=\"row-11\">\n\t<td class=\"column-1\">10<\/td><td class=\"column-2\"><a href=\"http:\/\/nossacasa.net\/nossosriachos\/agroecologia\/canela-preta\/\" rel=\"noopener\" target=\"_blank\">Canela Preta<\/a>\t<\/td><td class=\"column-3\"><em>Nectandra mollis oppositifolia<\/em>\t<\/td><td class=\"column-4\">Lauraceae\t<\/td><td class=\"column-5\">Complementar<\/td>\n<\/tr>\n<tr class=\"row-12\">\n\t<td class=\"column-1\">11<\/td><td class=\"column-2\"><a href=\"http:\/\/nossacasa.net\/nossosriachos\/agroecologia\/cambui-do-brejo\/\">Cambu\u00ed do Brejo<\/a>\t<\/td><td class=\"column-3\"><em>Eugenia blastantha<\/em>\t<\/td><td class=\"column-4\">Myrtaceae<\/td><td class=\"column-5\">Peculiar<\/td>\n<\/tr>\n<tr class=\"row-13\">\n\t<td class=\"column-1\">12<\/td><td class=\"column-2\"><a href=\"http:\/\/nossacasa.net\/nossosriachos\/agroecologia\/canafistula\/\">Canaf\u00edstula<\/a>\t<\/td><td class=\"column-3\"><em>Cassia ferruginea<\/em>\t<\/td><td class=\"column-4\">Caesapiniaceae\t<\/td><td class=\"column-5\">Complementar<\/td>\n<\/tr>\n<tr class=\"row-14\">\n\t<td class=\"column-1\">13<\/td><td class=\"column-2\"><a href=\"http:\/\/nossacasa.net\/nossosriachos\/agroecologia\/capororoca\/\">Capororoca<\/a>\t<\/td><td class=\"column-3\"><em>Rapanea lancifolia<\/em>\t<\/td><td class=\"column-4\">Myrsinaceae\t<\/td><td class=\"column-5\">Peculiar<\/td>\n<\/tr>\n<tr class=\"row-15\">\n\t<td class=\"column-1\">14<\/td><td class=\"column-2\"><a href=\"http:\/\/nossacasa.net\/nossosriachos\/agroecologia\/carrapeta\/\">Carrapeta, Marinheiro<\/a>\t<\/td><td class=\"column-3\"><em>Guarea kinthiana<\/em>\t<\/td><td class=\"column-4\">Meliaceae\t<\/td><td class=\"column-5\">Peculiar<\/td>\n<\/tr>\n<tr class=\"row-16\">\n\t<td class=\"column-1\">15<\/td><td class=\"column-2\"><a href=\"http:\/\/nossacasa.net\/nossosriachos\/agroecologia\/casca-de-anta\/\">Casca de Anta, Cataia<\/a>\t<\/td><td class=\"column-3\"><em>Drymis brasiliensis<\/em>\t<\/td><td class=\"column-4\">Winteraceae\t<\/td><td class=\"column-5\">Peculiar<\/td>\n<\/tr>\n<tr class=\"row-17\">\n\t<td class=\"column-1\">16<\/td><td class=\"column-2\"><a href=\"http:\/\/nossacasa.net\/nossosriachos\/agroecologia\/cassia-candelabro\/\">C\u00e1ssia Candelabro<\/a>\t<\/td><td class=\"column-3\"><em>Senna alata<\/em>\t<\/td><td class=\"column-4\">Caesalpiniaceae\t<\/td><td class=\"column-5\">Peculiar<\/td>\n<\/tr>\n<tr class=\"row-18\">\n\t<td class=\"column-1\">17<\/td><td class=\"column-2\"><a href=\"http:\/\/nossacasa.net\/nossosriachos\/agroecologia\/cedro-do-brejo\/\">Cedro do Brejo<\/a>\t<\/td><td class=\"column-3\"><em>Cedrela odorata<\/em>\t<\/td><td class=\"column-4\">Meliaceae\t<\/td><td class=\"column-5\">Peculiar<\/td>\n<\/tr>\n<tr class=\"row-19\">\n\t<td class=\"column-1\">18<\/td><td class=\"column-2\"><a href=\"http:\/\/nossacasa.net\/nossosriachos\/agroecologia\/congonha\/\">Congonha<\/a>\t<\/td><td class=\"column-3\"><em>Citronalia gongonha<\/em>\t<\/td><td class=\"column-4\">Icacinaceae\t<\/td><td class=\"column-5\">Complementar<\/td>\n<\/tr>\n<tr class=\"row-20\">\n\t<td class=\"column-1\">19<\/td><td class=\"column-2\"><a href=\"http:\/\/nossacasa.net\/nossosriachos\/agroecologia\/embauba\/\">Emba\u00faba<\/a><\/td><td class=\"column-3\"><em>Cecropia pachystachya<\/em>\t<\/td><td class=\"column-4\">Cecropiaceae\t<\/td><td class=\"column-5\">Complementar<\/td>\n<\/tr>\n<tr class=\"row-21\">\n\t<td class=\"column-1\">20<\/td><td class=\"column-2\"><a href=\"http:\/\/nossacasa.net\/nossosriachos\/agroecologia\/embira-de-sapo\/\">Embira de Sapo<\/a>\t<\/td><td class=\"column-3\"><em>Lonchocarpus muehibergianus<\/em>\t<\/td><td class=\"column-4\">Fabaceae\t<\/td><td class=\"column-5\">Complementar<\/td>\n<\/tr>\n<tr class=\"row-22\">\n\t<td class=\"column-1\">21<\/td><td class=\"column-2\"><a href=\"http:\/\/nossacasa.net\/nossosriachos\/agroecologia\/figueira-branca\/\">Figueira Branca<\/a>\t<\/td><td class=\"column-3\"><em>Ficus insipida\t<\/em><\/td><td class=\"column-4\">Moraceae\t<\/td><td class=\"column-5\">Complementar<\/td>\n<\/tr>\n<tr class=\"row-23\">\n\t<td class=\"column-1\">22<\/td><td class=\"column-2\"><a href=\"http:\/\/nossacasa.net\/nossosriachos\/agroecologia\/fruta-de-pombo\/\">Fruta de Pombo<\/a>\t<\/td><td class=\"column-3\"><em>Tapirira guianensis\t<\/em><\/td><td class=\"column-4\">Anacardiaceae\t<\/td><td class=\"column-5\">Peculiar<\/td>\n<\/tr>\n<tr class=\"row-24\">\n\t<td class=\"column-1\">23<\/td><td class=\"column-2\"><a href=\"http:\/\/nossacasa.net\/nossosriachos\/agroecologia\/genipapo\/\">Genipapo<\/a>\t<\/td><td class=\"column-3\"><em>Ganipa americana\t<\/em><\/td><td class=\"column-4\">Rubiaceae\t<\/td><td class=\"column-5\">Peculiar<\/td>\n<\/tr>\n<tr class=\"row-25\">\n\t<td class=\"column-1\">24<\/td><td class=\"column-2\"><a href=\"http:\/\/nossacasa.net\/nossosriachos\/agroecologia\/geriva\/\">Geriv\u00e1<\/a>\t<\/td><td class=\"column-3\"><em>Syagrus romanzoffiana\t<\/em><\/td><td class=\"column-4\">Palmae\t<\/td><td class=\"column-5\">Complementar<\/td>\n<\/tr>\n<tr class=\"row-26\">\n\t<td class=\"column-1\">25<\/td><td class=\"column-2\"><a href=\"http:\/\/nossacasa.net\/nossosriachos\/agroecologia\/goiabeira\/\">Goiabeira<\/a>\t<\/td><td class=\"column-3\"><em>Psidium guajava<\/em>\t<\/td><td class=\"column-4\">Myrtaceae\t<\/td><td class=\"column-5\">Complementar<\/td>\n<\/tr>\n<tr class=\"row-27\">\n\t<td class=\"column-1\">26<\/td><td class=\"column-2\"><a href=\"http:\/\/nossacasa.net\/nossosriachos\/agroecologia\/grumixama\/\">Grumixama<\/a>\t<\/td><td class=\"column-3\"><em>Eugenia brasiliensis<\/em>\t<\/td><td class=\"column-4\">Myrtaceae\t<\/td><td class=\"column-5\">Complementar<\/td>\n<\/tr>\n<tr class=\"row-28\">\n\t<td class=\"column-1\">27<\/td><td class=\"column-2\"><a href=\"http:\/\/nossacasa.net\/nossosriachos\/agroecologia\/guanandi\/\">Guanandi<\/a>\t<\/td><td class=\"column-3\"><em>Calophyllum brasiliensis<\/em>\t<\/td><td class=\"column-4\">Guttiferae\t<\/td><td class=\"column-5\">Peculiar<\/td>\n<\/tr>\n<tr class=\"row-29\">\n\t<td class=\"column-1\">28<\/td><td class=\"column-2\"><a href=\"http:\/\/nossacasa.net\/nossosriachos\/agroecologia\/guaraiuva\/\">Guarai\u00fava<\/a>\t<\/td><td class=\"column-3\"><em>Securinaga guaraiuva<\/em>\t<\/td><td class=\"column-4\">Euphorbiaceae\t<\/td><td class=\"column-5\">Complementar<\/td>\n<\/tr>\n<tr class=\"row-30\">\n\t<td class=\"column-1\">29<\/td><td class=\"column-2\"><a href=\"http:\/\/nossacasa.net\/nossosriachos\/agroecologia\/inga\/\" rel=\"noopener\" target=\"_blank\">Ing\u00e1<\/a>\t<\/td><td class=\"column-3\"><em>Inga fegifolia\t<\/em><\/td><td class=\"column-4\">Mimosaceae\t<\/td><td class=\"column-5\">Complementar<\/td>\n<\/tr>\n<tr class=\"row-31\">\n\t<td class=\"column-1\">30<\/td><td class=\"column-2\"><a href=\"http:\/\/nossacasa.net\/nossosriachos\/agroecologia\/ipe-do-brejo\/\" rel=\"noopener\" target=\"_blank\">Ip\u00ea do Brejo<\/a>\t<\/td><td class=\"column-3\"><em>Tabebuia umbellata<\/em>\t<\/td><td class=\"column-4\">Bignoniaceae\t<\/td><td class=\"column-5\">Peculiar<\/td>\n<\/tr>\n<tr class=\"row-32\">\n\t<td class=\"column-1\">31<\/td><td class=\"column-2\"><a href=\"http:\/\/nossacasa.net\/nossosriachos\/agroecologia\/iricurana\/\">Iricurana<\/a>\t<\/td><td class=\"column-3\"><em>Alchornea iricurana<\/em>\t<\/td><td class=\"column-4\">Euphorbiaceae\t<\/td><td class=\"column-5\">Complementar<\/td>\n<\/tr>\n<tr class=\"row-33\">\n\t<td class=\"column-1\">32<\/td><td class=\"column-2\"><a href=\"http:\/\/nossacasa.net\/nossosriachos\/agroecologia\/jatoba\/\">Jatob\u00e1<\/a>\t<\/td><td class=\"column-3\"><em>Hymanea courbaril\t<\/em><\/td><td class=\"column-4\">Caesalpiniaceae\t<\/td><td class=\"column-5\">Complementar<\/td>\n<\/tr>\n<tr class=\"row-34\">\n\t<td class=\"column-1\">33<\/td><td class=\"column-2\"><a href=\"http:\/\/nossacasa.net\/nossosriachos\/agroecologia\/leiteira-pau-de-leite\/\" rel=\"noopener\" target=\"_blank\">Leiteira, Pau de Leite<\/a><\/td><td class=\"column-3\"><em>Sapium bigiandulosum<\/em>\t<\/td><td class=\"column-4\">Euphorbiaceae\t<\/td><td class=\"column-5\">Complementar<\/td>\n<\/tr>\n<tr class=\"row-35\">\n\t<td class=\"column-1\">34<\/td><td class=\"column-2\"><a href=\"http:\/\/nossacasa.net\/nossosriachos\/agroecologia\/mamica-de-porca\/\" rel=\"noopener\" target=\"_blank\">Mamica de Porca<\/a>\t<\/td><td class=\"column-3\"><em>Zanthoxylum riedeliainum<\/em>\t<\/td><td class=\"column-4\">Rutaceae\t<\/td><td class=\"column-5\">Complementar<\/td>\n<\/tr>\n<tr class=\"row-36\">\n\t<td class=\"column-1\">35<\/td><td class=\"column-2\"><a href=\"http:\/\/nossacasa.net\/nossosriachos\/agroecologia\/maria-mole\/\" rel=\"noopener\" target=\"_blank\">Maria Mole<\/a>\t<\/td><td class=\"column-3\"><em>Dendropanax cuneatum<\/em>\t<\/td><td class=\"column-4\">Araliaceae\t<\/td><td class=\"column-5\">Peculiar<\/td>\n<\/tr>\n<tr class=\"row-37\">\n\t<td class=\"column-1\">36<\/td><td class=\"column-2\"><a href=\"http:\/\/nossacasa.net\/nossosriachos\/agroecologia\/marinheiro\/\" rel=\"noopener\" target=\"_blank\">Marinheiro<\/a>\t<\/td><td class=\"column-3\"><em>Guarea guidonia<\/em>\t<\/td><td class=\"column-4\">Meliaceae\t<\/td><td class=\"column-5\">Peculiar<\/td>\n<\/tr>\n<tr class=\"row-38\">\n\t<td class=\"column-1\">37<\/td><td class=\"column-2\"><a href=\"http:\/\/nossacasa.net\/nossosriachos\/agroecologia\/marmelo-bravo\/\" rel=\"noopener\" target=\"_blank\">Marmelo Bravo<\/a>\t<\/td><td class=\"column-3\"><em>Prunus sellowii<\/em>\t<\/td><td class=\"column-4\">Rosaceae\t<\/td><td class=\"column-5\">Complementar<\/td>\n<\/tr>\n<tr class=\"row-39\">\n\t<td class=\"column-1\">38<\/td><td class=\"column-2\"><a href=\"http:\/\/nossacasa.net\/nossosriachos\/agroecologia\/mulungu\/\" rel=\"noopener\" target=\"_blank\">Mulungu<\/a>\t<\/td><td class=\"column-3\"><em>Erythrina falcata<\/em>\t<\/td><td class=\"column-4\">Fabaceae\t<\/td><td class=\"column-5\">Complementar<\/td>\n<\/tr>\n<tr class=\"row-40\">\n\t<td class=\"column-1\">39<\/td><td class=\"column-2\"><a href=\"http:\/\/nossacasa.net\/nossosriachos\/agroecologia\/paineira\/\" rel=\"noopener\" target=\"_blank\">Paineira<\/a><\/td><td class=\"column-3\"><em>Chorisia speciosa\t<\/em><\/td><td class=\"column-4\">Bombacaceae\t<\/td><td class=\"column-5\">Complementar<\/td>\n<\/tr>\n<tr class=\"row-41\">\n\t<td class=\"column-1\">40<\/td><td class=\"column-2\"><a href=\"http:\/\/nossacasa.net\/nossosriachos\/agroecologia\/palmito-branco\/\" rel=\"noopener\" target=\"_blank\">Palmito Branco<\/a>\t<\/td><td class=\"column-3\"><em>Euterpe edulis<\/em>\t<\/td><td class=\"column-4\">Palmae\t<\/td><td class=\"column-5\">Complementar<\/td>\n<\/tr>\n<tr class=\"row-42\">\n\t<td class=\"column-1\">41<\/td><td class=\"column-2\"><a href=\"http:\/\/nossacasa.net\/nossosriachos\/agroecologia\/passuare\/\" rel=\"noopener\" target=\"_blank\">Passuar\u00e9<\/a>\t<\/td><td class=\"column-3\"><em>Sclerobium paniculatum<\/em><\/td><td class=\"column-4\">Caesalpiniaceae\t<\/td><td class=\"column-5\">Complementar<\/td>\n<\/tr>\n<tr class=\"row-43\">\n\t<td class=\"column-1\">42<\/td><td class=\"column-2\"><a href=\"http:\/\/nossacasa.net\/nossosriachos\/agroecologia\/pau-dalho\/\" rel=\"noopener\" target=\"_blank\">Pau D\u2019alho<\/a>\t<\/td><td class=\"column-3\"><em>Galesia integrifolia<\/em>\t<\/td><td class=\"column-4\">Phytolaccaceae\t<\/td><td class=\"column-5\">Complementar<\/td>\n<\/tr>\n<tr class=\"row-44\">\n\t<td class=\"column-1\">43<\/td><td class=\"column-2\"><a href=\"http:\/\/nossacasa.net\/nossosriachos\/agroecologia\/pau-doleo\/\" rel=\"noopener\" target=\"_blank\">Pau D\u2019\u00d3leo<\/a>\t<\/td><td class=\"column-3\"><em>Copaifera langsdorffii<\/em>\t<\/td><td class=\"column-4\">Caesalpiniaceae\t<\/td><td class=\"column-5\">Complementar<\/td>\n<\/tr>\n<tr class=\"row-45\">\n\t<td class=\"column-1\">44<\/td><td class=\"column-2\"><a href=\"http:\/\/nossacasa.net\/nossosriachos\/agroecologia\/pau-de-lanca\/\" rel=\"noopener\" target=\"_blank\">Pau de Lan\u00e7a<\/a>\t<\/td><td class=\"column-3\"><em>Terminalia triflora<\/em>\t<\/td><td class=\"column-4\">Combretaceae\t<\/td><td class=\"column-5\">Peculiar<\/td>\n<\/tr>\n<tr class=\"row-46\">\n\t<td class=\"column-1\">45<\/td><td class=\"column-2\"><a href=\"http:\/\/nossacasa.net\/nossosriachos\/agroecologia\/pau-de-viola\/\" rel=\"noopener\" target=\"_blank\">Pau de Viola<\/a>\t\t<\/td><td class=\"column-3\"><em>Citharexylum myrianthum<\/em>\t<\/td><td class=\"column-4\">Verbenaceae<\/td><td class=\"column-5\">Peculiar<\/td>\n<\/tr>\n<tr class=\"row-47\">\n\t<td class=\"column-1\">46<\/td><td class=\"column-2\"><a href=\"http:\/\/nossacasa.net\/nossosriachos\/agroecologia\/peroba-dagua\/\" rel=\"noopener\" target=\"_blank\">Peroba D\u2019\u00e1gua<\/a>\t<\/td><td class=\"column-3\"><em>Sessea brasiliensis<\/em><\/td><td class=\"column-4\">Solanaceae\t<\/td><td class=\"column-5\">Peculiar<\/td>\n<\/tr>\n<tr class=\"row-48\">\n\t<td class=\"column-1\">47<\/td><td class=\"column-2\"><a href=\"http:\/\/nossacasa.net\/nossosriachos\/agroecologia\/pindaiba\/\" rel=\"noopener\" target=\"_blank\">Pinda\u00edba<\/a>\t<\/td><td class=\"column-3\"><em>Xylopia brasiliensis<\/em>\t<\/td><td class=\"column-4\">Annonaceae\t<\/td><td class=\"column-5\">Peculiar<\/td>\n<\/tr>\n<tr class=\"row-49\">\n\t<td class=\"column-1\">48<\/td><td class=\"column-2\"><a href=\"http:\/\/nossacasa.net\/nossosriachos\/agroecologia\/pinha-do-brejo\/\" rel=\"noopener\" target=\"_blank\">Pinha do Brejo<\/a>\t<\/td><td class=\"column-3\"><em>Talauma ovata<\/em>\t<\/td><td class=\"column-4\">Magnoliaceae\t<\/td><td class=\"column-5\">Peculiar<\/td>\n<\/tr>\n<tr class=\"row-50\">\n\t<td class=\"column-1\">49<\/td><td class=\"column-2\"><a href=\"http:\/\/nossacasa.net\/nossosriachos\/agroecologia\/suinha\/\" rel=\"noopener\" target=\"_blank\">Suinha<\/a>\t<\/td><td class=\"column-3\"><em>Erythrina crist-galli\t<\/em><\/td><td class=\"column-4\">Fabaceae\t<\/td><td class=\"column-5\">Peculiar<\/td>\n<\/tr>\n<tr class=\"row-51\">\n\t<td class=\"column-1\">50<\/td><td class=\"column-2\"><a href=\"http:\/\/nossacasa.net\/nossosriachos\/agroecologia\/taiuva\/\" rel=\"noopener\" target=\"_blank\">Tai\u00fava<\/a>\t<\/td><td class=\"column-3\"><em>Chlorophora tinctoria<\/em>\t<\/td><td class=\"column-4\">Moraceae\t<\/td><td class=\"column-5\">Complementar<\/td>\n<\/tr>\n<tr class=\"row-52\">\n\t<td class=\"column-1\">51<\/td><td class=\"column-2\"><a href=\"http:\/\/nossacasa.net\/nossosriachos\/agroecologia\/tapia\/\" rel=\"noopener\" target=\"_blank\">Tapi\u00e1<\/a>\t<\/td><td class=\"column-3\"><em>Alchornea triplinervia<\/em>\t<\/td><td class=\"column-4\">Euphorbiaceae\t<\/td><td class=\"column-5\">Complementar<\/td>\n<\/tr>\n<tr class=\"row-53\">\n\t<td class=\"column-1\">52<\/td><td class=\"column-2\"><a href=\"http:\/\/nossacasa.net\/nossosriachos\/agroecologia\/taruma\/\" rel=\"noopener\" target=\"_blank\">Tarum\u00e3<\/a>\t<\/td><td class=\"column-3\"><em>Vitex megapotamica<\/em>\t<\/td><td class=\"column-4\">Verbenaceae\t<\/td><td class=\"column-5\">Complementar<\/td>\n<\/tr>\n<tr class=\"row-54\">\n\t<td class=\"column-1\">53<\/td><td class=\"column-2\"><a href=\"http:\/\/nossacasa.net\/nossosriachos\/agroecologia\/urucarana\/\" rel=\"noopener\" target=\"_blank\">Urucarana, Drago<\/a><\/td><td class=\"column-3\"><em>Croton urucurana<\/em><\/td><td class=\"column-4\"><\/td><td class=\"column-5\"><\/td>\n<\/tr>\n<\/tbody>\n<\/table>\n\n<hr \/ >\nFonte: <em>https:\/\/www.mundoecologia.com.br\/natureza\/plantas-frutiferas-para-brejo\/<\/em><\/p>\n<hr \/>\n<\/div>\n","protected":false},"excerpt":{"rendered":"<p>Todas as plantas citadas na tabela abaixo se desenvolvem perfeitamente bem no solo encharcado dos brejos, e elas se dividem entre plantas complementares e peculiares, sendo que as complementares s\u00e3o plantas que se desenvolvem tanto em brejos quanto em outros &hellip; <a href=\"http:\/\/nossacasa.net\/nossosriachos\/agroecologia\/plantas-de-brejo\/\">Continue lendo <span class=\"meta-nav\">&rarr;<\/span><\/a><\/p>\n","protected":false},"author":1,"featured_media":0,"parent":0,"menu_order":0,"comment_status":"closed","ping_status":"closed","template":"","meta":{"footnotes":""},"class_list":["post-761","page","type-page","status-publish","hentry"],"_links":{"self":[{"href":"http:\/\/nossacasa.net\/nossosriachos\/agroecologia\/wp-json\/wp\/v2\/pages\/761","targetHints":{"allow":["GET"]}}],"collection":[{"href":"http:\/\/nossacasa.net\/nossosriachos\/agroecologia\/wp-json\/wp\/v2\/pages"}],"about":[{"href":"http:\/\/nossacasa.net\/nossosriachos\/agroecologia\/wp-json\/wp\/v2\/types\/page"}],"author":[{"embeddable":true,"href":"http:\/\/nossacasa.net\/nossosriachos\/agroecologia\/wp-json\/wp\/v2\/users\/1"}],"replies":[{"embeddable":true,"href":"http:\/\/nossacasa.net\/nossosriachos\/agroecologia\/wp-json\/wp\/v2\/comments?post=761"}],"version-history":[{"count":2,"href":"http:\/\/nossacasa.net\/nossosriachos\/agroecologia\/wp-json\/wp\/v2\/pages\/761\/revisions"}],"predecessor-version":[{"id":1866,"href":"http:\/\/nossacasa.net\/nossosriachos\/agroecologia\/wp-json\/wp\/v2\/pages\/761\/revisions\/1866"}],"wp:attachment":[{"href":"http:\/\/nossacasa.net\/nossosriachos\/agroecologia\/wp-json\/wp\/v2\/media?parent=761"}],"curies":[{"name":"wp","href":"https:\/\/api.w.org\/{rel}","templated":true}]}}