{"id":768,"date":"2019-10-19T22:11:24","date_gmt":"2019-10-20T01:11:24","guid":{"rendered":"http:\/\/nossacasa.net\/nossosriachos\/agroecologia\/?page_id=768"},"modified":"2019-10-31T10:50:37","modified_gmt":"2019-10-31T13:50:37","slug":"arvores-do-tiririca","status":"publish","type":"page","link":"http:\/\/nossacasa.net\/nossosriachos\/agroecologia\/arvores-do-tiririca\/","title":{"rendered":"\u00c1rvores no Tiririca"},"content":{"rendered":"<div style=\"text-align: justify;\">\nEsp\u00e9cies vegetais de ciclo lingo, usadas na recupera\u00e7\u00e3o vegetal da margem esquerda do C\u00f3rrego da Tiririca (dos Colibris) usando t\u00e9cnica de agricultura sintr\u00f3pica. Projeto realizado pelo <strong>Coletivo C\u00f3rrego da Tiririca<\/strong>.<\/p>\n\n<table id=\"tablepress-2\" class=\"tablepress tablepress-id-2\">\n<thead>\n<tr class=\"row-1\">\n\t<th class=\"column-1\"><strong>Item<\/strong><\/th><th class=\"column-2\"><strong>Nome Popular<\/strong> <\/th><th class=\"column-3\"><strong>Nome Cient\u00edfico<\/strong><\/th><th class=\"column-4\"><strong>Fam\u00edlia<\/strong> <\/th><th class=\"column-5\"><strong>Ninhos<\/strong><\/th>\n<\/tr>\n<\/thead>\n<tbody class=\"row-striping row-hover\">\n<tr class=\"row-2\">\n\t<td class=\"column-1\">1<\/td><td class=\"column-2\"><a href=\"http:\/\/nossacasa.net\/nossosriachos\/agroecologia\/abacateiro\/\" rel=\"noopener\" target=\"_blank\">Abacateiro<\/a><\/td><td class=\"column-3\"><em>Persea americana<\/em><\/td><td class=\"column-4\">Lauraceae<\/td><td class=\"column-5\">002-037-038-081-098<\/td>\n<\/tr>\n<tr class=\"row-3\">\n\t<td class=\"column-1\">2<\/td><td class=\"column-2\"><a href=\"http:\/\/nossacasa.net\/nossosriachos\/agroecologia\/abieiro\/\" rel=\"noopener\" target=\"_blank\">Abieiro<\/a><\/td><td class=\"column-3\"><em>Pouteria caimito<\/em><\/td><td class=\"column-4\">Sapotacea<\/td><td class=\"column-5\">042-052-055-057<\/td>\n<\/tr>\n<tr class=\"row-4\">\n\t<td class=\"column-1\">3<\/td><td class=\"column-2\"><a href=\"http:\/\/nossacasa.net\/nossosriachos\/agroecologia\/acai\/\" rel=\"noopener\" target=\"_blank\">A\u00e7a\u00ed<\/a><\/td><td class=\"column-3\"><em>Euterpe oleracea<\/em><\/td><td class=\"column-4\">Arecaceae<\/td><td class=\"column-5\">001-004-006-007-008-013-016-018-026-028-031-057-067-070-075-076-077-079-082<\/td>\n<\/tr>\n<tr class=\"row-5\">\n\t<td class=\"column-1\">4<\/td><td class=\"column-2\"><a href=\"http:\/\/nossacasa.net\/nossosriachos\/agroecologia\/amoreira-negra\/\" rel=\"noopener\" target=\"_blank\">Amoreira-negra <\/a><\/td><td class=\"column-3\"><em>Morus nigra<\/em><\/td><td class=\"column-4\">Moraceae<\/td><td class=\"column-5\">031-034-042-056<\/td>\n<\/tr>\n<tr class=\"row-6\">\n\t<td class=\"column-1\">5<\/td><td class=\"column-2\"><a href=\"http:\/\/nossacasa.net\/nossosriachos\/agroecologia\/angico-branco\/\" rel=\"noopener\" target=\"_blank\">Angico-branco<\/a><\/td><td class=\"column-3\"><em>Senegalia polyphylla<\/em><\/td><td class=\"column-4\">Fabaceae<\/td><td class=\"column-5\">008-013-034-048-070-075<\/td>\n<\/tr>\n<tr class=\"row-7\">\n\t<td class=\"column-1\">6<\/td><td class=\"column-2\"><a href=\"http:\/\/nossacasa.net\/nossosriachos\/agroecologia\/aracaeiro\/\" rel=\"noopener\" target=\"_blank\">Ara\u00e7aeiro<\/a><\/td><td class=\"column-3\"><em>Psidium cattleianum<\/em><\/td><td class=\"column-4\">Myrtaceae<\/td><td class=\"column-5\">034<\/td>\n<\/tr>\n<tr class=\"row-8\">\n\t<td class=\"column-1\">7<\/td><td class=\"column-2\"><a href=\"http:\/\/nossacasa.net\/nossosriachos\/agroecologia\/aroeira-vermelha\/\" rel=\"noopener\" target=\"_blank\">Aroeira-vermelha<\/a><\/td><td class=\"column-3\"><em>Schinus terebinthifolius<\/em><\/td><td class=\"column-4\">Anacardiaceae<\/td><td class=\"column-5\">009-020-024-033-041-050-053-054-055-057-059-063-074-100<\/td>\n<\/tr>\n<tr class=\"row-9\">\n\t<td class=\"column-1\">8<\/td><td class=\"column-2\"><a href=\"http:\/\/nossacasa.net\/nossosriachos\/agroecologia\/bananeira\/\" rel=\"noopener\" target=\"_blank\">Bananeira<\/a><br \/>\n<\/td><td class=\"column-3\"><em>Musa<\/em> spp.<\/td><td class=\"column-4\">Musaceae<\/td><td class=\"column-5\">038-052-055<\/td>\n<\/tr>\n<tr class=\"row-10\">\n\t<td class=\"column-1\">9<\/td><td class=\"column-2\"><a href=\"http:\/\/nossacasa.net\/nossosriachos\/agroecologia\/caja-mirim\/\" rel=\"noopener\" target=\"_blank\">Caj\u00e1-mirim<\/a><br \/>\n<a href=\"http:\/\/nossacasa.net\/nossosriachos\/agroecologia\/caja-manga\/\" rel=\"noopener\" target=\"_blank\">Caj\u00e1-manga<\/a><br \/>\n<\/td><td class=\"column-3\"><em>Spondias mombin<\/em><br \/>\n<em>Spondias dulcis<\/em><\/td><td class=\"column-4\">Anacardiaceae<\/td><td class=\"column-5\">033-094<\/td>\n<\/tr>\n<tr class=\"row-11\">\n\t<td class=\"column-1\">10<\/td><td class=\"column-2\"><a href=\"http:\/\/nossacasa.net\/nossosriachos\/agroecologia\/chapeu-de-napoleao\/\" rel=\"noopener\" target=\"_blank\">Chap\u00e9u-de-napole\u00e3o <\/a><\/td><td class=\"column-3\"><em>Thevetia peruviana<\/em><\/td><td class=\"column-4\">Apocynaceae<\/td><td class=\"column-5\">018-065<\/td>\n<\/tr>\n<tr class=\"row-12\">\n\t<td class=\"column-1\">11<\/td><td class=\"column-2\"><a href=\"http:\/\/nossacasa.net\/nossosriachos\/agroecologia\/chicha-fedorento\/\" rel=\"noopener\" target=\"_blank\">Chich\u00e1-fedorento<\/a><\/td><td class=\"column-3\"><em>Sterculia foetida<\/em><\/td><td class=\"column-4\">Sterculiaceae<\/td><td class=\"column-5\">026-032-033-035-051-053-054-056-057-<\/td>\n<\/tr>\n<tr class=\"row-13\">\n\t<td class=\"column-1\">12<\/td><td class=\"column-2\"><a href=\"http:\/\/nossacasa.net\/nossosriachos\/agroecologia\/coqueiro\/\" rel=\"noopener\" target=\"_blank\">Coqueiro<\/a><\/td><td class=\"column-3\"><em>Cocos nucifera<\/em><\/td><td class=\"column-4\"> Arecaceae<\/td><td class=\"column-5\">033-048<\/td>\n<\/tr>\n<tr class=\"row-14\">\n\t<td class=\"column-1\">13<\/td><td class=\"column-2\"><a href=\"http:\/\/nossacasa.net\/nossosriachos\/agroecologia\/flamboyant\/\" rel=\"noopener\" target=\"_blank\">Flamboyant<\/a><\/td><td class=\"column-3\"><em>Delonix regia<\/em><\/td><td class=\"column-4\">Fabaceae<\/td><td class=\"column-5\">052<\/td>\n<\/tr>\n<tr class=\"row-15\">\n\t<td class=\"column-1\">14<\/td><td class=\"column-2\"><a href=\"http:\/\/nossacasa.net\/nossosriachos\/agroecologia\/flamboyant-mirim\/\" rel=\"noopener\" target=\"_blank\">Flamboyant-mirim <\/a><\/td><td class=\"column-3\"><em>Caesalpinia pulcherrima<\/em><\/td><td class=\"column-4\">Fabaceae<\/td><td class=\"column-5\">014-015-018-023-060-065-068-069-094-096-097-100-103<\/td>\n<\/tr>\n<tr class=\"row-16\">\n\t<td class=\"column-1\">15<\/td><td class=\"column-2\"><a href=\"http:\/\/nossacasa.net\/nossosriachos\/agroecologia\/grumixama\/\" rel=\"noopener\" target=\"_blank\">Grumixama<\/a><\/td><td class=\"column-3\"><em>Eugenia brasiliensis<\/em><\/td><td class=\"column-4\">Myrtaceae<\/td><td class=\"column-5\">004-007-012-016-067-071-076-079<\/td>\n<\/tr>\n<tr class=\"row-17\">\n\t<td class=\"column-1\">16<\/td><td class=\"column-2\"><a href=\"http:\/\/nossacasa.net\/nossosriachos\/agroecologia\/inga\/\" rel=\"noopener\" target=\"_blank\">Ing\u00e1<\/a><\/td><td class=\"column-3\"><em>Inga edulis<\/em><\/td><td class=\"column-4\">Fabaceae<\/td><td class=\"column-5\">015-068<\/td>\n<\/tr>\n<tr class=\"row-18\">\n\t<td class=\"column-1\">17<\/td><td class=\"column-2\"><a href=\"http:\/\/nossacasa.net\/nossosriachos\/agroecologia\/ipe-de-jardim\/\" rel=\"noopener\" target=\"_blank\">Ip\u00ea-de-Jardim<\/a><\/td><td class=\"column-3\"><em>Tecoma Stans<\/em><\/td><td class=\"column-4\">Bignoniaceae<\/td><td class=\"column-5\">011-027-072<\/td>\n<\/tr>\n<tr class=\"row-19\">\n\t<td class=\"column-1\">18<\/td><td class=\"column-2\"><a href=\"http:\/\/nossacasa.net\/nossosriachos\/agroecologia\/ipe-rosa\/\">Ip\u00ea-rosa<\/a><\/td><td class=\"column-3\"><em>Tabebuia impetiginosa<\/em><\/td><td class=\"column-4\">Bignoniaceae<\/td><td class=\"column-5\">001-005-033-078-082<\/td>\n<\/tr>\n<tr class=\"row-20\">\n\t<td class=\"column-1\">19<\/td><td class=\"column-2\"><a href=\"http:\/\/nossacasa.net\/nossosriachos\/agroecologia\/jacaranda-mimoso\/\" rel=\"noopener\" target=\"_blank\">Jacarand\u00e1-mimoso<\/a> <\/td><td class=\"column-3\"><em>Jacaranda mimosifolia<\/em><\/td><td class=\"column-4\">Bignoniaceae<\/td><td class=\"column-5\">031-040<\/td>\n<\/tr>\n<tr class=\"row-21\">\n\t<td class=\"column-1\">20<\/td><td class=\"column-2\"><a href=\"http:\/\/nossacasa.net\/nossosriachos\/agroecologia\/jabuticabeira\/\" rel=\"noopener\" target=\"_blank\">Jabuticabeira<\/a><\/td><td class=\"column-3\"><em>Plinia cauliflora<\/em><\/td><td class=\"column-4\">Myrtaceae<\/td><td class=\"column-5\">011-039-072-088-089-093-097<\/td>\n<\/tr>\n<tr class=\"row-22\">\n\t<td class=\"column-1\">21<\/td><td class=\"column-2\"><a href=\"http:\/\/nossacasa.net\/nossosriachos\/agroecologia\/jambo-vermelho\/\" rel=\"noopener\" target=\"_blank\">Jambo-vermelho<\/a><\/td><td class=\"column-3\"><em>Syzygium jambos<\/em><\/td><td class=\"column-4\">Myrtaceae<\/td><td class=\"column-5\">006-077-088-<\/td>\n<\/tr>\n<tr class=\"row-23\">\n\t<td class=\"column-1\">22<\/td><td class=\"column-2\"><a href=\"http:\/\/nossacasa.net\/nossosriachos\/agroecologia\/laranjeira\/\" rel=\"noopener\" target=\"_blank\">Laranjeira<\/a><\/td><td class=\"column-3\"><em>Citrus sinensis<\/em><\/td><td class=\"column-4\">Rutaceae<\/td><td class=\"column-5\">012-041-050-071<\/td>\n<\/tr>\n<tr class=\"row-24\">\n\t<td class=\"column-1\">23<\/td><td class=\"column-2\"><a href=\"http:\/\/nossacasa.net\/nossosriachos\/agroecologia\/limoeiro\/\" rel=\"noopener\" target=\"_blank\">Limoeiro<\/a><\/td><td class=\"column-3\"><em>Citrus lemon<\/em><\/td><td class=\"column-4\">Rutaceae<\/td><td class=\"column-5\">002-004-006-007-024-032-042-052-053-055-057-059-076-077-079-081<\/td>\n<\/tr>\n<tr class=\"row-25\">\n\t<td class=\"column-1\">24<\/td><td class=\"column-2\"><a href=\"http:\/\/nossacasa.net\/nossosriachos\/agroecologia\/mamoeiro\/\" rel=\"noopener\" target=\"_blank\">Mamoeiro<\/a><\/td><td class=\"column-3\"><em>Carica papaya<\/em><\/td><td class=\"column-4\">Caricaceae<\/td><td class=\"column-5\">007-034-055-076-095-<\/td>\n<\/tr>\n<tr class=\"row-26\">\n\t<td class=\"column-1\">25<\/td><td class=\"column-2\"><a href=\"http:\/\/nossacasa.net\/nossosriachos\/agroecologia\/mangueira\/\" rel=\"noopener\" target=\"_blank\">Mangueira<\/a><\/td><td class=\"column-3\"><em>Mangifera indica<\/em><\/td><td class=\"column-4\">Anacardiaceae<\/td><td class=\"column-5\">010-020-029-030-032-037-049-063-073-<\/td>\n<\/tr>\n<tr class=\"row-27\">\n\t<td class=\"column-1\">26<\/td><td class=\"column-2\"><a href=\"http:\/\/nossacasa.net\/nossosriachos\/agroecologia\/pata-de-vaca-branca\/\">Pata-de-vaca (branca)<\/a><\/td><td class=\"column-3\"><em>Bauhinia forficata<\/em><\/td><td class=\"column-4\">Fabaceae<\/td><td class=\"column-5\">022-024-027-039-059-087-092??<\/td>\n<\/tr>\n<tr class=\"row-28\">\n\t<td class=\"column-1\">27<\/td><td class=\"column-2\"><a href=\"http:\/\/nossacasa.net\/nossosriachos\/agroecologia\/pata-de-vaca-rosa\/\">Pata-de-vaca (rosa)<\/a><\/td><td class=\"column-3\"><em>Bauhinia variegata<\/em><\/td><td class=\"column-4\">Fabaceae<\/td><td class=\"column-5\">022-024-027-039-059-087-092??<\/td>\n<\/tr>\n<tr class=\"row-29\">\n\t<td class=\"column-1\">28<\/td><td class=\"column-2\"><a href=\"http:\/\/nossacasa.net\/nossosriachos\/agroecologia\/murta-de-cheiro\/\" rel=\"noopener\" target=\"_blank\">Murta-de-cheiro<\/a><\/td><td class=\"column-3\"><em>Murraya paniculata<\/em>.<\/td><td class=\"column-4\">Rutaceae<\/td><td class=\"column-5\">034-103-<\/td>\n<\/tr>\n<tr class=\"row-30\">\n\t<td class=\"column-1\">29<\/td><td class=\"column-2\"><a href=\"http:\/\/nossacasa.net\/nossosriachos\/agroecologia\/pau-dalho\/\" rel=\"noopener\" target=\"_blank\">Pau-d'alho<\/a> <\/td><td class=\"column-3\"><em>Gallesia integrifolia<\/em><\/td><td class=\"column-4\">Phytolaccaceae<\/td><td class=\"column-5\">008-011-014-015-018-023-028-036-037-060-065-068-069-072-075-079-087-098-099-102-<\/td>\n<\/tr>\n<tr class=\"row-31\">\n\t<td class=\"column-1\">30<\/td><td class=\"column-2\"><a href=\"http:\/\/nossacasa.net\/nossosriachos\/agroecologia\/pau-de-viola\/\">Pau-de-viola<\/a><\/td><td class=\"column-3\"><em>Cyntharexyllum myrianthum<\/em><\/td><td class=\"column-4\">Verbenaceae<\/td><td class=\"column-5\">014-015-040-068-069-<\/td>\n<\/tr>\n<tr class=\"row-32\">\n\t<td class=\"column-1\">31<\/td><td class=\"column-2\"><a href=\"http:\/\/nossacasa.net\/nossosriachos\/agroecologia\/pau-ferro\/\" rel=\"noopener\" target=\"_blank\">Pau-ferro<\/a><\/td><td class=\"column-3\"><em>Caesalpinia ferrea<\/em><\/td><td class=\"column-4\">Fabaceae<\/td><td class=\"column-5\">002-022-024-025-029-048-055-056-061-081<\/td>\n<\/tr>\n<tr class=\"row-33\">\n\t<td class=\"column-1\">32<\/td><td class=\"column-2\"><a href=\"http:\/\/nossacasa.net\/nossosriachos\/agroecologia\/pau-formiga\/\" rel=\"noopener\" target=\"_blank\">Pau-formiga<\/a><\/td><td class=\"column-3\"><em>Triplaris americana<\/em><\/td><td class=\"column-4\">Polygonaceae<\/td><td class=\"column-5\">049-089-091-092-093-096-097-100<\/td>\n<\/tr>\n<tr class=\"row-34\">\n\t<td class=\"column-1\">33<\/td><td class=\"column-2\"><a href=\"http:\/\/nossacasa.net\/nossosriachos\/agroecologia\/pinha\/\" rel=\"noopener\" target=\"_blank\">Pinha<\/a><\/td><td class=\"column-3\"><em>Annona squamosa<\/em><\/td><td class=\"column-4\">Annonaceae<\/td><td class=\"column-5\">041-050-054<\/td>\n<\/tr>\n<tr class=\"row-35\">\n\t<td class=\"column-1\">34<\/td><td class=\"column-2\"><a href=\"http:\/\/nossacasa.net\/nossosriachos\/agroecologia\/pitangueira\/\" rel=\"noopener\" target=\"_blank\">Pitangueira<\/a><\/td><td class=\"column-3\"><em>Eugenia uniflora<\/em><\/td><td class=\"column-4\">Myrtaceae<\/td><td class=\"column-5\">003-016-021-024-025-028-031-048-049-050-052-059-062-067-080-098-102-<\/td>\n<\/tr>\n<tr class=\"row-36\">\n\t<td class=\"column-1\">35<\/td><td class=\"column-2\"><a href=\"http:\/\/nossacasa.net\/nossosriachos\/agroecologia\/quaresmeira\/\" rel=\"noopener\" target=\"_blank\">Quaresmeira<\/a><\/td><td class=\"column-3\"><em>Tibouchina granulosa<\/em><\/td><td class=\"column-4\">Melastomataceae<\/td><td class=\"column-5\">001-082<\/td>\n<\/tr>\n<tr class=\"row-37\">\n\t<td class=\"column-1\">36<\/td><td class=\"column-2\"><a href=\"http:\/\/nossacasa.net\/nossosriachos\/agroecologia\/seriguela\/\" rel=\"noopener\" target=\"_blank\">Seriguela<\/a><\/td><td class=\"column-3\"><em>Spondias purpurea<\/em><\/td><td class=\"column-4\">Anacardiaceae<\/td><td class=\"column-5\">006-009-074-077<\/td>\n<\/tr>\n<tr class=\"row-38\">\n\t<td class=\"column-1\">37<\/td><td class=\"column-2\"><a href=\"http:\/\/nossacasa.net\/nossosriachos\/agroecologia\/tamboril\/\" rel=\"noopener\" target=\"_blank\">Tamboril<\/a><\/td><td class=\"column-3\"><em>Enterolobium contortisiliquum<\/em><\/td><td class=\"column-4\">Fabaceae<\/td><td class=\"column-5\">004-049-054-056-057-079<\/td>\n<\/tr>\n<tr class=\"row-39\">\n\t<td class=\"column-1\">38<\/td><td class=\"column-2\"><a href=\"http:\/\/nossacasa.net\/nossosriachos\/agroecologia\/tangerineira\/\" rel=\"noopener\" target=\"_blank\">Tangerineira<\/a><\/td><td class=\"column-3\"><em>Citrus reticulata<\/em><\/td><td class=\"column-4\">Rutaceae<\/td><td class=\"column-5\">006-009-027-074-077<\/td>\n<\/tr>\n<tr class=\"row-40\">\n\t<td class=\"column-1\">39<\/td><td class=\"column-2\"><a href=\"http:\/\/nossacasa.net\/nossosriachos\/agroecologia\/tento-vermelho\/\" rel=\"noopener\" target=\"_blank\">Tento-vermelho<\/a> <\/td><td class=\"column-3\"><em>Adenanthera pavonina<\/em><\/td><td class=\"column-4\">Fabaceae<\/td><td class=\"column-5\">017-019-030-064-066<\/td>\n<\/tr>\n<tr class=\"row-41\">\n\t<td class=\"column-1\">40<\/td><td class=\"column-2\"><a href=\"http:\/\/nossacasa.net\/nossosriachos\/agroecologia\/urucum\/\" rel=\"noopener\" target=\"_blank\">Urucum<\/a><\/td><td class=\"column-3\"><em>Bixa orellana<\/em><\/td><td class=\"column-4\">Bixaceae<\/td><td class=\"column-5\">055-078<\/td>\n<\/tr>\n<tr class=\"row-42\">\n\t<td class=\"column-1\">41<\/td><td class=\"column-2\"><a href=\"http:\/\/nossacasa.net\/nossosriachos\/agroecologia\/vinhatico\/\" rel=\"noopener\" target=\"_blank\">Vinh\u00e1tico<\/a><\/td><td class=\"column-3\"><em>Plathymenia reticulata<\/em><\/td><td class=\"column-4\">Fabaceae<\/td><td class=\"column-5\">041-042<\/td>\n<\/tr>\n<\/tbody>\n<\/table>\n\n<hr \/ >\n<\/div>\n","protected":false},"excerpt":{"rendered":"<p>Esp\u00e9cies vegetais de ciclo lingo, usadas na recupera\u00e7\u00e3o vegetal da margem esquerda do C\u00f3rrego da Tiririca (dos Colibris) usando t\u00e9cnica de agricultura sintr\u00f3pica. Projeto realizado pelo Coletivo C\u00f3rrego da Tiririca.<\/p>\n","protected":false},"author":1,"featured_media":0,"parent":0,"menu_order":0,"comment_status":"closed","ping_status":"closed","template":"","meta":{"footnotes":""},"class_list":["post-768","page","type-page","status-publish","hentry"],"_links":{"self":[{"href":"http:\/\/nossacasa.net\/nossosriachos\/agroecologia\/wp-json\/wp\/v2\/pages\/768","targetHints":{"allow":["GET"]}}],"collection":[{"href":"http:\/\/nossacasa.net\/nossosriachos\/agroecologia\/wp-json\/wp\/v2\/pages"}],"about":[{"href":"http:\/\/nossacasa.net\/nossosriachos\/agroecologia\/wp-json\/wp\/v2\/types\/page"}],"author":[{"embeddable":true,"href":"http:\/\/nossacasa.net\/nossosriachos\/agroecologia\/wp-json\/wp\/v2\/users\/1"}],"replies":[{"embeddable":true,"href":"http:\/\/nossacasa.net\/nossosriachos\/agroecologia\/wp-json\/wp\/v2\/comments?post=768"}],"version-history":[{"count":3,"href":"http:\/\/nossacasa.net\/nossosriachos\/agroecologia\/wp-json\/wp\/v2\/pages\/768\/revisions"}],"predecessor-version":[{"id":1370,"href":"http:\/\/nossacasa.net\/nossosriachos\/agroecologia\/wp-json\/wp\/v2\/pages\/768\/revisions\/1370"}],"wp:attachment":[{"href":"http:\/\/nossacasa.net\/nossosriachos\/agroecologia\/wp-json\/wp\/v2\/media?parent=768"}],"curies":[{"name":"wp","href":"https:\/\/api.w.org\/{rel}","templated":true}]}}