{"id":89,"date":"2018-03-18T19:19:29","date_gmt":"2018-03-18T22:19:29","guid":{"rendered":"http:\/\/nossacasa.net\/nossosriachos\/agroecologia\/?page_id=89"},"modified":"2019-10-20T08:35:59","modified_gmt":"2019-10-20T11:35:59","slug":"boas-vinda","status":"publish","type":"page","link":"http:\/\/nossacasa.net\/nossosriachos\/agroecologia\/","title":{"rendered":"Boas Vindas"},"content":{"rendered":"<div style=\"text-align:center\">\n<font face=\"Arial Black\" size=\"7\" color=\"#808000\">Bem-vindo a Agroecologia e Bem Viver<br \/> uma p\u00e1gina de nossosriachos.<\/font><\/p>\n<p><font face=\"Arial Rounded MT Bold\" size=\"5\" color=\"#AAAA00\">Somos o solo, somos o ar, somos a semente, somos a \u00e1gua.<br \/>\nE a comida que cultivamos na terra se converte em nosso<br \/>\ncorpo, nosso sangue, nossas c\u00e9lulas.<br \/> A comida \u00e9 a for\u00e7a<br \/>\nda vida, \u00e9 a rede da vida, e \u00e9 a continuidade da vida, da<br \/>\nTerra e de n\u00f3s mesmos. <br \/>\u00c9 por isso que o territ\u00f3rio e o corpo<br \/>\ncorrespondem quando produzimos comida da maneira<br \/>\ncorreta e comemos a comida adequada.<br \/> Mas, quando n\u00e3o<br \/>\ncorrespondemos e deixamos de pensar conscientemente na<br \/>\ncomida, nos tornamos parte deste sistema de guerra.<br \/> Ainda<br \/>\nque sejamos um pequeno elo da cadeia, estamos ajudando<br \/>\na fazer com que ele permane\u00e7a.<br \/> \u00c9 necess\u00e1rio ser consciente<br \/>\ndisto.<br \/> Caso se controle o mercado de armas, se controla as<br \/>\nguerras.<br \/> Caso voc\u00ea controle a comida, controla a sociedade.<br \/>\nE se voc\u00ea controla as sementes, controla a vida na Terra.<\/font><\/div>\n<div style=\"text-align:right\">(Vandana Shiva)<\/div>\n","protected":false},"excerpt":{"rendered":"<p>Bem-vindo a Agroecologia e Bem Viver uma p\u00e1gina de nossosriachos. Somos o solo, somos o ar, somos a semente, somos a \u00e1gua. E a comida que cultivamos na terra se converte em nosso corpo, nosso sangue, nossas c\u00e9lulas. A comida &hellip; <a href=\"http:\/\/nossacasa.net\/nossosriachos\/agroecologia\/\">Continue lendo <span class=\"meta-nav\">&rarr;<\/span><\/a><\/p>\n","protected":false},"author":1,"featured_media":5,"parent":0,"menu_order":0,"comment_status":"closed","ping_status":"closed","template":"","meta":{"footnotes":""},"class_list":["post-89","page","type-page","status-publish","has-post-thumbnail","hentry"],"_links":{"self":[{"href":"http:\/\/nossacasa.net\/nossosriachos\/agroecologia\/wp-json\/wp\/v2\/pages\/89","targetHints":{"allow":["GET"]}}],"collection":[{"href":"http:\/\/nossacasa.net\/nossosriachos\/agroecologia\/wp-json\/wp\/v2\/pages"}],"about":[{"href":"http:\/\/nossacasa.net\/nossosriachos\/agroecologia\/wp-json\/wp\/v2\/types\/page"}],"author":[{"embeddable":true,"href":"http:\/\/nossacasa.net\/nossosriachos\/agroecologia\/wp-json\/wp\/v2\/users\/1"}],"replies":[{"embeddable":true,"href":"http:\/\/nossacasa.net\/nossosriachos\/agroecologia\/wp-json\/wp\/v2\/comments?post=89"}],"version-history":[{"count":2,"href":"http:\/\/nossacasa.net\/nossosriachos\/agroecologia\/wp-json\/wp\/v2\/pages\/89\/revisions"}],"predecessor-version":[{"id":803,"href":"http:\/\/nossacasa.net\/nossosriachos\/agroecologia\/wp-json\/wp\/v2\/pages\/89\/revisions\/803"}],"wp:featuredmedia":[{"embeddable":true,"href":"http:\/\/nossacasa.net\/nossosriachos\/agroecologia\/wp-json\/wp\/v2\/media\/5"}],"wp:attachment":[{"href":"http:\/\/nossacasa.net\/nossosriachos\/agroecologia\/wp-json\/wp\/v2\/media?parent=89"}],"curies":[{"name":"wp","href":"https:\/\/api.w.org\/{rel}","templated":true}]}}