{"id":94,"date":"2018-03-21T09:58:26","date_gmt":"2018-03-21T12:58:26","guid":{"rendered":"http:\/\/nossacasa.net\/nossosriachos\/agroecologia\/?page_id=94"},"modified":"2018-03-21T10:25:05","modified_gmt":"2018-03-21T13:25:05","slug":"agrofloresta-para-todos-os-lados","status":"publish","type":"page","link":"http:\/\/nossacasa.net\/nossosriachos\/agroecologia\/agrofloresta-para-todos-os-lados\/","title":{"rendered":"Agrofloresta para todos os lados"},"content":{"rendered":"<div style=\"text-align:justify\">\n<div style=\"text-align:center\">\n<a href=\"http:\/\/www.nossacasa.net\/pdf\/Cartilhas\/Agrofloresta-para-todos-os-lados.pdf\" rel=\"noopener\" target=\"_blank\"><strong>Agrofloresta para todos os lados<\/strong><\/a><br \/>\n<a href=\"http:\/\/www.nossacasa.net\/pdf\/Cartilhas\/Agrofloresta-para-todos-os-lados.pdf\" rel=\"noopener\" target=\"_blank\"><img loading=\"lazy\" decoding=\"async\" src=\"http:\/\/nossacasa.net\/nossosriachos\/agroecologia\/wp-content\/uploads\/sites\/9\/2018\/03\/agrofloresta-para-todos-os-.jpg\" alt=\"\" width=\"443\" height=\"620\" class=\"aligncenter size-full wp-image-101\" srcset=\"http:\/\/nossacasa.net\/nossosriachos\/agroecologia\/wp-content\/uploads\/sites\/9\/2018\/03\/agrofloresta-para-todos-os-.jpg 443w, http:\/\/nossacasa.net\/nossosriachos\/agroecologia\/wp-content\/uploads\/sites\/9\/2018\/03\/agrofloresta-para-todos-os--214x300.jpg 214w\" sizes=\"auto, (max-width: 443px) 100vw, 443px\" \/><\/a><br \/>\nMaur\u00edcio Rigon Hoffmann Moura<br \/>\nRafael Carvalho Pupe<br \/>\nJu\u00e3 Jos\u00e9 Furiati Pereira<br \/>\nRoberto Guimar\u00e3es Carneiro<br \/>\nPaulo Henrique Carvalh\u00eado Nenev\u00ea<br \/>\n1\u00aa Edi\u00e7\u00e3o<br \/>\nBras\u00edlia-DF, 2011<br \/>\n<strong>Projeto Biodiversidade e Transi\u00e7\u00e3o Agroecol\u00f3gica de Agricultores Familiares<\/strong><\/p>\n<\/div>\n<p>\nO conte\u00fado desta publica\u00e7\u00e3o \u00e9 resultado do esfor\u00e7o de extensionistas, pesquisadores, agricultores e estudantes, que se dedicaram durante anos a observar e construir conhecimentos agroecol\u00f3gicos apropriados aos agricultores familiares visando ao desenvolvimento de suas atividades agr\u00edcolas de forma verdadeiramente sustent\u00e1vel. Nos \u00faltimos 3 anos, a Emater-DF, a Embrapa Recursos Gen\u00e9ticos e Biotecnologia, a Embrapa Hortali\u00e7as e a universidade de Bras\u00edlia, apoiados pelo Conselho Nacional de Desenvolvimento Cient\u00edfico e Tecnol\u00f3gico \u2013 CNPq desenvolveram o projeto denominado Biodiversidade e Transi\u00e7\u00e3o Agroecol\u00f3gica de Agricultores Familiares conseguindo agrupar e envolver os participantes, oportunizando a soma e a constru\u00e7\u00e3o de novos conhecimentos. id\u00e9ias ainda pouco praticadas, resultados de pesquisa, a proposta agroflorestal preconizada por Ernst G\u00f6tsch e o saber dos agricultores foram transformados em pr\u00e1ticas agroecol\u00f3gicas de grande valia para a agricultura familiar.\n<\/div>\n","protected":false},"excerpt":{"rendered":"<p>Agrofloresta para todos os lados Maur\u00edcio Rigon Hoffmann Moura Rafael Carvalho Pupe Ju\u00e3 Jos\u00e9 Furiati Pereira Roberto Guimar\u00e3es Carneiro Paulo Henrique Carvalh\u00eado Nenev\u00ea 1\u00aa Edi\u00e7\u00e3o Bras\u00edlia-DF, 2011 Projeto Biodiversidade e Transi\u00e7\u00e3o Agroecol\u00f3gica de Agricultores Familiares O conte\u00fado desta publica\u00e7\u00e3o \u00e9 &hellip; <a href=\"http:\/\/nossacasa.net\/nossosriachos\/agroecologia\/agrofloresta-para-todos-os-lados\/\">Continue lendo <span class=\"meta-nav\">&rarr;<\/span><\/a><\/p>\n","protected":false},"author":1,"featured_media":101,"parent":0,"menu_order":0,"comment_status":"closed","ping_status":"closed","template":"","meta":{"footnotes":""},"class_list":["post-94","page","type-page","status-publish","has-post-thumbnail","hentry"],"_links":{"self":[{"href":"http:\/\/nossacasa.net\/nossosriachos\/agroecologia\/wp-json\/wp\/v2\/pages\/94","targetHints":{"allow":["GET"]}}],"collection":[{"href":"http:\/\/nossacasa.net\/nossosriachos\/agroecologia\/wp-json\/wp\/v2\/pages"}],"about":[{"href":"http:\/\/nossacasa.net\/nossosriachos\/agroecologia\/wp-json\/wp\/v2\/types\/page"}],"author":[{"embeddable":true,"href":"http:\/\/nossacasa.net\/nossosriachos\/agroecologia\/wp-json\/wp\/v2\/users\/1"}],"replies":[{"embeddable":true,"href":"http:\/\/nossacasa.net\/nossosriachos\/agroecologia\/wp-json\/wp\/v2\/comments?post=94"}],"version-history":[{"count":9,"href":"http:\/\/nossacasa.net\/nossosriachos\/agroecologia\/wp-json\/wp\/v2\/pages\/94\/revisions"}],"predecessor-version":[{"id":110,"href":"http:\/\/nossacasa.net\/nossosriachos\/agroecologia\/wp-json\/wp\/v2\/pages\/94\/revisions\/110"}],"wp:featuredmedia":[{"embeddable":true,"href":"http:\/\/nossacasa.net\/nossosriachos\/agroecologia\/wp-json\/wp\/v2\/media\/101"}],"wp:attachment":[{"href":"http:\/\/nossacasa.net\/nossosriachos\/agroecologia\/wp-json\/wp\/v2\/media?parent=94"}],"curies":[{"name":"wp","href":"https:\/\/api.w.org\/{rel}","templated":true}]}}