{"id":1121,"date":"2018-04-28T19:47:26","date_gmt":"2018-04-28T22:47:26","guid":{"rendered":"http:\/\/nossacasa.net\/nossosriachos\/biobahia\/?page_id=1121"},"modified":"2018-04-28T19:49:38","modified_gmt":"2018-04-28T22:49:38","slug":"foto-78","status":"publish","type":"page","link":"http:\/\/nossacasa.net\/nossosriachos\/biobahia\/foto-78\/","title":{"rendered":"Foto 78"},"content":{"rendered":"<p style=\"text-align: center;\"><strong><img loading=\"lazy\" decoding=\"async\" class=\"aligncenter size-full wp-image-296\" src=\"http:\/\/nossacasa.net\/nossosriachos\/biobahia\/wp-content\/uploads\/sites\/2\/2018\/04\/1660.jpg\" alt=\"\" width=\"600\" height=\"450\" \/><\/p>\n<p style=\"text-align: center;\"><strong>C\u00f3rrego \u00e0 montante de Gerib\u00e1 na fazenda Ant\u00f4nio Gildo.<\/strong><\/p>\n<p style=\"text-align: center;\"><strong><img loading=\"lazy\" decoding=\"async\" class=\"aligncenter size-full wp-image-296\" src=\"http:\/\/nossacasa.net\/nossosriachos\/biobahia\/wp-content\/uploads\/sites\/2\/2018\/04\/16601.jpg\" alt=\"\" width=\"600\" height=\"450\" \/><\/p>\n<p style=\"text-align: center;\"><strong>C\u00f3rrego \u00e0 montante de Gerib\u00e1 na fazenda Ant\u00f4nio Gildo.<\/strong><\/p>\n<p style=\"text-align: center;\"><strong><img loading=\"lazy\" decoding=\"async\" class=\"aligncenter size-full wp-image-296\" src=\"http:\/\/nossacasa.net\/nossosriachos\/biobahia\/wp-content\/uploads\/sites\/2\/2018\/04\/16602.jpg\" alt=\"\" width=\"600\" height=\"450\" \/><\/p>\n<p style=\"text-align: center;\"><strong>C\u00f3rrego \u00e0 montante de Gerib\u00e1 na fazenda Ant\u00f4nio Gildo.<\/strong><\/p>\n","protected":false},"excerpt":{"rendered":"<p>C\u00f3rrego \u00e0 montante de Gerib\u00e1 na fazenda Ant\u00f4nio Gildo. C\u00f3rrego \u00e0 montante de Gerib\u00e1 na fazenda Ant\u00f4nio Gildo. C\u00f3rrego \u00e0 montante de Gerib\u00e1 na fazenda Ant\u00f4nio Gildo.<\/p>\n","protected":false},"author":1,"featured_media":391,"parent":0,"menu_order":0,"comment_status":"closed","ping_status":"closed","template":"","meta":{"footnotes":""},"class_list":["post-1121","page","type-page","status-publish","has-post-thumbnail","hentry"],"_links":{"self":[{"href":"http:\/\/nossacasa.net\/nossosriachos\/biobahia\/wp-json\/wp\/v2\/pages\/1121","targetHints":{"allow":["GET"]}}],"collection":[{"href":"http:\/\/nossacasa.net\/nossosriachos\/biobahia\/wp-json\/wp\/v2\/pages"}],"about":[{"href":"http:\/\/nossacasa.net\/nossosriachos\/biobahia\/wp-json\/wp\/v2\/types\/page"}],"author":[{"embeddable":true,"href":"http:\/\/nossacasa.net\/nossosriachos\/biobahia\/wp-json\/wp\/v2\/users\/1"}],"replies":[{"embeddable":true,"href":"http:\/\/nossacasa.net\/nossosriachos\/biobahia\/wp-json\/wp\/v2\/comments?post=1121"}],"version-history":[{"count":3,"href":"http:\/\/nossacasa.net\/nossosriachos\/biobahia\/wp-json\/wp\/v2\/pages\/1121\/revisions"}],"predecessor-version":[{"id":1124,"href":"http:\/\/nossacasa.net\/nossosriachos\/biobahia\/wp-json\/wp\/v2\/pages\/1121\/revisions\/1124"}],"wp:featuredmedia":[{"embeddable":true,"href":"http:\/\/nossacasa.net\/nossosriachos\/biobahia\/wp-json\/wp\/v2\/media\/391"}],"wp:attachment":[{"href":"http:\/\/nossacasa.net\/nossosriachos\/biobahia\/wp-json\/wp\/v2\/media?parent=1121"}],"curies":[{"name":"wp","href":"https:\/\/api.w.org\/{rel}","templated":true}]}}