{"id":1148,"date":"2018-04-28T22:23:37","date_gmt":"2018-04-29T01:23:37","guid":{"rendered":"http:\/\/nossacasa.net\/nossosriachos\/biobahia\/?page_id=1148"},"modified":"2018-05-03T18:18:44","modified_gmt":"2018-05-03T21:18:44","slug":"dia-6-ponto-7","status":"publish","type":"page","link":"http:\/\/nossacasa.net\/nossosriachos\/biobahia\/dia-6-ponto-7\/","title":{"rendered":"Dia 7 Ponto 7"},"content":{"rendered":"<div style=\"text-align:center\">\n<table width=\"100%\" border=\"1\" cellspacing=\"1\">\n<caption><b>PONTO 030 &#8211; BIOBAHIA2004102802<\/b><\/caption>\n<tr>\n<td colspan=\"4\"><font size=\"2\">LOCALIDADE:<\/font><\/td>\n<td><font size=\"2\">OBSERVA\u00c7\u00d5ES:<\/font><\/td>\n<\/tr>\n<tr>\n<td colspan=\"4\"><font size=\"1\"><b>Rio Itanh\u00e9m (ou rio Alcoba\u00e7a) pr\u00f3ximo de Machacalis. <a href=\"http:\/\/nossacasa.net\/nossosriachos\/biobahia\/foto-89\/\" target=\"_blank\"><font size=\"1\">(Fotos)<\/font><\/a><\/b><\/font><\/td>\n<td rowspan=\"9\" valign=\"top\"><font size=\"1\"><b>Profundidade de amostragem: 1 a 2,0 m. Correnteza m\u00e9dia, vegeta\u00e7\u00e3o marginal moderada, substrato de areia, \u00e1gua marrom. Rio fundo com algumas \u00e1rvores nas margens. Remansos rasos de capim na margem. Praia arenosa.<\/b><\/font><\/td>\n<\/tr>\n<tr>\n<td><font size=\"2\">MUNIC\u00cdPIO:<\/font><\/td>\n<td><font size=\"2\">ESTADO:<\/font><\/td>\n<td><font size=\"2\">BACIA:<\/font><\/td>\n<td><font size=\"2\">SUB-BACIA<\/font><\/td>\n<\/tr>\n<tr>\n<td><font size=\"1\"><b><b>Machacalis<\/b><\/b><\/font><\/td>\n<td><font size=\"1\"><b>Minas Gerais<\/b><\/font><\/td>\n<td><font size=\"1\"><b>Atl\u00e2ntico Leste<\/b><\/font><\/td>\n<td><font size=\"1\"><b>Bacia do rio Itanh\u00e9m<\/b><\/font><\/td>\n<\/tr>\n<tr>\n<td><font size=\"2\">LATITUDE:<\/font><\/td>\n<td><font size=\"2\">LONGITUDE:<\/font><\/td>\n<td><font size=\"2\">ALTITUDE:<\/font><\/td>\n<td><font size=\"2\">DATUM:<\/font><\/td>\n<\/tr>\n<tr>\n<td><font size=\"1\"><b>17\u00ba06&#8217;58&#8243;S<\/b><\/font><\/td>\n<td><font size=\"1\"><b>40\u00ba42&#8217;10&#8243;W<\/b><\/font><\/td>\n<td><font size=\"1\"><b>258m<\/b><\/font><\/td>\n<td><font size=\"1\"><b>C\u00f3rrego Alegre<\/b><\/font><\/td>\n<\/tr>\n<tr>\n<td colspan=\"2\"><font size=\"2\">ARTE DE PESCA:<\/font><\/td>\n<td colspan=\"2\"><font size=\"2\">COLETORES:<\/font><\/td>\n<\/tr>\n<tr>\n<td colspan=\"2\"><font size=\"1\"><b>Pu\u00e7a, tarrafa, arrasto<\/b><\/font><\/td>\n<td colspan=\"2\"><font size=\"1\"><b>Arion, Carine, Luisa e Ronaldo<\/b><\/font><\/td>\n<\/tr>\n<tr>\n<td colspan=\"2\"><font size=\"2\">DATA:<\/font><\/td>\n<td colspan=\"2\"><font size=\"2\">HOR\u00c1RIO:<\/font><\/td>\n<\/tr>\n<tr>\n<td colspan=\"2\"><font size=\"1\"><b>28 de outubro de 2004<\/b><\/font><\/td>\n<td colspan=\"2\"><font size=\"1\"><b>Entre 13:20 e 14:30h<\/b><\/font><\/td>\n<\/tr>\n<tr>\n<td><font size=\"2\">ITEM:<\/font><\/td>\n<td><font size=\"2\">QTDE:<\/font><\/td>\n<td><font size=\"2\">TIPO:<\/font><\/td>\n<td><font size=\"2\">MNRJ:<\/font><\/td>\n<td><font size=\"2\">ESP\u00c9CIE:<\/font><\/td>\n<\/tr>\n<tr>\n<td><font size=\"1\"><b>1<\/b><\/font><\/td>\n<td><font size=\"1\"><b>16<\/b><\/font><\/td>\n<td><font size=\"1\"><b>&nbsp;<\/b><\/font><\/td>\n<td><font size=\"1\"><b>&nbsp;<\/b><\/font><\/td>\n<td><font size=\"1\"><b><i>Pimellodella sp<\/i><\/b><\/font><\/td>\n<\/tr>\n<tr>\n<td><font size=\"1\"><b>2<\/b><\/font><\/td>\n<td><font size=\"1\"><b>1<\/b><\/font><\/td>\n<td><font size=\"1\"><b>&nbsp;<\/b><\/font><\/td>\n<td><font size=\"1\"><b>28354<\/b><\/font><\/td>\n<td><font size=\"1\"><b><i>Leporinus conirostris<\/i> <a href=\"http:\/\/nossacasa.net\/nossosriachos\/biobahia\/foto-90\/\" target=\"_blank\"><font size=\"1\">(Foto)<\/font><\/a><\/b><\/font><\/td>\n<\/tr>\n<tr>\n<td><font size=\"1\"><b>3<\/b><\/font><\/td>\n<td><font size=\"1\"><b>2<\/b><\/font><\/td>\n<td><font size=\"1\"><b>&nbsp;<\/b><\/font><\/td>\n<td><font size=\"1\"><b>28355<\/b><\/font><\/td>\n<td><font size=\"1\"><b><i>Leporinus bahiensis<\/i> <a href=\"http:\/\/nossacasa.net\/nossosriachos\/biobahia\/foto-91\/\" target=\"_blank\"><font size=\"1\">(Foto)<\/font><\/a><\/b><\/font><\/td>\n<\/tr>\n<tr>\n<td><font size=\"1\"><b>4<\/b><\/font><\/td>\n<td><font size=\"1\"><b>1<\/b><\/font><\/td>\n<td><font size=\"1\"><b>&nbsp;<\/b><\/font><\/td>\n<td><font size=\"1\"><b>&nbsp;<\/b><\/font><\/td>\n<td><font size=\"1\"><b><i>Hypostomus sp<\/i><\/b><\/font><\/td>\n<\/tr>\n<tr>\n<td><font size=\"1\"><b>5<\/b><\/font><\/td>\n<td><font size=\"1\"><b>4<\/b><\/font><\/td>\n<td><font size=\"1\"><b>&nbsp;<\/b><\/font><\/td>\n<td><font size=\"1\"><b>28634<\/b><\/font><\/td>\n<td><font size=\"1\"><b><i>Characidium sp<\/i><\/b><\/font><\/td>\n<\/tr>\n<tr>\n<td><font size=\"1\"><b>6<\/b><\/font><\/td>\n<td><font size=\"1\"><b>1<\/b><\/font><\/td>\n<td><font size=\"1\"><b>&nbsp;<\/b><\/font><\/td>\n<td><font size=\"1\"><b>28636<\/b><\/font><\/td>\n<td><font size=\"1\"><b><i>Geophagus brasiliensis<\/i><\/b><\/font><\/td>\n<\/tr>\n<tr>\n<td><font size=\"1\"><b>7<\/b><\/font><\/td>\n<td><font size=\"1\"><b>3<\/b><\/font><\/td>\n<td><font size=\"1\"><b>&nbsp;<\/b><\/font><\/td>\n<td><font size=\"1\"><b>28637<\/b><\/font><\/td>\n<td><font size=\"1\"><b><i>Astyanax cf.lacustris<\/i><\/b><\/font><\/td>\n<\/tr>\n<tr>\n<td><font size=\"1\"><b>8<\/b><\/font><\/td>\n<td><font size=\"1\"><b>98<\/b><\/font><\/td>\n<td><font size=\"1\"><b>&nbsp;<\/b><\/font><\/td>\n<td><font size=\"1\"><b>28638<\/b><\/font><\/td>\n<td><font size=\"1\"><b><i>Astyanax cf.rivularis<\/i><\/b><\/font><\/td>\n<\/tr>\n<tr>\n<td><font size=\"1\"><b>9<\/b><\/font><\/td>\n<td><font size=\"1\"><b>1<\/b><\/font><\/td>\n<td><font size=\"1\"><b>&nbsp;<\/b><\/font><\/td>\n<td><font size=\"1\"><b>28639<\/b><\/font><\/td>\n<td><font size=\"1\"><b><i>Oligosarcus acutirostris<\/i><\/b><\/font><\/td>\n<\/tr>\n<tr>\n<td><font size=\"1\"><b>10<\/b><\/font><\/td>\n<td><font size=\"1\"><b>1<\/b><\/font><\/td>\n<td><font size=\"1\"><b>&nbsp;<\/b><\/font><\/td>\n<td><font size=\"1\"><b>28640<\/b><\/font><\/td>\n<td><font size=\"1\"><b>Delturinae<\/b><\/font><\/td>\n<\/tr>\n<tr>\n<td><font size=\"1\"><b>11<\/b><\/font><\/td>\n<td><font size=\"1\"><b>8<\/b><\/font><\/td>\n<td><font size=\"1\"><b>&nbsp;<\/b><\/font><\/td>\n<td><font size=\"1\"><b>28357<\/b><\/font><\/td>\n<td><font size=\"1\"><b><i>Cyphocharax gilberti<\/i> <a href=\"http:\/\/nossacasa.net\/nossosriachos\/biobahia\/foto-92\/\" target=\"_blank\"><font size=\"1\">(Foto)<\/font><\/a><\/b><\/font><\/td>\n<\/tr>\n<\/table>\n<\/div>\n","protected":false},"excerpt":{"rendered":"<p>PONTO 030 &#8211; BIOBAHIA2004102802 LOCALIDADE: OBSERVA\u00c7\u00d5ES: Rio Itanh\u00e9m (ou rio Alcoba\u00e7a) pr\u00f3ximo de Machacalis. (Fotos) Profundidade de amostragem: 1 a 2,0 m. Correnteza m\u00e9dia, vegeta\u00e7\u00e3o marginal moderada, substrato de areia, \u00e1gua marrom. Rio fundo com algumas \u00e1rvores nas margens. Remansos &hellip; <a href=\"http:\/\/nossacasa.net\/nossosriachos\/biobahia\/dia-6-ponto-7\/\">Continue lendo <span class=\"meta-nav\">&rarr;<\/span><\/a><\/p>\n","protected":false},"author":1,"featured_media":1466,"parent":0,"menu_order":0,"comment_status":"closed","ping_status":"closed","template":"","meta":{"footnotes":""},"class_list":["post-1148","page","type-page","status-publish","has-post-thumbnail","hentry"],"_links":{"self":[{"href":"http:\/\/nossacasa.net\/nossosriachos\/biobahia\/wp-json\/wp\/v2\/pages\/1148","targetHints":{"allow":["GET"]}}],"collection":[{"href":"http:\/\/nossacasa.net\/nossosriachos\/biobahia\/wp-json\/wp\/v2\/pages"}],"about":[{"href":"http:\/\/nossacasa.net\/nossosriachos\/biobahia\/wp-json\/wp\/v2\/types\/page"}],"author":[{"embeddable":true,"href":"http:\/\/nossacasa.net\/nossosriachos\/biobahia\/wp-json\/wp\/v2\/users\/1"}],"replies":[{"embeddable":true,"href":"http:\/\/nossacasa.net\/nossosriachos\/biobahia\/wp-json\/wp\/v2\/comments?post=1148"}],"version-history":[{"count":6,"href":"http:\/\/nossacasa.net\/nossosriachos\/biobahia\/wp-json\/wp\/v2\/pages\/1148\/revisions"}],"predecessor-version":[{"id":1240,"href":"http:\/\/nossacasa.net\/nossosriachos\/biobahia\/wp-json\/wp\/v2\/pages\/1148\/revisions\/1240"}],"wp:featuredmedia":[{"embeddable":true,"href":"http:\/\/nossacasa.net\/nossosriachos\/biobahia\/wp-json\/wp\/v2\/media\/1466"}],"wp:attachment":[{"href":"http:\/\/nossacasa.net\/nossosriachos\/biobahia\/wp-json\/wp\/v2\/media?parent=1148"}],"curies":[{"name":"wp","href":"https:\/\/api.w.org\/{rel}","templated":true}]}}