{"id":1190,"date":"2018-04-29T11:04:30","date_gmt":"2018-04-29T14:04:30","guid":{"rendered":"http:\/\/nossacasa.net\/nossosriachos\/biobahia\/?page_id=1190"},"modified":"2018-04-29T11:07:30","modified_gmt":"2018-04-29T14:07:30","slug":"foto-82","status":"publish","type":"page","link":"http:\/\/nossacasa.net\/nossosriachos\/biobahia\/foto-82\/","title":{"rendered":"Foto 82"},"content":{"rendered":"<p style=\"text-align: center;\"><strong><img loading=\"lazy\" decoding=\"async\" class=\"aligncenter size-full wp-image-296\" src=\"http:\/\/nossacasa.net\/nossosriachos\/biobahia\/wp-content\/uploads\/sites\/2\/2018\/04\/1710.jpg\" alt=\"\" width=\"600\" height=\"450\" \/><\/p>\n<p style=\"text-align: center;\"><strong>C\u00f3rrego afluente do C\u00f3rrego das Novas, na estrada para Itanh\u00e9m nas proximidades de Gerib\u00e1.(Arion, Ronaldo e Carine)<\/strong><\/p>\n<p style=\"text-align: center;\"><strong><img loading=\"lazy\" decoding=\"async\" class=\"aligncenter size-full wp-image-296\" src=\"http:\/\/nossacasa.net\/nossosriachos\/biobahia\/wp-content\/uploads\/sites\/2\/2018\/04\/17101.jpg\" alt=\"\" width=\"600\" height=\"450\" \/><\/p>\n<p style=\"text-align: center;\"><strong>C\u00f3rrego afluente do C\u00f3rrego das Novas da estrada para Itanh\u00e9m nas proximidades de Gerib\u00e1.<\/strong><\/p>\n<p style=\"text-align: center;\"><strong><img loading=\"lazy\" decoding=\"async\" class=\"aligncenter size-full wp-image-296\" src=\"http:\/\/nossacasa.net\/nossosriachos\/biobahia\/wp-content\/uploads\/sites\/2\/2018\/04\/17102.jpg\" alt=\"\" width=\"600\" height=\"450\" \/><\/p>\n<p style=\"text-align: center;\"><strong>Montanhas entre Palm\u00f3polis e Itanh\u00e9m.<br \/>\n.<\/strong><\/p>\n","protected":false},"excerpt":{"rendered":"<p>C\u00f3rrego afluente do C\u00f3rrego das Novas, na estrada para Itanh\u00e9m nas proximidades de Gerib\u00e1.(Arion, Ronaldo e Carine) C\u00f3rrego afluente do C\u00f3rrego das Novas da estrada para Itanh\u00e9m nas proximidades de Gerib\u00e1. Montanhas entre Palm\u00f3polis e Itanh\u00e9m. .<\/p>\n","protected":false},"author":1,"featured_media":395,"parent":0,"menu_order":0,"comment_status":"closed","ping_status":"closed","template":"","meta":{"footnotes":""},"class_list":["post-1190","page","type-page","status-publish","has-post-thumbnail","hentry"],"_links":{"self":[{"href":"http:\/\/nossacasa.net\/nossosriachos\/biobahia\/wp-json\/wp\/v2\/pages\/1190","targetHints":{"allow":["GET"]}}],"collection":[{"href":"http:\/\/nossacasa.net\/nossosriachos\/biobahia\/wp-json\/wp\/v2\/pages"}],"about":[{"href":"http:\/\/nossacasa.net\/nossosriachos\/biobahia\/wp-json\/wp\/v2\/types\/page"}],"author":[{"embeddable":true,"href":"http:\/\/nossacasa.net\/nossosriachos\/biobahia\/wp-json\/wp\/v2\/users\/1"}],"replies":[{"embeddable":true,"href":"http:\/\/nossacasa.net\/nossosriachos\/biobahia\/wp-json\/wp\/v2\/comments?post=1190"}],"version-history":[{"count":3,"href":"http:\/\/nossacasa.net\/nossosriachos\/biobahia\/wp-json\/wp\/v2\/pages\/1190\/revisions"}],"predecessor-version":[{"id":1193,"href":"http:\/\/nossacasa.net\/nossosriachos\/biobahia\/wp-json\/wp\/v2\/pages\/1190\/revisions\/1193"}],"wp:featuredmedia":[{"embeddable":true,"href":"http:\/\/nossacasa.net\/nossosriachos\/biobahia\/wp-json\/wp\/v2\/media\/395"}],"wp:attachment":[{"href":"http:\/\/nossacasa.net\/nossosriachos\/biobahia\/wp-json\/wp\/v2\/media?parent=1190"}],"curies":[{"name":"wp","href":"https:\/\/api.w.org\/{rel}","templated":true}]}}