{"id":1196,"date":"2018-04-29T11:12:10","date_gmt":"2018-04-29T14:12:10","guid":{"rendered":"http:\/\/nossacasa.net\/nossosriachos\/biobahia\/?page_id=1196"},"modified":"2018-04-29T11:12:47","modified_gmt":"2018-04-29T14:12:47","slug":"foto-83","status":"publish","type":"page","link":"http:\/\/nossacasa.net\/nossosriachos\/biobahia\/foto-83\/","title":{"rendered":"Foto 83"},"content":{"rendered":"<p style=\"text-align: center;\"><strong><img loading=\"lazy\" decoding=\"async\" class=\"aligncenter size-full wp-image-296\" src=\"http:\/\/nossacasa.net\/nossosriachos\/biobahia\/wp-content\/uploads\/sites\/2\/2018\/04\/1720.jpg\" alt=\"\" width=\"600\" height=\"450\" \/><\/p>\n<p style=\"text-align: center;\"><strong>C\u00f3rrego do Sul na fazenda Boa Sorte, Estrada Gerib\u00e1-Itanh\u00e9m<\/strong><\/p>\n","protected":false},"excerpt":{"rendered":"<p>C\u00f3rrego do Sul na fazenda Boa Sorte, Estrada Gerib\u00e1-Itanh\u00e9m<\/p>\n","protected":false},"author":1,"featured_media":396,"parent":0,"menu_order":0,"comment_status":"closed","ping_status":"closed","template":"","meta":{"footnotes":""},"class_list":["post-1196","page","type-page","status-publish","has-post-thumbnail","hentry"],"_links":{"self":[{"href":"http:\/\/nossacasa.net\/nossosriachos\/biobahia\/wp-json\/wp\/v2\/pages\/1196","targetHints":{"allow":["GET"]}}],"collection":[{"href":"http:\/\/nossacasa.net\/nossosriachos\/biobahia\/wp-json\/wp\/v2\/pages"}],"about":[{"href":"http:\/\/nossacasa.net\/nossosriachos\/biobahia\/wp-json\/wp\/v2\/types\/page"}],"author":[{"embeddable":true,"href":"http:\/\/nossacasa.net\/nossosriachos\/biobahia\/wp-json\/wp\/v2\/users\/1"}],"replies":[{"embeddable":true,"href":"http:\/\/nossacasa.net\/nossosriachos\/biobahia\/wp-json\/wp\/v2\/comments?post=1196"}],"version-history":[{"count":2,"href":"http:\/\/nossacasa.net\/nossosriachos\/biobahia\/wp-json\/wp\/v2\/pages\/1196\/revisions"}],"predecessor-version":[{"id":1198,"href":"http:\/\/nossacasa.net\/nossosriachos\/biobahia\/wp-json\/wp\/v2\/pages\/1196\/revisions\/1198"}],"wp:featuredmedia":[{"embeddable":true,"href":"http:\/\/nossacasa.net\/nossosriachos\/biobahia\/wp-json\/wp\/v2\/media\/396"}],"wp:attachment":[{"href":"http:\/\/nossacasa.net\/nossosriachos\/biobahia\/wp-json\/wp\/v2\/media?parent=1196"}],"curies":[{"name":"wp","href":"https:\/\/api.w.org\/{rel}","templated":true}]}}