{"id":1339,"date":"2018-04-29T20:00:10","date_gmt":"2018-04-29T23:00:10","guid":{"rendered":"http:\/\/nossacasa.net\/nossosriachos\/biobahia\/?page_id=1339"},"modified":"2018-05-03T18:26:10","modified_gmt":"2018-05-03T21:26:10","slug":"dia-10-ponto-1","status":"publish","type":"page","link":"http:\/\/nossacasa.net\/nossosriachos\/biobahia\/dia-10-ponto-1\/","title":{"rendered":"Dia 10 Ponto 1"},"content":{"rendered":"<div style=\"text-align:center\">\n<table width=\"100%\" border=\"1\" cellspacing=\"1\">\n<caption><b>PONTO 041 &#8211; BIOBAHIA2004103101<\/b><\/caption>\n<tr>\n<td colspan=\"4\"><font size=\"2\">LOCALIDADE:<\/font><\/td>\n<td><font size=\"2\">OBSERVA\u00c7\u00d5ES:<\/font><\/td>\n<\/tr>\n<tr>\n<td colspan=\"4\"><font size=\"1\"><b>Rio Pau Alto em Ibiranh\u00e9m. <a href=\"http:\/\/nossacasa.net\/nossosriachos\/biobahia\/foto-107\/\" target=\"_blank\"><font size=\"1\">(Fotos)<\/font><\/a><\/b><\/font><\/td>\n<td rowspan=\"9\" valign=\"top\"><font size=\"1\"><b>Profundidade de amostragem: 1,5 m. Correnteza m\u00e9dia, vegeta\u00e7\u00e3o flutuante e marginal moderada, substrato de lodo, \u00e1gua escura, com muito sedimento. O rio atravessa o vilarejo de Ibiranh\u00e9m.<\/b><\/font><\/td>\n<\/tr>\n<tr>\n<td><font size=\"2\">MUNIC\u00cdPIO:<\/font><\/td>\n<td><font size=\"2\">ESTADO:<\/font><\/td>\n<td><font size=\"2\">BACIA:<\/font><\/td>\n<td><font size=\"2\">SUB-BACIA<\/font><\/td>\n<\/tr>\n<tr>\n<td><font size=\"1\"><b><b>Mucuri<\/b><\/b><\/font><\/td>\n<td><font size=\"1\"><b>Bahia<\/b><\/font><\/td>\n<td><font size=\"1\"><b>Atl\u00e2ntico Leste<\/b><\/font><\/td>\n<td><font size=\"1\"><b>do rio Itanh\u00e9m<\/b><\/font><\/td>\n<\/tr>\n<tr>\n<td><font size=\"2\">LATITUDE:<\/font><\/td>\n<td><font size=\"2\">LONGITUDE:<\/font><\/td>\n<td><font size=\"2\">ALTITUDE:<\/font><\/td>\n<td><font size=\"2\">DATUM:<\/font><\/td>\n<\/tr>\n<tr>\n<td><font size=\"1\"><b>17\u00ba50&#8217;49&#8243;S<\/b><\/font><\/td>\n<td><font size=\"1\"><b>40\u00ba10&#8217;27&#8243;W<\/b><\/font><\/td>\n<td><font size=\"1\"><b>&nbsp;<\/b><\/font><\/td>\n<td><font size=\"1\"><b>mapa<\/b><\/font><\/td>\n<\/tr>\n<tr>\n<td colspan=\"2\"><font size=\"2\">ARTE DE PESCA:<\/font><\/td>\n<td colspan=\"2\"><font size=\"2\">COLETORES:<\/font><\/td>\n<\/tr>\n<tr>\n<td colspan=\"2\"><font size=\"1\"><b>Pu\u00e7a, rede de arrasto e tarrafa<\/b><\/font><\/td>\n<td colspan=\"2\"><font size=\"1\"><b>Arion, Carine, Luisa e Ronaldo<\/b><\/font><\/td>\n<\/tr>\n<tr>\n<td colspan=\"2\"><font size=\"2\">DATA:<\/font><\/td>\n<td colspan=\"2\"><font size=\"2\">HOR\u00c1RIO:<\/font><\/td>\n<\/tr>\n<tr>\n<td colspan=\"2\"><font size=\"1\"><b>31 de outubro de 2004<\/b><\/font><\/td>\n<td colspan=\"2\"><font size=\"1\"><b>Entre 08:50 e 09:50h<\/b><\/font><\/td>\n<\/tr>\n<tr>\n<td><font size=\"2\">ITEM:<\/font><\/td>\n<td><font size=\"2\">QTDE:<\/font><\/td>\n<td><font size=\"2\">TIPO:<\/font><\/td>\n<td><font size=\"2\">MNRJ:<\/font><\/td>\n<td><font size=\"2\">ESP\u00c9CIE:<\/font><\/td>\n<\/tr>\n<tr>\n<td><font size=\"1\"><b>1<\/b><\/font><\/td>\n<td><font size=\"1\"><b>17<\/b><\/font><\/td>\n<td><font size=\"1\"><b>&nbsp;<\/b><\/font><\/td>\n<td><font size=\"1\"><b>28682<\/b><\/font><\/td>\n<td><font size=\"1\"><b><i>Otothyris travassosi<\/i><\/b><\/font><\/td>\n<\/tr>\n<tr>\n<td><font size=\"1\"><b>2<\/b><\/font><\/td>\n<td><font size=\"1\"><b>6<\/b><\/font><\/td>\n<td><font size=\"1\"><b>&nbsp;<\/b><\/font><\/td>\n<td><font size=\"1\"><b>28709<\/b><\/font><\/td>\n<td><font size=\"1\"><b><i>Scleromystax prionotos<\/i><\/b><\/font><\/td>\n<\/tr>\n<tr>\n<td><font size=\"1\"><b>3<\/b><\/font><\/td>\n<td><font size=\"1\"><b>6<\/b><\/font><\/td>\n<td><font size=\"1\"><b>MSPar\u00e1tipos;<\/b><\/font><\/td>\n<td><font size=\"1\"><b>28403<\/b><\/font><\/td>\n<td><font size=\"1\"><b><i>Microglanis sp<\/i><\/b><\/font><\/td>\n<\/tr>\n<tr>\n<td><font size=\"1\"><b>4<\/b><\/font><\/td>\n<td><font size=\"1\"><b>7<\/b><\/font><\/td>\n<td><font size=\"1\"><b>&nbsp;<\/b><\/font><\/td>\n<td><font size=\"1\"><b>&nbsp;<\/b><\/font><\/td>\n<td><font size=\"1\"><b><i>Cichlasoma facetum<\/i><\/b><\/font><\/td>\n<\/tr>\n<tr>\n<td><font size=\"1\"><b>5<\/b><\/font><\/td>\n<td><font size=\"1\"><b>2<\/b><\/font><\/td>\n<td><font size=\"1\"><b>&nbsp;<\/b><\/font><\/td>\n<td><font size=\"1\"><b>28683<\/b><\/font><\/td>\n<td><font size=\"1\"><b><i>Oligosarcus acutirostris<\/i><\/b><\/font><\/td>\n<\/tr>\n<tr>\n<td><font size=\"1\"><b>6<\/b><\/font><\/td>\n<td><font size=\"1\"><b>2<\/b><\/font><\/td>\n<td><font size=\"1\"><b>&nbsp;<\/b><\/font><\/td>\n<td><font size=\"1\"><b>28684<\/b><\/font><\/td>\n<td><font size=\"1\"><b><i>Tetragonopterus cf. chalceus<\/i><\/b><\/font><\/td>\n<\/tr>\n<tr>\n<td><font size=\"1\"><b>7<\/b><\/font><\/td>\n<td><font size=\"1\"><b>4<\/b><\/font><\/td>\n<td><font size=\"1\"><b>&nbsp;<\/b><\/font><\/td>\n<td><font size=\"1\"><b>28685<\/b><\/font><\/td>\n<td><font size=\"1\"><b><i>Poecilia vivipara<\/i><\/b><\/font><\/td>\n<\/tr>\n<tr>\n<td><font size=\"1\"><b>8<\/b><\/font><\/td>\n<td><font size=\"1\"><b>6<\/b><\/font><\/td>\n<td><font size=\"1\"><b>&nbsp;<\/b><\/font><\/td>\n<td><font size=\"1\"><b>28378<\/b><\/font><\/td>\n<td><font size=\"1\"><b><i>Hoplias malabaricus<\/i><\/b><\/font><\/td>\n<\/tr>\n<tr>\n<td><font size=\"1\"><b>9<\/b><\/font><\/td>\n<td><font size=\"1\"><b>2<\/b><\/font><\/td>\n<td><font size=\"1\"><b>&nbsp;<\/b><\/font><\/td>\n<td><font size=\"1\"><b>28686<\/b><\/font><\/td>\n<td><font size=\"1\"><b><i>Astyanax cf.lacustris<\/i><\/b><\/font><\/td>\n<\/tr>\n<tr>\n<td><font size=\"1\"><b>10<\/b><\/font><\/td>\n<td><font size=\"1\"><b>8<\/b><\/font><\/td>\n<td><font size=\"1\"><b>&nbsp;<\/b><\/font><\/td>\n<td><font size=\"1\"><b>28379<\/b><\/font><\/td>\n<td><font size=\"1\"><b><i>Geophagus brasiliensis<\/i><\/b><\/font><\/td>\n<\/tr>\n<tr>\n<td><font size=\"1\"><b>9<\/b><\/font><\/td>\n<td><font size=\"1\"><b>21<\/b><\/font><\/td>\n<td><font size=\"1\"><b>&nbsp;<\/b><\/font><\/td>\n<td><font size=\"1\"><b>&nbsp;<\/b><\/font><\/td>\n<td><font size=\"1\"><b><i>Pimellodella sp<\/i><\/b><\/font><\/td>\n<\/tr>\n<\/table>\n<\/div>\n","protected":false},"excerpt":{"rendered":"<p>PONTO 041 &#8211; BIOBAHIA2004103101 LOCALIDADE: OBSERVA\u00c7\u00d5ES: Rio Pau Alto em Ibiranh\u00e9m. (Fotos) Profundidade de amostragem: 1,5 m. Correnteza m\u00e9dia, vegeta\u00e7\u00e3o flutuante e marginal moderada, substrato de lodo, \u00e1gua escura, com muito sedimento. O rio atravessa o vilarejo de Ibiranh\u00e9m. MUNIC\u00cdPIO: &hellip; <a href=\"http:\/\/nossacasa.net\/nossosriachos\/biobahia\/dia-10-ponto-1\/\">Continue lendo <span class=\"meta-nav\">&rarr;<\/span><\/a><\/p>\n","protected":false},"author":1,"featured_media":1469,"parent":0,"menu_order":0,"comment_status":"closed","ping_status":"closed","template":"","meta":{"footnotes":""},"class_list":["post-1339","page","type-page","status-publish","has-post-thumbnail","hentry"],"_links":{"self":[{"href":"http:\/\/nossacasa.net\/nossosriachos\/biobahia\/wp-json\/wp\/v2\/pages\/1339","targetHints":{"allow":["GET"]}}],"collection":[{"href":"http:\/\/nossacasa.net\/nossosriachos\/biobahia\/wp-json\/wp\/v2\/pages"}],"about":[{"href":"http:\/\/nossacasa.net\/nossosriachos\/biobahia\/wp-json\/wp\/v2\/types\/page"}],"author":[{"embeddable":true,"href":"http:\/\/nossacasa.net\/nossosriachos\/biobahia\/wp-json\/wp\/v2\/users\/1"}],"replies":[{"embeddable":true,"href":"http:\/\/nossacasa.net\/nossosriachos\/biobahia\/wp-json\/wp\/v2\/comments?post=1339"}],"version-history":[{"count":4,"href":"http:\/\/nossacasa.net\/nossosriachos\/biobahia\/wp-json\/wp\/v2\/pages\/1339\/revisions"}],"predecessor-version":[{"id":1366,"href":"http:\/\/nossacasa.net\/nossosriachos\/biobahia\/wp-json\/wp\/v2\/pages\/1339\/revisions\/1366"}],"wp:featuredmedia":[{"embeddable":true,"href":"http:\/\/nossacasa.net\/nossosriachos\/biobahia\/wp-json\/wp\/v2\/media\/1469"}],"wp:attachment":[{"href":"http:\/\/nossacasa.net\/nossosriachos\/biobahia\/wp-json\/wp\/v2\/media?parent=1339"}],"curies":[{"name":"wp","href":"https:\/\/api.w.org\/{rel}","templated":true}]}}