{"id":1347,"date":"2018-04-29T20:01:26","date_gmt":"2018-04-29T23:01:26","guid":{"rendered":"http:\/\/nossacasa.net\/nossosriachos\/biobahia\/?page_id=1347"},"modified":"2018-05-03T18:28:33","modified_gmt":"2018-05-03T21:28:33","slug":"dia-10-ponto-5","status":"publish","type":"page","link":"http:\/\/nossacasa.net\/nossosriachos\/biobahia\/dia-10-ponto-5\/","title":{"rendered":"Dia 11 Ponto 5"},"content":{"rendered":"<div style=\"text-align:center\">\n<table width=\"100%\" border=\"1\" cellspacing=\"1\">\n<caption><b>PONTO 045 &#8211; BIOBAHIA2004110101<\/b><\/caption>\n<tr>\n<td colspan=\"4\"><font size=\"2\">LOCALIDADE:<\/font><\/td>\n<td><font size=\"2\">OBSERVA\u00c7\u00d5ES:<\/font><\/td>\n<\/tr>\n<tr>\n<td colspan=\"4\"><font size=\"1\"><b>UHE Santa Clara- rio Mucuri &#8220;a jusante da Barragem. <a href=\"http:\/\/nossacasa.net\/nossosriachos\/biobahia\/foto-112\/\" target=\"_blank\"><font size=\"1\">(Fotos)<\/font><\/a><\/b><\/font><\/td>\n<td rowspan=\"9\" valign=\"top\"><font size=\"1\"><b>Divisa MG\/BA e MunicipiosNanuque-Lajed\u00e3o-Mucuri. Profundidade de amostragem: 2,5 m. Correnteza r\u00e1pida, nenhuma vegeta\u00e7\u00e3o, substrato de pedras: s\u00f3 rochas e brita, \u00e1gua transparente. Tarrafa as margens do Mucuri junto a barragem e mergulho com arp\u00e3o. www.limiarambiental.com.br (Paulo Pompeu e Ricardo). Segundo depoimento de Onofre (AUSTON) h\u00e1 ocorr\u00eancia de muito Tucunar\u00e9 e ainda bagre africano e til\u00e1pia no lago da barragem. Os exemplares amostrados por n\u00f3s pertencem a ictiofauna natural do rio Mucuri. Transposi\u00e7\u00e3o mec\u00e2nica- De novembro a mar\u00e7o os peixes migradores s\u00e3o transpostos da jusante para a montante da barragem. \u00c9 provocado um turbilh\u00e3o na \u00e1gua e os peixes sobem de elevador sendo transferidos para um caminh\u00e3o com tanque. Os peixes s\u00e3o levados no caminh\u00e3o at\u00e9 a montante da barragem. S\u00e3o mais ou menos 10 viagens di\u00e1rias durante os 4 meses da piracema.  A transposi\u00e7\u00e3o se faz entre 10 da manh\u00e3 e 4 da tarde, per\u00edodo de maior atividade das esp\u00e9cies migradoras, de acordo com o que informou a equipe da &#8220;Limiar Ambiental&#8221; aos executores da transposi\u00e7\u00e3o.<\/b><\/font><\/td>\n<\/tr>\n<tr>\n<td><font size=\"2\">MUNIC\u00cdPIO:<\/font><\/td>\n<td><font size=\"2\">ESTADO:<\/font><\/td>\n<td><font size=\"2\">BACIA:<\/font><\/td>\n<td><font size=\"2\">SUB-BACIA<\/font><\/td>\n<\/tr>\n<tr>\n<td><font size=\"1\"><b>Nanuque<\/b><\/font><\/td>\n<td><font size=\"1\"><b>Minas Gerais<\/b><\/font><\/td>\n<td><font size=\"1\"><b>Atl\u00e2ntico Leste<\/b><\/font><\/td>\n<td><font size=\"1\"><b>do rio Mucuri<\/b><\/font><\/td>\n<\/tr>\n<tr>\n<td><font size=\"2\">LATITUDE:<\/font><\/td>\n<td><font size=\"2\">LONGITUDE:<\/font><\/td>\n<td><font size=\"2\">ALTITUDE:<\/font><\/td>\n<td><font size=\"2\">DATUM:<\/font><\/td>\n<\/tr>\n<tr>\n<td><font size=\"1\"><b>17\u00ba53&#8217;41&#8243;S<\/b><\/font><\/td>\n<td><font size=\"1\"><b>40\u00ba12&#8217;35&#8243;W<\/b><\/font><\/td>\n<td><font size=\"1\"><b>&nbsp;<\/b><\/font><\/td>\n<td><font size=\"1\"><b>GPS &#8211; C\u00f3rrego Alegre<\/b><\/font><\/td>\n<\/tr>\n<tr>\n<td colspan=\"2\"><font size=\"2\">ARTE DE PESCA:<\/font><\/td>\n<td colspan=\"2\"><font size=\"2\">COLETORES:<\/font><\/td>\n<\/tr>\n<tr>\n<td colspan=\"2\"><font size=\"1\"><b>Tarrafa e mergulho. <\/b><\/font><\/td>\n<td colspan=\"2\"><font size=\"1\"><b>Arion, Carine, Luisa e Ronaldo<\/b><\/font><\/td>\n<\/tr>\n<tr>\n<td colspan=\"2\"><font size=\"2\">DATA:<\/font><\/td>\n<td colspan=\"2\"><font size=\"2\">HOR\u00c1RIO:<\/font><\/td>\n<\/tr>\n<tr>\n<td colspan=\"2\"><font size=\"1\"><b>1 de novembro de 2004<\/b><\/font><\/td>\n<td colspan=\"2\"><font size=\"1\"><b>Entre 10:10 e 12:10h<\/b><\/font><\/td>\n<\/tr>\n<tr>\n<td><font size=\"2\">ITEM:<\/font><\/td>\n<td><font size=\"2\">QTDE:<\/font><\/td>\n<td><font size=\"2\">TIPO:<\/font><\/td>\n<td><font size=\"2\">MNRJ:<\/font><\/td>\n<td><font size=\"2\">ESP\u00c9CIE:<\/font><\/td>\n<\/tr>\n<tr>\n<td><font size=\"1\"><b>1<\/b><\/font><\/td>\n<td><font size=\"1\"><b>4<\/b><\/font><\/td>\n<td><font size=\"1\"><b>&nbsp;<\/b><\/font><\/td>\n<td><font size=\"1\"><b>28386<\/b><\/font><\/td>\n<td><font size=\"1\"><b><i>Prochilodus vimboides<\/i> <a href=\"http:\/\/nossacasa.net\/nossosriachos\/biobahia\/foto-113\/\" target=\"_blank\"><font size=\"1\">(Foto)<\/font><\/a><\/b><\/font><\/font><\/td>\n<\/tr>\n<tr>\n<td><font size=\"1\"><b>2<\/b><\/font><\/td>\n<td><font size=\"1\"><b>1<\/b><\/font><\/td>\n<td><font size=\"1\"><b>&nbsp;<\/b><\/font><\/td>\n<td><font size=\"1\"><b>28387<\/b><\/font><\/td>\n<td><font size=\"1\"><b><i>Leporinus steindachneri<\/i> <a href=\"http:\/\/nossacasa.net\/nossosriachos\/biobahia\/foto-114\/\" target=\"_blank\"><font size=\"1\">(Foto)<\/font><\/a><\/b><\/font><\/td>\n<\/tr>\n<tr>\n<td><font size=\"1\"><b>3<\/b><\/font><\/td>\n<td><font size=\"1\"><b>1<\/b><\/font><\/td>\n<td><font size=\"1\"><b>&nbsp;<\/b><\/font><\/td>\n<td><font size=\"1\"><b>28388<\/b><\/font><\/td>\n<td><font size=\"1\"><b><i>Geophagus brasiliensis<\/i><\/b><\/font><\/td>\n<\/tr>\n<\/table>\n<\/div>\n","protected":false},"excerpt":{"rendered":"<p>PONTO 045 &#8211; BIOBAHIA2004110101 LOCALIDADE: OBSERVA\u00c7\u00d5ES: UHE Santa Clara- rio Mucuri &#8220;a jusante da Barragem. (Fotos) Divisa MG\/BA e MunicipiosNanuque-Lajed\u00e3o-Mucuri. Profundidade de amostragem: 2,5 m. Correnteza r\u00e1pida, nenhuma vegeta\u00e7\u00e3o, substrato de pedras: s\u00f3 rochas e brita, \u00e1gua transparente. Tarrafa as &hellip; <a href=\"http:\/\/nossacasa.net\/nossosriachos\/biobahia\/dia-10-ponto-5\/\">Continue lendo <span class=\"meta-nav\">&rarr;<\/span><\/a><\/p>\n","protected":false},"author":1,"featured_media":1470,"parent":0,"menu_order":0,"comment_status":"closed","ping_status":"closed","template":"","meta":{"footnotes":""},"class_list":["post-1347","page","type-page","status-publish","has-post-thumbnail","hentry"],"_links":{"self":[{"href":"http:\/\/nossacasa.net\/nossosriachos\/biobahia\/wp-json\/wp\/v2\/pages\/1347","targetHints":{"allow":["GET"]}}],"collection":[{"href":"http:\/\/nossacasa.net\/nossosriachos\/biobahia\/wp-json\/wp\/v2\/pages"}],"about":[{"href":"http:\/\/nossacasa.net\/nossosriachos\/biobahia\/wp-json\/wp\/v2\/types\/page"}],"author":[{"embeddable":true,"href":"http:\/\/nossacasa.net\/nossosriachos\/biobahia\/wp-json\/wp\/v2\/users\/1"}],"replies":[{"embeddable":true,"href":"http:\/\/nossacasa.net\/nossosriachos\/biobahia\/wp-json\/wp\/v2\/comments?post=1347"}],"version-history":[{"count":6,"href":"http:\/\/nossacasa.net\/nossosriachos\/biobahia\/wp-json\/wp\/v2\/pages\/1347\/revisions"}],"predecessor-version":[{"id":1395,"href":"http:\/\/nossacasa.net\/nossosriachos\/biobahia\/wp-json\/wp\/v2\/pages\/1347\/revisions\/1395"}],"wp:featuredmedia":[{"embeddable":true,"href":"http:\/\/nossacasa.net\/nossosriachos\/biobahia\/wp-json\/wp\/v2\/media\/1470"}],"wp:attachment":[{"href":"http:\/\/nossacasa.net\/nossosriachos\/biobahia\/wp-json\/wp\/v2\/media?parent=1347"}],"curies":[{"name":"wp","href":"https:\/\/api.w.org\/{rel}","templated":true}]}}