{"id":1477,"date":"2018-05-05T12:07:45","date_gmt":"2018-05-05T15:07:45","guid":{"rendered":"http:\/\/nossacasa.net\/nossosriachos\/biobahia\/?page_id=1477"},"modified":"2018-05-07T22:12:37","modified_gmt":"2018-05-08T01:12:37","slug":"fotografias","status":"publish","type":"page","link":"http:\/\/nossacasa.net\/nossosriachos\/biobahia\/fotografias\/","title":{"rendered":"Fotografias"},"content":{"rendered":"<div style=\"text-align:center\">\n<table width=\"100%\" border=\"0\" cellspacing=\"0\" align=\"center\">\n<caption><font size=\"4\"><b><\/p>\n<div style=\"text-align:center\">FOTO MONTAGENS<\/div>\n<p><\/b><\/font><\/caption>\n<tr>\n<td>\n<figure class=\"wp-block-embed wp-block-embed-youtube is-type-video is-provider-youtube epyt-figure\"><div class=\"wp-block-embed__wrapper\"><iframe loading=\"lazy\"  id=\"_ytid_78034\"  width=\"584\" height=\"438\"  data-origwidth=\"584\" data-origheight=\"438\" src=\"https:\/\/www.youtube.com\/embed\/4jsiTzrnUm4?enablejsapi=1&autoplay=0&cc_load_policy=0&cc_lang_pref=&iv_load_policy=1&loop=0&rel=1&fs=1&playsinline=0&autohide=2&theme=dark&color=red&controls=1&disablekb=0&\" class=\"__youtube_prefs__  no-lazyload\" title=\"YouTube player\"  allow=\"fullscreen; accelerometer; autoplay; clipboard-write; encrypted-media; gyroscope; picture-in-picture; web-share\" referrerpolicy=\"strict-origin-when-cross-origin\" allowfullscreen data-no-lazy=\"1\" data-skipgform_ajax_framebjll=\"\"><\/iframe><\/div><\/figure>\n<\/td>\n<\/tr>\n<tr>\n<td><strong><\/p>\n<div style=\"text-align:center\">Viagem de reconhecimento da \u00c1rea de Estudo do <em>Projeto BioBahia<\/div>\n<p><\/em><\/strong><\/td>\n<\/tr>\n<tr>\n<td>\n<figure class=\"wp-block-embed wp-block-embed-youtube is-type-video is-provider-youtube epyt-figure\"><div class=\"wp-block-embed__wrapper\"><iframe loading=\"lazy\"  id=\"_ytid_73575\"  width=\"584\" height=\"438\"  data-origwidth=\"584\" data-origheight=\"438\" src=\"https:\/\/www.youtube.com\/embed\/BsmMFG0Nhrw?enablejsapi=1&autoplay=0&cc_load_policy=0&cc_lang_pref=&iv_load_policy=1&loop=0&rel=1&fs=1&playsinline=0&autohide=2&theme=dark&color=red&controls=1&disablekb=0&\" class=\"__youtube_prefs__  no-lazyload\" title=\"YouTube player\"  allow=\"fullscreen; accelerometer; autoplay; clipboard-write; encrypted-media; gyroscope; picture-in-picture; web-share\" referrerpolicy=\"strict-origin-when-cross-origin\" allowfullscreen data-no-lazy=\"1\" data-skipgform_ajax_framebjll=\"\"><\/iframe><\/div><\/figure>\n<\/td>\n<\/tr>\n<tr>\n<td><strong><\/p>\n<div style=\"text-align:center\">Primeira campanha de coleta do <em>Projeto BioBahia<\/div>\n<p><\/em><\/strong><\/td>\n<\/tr>\n<tr>\n<td>\n<figure class=\"wp-block-embed wp-block-embed-youtube is-type-video is-provider-youtube epyt-figure\"><div class=\"wp-block-embed__wrapper\"><iframe loading=\"lazy\"  id=\"_ytid_41962\"  width=\"584\" height=\"438\"  data-origwidth=\"584\" data-origheight=\"438\" src=\"https:\/\/www.youtube.com\/embed\/E2xn94Jn4JE?enablejsapi=1&autoplay=0&cc_load_policy=0&cc_lang_pref=&iv_load_policy=1&loop=0&rel=1&fs=1&playsinline=0&autohide=2&theme=dark&color=red&controls=1&disablekb=0&\" class=\"__youtube_prefs__  no-lazyload\" title=\"YouTube player\"  allow=\"fullscreen; accelerometer; autoplay; clipboard-write; encrypted-media; gyroscope; picture-in-picture; web-share\" referrerpolicy=\"strict-origin-when-cross-origin\" allowfullscreen data-no-lazy=\"1\" data-skipgform_ajax_framebjll=\"\"><\/iframe><\/div><\/figure>\n<\/td>\n<\/tr>\n<tr>\n<td><strong><\/p>\n<div style=\"text-align:center\">Segunda campanha de coleta do <em>Projeto BioBahia<\/div>\n<p><\/em><\/strong><\/td>\n<\/tr>\n<tr>\n<td>\n<figure class=\"wp-block-embed wp-block-embed-youtube is-type-video is-provider-youtube epyt-figure\"><div class=\"wp-block-embed__wrapper\"><iframe loading=\"lazy\"  id=\"_ytid_17054\"  width=\"584\" height=\"438\"  data-origwidth=\"584\" data-origheight=\"438\" src=\"https:\/\/www.youtube.com\/embed\/veyXN4jnyHU?enablejsapi=1&autoplay=0&cc_load_policy=0&cc_lang_pref=&iv_load_policy=1&loop=0&rel=1&fs=1&playsinline=0&autohide=2&theme=dark&color=red&controls=1&disablekb=0&\" class=\"__youtube_prefs__  no-lazyload\" title=\"YouTube player\"  allow=\"fullscreen; accelerometer; autoplay; clipboard-write; encrypted-media; gyroscope; picture-in-picture; web-share\" referrerpolicy=\"strict-origin-when-cross-origin\" allowfullscreen data-no-lazy=\"1\" data-skipgform_ajax_framebjll=\"\"><\/iframe><\/div><\/figure>\n<\/td>\n<\/tr>\n<tr>\n<td><strong><\/p>\n<div style=\"text-align:center\">&#8220;Peixes Meninos&#8221; conhecendo os seres que vivem na praia de Cumuruxatiba. Difus\u00e3o Cient\u00edfica do <em>Projeto BioBahia<\/div>\n<p><\/em><\/strong><\/td>\n<\/tr>\n<tr>\n<td>\n<figure class=\"wp-block-embed wp-block-embed-youtube is-type-video is-provider-youtube epyt-figure\"><div class=\"wp-block-embed__wrapper\"><iframe loading=\"lazy\"  id=\"_ytid_61716\"  width=\"584\" height=\"438\"  data-origwidth=\"584\" data-origheight=\"438\" src=\"https:\/\/www.youtube.com\/embed\/eUF9qNaXgXY?enablejsapi=1&autoplay=0&cc_load_policy=0&cc_lang_pref=&iv_load_policy=1&loop=0&rel=1&fs=1&playsinline=0&autohide=2&theme=dark&color=red&controls=1&disablekb=0&\" class=\"__youtube_prefs__  no-lazyload\" title=\"YouTube player\"  allow=\"fullscreen; accelerometer; autoplay; clipboard-write; encrypted-media; gyroscope; picture-in-picture; web-share\" referrerpolicy=\"strict-origin-when-cross-origin\" allowfullscreen data-no-lazy=\"1\" data-skipgform_ajax_framebjll=\"\"><\/iframe><\/div><\/figure>\n<\/td>\n<\/tr>\n<tr>\n<td><strong><\/p>\n<div style=\"text-align:center\">&#8220;Peixes Meninos&#8221; conhecendo os seres que vivem nos rios de Cumuruxatiba. Difus\u00e3o Cient\u00edfica do <em>Projeto BioBahia<\/div>\n<p><\/em><\/strong><\/td>\n<\/tr>\n<tr>\n<td>\n<figure class=\"wp-block-embed wp-block-embed-youtube is-type-video is-provider-youtube epyt-figure\"><div class=\"wp-block-embed__wrapper\"><iframe loading=\"lazy\"  id=\"_ytid_87695\"  width=\"584\" height=\"438\"  data-origwidth=\"584\" data-origheight=\"438\" src=\"https:\/\/www.youtube.com\/embed\/PMQpJBTQDTk?enablejsapi=1&autoplay=0&cc_load_policy=0&cc_lang_pref=&iv_load_policy=1&loop=0&rel=1&fs=1&playsinline=0&autohide=2&theme=dark&color=red&controls=1&disablekb=0&\" class=\"__youtube_prefs__  no-lazyload\" title=\"YouTube player\"  allow=\"fullscreen; accelerometer; autoplay; clipboard-write; encrypted-media; gyroscope; picture-in-picture; web-share\" referrerpolicy=\"strict-origin-when-cross-origin\" allowfullscreen data-no-lazy=\"1\" data-skipgform_ajax_framebjll=\"\"><\/iframe><\/div><\/figure>\n<\/td>\n<\/tr>\n<tr>\n<td><strong><\/p>\n<div style=\"text-align:center\">&#8220;Peixes Meninos&#8221; visitam a Aldeia Tib\u00e1 &#8211; Difus\u00e3o cient\u00edfica do <em>Projeto BioBahia<\/div>\n<p><\/em><\/strong><\/td>\n<\/tr>\n<tr>\n<td>\n<figure class=\"wp-block-embed wp-block-embed-youtube is-type-video is-provider-youtube epyt-figure\"><div class=\"wp-block-embed__wrapper\"><iframe loading=\"lazy\"  id=\"_ytid_34180\"  width=\"584\" height=\"438\"  data-origwidth=\"584\" data-origheight=\"438\" src=\"https:\/\/www.youtube.com\/embed\/eWxD6OQ1Wxg?enablejsapi=1&autoplay=0&cc_load_policy=0&cc_lang_pref=&iv_load_policy=1&loop=0&rel=1&fs=1&playsinline=0&autohide=2&theme=dark&color=red&controls=1&disablekb=0&\" class=\"__youtube_prefs__  no-lazyload\" title=\"YouTube player\"  allow=\"fullscreen; accelerometer; autoplay; clipboard-write; encrypted-media; gyroscope; picture-in-picture; web-share\" referrerpolicy=\"strict-origin-when-cross-origin\" allowfullscreen data-no-lazy=\"1\" data-skipgform_ajax_framebjll=\"\"><\/iframe><\/div><\/figure>\n<\/td>\n<\/tr>\n<tr>\n<td><strong><\/p>\n<div style=\"text-align:center\">Peixes Meninos observando e conhecendo. Atividades entre 2006 e 2007 na sede do Projeto &#8211; Difus\u00e3o cient\u00edfica do <em>Projeto BioBahia<\/div>\n<p><\/em><\/strong><\/td>\n<\/tr>\n<tr>\n<td>\n<figure class=\"wp-block-embed wp-block-embed-youtube is-type-video is-provider-youtube epyt-figure\"><div class=\"wp-block-embed__wrapper\"><iframe loading=\"lazy\"  id=\"_ytid_19427\"  width=\"584\" height=\"438\"  data-origwidth=\"584\" data-origheight=\"438\" src=\"https:\/\/www.youtube.com\/embed\/g4SFDmL86X0?enablejsapi=1&autoplay=0&cc_load_policy=0&cc_lang_pref=&iv_load_policy=1&loop=0&rel=1&fs=1&playsinline=0&autohide=2&theme=dark&color=red&controls=1&disablekb=0&\" class=\"__youtube_prefs__  no-lazyload\" title=\"YouTube player\"  allow=\"fullscreen; accelerometer; autoplay; clipboard-write; encrypted-media; gyroscope; picture-in-picture; web-share\" referrerpolicy=\"strict-origin-when-cross-origin\" allowfullscreen data-no-lazy=\"1\" data-skipgform_ajax_framebjll=\"\"><\/iframe><\/div><\/figure>\n<\/td>\n<\/tr>\n<tr>\n<td><strong><\/p>\n<div style=\"text-align:center\">&#8220;Peixes Meninos&#8221; conhecendo os riachos nos limites do Parque Nacional do Descobrimento &#8211; Difus\u00e3o cient\u00edfica do <em>Projeto BioBahia<\/div>\n<p><\/em><\/strong><\/td>\n<\/tr>\n<tr>\n<td>\n<figure class=\"wp-block-embed wp-block-embed-youtube is-type-video is-provider-youtube epyt-figure\"><div class=\"wp-block-embed__wrapper\"><iframe loading=\"lazy\"  id=\"_ytid_48829\"  width=\"584\" height=\"438\"  data-origwidth=\"584\" data-origheight=\"438\" src=\"https:\/\/www.youtube.com\/embed\/q7JymUJWlKM?enablejsapi=1&autoplay=0&cc_load_policy=0&cc_lang_pref=&iv_load_policy=1&loop=0&rel=1&fs=1&playsinline=0&autohide=2&theme=dark&color=red&controls=1&disablekb=0&\" class=\"__youtube_prefs__  no-lazyload\" title=\"YouTube player\"  allow=\"fullscreen; accelerometer; autoplay; clipboard-write; encrypted-media; gyroscope; picture-in-picture; web-share\" referrerpolicy=\"strict-origin-when-cross-origin\" allowfullscreen data-no-lazy=\"1\" data-skipgform_ajax_framebjll=\"\"><\/iframe><\/div><\/figure>\n<\/td>\n<\/tr>\n<tr>\n<td><strong><\/p>\n<div style=\"text-align:center\">&#8220;Peixes Meninos&#8221; conhecem a Fazenda Calim\u00e3, vizinha do Parque Nacional do Descobrimento. &#8211; Difus\u00e3o cient\u00edfica do <em>Projeto BioBahia<\/div>\n<p><\/em><\/strong><\/td>\n<\/tr>\n<tr>\n<td>\n<figure class=\"wp-block-embed wp-block-embed-youtube is-type-video is-provider-youtube epyt-figure\"><div class=\"wp-block-embed__wrapper\"><iframe loading=\"lazy\"  id=\"_ytid_43494\"  width=\"584\" height=\"438\"  data-origwidth=\"584\" data-origheight=\"438\" src=\"https:\/\/www.youtube.com\/embed\/AbiTk26jXm4?enablejsapi=1&autoplay=0&cc_load_policy=0&cc_lang_pref=&iv_load_policy=1&loop=0&rel=1&fs=1&playsinline=0&autohide=2&theme=dark&color=red&controls=1&disablekb=0&\" class=\"__youtube_prefs__  no-lazyload\" title=\"YouTube player\"  allow=\"fullscreen; accelerometer; autoplay; clipboard-write; encrypted-media; gyroscope; picture-in-picture; web-share\" referrerpolicy=\"strict-origin-when-cross-origin\" allowfullscreen data-no-lazy=\"1\" data-skipgform_ajax_framebjll=\"\"><\/iframe><\/div><\/figure>\n<\/td>\n<\/tr>\n<tr>\n<td><strong><\/p>\n<div style=\"text-align:center\">&#8220;Peixes Meninos&#8221; participam de Congresso sobre Conserva\u00e7\u00e3o na Ilha da Alegria, Prado, BA. &#8211; Difus\u00e3o cient\u00edfica do <em>Projeto BioBahia<\/div>\n<p><\/em><\/strong><\/td>\n<\/tr>\n<\/table>\n<\/div>\n","protected":false},"excerpt":{"rendered":"<p>FOTO MONTAGENS Viagem de reconhecimento da \u00c1rea de Estudo do Projeto BioBahia Primeira campanha de coleta do Projeto BioBahia Segunda campanha de coleta do Projeto BioBahia &#8220;Peixes Meninos&#8221; conhecendo os seres que vivem na praia de Cumuruxatiba. Difus\u00e3o Cient\u00edfica do &hellip; <a href=\"http:\/\/nossacasa.net\/nossosriachos\/biobahia\/fotografias\/\">Continue lendo <span class=\"meta-nav\">&rarr;<\/span><\/a><\/p>\n","protected":false},"author":1,"featured_media":0,"parent":0,"menu_order":0,"comment_status":"closed","ping_status":"closed","template":"","meta":{"footnotes":""},"class_list":["post-1477","page","type-page","status-publish","hentry"],"_links":{"self":[{"href":"http:\/\/nossacasa.net\/nossosriachos\/biobahia\/wp-json\/wp\/v2\/pages\/1477","targetHints":{"allow":["GET"]}}],"collection":[{"href":"http:\/\/nossacasa.net\/nossosriachos\/biobahia\/wp-json\/wp\/v2\/pages"}],"about":[{"href":"http:\/\/nossacasa.net\/nossosriachos\/biobahia\/wp-json\/wp\/v2\/types\/page"}],"author":[{"embeddable":true,"href":"http:\/\/nossacasa.net\/nossosriachos\/biobahia\/wp-json\/wp\/v2\/users\/1"}],"replies":[{"embeddable":true,"href":"http:\/\/nossacasa.net\/nossosriachos\/biobahia\/wp-json\/wp\/v2\/comments?post=1477"}],"version-history":[{"count":12,"href":"http:\/\/nossacasa.net\/nossosriachos\/biobahia\/wp-json\/wp\/v2\/pages\/1477\/revisions"}],"predecessor-version":[{"id":1492,"href":"http:\/\/nossacasa.net\/nossosriachos\/biobahia\/wp-json\/wp\/v2\/pages\/1477\/revisions\/1492"}],"wp:attachment":[{"href":"http:\/\/nossacasa.net\/nossosriachos\/biobahia\/wp-json\/wp\/v2\/media?parent=1477"}],"curies":[{"name":"wp","href":"https:\/\/api.w.org\/{rel}","templated":true}]}}