{"id":16,"date":"2017-07-22T18:45:34","date_gmt":"2017-07-22T21:45:34","guid":{"rendered":"http:\/\/nossacasa.net\/nossosriachos\/biobahia\/?page_id=16"},"modified":"2017-07-22T20:22:45","modified_gmt":"2017-07-22T23:22:45","slug":"introducao","status":"publish","type":"page","link":"http:\/\/nossacasa.net\/nossosriachos\/biobahia\/introducao\/","title":{"rendered":"Introdu\u00e7\u00e3o"},"content":{"rendered":"<div style=\"text-align:justify\">\n<font size=\"2\"><br \/>\n<img loading=\"lazy\" decoding=\"async\" src=\"http:\/\/nossacasa.net\/nossosriachos\/biobahia\/wp-content\/uploads\/sites\/2\/2017\/07\/introducao-150x150.jpg\" alt=\"\" width=\"150\" height=\"150\" class=\"alignleft size-thumbnail wp-image-18\" srcset=\"http:\/\/nossacasa.net\/nossosriachos\/biobahia\/wp-content\/uploads\/sites\/2\/2017\/07\/introducao-150x150.jpg 150w, http:\/\/nossacasa.net\/nossosriachos\/biobahia\/wp-content\/uploads\/sites\/2\/2017\/07\/introducao.jpg 225w\" sizes=\"auto, (max-width: 150px) 100vw, 150px\" \/>A avalia&ccedil;&atilde;o da ictiofauna dos sistemas h&iacute;dricos poucos explorados do extremo sul da Bahia visa conhecer a diversidade de peixes de &aacute;gua doce na regi&atilde;o e investigar a hist&oacute;ria dos rios, sob a &oacute;tica da biogeografia. A Biogeografia Hist&oacute;rica pode dar uma grande contribui&ccedil;&atilde;o na escolha de &aacute;reas para Unidades de Conserva&ccedil;&atilde;o.<\/p>\n<p>O projeto abrange as bacias compreendidas entre os rios Mucuri e Jequitinhonha. Para efeito do projeto elas foram divididas em 3 grupos. O primeiro grupo inclui as bacias do rio Peru&iacute;pe, Itanh&eacute;m e Jucuru&ccedil;u. O segundo grupo as micro-bacias de Cumuruxatiba e as bacias do rio Cahy e rio Corumbau. E o terceiro grupo as bacias dos rios Cara&iacute;va, dos Frades, Buranh&eacute;m, Jo&atilde;o de Tiba e Santo Ant&ocirc;nio.<\/p>\n<p>O projeto foi enviado ao CNPq como proposta de p\u00f3s-doc da Dra. Luisa Maria Sarmento Soares no primeiro semestre de 2005, tendo sido considerado merit\u00f3rio pelo CNPq mas n\u00e3o foi contemplado com bolsa. Optou-se ent\u00e3o por dar inicio ao projeto com recursos pr\u00f3prios. <\/p>\n<p>Agora em 2007, o projeto voltou a ser submetido ao CNPq como tema de p&oacute;s-doc da Dra. Luisa Maria Sarmento Soares, tendo sido contemplado com bolsa de p&oacute;s doutorado s&ecirc;nior. A bolsa ser\u00e1 realizada com a supervis\u00e3o da Prof. Rosana Mazoni do Departamento de Ecologia Laborat&oacute;rio de Ecologia de Peixes, do Instituto de Biologia, da UERJ. <\/p>\n<p>Na Fase I do Projeto desenvolveu-se estudo parcial envolvendo as &aacute;reas dos grupos 1 e 2. Nesta etapa foram verificados a acessibilidade a poss&iacute;veis pontos de amostragem durante visita uma regi&atilde;o (Ver dados da Expedi&ccedil;&atilde;o em RECONHECIMENTO). Estes dados serviram para apresenta&ccedil;&atilde;o de um pedido de financiamento para a primeira Coleta. O financiamento foi solicitado ao &#8220;All Catfish Species Inventory Project&#8221; em Julho de 2004, tendo sido aceita em 23 de agosto de 2004 (ACSI Funding Proposal 04-15). O projeto &#8220;All Catfish&#8221;, que conta com verbas da &#8220;National Science Foundation&#8221; nos EUA, tem como objetivos que inventariar todos os Siluriformes do mundo em 5 anos, e dentro desta finalidade estudos em &aacute;reas com parco conhecimento da ictiofauna s&atilde;o priorizados.<\/p>\n<p>A primeira expedi&ccedil;&atilde;o foi realizada entre 21 de outubro e 3 de novembro de 2004.(Ver dados da Expedi&ccedil;&atilde;o em A COLETA). Durante esta expedi&ccedil;&atilde;o foram amostrados 46 pontos diferentes nas bacias do Mucuri, Peru&iacute;pe, Jucuru&ccedil;u, Cahy e micro-bacias de Cumuruxatiba, incluindo os estados da Bahia e Minas Gerais. Foram coletados 356 lotes com 4.182 exemplares de 52 esp&eacute;cies diferentes. Destas, 4 esp&eacute;cies de siluriformes foram descritas como novas e enviadas para publica&ccedil;&atilde;o. Trichomycterus pradensis, publicada em 2005; Microglanis pataxo,  publicada em 2006, Ituglanis cahyensis, publicado em 2006 e ainda Parotocinclus sp, em avan&ccedil;ado est&aacute;gio de descri&ccedil;&atilde;o. Outras esp&eacute;cies novas de peixes de &aacute;gua doce foram encaminhadas para a descri&ccedil;&atilde;o por especialistas. O material est&aacute; sendo incorporado ao acervo ictiol&oacute;gico do Museu Nacional da UFRJ.<\/p>\n<p>Para realiza&ccedil;&atilde;o do projeto foi alugada uma casa em Cumuruxatiba, no munic&iacute;pio do Prado-BA, que tem funcionado como uma base de campo onde tem sido realizado todo o trabalho, procurando-se envolver estudantes e professores locais.<br \/>\nPara a Fase II do projeto, pretende-se concluir o mapeamento ictiol&oacute;gico da &aacute;rea restante e aplicar as metodologias adequadas para o conhecimento de distribui&ccedil;&atilde;o das esp&eacute;cies na &aacute;rea.<\/p>\n<p>Para complementa&ccedil;&atilde;o das coletas est&aacute; sendo solicitado ao &#8220;<a href=\"http:\/\/silurus.acnatsci.org\/\" target=\"_blank\"><font size=\"2\">All Catfish Species Inventory Project<\/font><\/a>&#8221; um novo financiamento para coleta nas bacias dos rios rio Cara&iacute;va, dos Frades, Buranh&eacute;m, Jo&atilde;o de Tiba e Santo Antonio.<\/p>\n<p>A &aacute;rea de estudo escolhida, o extremo sul da Bahia, corresponde a uma regi&atilde;o de import&acirc;ncia quanto &agrave; biodiversidade e com tr&ecirc;s Parques Nacionais e uma Reserva Biol&oacute;gica, o que contrasta com o grande desconhecimento da fauna de peixes de &aacute;gua doce. Este fato &eacute; profundamente agravado pelo ritmo de expans&atilde;o acelerada do desmatamento da regi&atilde;o, fruto das atividades pastoris e agr&iacute;colas e ainda vitimado pela implanta&ccedil;&atilde;o, a pouco mais de dez anos, de planta&ccedil;&otilde;es de eucaliptos para abastecimento das ind&uacute;strias de papel e celulose da regi&atilde;o.<\/p>\n<p>Estabelecer um quadro que defina os padr&otilde;es de endemismo e diversidade da regi&atilde;o e avaliar os aspectos biogeogr&aacute;ficos locais no que se refere aos Siluriformes parece ser um ponto de partida importante para determinar par&acirc;metros na escolha de &aacute;reas para Unidades de Conserva&ccedil;&atilde;o e reverter o quadro de desconhecimento da ictiofauna de &aacute;gua doce no extremo sul da Bahia.<\/p>\n<p><strong>Introduction<\/strong><\/p>\n<p>The Biobahia project has the aims to evaluate the fish fauna in less explored aquatic systems along extreme southern Bahia. The purpose is to have a better knowledge of the fishes and to investigate the history of those river basins, in a biogeographical approach. Historical biogeography may much contribute on the choice of areas for establishment of conservation units.<\/p>\n<p>The project involves research activities along the river basins between the rio Mucuri to the rio Jequitinhonha. For the development of project the whole area was separated into three groups of river basins. (1) The first one includes the rivers Peru&iacute;pe, Itanh&eacute;m and Jucuru&ccedil;u. (2) The second group is composed by the small river basins at Cumuruxatiba and the rivers Cahy and Corumbau. (3) The third group includes the basins of rivers Cara&iacute;va, Frades, Buranh&eacute;m, Jo&atilde;o de Tiba and Santo Ant&ocirc;nio.<\/p>\n<p>In order to stablish the project, an environmental license was asked to the governmental agency IBAMA on May 5th., 2004 (Process n. 02006003053\/06-90 IBAMA\/MMA &#8211; SUP.ESTADUAL\/BA). The Biobahia Project is being developed as a Post-Doctoral research theme by Dr. Luisa Maria Sarmento Soares, and recently received the benefit of a Grant from the CNPq (Conselho Nacional de Desenvolvimento Cient&iacute;fico e Tecnol&oacute;gico). The Post-Doctoral proposal receives institutional support by the Instituto de Biologia, Departamento de Ecologia Laborat&oacute;rio de Ecologia de Peixes, under the supervision of Dr. Rosana Mazzoni. <\/p>\n<p>The studies under development regarding the fish fauna covered research fieldwork within areas 1 and 2. During this phase the access to potential collection sites were checked during a trip to the study area (see data from this recognition expedition under RECONHECIMENTO). The information achieved during this previous expedition was employed for the presentation of a funding proposal asked for the first collection expedition.&#8221;<a href=\"http:\/\/silurus.acnatsci.org\/\" target=\"_blank\"><font size=\"2\">All Catfish Species Inventory Project<\/font><\/a>&#8221; on July \u20132004, and was accepted on August \u20132004 (ACSI Funding Proposal 04-15). The &#8220;All Catfish Species Inventory- ACSI&#8221; is expected to result in the discovery and description of new catfish species, in order to complete the taxonomical knowledge of a globally diverse taxon: the Siluriformes. The project receives funding resources by the &#8220;National Science Foundation&#8221; in USA, and within its main purpose the fieldwork studies of catfish fauna in less explored environments have priority. <\/p>\n<p>The first trip of Biobahia Project was taken between October 21st. to 3rd. November 2004 (See expedition information under A COLETA). During this first trip 46 localities were inventoried, in the river basins of  Mucuri, Peru&iacute;pe, Jucuru&ccedil;u, Cahy and small rivers at Cumuruxatiba, between the States of Bahia and Minas Gerais. There were captured 356 lots of fishes with 4.182 specimens in 52 distinct species. Among them, four catfish species were described as new and sent to publication. <i>Trichomycterus pradensis<\/i>, published in 2005; <i>Microglanis pataxo<\/i>, published in 2006, <i>Ituglanis cahyensis<\/i>, published in 2006 and also a distinct <i>Parotocinclus<\/i> sp, in advanced stage of manuscript description. Other species of freshwater fishes captured during this first trip were sent to specialists for description. The fishes captured are being incorporated to the ichthyological collections of the  Museu Nacional\/ UFRJ.<\/p>\n<p>A house was rent in the Cumuruxatiba village, at Prado-Bahia, in order to work as a research fieldbase, also functioning as a classroom for teaching about fishes to the local students. For development of the second phase of the project biobahia, our intention is to conclude the fish inventory of the area and apply the adequate methodologies for the knowledge of the local species distribution.<\/p>\n<p>In order to complete the catfish species inventory, a new proposal is being submitted to the &#8220;All Catfish Species Inventory Project&#8221; for appreciation of a request for funding. The intention is to provide fieldwork along the river basins of rio Cara&iacute;va, rio dos Frades, rio Buranh&eacute;m, rio Jo&atilde;o de Tiba and rio Santo Antonio.<\/p>\n<p>The study area, the extreme southern Bahia, correspond to a region of great importance for biodiversity, with three federal conservation units (Parques Nacionais) and one biological reserve. In spite of the preservation areas distributed along this region, the freshwater fish fauna is almost ignored. The knowledge about freshwater fishes is in need to be improved, as the rhythm of deforestation is accelerated in the area, due to agriculture and cattle activities and also due to the almost recent introduction of Eucalyptus tree grooves for the industry of paper.<\/p>\n<p>The definition of patterns of endemism and the knowledge about fish diversity in the southern Bahia region may be of some help in the establishment of parameters for the choice of areas to be used as conservation units.\n<\/p><\/div>\n","protected":false},"excerpt":{"rendered":"<p>A avalia&ccedil;&atilde;o da ictiofauna dos sistemas h&iacute;dricos poucos explorados do extremo sul da Bahia visa conhecer a diversidade de peixes de &aacute;gua doce na regi&atilde;o e investigar a hist&oacute;ria dos rios, sob a &oacute;tica da biogeografia. A Biogeografia Hist&oacute;rica pode &hellip; <a href=\"http:\/\/nossacasa.net\/nossosriachos\/biobahia\/introducao\/\">Continue lendo <span class=\"meta-nav\">&rarr;<\/span><\/a><\/p>\n","protected":false},"author":1,"featured_media":18,"parent":0,"menu_order":0,"comment_status":"closed","ping_status":"closed","template":"","meta":{"footnotes":""},"class_list":["post-16","page","type-page","status-publish","has-post-thumbnail","hentry"],"_links":{"self":[{"href":"http:\/\/nossacasa.net\/nossosriachos\/biobahia\/wp-json\/wp\/v2\/pages\/16","targetHints":{"allow":["GET"]}}],"collection":[{"href":"http:\/\/nossacasa.net\/nossosriachos\/biobahia\/wp-json\/wp\/v2\/pages"}],"about":[{"href":"http:\/\/nossacasa.net\/nossosriachos\/biobahia\/wp-json\/wp\/v2\/types\/page"}],"author":[{"embeddable":true,"href":"http:\/\/nossacasa.net\/nossosriachos\/biobahia\/wp-json\/wp\/v2\/users\/1"}],"replies":[{"embeddable":true,"href":"http:\/\/nossacasa.net\/nossosriachos\/biobahia\/wp-json\/wp\/v2\/comments?post=16"}],"version-history":[{"count":5,"href":"http:\/\/nossacasa.net\/nossosriachos\/biobahia\/wp-json\/wp\/v2\/pages\/16\/revisions"}],"predecessor-version":[{"id":30,"href":"http:\/\/nossacasa.net\/nossosriachos\/biobahia\/wp-json\/wp\/v2\/pages\/16\/revisions\/30"}],"wp:featuredmedia":[{"embeddable":true,"href":"http:\/\/nossacasa.net\/nossosriachos\/biobahia\/wp-json\/wp\/v2\/media\/18"}],"wp:attachment":[{"href":"http:\/\/nossacasa.net\/nossosriachos\/biobahia\/wp-json\/wp\/v2\/media?parent=16"}],"curies":[{"name":"wp","href":"https:\/\/api.w.org\/{rel}","templated":true}]}}