{"id":381,"date":"2018-04-26T11:38:01","date_gmt":"2018-04-26T14:38:01","guid":{"rendered":"http:\/\/nossacasa.net\/nossosriachos\/biobahia\/?page_id=381"},"modified":"2018-05-03T15:11:49","modified_gmt":"2018-05-03T18:11:49","slug":"dia-1-ponto-3","status":"publish","type":"page","link":"http:\/\/nossacasa.net\/nossosriachos\/biobahia\/dia-1-ponto-3\/","title":{"rendered":"Dia 1 Ponto 3"},"content":{"rendered":"<div style=\"text-align:center\">\n<table width=\"100%\" border=\"1\" cellspacing=\"1\">\n<caption><b>PONTO 003 &#8211; BIOBAHIA2004102203<\/b><\/caption>\n<tr>\n<td colspan=\"4\"><font size=\"2\">LOCALIDADE:<\/font><\/td>\n<td><font size=\"2\">OBSERVA\u00c7\u00d5ES:<\/font><\/td>\n<\/tr>\n<tr>\n<td colspan=\"4\"><font size=\"1\"><b>Tribut\u00e1rio do Peru\u00edpe (rio do &#8220;tot\u00f3&#8221;), trilha da BR-418, cerca de 26,5 Km da BR-101 em dire\u00e7\u00e3o a Caravelas<a href=\"http:\/\/nossacasa.net\/nossosriachos\/biobahia\/foto-10\/\" target=\"_blank\">(Fotos)<\/a><\/b><\/font><\/td>\n<td rowspan=\"9\" valign=\"top\"><font size=\"1\"><b>O rio fica a 100m  da estrada e n\u00e3o \u00e9 vis\u00edvel de l\u00e1. Profundidade de amostragem: 1,0 m. Correnteza m\u00e9dia, vegeta\u00e7\u00e3o marginal moderada, substrato de areia, lodo e argila, \u00e1gua marrom. Rio baixo em vale c\/margens formando praias de areia e capim. Tocos e raizes emersas. Eucaliptus em uma das margens e barranco na outra. Nesta margem esquerda com barranco h\u00e1 muita vegeta\u00e7\u00e3o e a margem direita est\u00e1 desmatada. Coletados DNA: #1 Otothyrini inteiro; #2 Parauchenipterus nadadeira anal; #3 Pimelodella fil\u00e9 do pedunculo; #4 Imparfinis fil\u00e9 do ped\u00fanculo.<\/b><\/font><\/td>\n<\/tr>\n<tr>\n<td><font size=\"2\">MUNIC\u00cdPIO:<\/font><\/td>\n<td><font size=\"2\">ESTADO:<\/font><\/td>\n<td><font size=\"2\">BACIA:<\/font><\/td>\n<td><font size=\"2\">SUB-BACIA<\/font><\/td>\n<\/tr>\n<tr>\n<td><font size=\"1\"><b><b>Nova Vi\u00e7osa<\/b><\/b><\/font><\/td>\n<td><font size=\"1\"><b>Bahia<\/b><\/font><\/td>\n<td><font size=\"1\"><b>Atl\u00e2ntico Leste<\/b><\/font><\/td>\n<td><font size=\"1\"><b>rio Peru\u00edpe<\/b><\/font><\/td>\n<\/tr>\n<tr>\n<td><font size=\"2\">LATITUDE:<\/font><\/td>\n<td><font size=\"2\">LONGITUDE:<\/font><\/td>\n<td><font size=\"2\">ALTITUDE:<\/font><\/td>\n<td><font size=\"2\">DATUM:<\/font><\/td>\n<\/tr>\n<tr>\n<td><font size=\"1\"><b>17\u00ba50&#8217;24&#8243;S<\/b><\/font><\/td>\n<td><font size=\"1\"><b>39\u00ba42&#8217;01&#8243;W<\/b><\/font><\/td>\n<td><font size=\"1\"><b>70m<\/b><\/font><\/td>\n<td><font size=\"1\"><b>C\u00f3rrego Alegre<\/b><\/font><\/td>\n<\/tr>\n<tr>\n<td colspan=\"2\"><font size=\"2\">ARTE DE PESCA:<\/font><\/td>\n<td colspan=\"2\"><font size=\"2\">COLETORES:<\/font><\/td>\n<\/tr>\n<tr>\n<td colspan=\"2\"><font size=\"1\"><b>Pu\u00e7a, tarrafa e picar\u00e9<\/b><\/font><\/td>\n<td colspan=\"2\"><font size=\"1\"><b>Arion, Carine, Luisa e Ronaldo<\/b><\/font><\/td>\n<\/tr>\n<tr>\n<td colspan=\"2\"><font size=\"2\">DATA:<\/font><\/td>\n<td colspan=\"2\"><font size=\"2\">HOR\u00c1RIO:<\/font><\/td>\n<\/tr>\n<tr>\n<td colspan=\"2\"><font size=\"1\"><b>22 de outubro de 2004<\/b><\/font><\/td>\n<td colspan=\"2\"><font size=\"1\"><b>Entre 08:10 e 09:30h<\/b><\/font><\/td>\n<\/tr>\n<tr>\n<td><font size=\"2\">ITEM:<\/font><\/td>\n<td><font size=\"2\">QTDE:<\/font><\/td>\n<td><font size=\"2\">TIPO:<\/font><\/td>\n<td><font size=\"2\">MNRJ:<\/font><\/td>\n<td><font size=\"2\">ESP\u00c9CIE:<\/font><\/td>\n<\/tr>\n<tr>\n<td><font size=\"1\"><b>1<\/b><\/font><\/td>\n<td><font size=\"1\"><b>1<\/b><\/font><\/td>\n<td><font size=\"1\"><b>&nbsp;<\/b><\/font><\/td>\n<td><font size=\"1\"><b>28544<\/b><\/font><\/td>\n<td><font size=\"1\"><b><i>Trachelyopterus striatulus<\/i><\/b><\/font><\/td>\n<\/tr>\n<tr>\n<td><font size=\"1\"><b>2<\/b><\/font><\/td>\n<td><font size=\"1\"><b>1<\/b><\/font><\/td>\n<td><font size=\"1\"><b>&nbsp;<\/b><\/font><\/td>\n<td><font size=\"1\"><b>28303<\/b><\/font><\/td>\n<td><font size=\"1\"><b><i>Trinectes paulistanus<\/i><\/b><\/font><\/font><\/td>\n<\/tr>\n<tr>\n<td><font size=\"1\"><b>3<\/b><\/font><\/td>\n<td><font size=\"1\"><b>20<\/b><\/font><\/td>\n<td><font size=\"1\"><b>&nbsp;<\/b><\/font><\/td>\n<td><font size=\"1\"><b>28545<\/b><\/font><\/td>\n<td><font size=\"1\"><b><i>Astyanax cf.lacustris<\/i><a href=\"http:\/\/nossacasa.net\/nossosriachos\/biobahia\/foto-11\/\" target=\"_blank\">(Fotos)<\/a><\/b><\/font><\/td>\n<\/tr>\n<tr>\n<td><font size=\"1\"><b>4<\/b><\/font><\/td>\n<td><font size=\"1\"><b>25<\/b><\/font><\/td>\n<td><font size=\"1\"><b>&nbsp;<\/b><\/font><\/td>\n<td><font size=\"1\"><b>&nbsp;<\/b><\/font><\/td>\n<td><font size=\"1\"><b><i>Pimellodella sp.<\/i><\/b><\/font><\/td>\n<\/tr>\n<tr>\n<td><font size=\"1\"><b>5<\/b><\/font><\/td>\n<td><font size=\"1\"><b>4<\/b><\/font><\/td>\n<td><font size=\"1\"><b>&nbsp;<\/b><\/font><\/td>\n<td><font size=\"1\"><b>28546<\/b><\/font><\/td>\n<td><font size=\"1\"><b><i>Poecilia vivipara<\/i><\/b><\/font><\/td>\n<\/tr>\n<tr>\n<td><font size=\"1\"><b>6<\/b><\/font><\/td>\n<td><font size=\"1\"><b>2<\/b><\/font><\/td>\n<td><font size=\"1\"><b>&nbsp;<\/b><\/font><\/td>\n<td><font size=\"1\"><b>28304<\/b><\/font><\/td>\n<td><font size=\"1\"><b><i>Hoplias malabaricus<\/i><a href=\"http:\/\/nossacasa.net\/nossosriachos\/biobahia\/foto-12\/\" target=\"_blank\">(Fotos)<\/a><\/b><\/font><\/td>\n<\/tr>\n<tr>\n<td><font size=\"1\"><b>7<\/b><\/font><\/td>\n<td><font size=\"1\"><b>2<\/b><\/font><\/td>\n<td><font size=\"1\"><b>&nbsp;<\/b><\/font><\/td>\n<td><font size=\"1\"><b>&nbsp;<\/b><\/font><\/td>\n<td><font size=\"1\"><b><i>Rhamdia sp.<\/i><a href=\"http:\/\/nossacasa.net\/nossosriachos\/biobahia\/foto-13\/\" target=\"_blank\">(Fotos)<\/a><\/b><\/font><\/td>\n<\/tr>\n<tr>\n<td><font size=\"1\"><b>8<\/b><\/font><\/td>\n<td><font size=\"1\"><b>13<\/b><\/font><\/td>\n<td><font size=\"1\"><b>&nbsp;<\/b><\/font><\/td>\n<td><font size=\"1\"><b>28547<\/b><\/font><\/td>\n<td><font size=\"1\"><b><i>Tetragonopterus cf. chalceus<\/i><\/b><\/font><\/font><\/td>\n<\/tr>\n<tr>\n<td><font size=\"1\"><b>9<\/b><\/font><\/td>\n<td><font size=\"1\"><b>2<\/b><\/font><\/td>\n<td><font size=\"1\"><b>&nbsp;<\/b><\/font><\/td>\n<td><font size=\"1\"><b>28703<\/b><\/font><\/td>\n<td><font size=\"1\"><b><i>Scleromystax prionotos<\/i><a href=\"http:\/\/nossacasa.net\/nossosriachos\/biobahia\/foto-14\/\" target=\"_blank\">(Fotos)<\/a><\/b><\/font><\/td>\n<\/tr>\n<tr>\n<td><font size=\"1\"><b>10<\/b><\/font><\/td>\n<td><font size=\"1\"><b>2<\/b><\/font><\/td>\n<td><font size=\"1\"><b>&nbsp;<\/b><\/font><\/td>\n<td><font size=\"1\"><b>28548<\/b><\/font><\/td>\n<td><font size=\"1\"><b><i>Astyanax cf.rivularis<\/i><\/b><\/font><\/td>\n<\/tr>\n<\/table>\n<\/div>\n","protected":false},"excerpt":{"rendered":"<p>PONTO 003 &#8211; BIOBAHIA2004102203 LOCALIDADE: OBSERVA\u00c7\u00d5ES: Tribut\u00e1rio do Peru\u00edpe (rio do &#8220;tot\u00f3&#8221;), trilha da BR-418, cerca de 26,5 Km da BR-101 em dire\u00e7\u00e3o a Caravelas(Fotos) O rio fica a 100m da estrada e n\u00e3o \u00e9 vis\u00edvel de l\u00e1. Profundidade de &hellip; <a href=\"http:\/\/nossacasa.net\/nossosriachos\/biobahia\/dia-1-ponto-3\/\">Continue lendo <span class=\"meta-nav\">&rarr;<\/span><\/a><\/p>\n","protected":false},"author":1,"featured_media":1460,"parent":0,"menu_order":0,"comment_status":"closed","ping_status":"closed","template":"","meta":{"footnotes":""},"class_list":["post-381","page","type-page","status-publish","has-post-thumbnail","hentry"],"_links":{"self":[{"href":"http:\/\/nossacasa.net\/nossosriachos\/biobahia\/wp-json\/wp\/v2\/pages\/381","targetHints":{"allow":["GET"]}}],"collection":[{"href":"http:\/\/nossacasa.net\/nossosriachos\/biobahia\/wp-json\/wp\/v2\/pages"}],"about":[{"href":"http:\/\/nossacasa.net\/nossosriachos\/biobahia\/wp-json\/wp\/v2\/types\/page"}],"author":[{"embeddable":true,"href":"http:\/\/nossacasa.net\/nossosriachos\/biobahia\/wp-json\/wp\/v2\/users\/1"}],"replies":[{"embeddable":true,"href":"http:\/\/nossacasa.net\/nossosriachos\/biobahia\/wp-json\/wp\/v2\/comments?post=381"}],"version-history":[{"count":8,"href":"http:\/\/nossacasa.net\/nossosriachos\/biobahia\/wp-json\/wp\/v2\/pages\/381\/revisions"}],"predecessor-version":[{"id":809,"href":"http:\/\/nossacasa.net\/nossosriachos\/biobahia\/wp-json\/wp\/v2\/pages\/381\/revisions\/809"}],"wp:featuredmedia":[{"embeddable":true,"href":"http:\/\/nossacasa.net\/nossosriachos\/biobahia\/wp-json\/wp\/v2\/media\/1460"}],"wp:attachment":[{"href":"http:\/\/nossacasa.net\/nossosriachos\/biobahia\/wp-json\/wp\/v2\/media?parent=381"}],"curies":[{"name":"wp","href":"https:\/\/api.w.org\/{rel}","templated":true}]}}