{"id":43,"date":"2017-07-22T20:51:21","date_gmt":"2017-07-22T23:51:21","guid":{"rendered":"http:\/\/nossacasa.net\/nossosriachos\/biobahia\/?page_id=43"},"modified":"2017-07-22T20:51:21","modified_gmt":"2017-07-22T23:51:21","slug":"licencas-de-coletas","status":"publish","type":"page","link":"http:\/\/nossacasa.net\/nossosriachos\/biobahia\/licencas-de-coletas\/","title":{"rendered":"Licen\u00e7as de Coletas"},"content":{"rendered":"<p><img loading=\"lazy\" decoding=\"async\" src=\"http:\/\/nossacasa.net\/nossosriachos\/biobahia\/wp-content\/uploads\/sites\/2\/2017\/07\/licenca-150x150.jpg\" alt=\"\" width=\"150\" height=\"150\" class=\"aligncenter size-thumbnail wp-image-44\" \/><\/p>\n<div style=\"text-align:justify\">\nPara realiza\u00e7\u00e3o do projeto foi solicitada licen\u00e7a ao IBAMA em 5 de maio de 2004 (Processo No. 02022001602\/04 IBAMA\/MMA &#8211; SUP.ESTADUAL\/RJ). <\/p>\n<p>Por orienta\u00e7\u00e3o do IBAMA\/BA foi iniciado um novo Processo em 29 de junho de 2006 (Processo No. 02006003053\/06-90 IBAMA\/MMA &#8211; SUP.ESTADUAL\/BA) utilizando-se c\u00f3pia do processo anterior.<\/p>\n<p>O documento de solicita\u00e7\u00e3o de licen\u00e7a foi transformado no Processo No. 02006.002926\/2006-17, que  em 27-04-2007 foi encaminhado ao Ssa\/pesca  Ibama \u00e0s 15:42:24  sob a aten\u00e7\u00e3o do Analista Ambiental Josevaldo Ramos.<\/p>\n<p>Em 27\/04\/2007 \u00e0s 16:30hs foi submetida para an\u00e1lise &#8220;Autoriza\u00e7\u00e3o para atividades com finalidade cient\u00edfica&#8221; com o n\u00famero 10950, pelo SISBIO.<\/p>\n<p>Foi concedida pelo IBAMA a Autoriza\u00e7\u00e3o para atividades com finalidade cient\u00edfica, n\u00famero: 10950-1, emitida em 05\/12\/2007 10:06, com validade at\u00e9 04\/12\/2008.<\/p>\n<p>O documento de Licen\u00e7a foi substitu\u00eddo pelo IBAMA por um novo documento com data da Libera\u00e7\u00e3o\/Emiss\u00e3o: 11\/01\/2010 10:23 e sem data de validade.\n<\/p><\/div>\n","protected":false},"excerpt":{"rendered":"<p>Para realiza\u00e7\u00e3o do projeto foi solicitada licen\u00e7a ao IBAMA em 5 de maio de 2004 (Processo No. 02022001602\/04 IBAMA\/MMA &#8211; SUP.ESTADUAL\/RJ). Por orienta\u00e7\u00e3o do IBAMA\/BA foi iniciado um novo Processo em 29 de junho de 2006 (Processo No. 02006003053\/06-90 IBAMA\/MMA &hellip; <a href=\"http:\/\/nossacasa.net\/nossosriachos\/biobahia\/licencas-de-coletas\/\">Continue lendo <span class=\"meta-nav\">&rarr;<\/span><\/a><\/p>\n","protected":false},"author":1,"featured_media":44,"parent":0,"menu_order":0,"comment_status":"closed","ping_status":"closed","template":"","meta":{"footnotes":""},"class_list":["post-43","page","type-page","status-publish","has-post-thumbnail","hentry"],"_links":{"self":[{"href":"http:\/\/nossacasa.net\/nossosriachos\/biobahia\/wp-json\/wp\/v2\/pages\/43","targetHints":{"allow":["GET"]}}],"collection":[{"href":"http:\/\/nossacasa.net\/nossosriachos\/biobahia\/wp-json\/wp\/v2\/pages"}],"about":[{"href":"http:\/\/nossacasa.net\/nossosriachos\/biobahia\/wp-json\/wp\/v2\/types\/page"}],"author":[{"embeddable":true,"href":"http:\/\/nossacasa.net\/nossosriachos\/biobahia\/wp-json\/wp\/v2\/users\/1"}],"replies":[{"embeddable":true,"href":"http:\/\/nossacasa.net\/nossosriachos\/biobahia\/wp-json\/wp\/v2\/comments?post=43"}],"version-history":[{"count":1,"href":"http:\/\/nossacasa.net\/nossosriachos\/biobahia\/wp-json\/wp\/v2\/pages\/43\/revisions"}],"predecessor-version":[{"id":45,"href":"http:\/\/nossacasa.net\/nossosriachos\/biobahia\/wp-json\/wp\/v2\/pages\/43\/revisions\/45"}],"wp:featuredmedia":[{"embeddable":true,"href":"http:\/\/nossacasa.net\/nossosriachos\/biobahia\/wp-json\/wp\/v2\/media\/44"}],"wp:attachment":[{"href":"http:\/\/nossacasa.net\/nossosriachos\/biobahia\/wp-json\/wp\/v2\/media?parent=43"}],"curies":[{"name":"wp","href":"https:\/\/api.w.org\/{rel}","templated":true}]}}