{"id":430,"date":"2018-04-26T11:39:16","date_gmt":"2018-04-26T14:39:16","guid":{"rendered":"http:\/\/nossacasa.net\/nossosriachos\/biobahia\/?page_id=430"},"modified":"2018-05-03T15:12:27","modified_gmt":"2018-05-03T18:12:27","slug":"dia-1-ponto-4","status":"publish","type":"page","link":"http:\/\/nossacasa.net\/nossosriachos\/biobahia\/dia-1-ponto-4\/","title":{"rendered":"Dia 1 Ponto 4"},"content":{"rendered":"<div style=\"text-align:center\">\n<table width=\"100%\" border=\"1\" cellspacing=\"1\">\n<caption><b>PONTO 004 &#8211; BIOBAHIA2004102204<\/b><\/caption>\n<tr>\n<td colspan=\"4\"><font size=\"2\">LOCALIDADE:<\/font><\/td>\n<td><font size=\"2\">OBSERVA\u00c7\u00d5ES:<\/font><\/td>\n<\/tr>\n<tr>\n<td colspan=\"4\"><font size=\"1\"><b>Riacho na BR-418, cerca de 27 Km da BR-101 no sentido de Caravelas.<a href=\"http:\/\/nossacasa.net\/nossosriachos\/biobahia\/foto-15\/\" target=\"_blank\">(Foto)<\/a><\/b><\/font><\/td>\n<td rowspan=\"9\" valign=\"top\"><font size=\"1\"><b>Coleta \u00e0 jusante do manilh\u00e3o sob a ponte na estrada.Profundidade de amostragem: 1,0 m. Correnteza r\u00e1pida, vegeta\u00e7\u00e3o marginal moderada, substrato de pedras e cascalho, \u00e1gua transparente. Vale encaichoeirado &#8220;as margens da estrada. Margem do rio com capim. Entre as rochas h\u00e1 macr\u00f3fitas flutuantes, especialmente pr\u00f3ximo &#8220;a margem. \u00c1gua transparente, amarelada.<\/b><\/font><\/td>\n<\/tr>\n<tr>\n<td><font size=\"2\">MUNIC\u00cdPIO:<\/font><\/td>\n<td><font size=\"2\">ESTADO:<\/font><\/td>\n<td><font size=\"2\">BACIA:<\/font><\/td>\n<td><font size=\"2\">SUB-BACIA<\/font><\/td>\n<\/tr>\n<tr>\n<td><font size=\"1\"><b><b>Nova Vi\u00e7osa<\/b><\/b><\/font><\/td>\n<td><font size=\"1\"><b>Bahia<\/b><\/font><\/td>\n<td><font size=\"1\"><b>Atl\u00e2ntico Leste<\/b><\/font><\/td>\n<td><font size=\"1\"><b>rio Peru\u00edpe<\/b><\/font><\/td>\n<\/tr>\n<tr>\n<td><font size=\"2\">LATITUDE:<\/font><\/td>\n<td><font size=\"2\">LONGITUDE:<\/font><\/td>\n<td><font size=\"2\">ALTITUDE:<\/font><\/td>\n<td><font size=\"2\">DATUM:<\/font><\/td>\n<\/tr>\n<tr>\n<td><font size=\"1\"><b>17\u00ba46&#8217;34&#8243;S<\/b><\/font><\/td>\n<td><font size=\"1\"><b>39\u00ba36&#8217;09&#8243;W<\/b><\/font><\/td>\n<td><font size=\"1\"><b>22m<\/b><\/font><\/td>\n<td><font size=\"1\"><b>C\u00f3rrego Alegre<\/b><\/font><\/td>\n<\/tr>\n<tr>\n<td colspan=\"2\"><font size=\"2\">ARTE DE PESCA:<\/font><\/td>\n<td colspan=\"2\"><font size=\"2\">COLETORES:<\/font><\/td>\n<\/tr>\n<tr>\n<td colspan=\"2\"><font size=\"1\"><b>Pu\u00e7a, tarrafa e picar\u00e9<\/b><\/font><\/td>\n<td colspan=\"2\"><font size=\"1\"><b>Arion, Carine, Luisa e Ronaldo<\/b><\/font><\/td>\n<\/tr>\n<tr>\n<td colspan=\"2\"><font size=\"2\">DATA:<\/font><\/td>\n<td colspan=\"2\"><font size=\"2\">HOR\u00c1RIO:<\/font><\/td>\n<\/tr>\n<tr>\n<td colspan=\"2\"><font size=\"1\"><b>22 de outubro de 2004<\/b><\/font><\/td>\n<td colspan=\"2\"><font size=\"1\"><b>Entre 11:55 e 12:53h<\/b><\/font><\/td>\n<\/tr>\n<tr>\n<td><font size=\"2\">ITEM:<\/font><\/td>\n<td><font size=\"2\">QTDE:<\/font><\/td>\n<td><font size=\"2\">TIPO:<\/font><\/td>\n<td><font size=\"2\">MNRJ:<\/font><\/td>\n<td><font size=\"2\">ESP\u00c9CIE:<\/font><\/td>\n<\/tr>\n<tr>\n<td><font size=\"1\"><b>1<\/b><\/font><\/td>\n<td><font size=\"1\"><b>6<\/b><\/font><\/td>\n<td><font size=\"1\"><b>Par\u00e1tipos<\/b><\/font><\/td>\n<td><font size=\"1\"><b>28485<\/b><\/font><\/td>\n<td><font size=\"1\"><b><i>Trichomycterus pradensis<\/i><a href=\"http:\/\/nossacasa.net\/nossosriachos\/biobahia\/foto-16\/\" target=\"_blank\">(Fotos)<\/a><\/font><\/b><\/font><\/td>\n<\/tr>\n<tr>\n<td><font size=\"1\"><b>2<\/b><\/font><\/td>\n<td><font size=\"1\"><b>1<\/b><\/font><\/td>\n<td><font size=\"1\"><b>&nbsp;<\/b><\/font><\/td>\n<td><font size=\"1\"><b>&nbsp;<\/b><\/font><\/td>\n<td><font size=\"1\"><b><i>Crenicichla sp.<\/i><a href=\"http:\/\/nossacasa.net\/nossosriachos\/biobahia\/foto-17\/\" target=\"_blank\">(Fotos)<\/a><\/font><\/b><\/font><\/font><\/td>\n<\/tr>\n<tr>\n<td><font size=\"1\"><b>3<\/b><\/font><\/td>\n<td><font size=\"1\"><b>1<\/b><\/font><\/td>\n<td><font size=\"1\"><b>MSPar\u00e1tipos<\/b><\/font><\/td>\n<td><font size=\"1\"><b>28400<\/b><\/font><\/td>\n<td><font size=\"1\"><b><i>Microglanis sp.n.<\/i><a href=\"http:\/\/nossacasa.net\/nossosriachos\/biobahia\/foto-18\/\" target=\"_blank\">(Fotos)<\/a><\/font><\/b><\/font><\/td>\n<\/tr>\n<tr>\n<td><font size=\"1\"><b>4<\/b><\/font><\/td>\n<td><font size=\"1\"><b>22<\/b><\/font><\/td>\n<td><font size=\"1\"><b>&nbsp;<\/b><\/font><\/td>\n<td><font size=\"1\"><b>28549<\/b><\/font><\/td>\n<td><font size=\"1\"><b><i>Imparfinis minutus<\/i><\/b><\/font><\/td>\n<\/tr>\n<tr>\n<td><font size=\"1\"><b>5<\/b><\/font><\/td>\n<td><font size=\"1\"><b>1<\/b><\/font><\/td>\n<td><font size=\"1\"><b>&nbsp;<\/b><\/font><\/td>\n<td><font size=\"1\"><b>28305<\/b><\/font><\/td>\n<td><font size=\"1\"><b><i>Geophagus brasiliensis<\/i><\/b><\/font><\/td>\n<\/tr>\n<\/table>\n","protected":false},"excerpt":{"rendered":"<p>PONTO 004 &#8211; BIOBAHIA2004102204 LOCALIDADE: OBSERVA\u00c7\u00d5ES: Riacho na BR-418, cerca de 27 Km da BR-101 no sentido de Caravelas.(Foto) Coleta \u00e0 jusante do manilh\u00e3o sob a ponte na estrada.Profundidade de amostragem: 1,0 m. Correnteza r\u00e1pida, vegeta\u00e7\u00e3o marginal moderada, substrato de &hellip; <a href=\"http:\/\/nossacasa.net\/nossosriachos\/biobahia\/dia-1-ponto-4\/\">Continue lendo <span class=\"meta-nav\">&rarr;<\/span><\/a><\/p>\n","protected":false},"author":1,"featured_media":1460,"parent":0,"menu_order":0,"comment_status":"closed","ping_status":"closed","template":"","meta":{"footnotes":""},"class_list":["post-430","page","type-page","status-publish","has-post-thumbnail","hentry"],"_links":{"self":[{"href":"http:\/\/nossacasa.net\/nossosriachos\/biobahia\/wp-json\/wp\/v2\/pages\/430","targetHints":{"allow":["GET"]}}],"collection":[{"href":"http:\/\/nossacasa.net\/nossosriachos\/biobahia\/wp-json\/wp\/v2\/pages"}],"about":[{"href":"http:\/\/nossacasa.net\/nossosriachos\/biobahia\/wp-json\/wp\/v2\/types\/page"}],"author":[{"embeddable":true,"href":"http:\/\/nossacasa.net\/nossosriachos\/biobahia\/wp-json\/wp\/v2\/users\/1"}],"replies":[{"embeddable":true,"href":"http:\/\/nossacasa.net\/nossosriachos\/biobahia\/wp-json\/wp\/v2\/comments?post=430"}],"version-history":[{"count":5,"href":"http:\/\/nossacasa.net\/nossosriachos\/biobahia\/wp-json\/wp\/v2\/pages\/430\/revisions"}],"predecessor-version":[{"id":820,"href":"http:\/\/nossacasa.net\/nossosriachos\/biobahia\/wp-json\/wp\/v2\/pages\/430\/revisions\/820"}],"wp:featuredmedia":[{"embeddable":true,"href":"http:\/\/nossacasa.net\/nossosriachos\/biobahia\/wp-json\/wp\/v2\/media\/1460"}],"wp:attachment":[{"href":"http:\/\/nossacasa.net\/nossosriachos\/biobahia\/wp-json\/wp\/v2\/media?parent=430"}],"curies":[{"name":"wp","href":"https:\/\/api.w.org\/{rel}","templated":true}]}}