{"id":788,"date":"2018-04-26T17:13:01","date_gmt":"2018-04-26T20:13:01","guid":{"rendered":"http:\/\/nossacasa.net\/nossosriachos\/biobahia\/?page_id=788"},"modified":"2018-04-26T17:18:32","modified_gmt":"2018-04-26T20:18:32","slug":"foto-10","status":"publish","type":"page","link":"http:\/\/nossacasa.net\/nossosriachos\/biobahia\/foto-10\/","title":{"rendered":"Foto 10"},"content":{"rendered":"<p><img loading=\"lazy\" decoding=\"async\" class=\"aligncenter size-full wp-image-296\" src=\"http:\/\/nossacasa.net\/nossosriachos\/biobahia\/wp-content\/uploads\/sites\/2\/2018\/04\/1420.jpg\" alt=\"\" width=\"600\" height=\"450\" \/><\/p>\n<p style=\"text-align: center;\"><strong>Tribut\u00e1rio do Peru\u00edpe (rio do &#8220;tot\u00f3&#8221;), trilha da BR-418, cerca de 26,5 Km da BR-101 em dire\u00e7\u00e3o a Caravelas<\/strong><\/p>\n<p><img loading=\"lazy\" decoding=\"async\" class=\"aligncenter size-full wp-image-296\" src=\"http:\/\/nossacasa.net\/nossosriachos\/biobahia\/wp-content\/uploads\/sites\/2\/2018\/04\/14201.jpg\" alt=\"\" width=\"600\" height=\"450\" \/><\/p>\n<p><img loading=\"lazy\" decoding=\"async\" class=\"aligncenter size-full wp-image-296\" src=\"http:\/\/nossacasa.net\/nossosriachos\/biobahia\/wp-content\/uploads\/sites\/2\/2018\/04\/14202.jpg\" alt=\"\" width=\"600\" height=\"450\" \/><\/p>\n<p><img loading=\"lazy\" decoding=\"async\" class=\"aligncenter size-full wp-image-296\" src=\"http:\/\/nossacasa.net\/nossosriachos\/biobahia\/wp-content\/uploads\/sites\/2\/2018\/04\/14203.jpg\" alt=\"\" width=\"600\" height=\"450\" \/><\/p>\n<p><img loading=\"lazy\" decoding=\"async\" class=\"aligncenter size-full wp-image-296\" src=\"http:\/\/nossacasa.net\/nossosriachos\/biobahia\/wp-content\/uploads\/sites\/2\/2018\/04\/14204.jpg\" alt=\"\" width=\"600\" height=\"450\" \/><\/p>\n<p><img loading=\"lazy\" decoding=\"async\" class=\"aligncenter size-full wp-image-296\" src=\"http:\/\/nossacasa.net\/nossosriachos\/biobahia\/wp-content\/uploads\/sites\/2\/2018\/04\/14205.jpg\" alt=\"\" width=\"600\" height=\"450\" \/><\/p>\n<p><img loading=\"lazy\" decoding=\"async\" class=\"aligncenter size-full wp-image-296\" src=\"http:\/\/nossacasa.net\/nossosriachos\/biobahia\/wp-content\/uploads\/sites\/2\/2018\/04\/14206.jpg\" alt=\"\" width=\"600\" height=\"450\" \/><\/p>\n<p style=\"text-align: center;\"><strong>Pessoas e Localidades no rio &#8220;Tot\u00f3<\/strong><\/p>\n","protected":false},"excerpt":{"rendered":"<p>Tribut\u00e1rio do Peru\u00edpe (rio do &#8220;tot\u00f3&#8221;), trilha da BR-418, cerca de 26,5 Km da BR-101 em dire\u00e7\u00e3o a Caravelas Pessoas e Localidades no rio &#8220;Tot\u00f3<\/p>\n","protected":false},"author":1,"featured_media":308,"parent":0,"menu_order":0,"comment_status":"closed","ping_status":"closed","template":"","meta":{"footnotes":""},"class_list":["post-788","page","type-page","status-publish","has-post-thumbnail","hentry"],"_links":{"self":[{"href":"http:\/\/nossacasa.net\/nossosriachos\/biobahia\/wp-json\/wp\/v2\/pages\/788","targetHints":{"allow":["GET"]}}],"collection":[{"href":"http:\/\/nossacasa.net\/nossosriachos\/biobahia\/wp-json\/wp\/v2\/pages"}],"about":[{"href":"http:\/\/nossacasa.net\/nossosriachos\/biobahia\/wp-json\/wp\/v2\/types\/page"}],"author":[{"embeddable":true,"href":"http:\/\/nossacasa.net\/nossosriachos\/biobahia\/wp-json\/wp\/v2\/users\/1"}],"replies":[{"embeddable":true,"href":"http:\/\/nossacasa.net\/nossosriachos\/biobahia\/wp-json\/wp\/v2\/comments?post=788"}],"version-history":[{"count":4,"href":"http:\/\/nossacasa.net\/nossosriachos\/biobahia\/wp-json\/wp\/v2\/pages\/788\/revisions"}],"predecessor-version":[{"id":794,"href":"http:\/\/nossacasa.net\/nossosriachos\/biobahia\/wp-json\/wp\/v2\/pages\/788\/revisions\/794"}],"wp:featuredmedia":[{"embeddable":true,"href":"http:\/\/nossacasa.net\/nossosriachos\/biobahia\/wp-json\/wp\/v2\/media\/308"}],"wp:attachment":[{"href":"http:\/\/nossacasa.net\/nossosriachos\/biobahia\/wp-json\/wp\/v2\/media?parent=788"}],"curies":[{"name":"wp","href":"https:\/\/api.w.org\/{rel}","templated":true}]}}