{"id":859,"date":"2018-04-26T21:09:15","date_gmt":"2018-04-27T00:09:15","guid":{"rendered":"http:\/\/nossacasa.net\/nossosriachos\/biobahia\/?page_id=859"},"modified":"2018-05-03T15:26:10","modified_gmt":"2018-05-03T18:26:10","slug":"dia-2-ponto-1","status":"publish","type":"page","link":"http:\/\/nossacasa.net\/nossosriachos\/biobahia\/dia-2-ponto-1\/","title":{"rendered":"Dia 2 Ponto 1"},"content":{"rendered":"<div style=\"text-align:center\">\n<table width=\"100%\" border=\"1\" cellspacing=\"1\">\n<caption><b>PONTO 009 &#8211; BIOBAHIA2004102303<\/b><\/caption>\n<tr>\n<td colspan=\"4\"><font size=\"2\">LOCALIDADE:<\/font><\/td>\n<td><font size=\"2\">OBSERVA\u00c7\u00d5ES:<\/font><\/td>\n<\/tr>\n<tr>\n<td colspan=\"4\"><font size=\"1\"><b>Rio Japara Grande, Cumuruxatiba<a href=\"http:\/\/nossacasa.net\/nossosriachos\/biobahia\/foto-24\/\" target=\"_blank\">(Fotos)<\/a><\/font><\/b><\/td>\n<td rowspan=\"9\" valign=\"top\"><font size=\"1\"><b>Profundidade de amostragem: 1,5 m.Correnteza m\u00e9dia, vegeta\u00e7\u00e3o marginal moderada, substrato de areia e cascalho, \u00e1gua marrom. Espera de malha 20 sem resultados, Retirada \u00e0 noite junto com os covos. Nos covos foram capturados lambaris e camar\u00f5es.<\/b><\/font><\/td>\n<\/tr>\n<tr>\n<td><font size=\"2\">MUNIC\u00cdPIO:<\/font><\/td>\n<td><font size=\"2\">ESTADO:<\/font><\/td>\n<td><font size=\"2\">BACIA:<\/font><\/td>\n<td><font size=\"2\">SUB-BACIA<\/font><\/td>\n<\/tr>\n<tr>\n<td><font size=\"1\"><b><b>Prdao<\/b><\/b><\/font><\/td>\n<td><font size=\"1\"><b>Bahia<\/b><\/font><\/td>\n<td><font size=\"1\"><b>Atl\u00e2ntico Leste<\/b><\/font><\/td>\n<td><font size=\"1\"><b>Micro bacias de Cumuruxatiba<\/b><\/font><\/td>\n<\/tr>\n<tr>\n<td><font size=\"2\">LATITUDE:<\/font><\/td>\n<td><font size=\"2\">LONGITUDE:<\/font><\/td>\n<td><font size=\"2\">ALTITUDE:<\/font><\/td>\n<td><font size=\"2\">DATUM:<\/font><\/td>\n<\/tr>\n<tr>\n<td><font size=\"1\"><b>17\u00ba10&#8217;17&#8243;S<\/b><\/font><\/td>\n<td><font size=\"1\"><b>39\u00ba13&#8217;25&#8243;W<\/b><\/font><\/td>\n<td><font size=\"1\"><b>20m<\/b><\/font><\/td>\n<td><font size=\"1\"><b>C\u00f3rrego Alegre<\/b><\/font><\/td>\n<\/tr>\n<tr>\n<td colspan=\"2\"><font size=\"2\">ARTE DE PESCA:<\/font><\/td>\n<td colspan=\"2\"><font size=\"2\">COLETORES:<\/font><\/td>\n<\/tr>\n<tr>\n<td colspan=\"2\"><font size=\"1\"><b>Pu\u00e7a, tarrafa, espera, covo e picar\u00e9<\/b><\/font><\/td>\n<td colspan=\"2\"><font size=\"1\"><b>Arion, Carine, Luisa e Ronaldo<\/b><\/font><\/td>\n<\/tr>\n<tr>\n<td colspan=\"2\"><font size=\"2\">DATA:<\/font><\/td>\n<td colspan=\"2\"><font size=\"2\">HOR\u00c1RIO:<\/font><\/td>\n<\/tr>\n<tr>\n<td colspan=\"2\"><font size=\"1\"><b>23 de outubro de 2004<\/b><\/font><\/td>\n<td colspan=\"2\"><font size=\"1\"><b>Entre 13:00 e 13:50h<\/b><\/font><\/td>\n<\/tr>\n<tr>\n<td><font size=\"2\">ITEM:<\/font><\/td>\n<td><font size=\"2\">QTDE:<\/font><\/td>\n<td><font size=\"2\">TIPO:<\/font><\/td>\n<td><font size=\"2\">MNRJ:<\/font><\/td>\n<td><font size=\"2\">ESP\u00c9CIE:<\/font><\/td>\n<\/tr>\n<tr>\n<td><font size=\"1\"><b>1<\/b><\/font><\/td>\n<td><font size=\"1\"><b>3<\/b><\/font><\/td>\n<td><font size=\"1\"><b>&nbsp;<\/b><\/font><\/td>\n<td><font size=\"1\"><b>28313<\/b><\/font><\/td>\n<td><font size=\"1\"><b><i>Eleotris pisonis<\/i><\/b><\/font><\/td>\n<\/tr>\n<tr>\n<td><font size=\"1\"><b>2<\/b><\/font><\/td>\n<td><font size=\"1\"><b>8<\/b><\/font><\/td>\n<td><font size=\"1\"><b>&nbsp;<\/b><\/font><\/td>\n<td><font size=\"1\"><b>28314<\/b><\/font><\/td>\n<td><font size=\"1\"><b><i>Dormitator maculatus<\/i><\/b><\/font><\/td>\n<\/tr>\n<tr>\n<td><font size=\"1\"><b>3<\/b><\/font><\/td>\n<td><font size=\"1\"><b>7<\/b><\/font><\/td>\n<td><font size=\"1\"><b>&nbsp;<\/b><\/font><\/td>\n<td><font size=\"1\"><b>28565<\/b><\/font><\/td>\n<td><font size=\"1\"><b><i>Astyanax cf.rivularis<\/i><\/b><\/font><\/td>\n<\/tr>\n<tr>\n<td><font size=\"1\"><b>4<\/b><\/font><\/td>\n<td><font size=\"1\"><b>1<\/b><\/font><\/td>\n<td><font size=\"1\"><b>&nbsp;<\/b><\/font><\/td>\n<td><font size=\"1\"><b>28317<\/b><\/font><\/td>\n<td><font size=\"1\"><b><i>Geophagus brasiliensis<\/i><\/b><\/font><\/td>\n<\/tr>\n<tr>\n<td><font size=\"1\"><b>5<\/b><\/font><\/td>\n<td><font size=\"1\"><b>2<\/b><\/font><\/td>\n<td><font size=\"1\"><b>&nbsp;<\/b><\/font><\/td>\n<td><font size=\"1\"><b>28566<\/b><\/font><\/td>\n<td><font size=\"1\"><b><i>Poecilia vivipara<\/i><\/b><\/font><\/td>\n<\/tr>\n<tr>\n<td><font size=\"1\"><b>6<\/b><\/font><\/td>\n<td><font size=\"1\"><b>2<\/b><\/font><\/td>\n<td><font size=\"1\"><b>&nbsp;<\/b><\/font><\/td>\n<td><font size=\"1\"><b>&nbsp;<\/b><\/font><\/td>\n<td><font size=\"1\"><b><i>Hoplias ??<\/i><\/b><\/font><\/td>\n<\/tr>\n<\/table>\n<\/div>\n","protected":false},"excerpt":{"rendered":"<p>PONTO 009 &#8211; BIOBAHIA2004102303 LOCALIDADE: OBSERVA\u00c7\u00d5ES: Rio Japara Grande, Cumuruxatiba(Fotos) Profundidade de amostragem: 1,5 m.Correnteza m\u00e9dia, vegeta\u00e7\u00e3o marginal moderada, substrato de areia e cascalho, \u00e1gua marrom. Espera de malha 20 sem resultados, Retirada \u00e0 noite junto com os covos. Nos &hellip; <a href=\"http:\/\/nossacasa.net\/nossosriachos\/biobahia\/dia-2-ponto-1\/\">Continue lendo <span class=\"meta-nav\">&rarr;<\/span><\/a><\/p>\n","protected":false},"author":1,"featured_media":1461,"parent":0,"menu_order":0,"comment_status":"closed","ping_status":"closed","template":"","meta":{"footnotes":""},"class_list":["post-859","page","type-page","status-publish","has-post-thumbnail","hentry"],"_links":{"self":[{"href":"http:\/\/nossacasa.net\/nossosriachos\/biobahia\/wp-json\/wp\/v2\/pages\/859","targetHints":{"allow":["GET"]}}],"collection":[{"href":"http:\/\/nossacasa.net\/nossosriachos\/biobahia\/wp-json\/wp\/v2\/pages"}],"about":[{"href":"http:\/\/nossacasa.net\/nossosriachos\/biobahia\/wp-json\/wp\/v2\/types\/page"}],"author":[{"embeddable":true,"href":"http:\/\/nossacasa.net\/nossosriachos\/biobahia\/wp-json\/wp\/v2\/users\/1"}],"replies":[{"embeddable":true,"href":"http:\/\/nossacasa.net\/nossosriachos\/biobahia\/wp-json\/wp\/v2\/comments?post=859"}],"version-history":[{"count":4,"href":"http:\/\/nossacasa.net\/nossosriachos\/biobahia\/wp-json\/wp\/v2\/pages\/859\/revisions"}],"predecessor-version":[{"id":880,"href":"http:\/\/nossacasa.net\/nossosriachos\/biobahia\/wp-json\/wp\/v2\/pages\/859\/revisions\/880"}],"wp:featuredmedia":[{"embeddable":true,"href":"http:\/\/nossacasa.net\/nossosriachos\/biobahia\/wp-json\/wp\/v2\/media\/1461"}],"wp:attachment":[{"href":"http:\/\/nossacasa.net\/nossosriachos\/biobahia\/wp-json\/wp\/v2\/media?parent=859"}],"curies":[{"name":"wp","href":"https:\/\/api.w.org\/{rel}","templated":true}]}}