{"id":863,"date":"2018-04-26T21:13:18","date_gmt":"2018-04-27T00:13:18","guid":{"rendered":"http:\/\/nossacasa.net\/nossosriachos\/biobahia\/?page_id=863"},"modified":"2018-05-03T15:29:14","modified_gmt":"2018-05-03T18:29:14","slug":"dia-2-ponto-3","status":"publish","type":"page","link":"http:\/\/nossacasa.net\/nossosriachos\/biobahia\/dia-2-ponto-3\/","title":{"rendered":"Dia 2 Ponto 3"},"content":{"rendered":"<div style=\"text-align:center\">\n<table width=\"100%\" border=\"1\" cellspacing=\"1\">\n<caption><b>PONTO 008 &#8211; BIOBAHIA2004102302<\/b><\/caption>\n<tr>\n<td colspan=\"4\"><font size=\"2\">LOCALIDADE:<\/font><\/td>\n<td><font size=\"2\">OBSERVA\u00c7\u00d5ES:<\/font><\/td>\n<\/tr>\n<tr>\n<td colspan=\"4\"><font size=\"1\"><b>Rio do Peixe Grande, Cumuruxatiba. Pr\u00f3ximo a foz.<a href=\"http:\/\/nossacasa.net\/nossosriachos\/biobahia\/foto-27\/\" target=\"_blank\"><font size=\"1\">(Fotos)<\/font><\/a><\/b><\/td>\n<td rowspan=\"9\" valign=\"top\"><font size=\"1\"><b>Profundidade de amostragem: 1,5 m.Correnteza m\u00e9dia a parada, vegeta\u00e7\u00e3o marginal e emergente moderada, substrato de argila, \u00e1gua escura. Local junto a foz do rio a 50 m. da praia. \u00c1rvores de mangue com ra\u00edzes escoras. Tempo ensolarado. Rede de espera armada \u00e0s 11:39 hs e vistoriada \u00e0 noite, durante a mar\u00e9 baixa.<\/b><\/font><\/td>\n<\/tr>\n<tr>\n<td><font size=\"2\">MUNIC\u00cdPIO:<\/font><\/td>\n<td><font size=\"2\">ESTADO:<\/font><\/td>\n<td><font size=\"2\">BACIA:<\/font><\/td>\n<td><font size=\"2\">SUB-BACIA<\/font><\/td>\n<\/tr>\n<tr>\n<td><font size=\"1\"><b><b>Prdao<\/b><\/b><\/font><\/td>\n<td><font size=\"1\"><b>Bahia<\/b><\/font><\/td>\n<td><font size=\"1\"><b>Atl\u00e2ntico Leste<\/b><\/font><\/td>\n<td><font size=\"1\"><b>Micro bacias de Cumuruxatiba<\/b><\/font><\/td>\n<\/tr>\n<tr>\n<td><font size=\"2\">LATITUDE:<\/font><\/td>\n<td><font size=\"2\">LONGITUDE:<\/font><\/td>\n<td><font size=\"2\">ALTITUDE:<\/font><\/td>\n<td><font size=\"2\">DATUM:<\/font><\/td>\n<\/tr>\n<tr>\n<td><font size=\"1\"><b>17\u00ba04&#8217;58&#8243;S<\/b><\/font><\/td>\n<td><font size=\"1\"><b>39\u00ba10&#8217;51&#8243;W<\/b><\/font><\/td>\n<td><font size=\"1\"><b>22m<\/b><\/font><\/td>\n<td><font size=\"1\"><b>C\u00f3rrego Alegre<\/b><\/font><\/td>\n<\/tr>\n<tr>\n<td colspan=\"2\"><font size=\"2\">ARTE DE PESCA:<\/font><\/td>\n<td colspan=\"2\"><font size=\"2\">COLETORES:<\/font><\/td>\n<\/tr>\n<tr>\n<td colspan=\"2\"><font size=\"1\"><b>Rede de espera e covo<\/b><\/font><\/td>\n<td colspan=\"2\"><font size=\"1\"><b>Arion, Carine, Luisa e Ronaldo<\/b><\/font><\/td>\n<\/tr>\n<tr>\n<td colspan=\"2\"><font size=\"2\">DATA:<\/font><\/td>\n<td colspan=\"2\"><font size=\"2\">HOR\u00c1RIO:<\/font><\/td>\n<\/tr>\n<tr>\n<td colspan=\"2\"><font size=\"1\"><b>23 de outubro de 2004<\/b><\/font><\/td>\n<td colspan=\"2\"><font size=\"1\"><b>Entre 11:40 e 20:40h<\/b><\/font><\/td>\n<\/tr>\n<tr>\n<td><font size=\"2\">ITEM:<\/font><\/td>\n<td><font size=\"2\">QTDE:<\/font><\/td>\n<td><font size=\"2\">TIPO:<\/font><\/td>\n<td><font size=\"2\">MNRJ:<\/font><\/td>\n<td><font size=\"2\">ESP\u00c9CIE:<\/font><\/td>\n<\/tr>\n<tr>\n<td><font size=\"1\"><b>1<\/b><\/font><\/td>\n<td><font size=\"1\"><b>4<\/b><\/font><\/td>\n<td><font size=\"1\"><b>&nbsp;<\/b><\/font><\/td>\n<td><font size=\"1\"><b>28564<\/b><\/font><\/td>\n<td><font size=\"1\"><b><i>Astyanax cf.rivularis<\/i><\/b><\/font><\/td>\n<\/tr>\n<\/table>\n<\/div>\n","protected":false},"excerpt":{"rendered":"<p>PONTO 008 &#8211; BIOBAHIA2004102302 LOCALIDADE: OBSERVA\u00c7\u00d5ES: Rio do Peixe Grande, Cumuruxatiba. Pr\u00f3ximo a foz.(Fotos) Profundidade de amostragem: 1,5 m.Correnteza m\u00e9dia a parada, vegeta\u00e7\u00e3o marginal e emergente moderada, substrato de argila, \u00e1gua escura. Local junto a foz do rio a 50 &hellip; <a href=\"http:\/\/nossacasa.net\/nossosriachos\/biobahia\/dia-2-ponto-3\/\">Continue lendo <span class=\"meta-nav\">&rarr;<\/span><\/a><\/p>\n","protected":false},"author":1,"featured_media":1461,"parent":0,"menu_order":0,"comment_status":"closed","ping_status":"closed","template":"","meta":{"footnotes":""},"class_list":["post-863","page","type-page","status-publish","has-post-thumbnail","hentry"],"_links":{"self":[{"href":"http:\/\/nossacasa.net\/nossosriachos\/biobahia\/wp-json\/wp\/v2\/pages\/863","targetHints":{"allow":["GET"]}}],"collection":[{"href":"http:\/\/nossacasa.net\/nossosriachos\/biobahia\/wp-json\/wp\/v2\/pages"}],"about":[{"href":"http:\/\/nossacasa.net\/nossosriachos\/biobahia\/wp-json\/wp\/v2\/types\/page"}],"author":[{"embeddable":true,"href":"http:\/\/nossacasa.net\/nossosriachos\/biobahia\/wp-json\/wp\/v2\/users\/1"}],"replies":[{"embeddable":true,"href":"http:\/\/nossacasa.net\/nossosriachos\/biobahia\/wp-json\/wp\/v2\/comments?post=863"}],"version-history":[{"count":2,"href":"http:\/\/nossacasa.net\/nossosriachos\/biobahia\/wp-json\/wp\/v2\/pages\/863\/revisions"}],"predecessor-version":[{"id":897,"href":"http:\/\/nossacasa.net\/nossosriachos\/biobahia\/wp-json\/wp\/v2\/pages\/863\/revisions\/897"}],"wp:featuredmedia":[{"embeddable":true,"href":"http:\/\/nossacasa.net\/nossosriachos\/biobahia\/wp-json\/wp\/v2\/media\/1461"}],"wp:attachment":[{"href":"http:\/\/nossacasa.net\/nossosriachos\/biobahia\/wp-json\/wp\/v2\/media?parent=863"}],"curies":[{"name":"wp","href":"https:\/\/api.w.org\/{rel}","templated":true}]}}