{"id":865,"date":"2018-04-26T21:14:33","date_gmt":"2018-04-27T00:14:33","guid":{"rendered":"http:\/\/nossacasa.net\/nossosriachos\/biobahia\/?page_id=865"},"modified":"2018-05-03T15:30:00","modified_gmt":"2018-05-03T18:30:00","slug":"dia-2-ponto-4","status":"publish","type":"page","link":"http:\/\/nossacasa.net\/nossosriachos\/biobahia\/dia-2-ponto-4\/","title":{"rendered":"Dia 2 Ponto 4"},"content":{"rendered":"<div style=\"text-align:center\">\n<table width=\"100%\" border=\"1\" cellspacing=\"1\">\n<caption><b>PONTO 007 &#8211; BIOBAHIA2004102301<\/b><\/caption>\n<tr>\n<td colspan=\"4\"><font size=\"2\">LOCALIDADE:<\/font><\/td>\n<td><font size=\"2\">OBSERVA\u00c7\u00d5ES:<\/font><\/td>\n<\/tr>\n<tr>\n<td colspan=\"4\"><font size=\"1\"><b>Rio Imbassuaba, Cumuruxatiba <a href=\"http:\/\/nossacasa.net\/nossosriachos\/biobahia\/foto-28\/\" target=\"_blank\"><font size=\"1\">(Foto)<\/font><\/a><\/b><\/font><\/td>\n<td rowspan=\"9\" valign=\"top\"><font size=\"1\"><b>Profundidade de amostragem: 1,5 m.Correnteza m\u00e9dia, vegeta\u00e7\u00e3o marginal e flutuante em muita quantidade, substrato de areia, \u00e1gua transparente. Rio estreito (mais ou menos 1 m. de largura) e fundo. Muitos galhos submersos e troncos ca\u00eddos. Moderadamente sombreado com \u00e1rvores, gram\u00edneas, flores e muita vegeta\u00e7\u00e3o na margem. Algumas ninf\u00e9ias flutuantes e alguma vegeta\u00e7\u00e3o submersa. Muito folhi\u00e7o no fundo do rio. Tempo ensolarado.<\/b><\/font><\/td>\n<\/tr>\n<tr>\n<td><font size=\"2\">MUNIC\u00cdPIO:<\/font><\/td>\n<td><font size=\"2\">ESTADO:<\/font><\/td>\n<td><font size=\"2\">BACIA:<\/font><\/td>\n<td><font size=\"2\">SUB-BACIA<\/font><\/td>\n<\/tr>\n<tr>\n<td><font size=\"1\"><b><b>Prdao<\/b><\/b><\/font><\/td>\n<td><font size=\"1\"><b>Bahia<\/b><\/font><\/td>\n<td><font size=\"1\"><b>Atl\u00e2ntico Leste<\/b><\/font><\/td>\n<td><font size=\"1\"><b>Micro bacias de Cumuruxatiba<\/b><\/font><\/td>\n<\/tr>\n<tr>\n<td><font size=\"2\">LATITUDE:<\/font><\/td>\n<td><font size=\"2\">LONGITUDE:<\/font><\/td>\n<td><font size=\"2\">ALTITUDE:<\/font><\/td>\n<td><font size=\"2\">DATUM:<\/font><\/td>\n<\/tr>\n<tr>\n<td><font size=\"1\"><b>17\u00ba03&#8217;31&#8243;S<\/b><\/font><\/td>\n<td><font size=\"1\"><b>39\u00ba11&#8217;02&#8243;W<\/b><\/font><\/td>\n<td><font size=\"1\"><b>30m<\/b><\/font><\/td>\n<td><font size=\"1\"><b>C\u00f3rrego Alegre<\/b><\/font><\/td>\n<\/tr>\n<tr>\n<td colspan=\"2\"><font size=\"2\">ARTE DE PESCA:<\/font><\/td>\n<td colspan=\"2\"><font size=\"2\">COLETORES:<\/font><\/td>\n<\/tr>\n<tr>\n<td colspan=\"2\"><font size=\"1\"><b>Pu\u00e7a, tarrafa e covo<\/b><\/font><\/td>\n<td colspan=\"2\"><font size=\"1\"><b>Arion, Carine, Luisa e Ronaldo<\/b><\/font><\/td>\n<\/tr>\n<tr>\n<td colspan=\"2\"><font size=\"2\">DATA:<\/font><\/td>\n<td colspan=\"2\"><font size=\"2\">HOR\u00c1RIO:<\/font><\/td>\n<\/tr>\n<tr>\n<td colspan=\"2\"><font size=\"1\"><b>23 de outubro de 2004<\/b><\/font><\/td>\n<td colspan=\"2\"><font size=\"1\"><b>Entre 09:35 e 11:30h<\/b><\/font><\/td>\n<\/tr>\n<tr>\n<td><font size=\"2\">ITEM:<\/font><\/td>\n<td><font size=\"2\">QTDE:<\/font><\/td>\n<td><font size=\"2\">TIPO:<\/font><\/td>\n<td><font size=\"2\">MNRJ:<\/font><\/td>\n<td><font size=\"2\">ESP\u00c9CIE:<\/font><\/td>\n<\/tr>\n<tr>\n<td><font size=\"1\"><b>1<\/b><\/font><\/td>\n<td><font size=\"1\"><b>34<\/b><\/font><\/td>\n<td><font size=\"1\"><b>&nbsp;<\/b><\/font><\/td>\n<td><font size=\"1\"><b>28558<\/b><\/font><\/td>\n<td><font size=\"1\"><b><i>Otothyris travassosi<\/i><a href=\"http:\/\/nossacasa.net\/nossosriachos\/biobahia\/foto-29\/\" target=\"_blank\"><font size=\"1\">(Fotos)<\/font><\/a><\/b><\/font><\/td>\n<\/tr>\n<tr>\n<td><font size=\"1\"><b>2<\/b><\/font><\/td>\n<td><font size=\"1\"><b>1<\/b><\/font><\/td>\n<td><font size=\"1\"><b>&nbsp;<\/b><\/font><\/td>\n<td><font size=\"1\"><b>28310<\/b><\/font><\/td>\n<td><font size=\"1\"><b><i>Hoplias malabaricus<\/i><\/b><\/font><\/td>\n<\/tr>\n<tr>\n<td><font size=\"1\"><b>3<\/b><\/font><\/td>\n<td><font size=\"1\"><b>1<\/b><\/font><\/td>\n<td><font size=\"1\"><b>&nbsp;<\/b><\/font><\/td>\n<td><font size=\"1\"><b>28560<\/b><\/font><\/td>\n<td><font size=\"1\"><b><i>Trachelyopterus striatulus<\/i><a href=\"http:\/\/nossacasa.net\/nossosriachos\/biobahia\/foto-30\/\" target=\"_blank\"><font size=\"1\">(Foto)<\/font><\/a><\/b><\/font><\/td>\n<\/tr>\n<tr>\n<td><font size=\"1\"><b>4<\/b><\/font><\/td>\n<td><font size=\"1\"><b>1<\/b><\/font><\/td>\n<td><font size=\"1\"><b>&nbsp;<\/b><\/font><\/td>\n<td><font size=\"1\"><b>28311<\/b><\/font><\/td>\n<td><font size=\"1\"><b><i>Microphis brachyurus<\/i><a href=\"http:\/\/nossacasa.net\/nossosriachos\/biobahia\/foto-31\/\" target=\"_blank\"><font size=\"1\">(Foto)<\/font><\/a><\/b><\/font><\/td>\n<\/tr>\n<tr>\n<td><font size=\"1\"><b>5<\/b><\/font><\/td>\n<td><font size=\"1\"><b>2<\/b><\/font><\/td>\n<td><font size=\"1\"><b>&nbsp;<\/b><\/font><\/td>\n<td><font size=\"1\"><b>28312<\/b><\/font><\/td>\n<td><font size=\"1\"><b><i>Eleotris pisonis<\/i><a href=\"http:\/\/nossacasa.net\/nossosriachos\/biobahia\/foto-32\/\" target=\"_blank\"><font size=\"1\">(Foto)<\/font><\/a><\/b><\/font><\/td>\n<\/tr>\n<tr>\n<td><font size=\"1\"><b>6<\/b><\/font><\/td>\n<td><font size=\"1\"><b>41<\/b><\/font><\/td>\n<td><font size=\"1\"><b>&nbsp;<\/b><\/font><\/td>\n<td><font size=\"1\"><b>28561<\/b><\/font><\/td>\n<td><font size=\"1\"><b><i>Astyanax cf.rivularis<\/i><\/b><\/font><\/td>\n<\/tr>\n<tr>\n<td><font size=\"1\"><b>7<\/b><\/font><\/td>\n<td><font size=\"1\"><b>2<\/b><\/font><\/td>\n<td><font size=\"1\"><b>&nbsp;<\/b><\/font><\/td>\n<td><font size=\"1\"><b>28562<\/b><\/font><\/td>\n<td><font size=\"1\"><b><i>Phalloceros caudimaculatus<\/i><\/b><\/font><\/td>\n<\/tr>\n<tr>\n<td><font size=\"1\"><b>8<\/b><\/font><\/td>\n<td><font size=\"1\"><b>1<\/b><\/font><\/td>\n<td><font size=\"1\"><b>&nbsp;<\/b><\/font><\/td>\n<td><font size=\"1\"><b>28563<\/b><\/font><\/td>\n<td><font size=\"1\"><b><i>Acentronichthys leptos<\/i><a href=\"http:\/\/nossacasa.net\/nossosriachos\/biobahia\/foto-33\/\" target=\"_blank\"><font size=\"1\">(Fotos)<\/font><\/a><\/b><\/font><\/td>\n<\/tr>\n<\/table>\n<\/div>\n","protected":false},"excerpt":{"rendered":"<p>PONTO 007 &#8211; BIOBAHIA2004102301 LOCALIDADE: OBSERVA\u00c7\u00d5ES: Rio Imbassuaba, Cumuruxatiba (Foto) Profundidade de amostragem: 1,5 m.Correnteza m\u00e9dia, vegeta\u00e7\u00e3o marginal e flutuante em muita quantidade, substrato de areia, \u00e1gua transparente. Rio estreito (mais ou menos 1 m. de largura) e fundo. Muitos &hellip; <a href=\"http:\/\/nossacasa.net\/nossosriachos\/biobahia\/dia-2-ponto-4\/\">Continue lendo <span class=\"meta-nav\">&rarr;<\/span><\/a><\/p>\n","protected":false},"author":1,"featured_media":1461,"parent":0,"menu_order":0,"comment_status":"closed","ping_status":"closed","template":"","meta":{"footnotes":""},"class_list":["post-865","page","type-page","status-publish","has-post-thumbnail","hentry"],"_links":{"self":[{"href":"http:\/\/nossacasa.net\/nossosriachos\/biobahia\/wp-json\/wp\/v2\/pages\/865","targetHints":{"allow":["GET"]}}],"collection":[{"href":"http:\/\/nossacasa.net\/nossosriachos\/biobahia\/wp-json\/wp\/v2\/pages"}],"about":[{"href":"http:\/\/nossacasa.net\/nossosriachos\/biobahia\/wp-json\/wp\/v2\/types\/page"}],"author":[{"embeddable":true,"href":"http:\/\/nossacasa.net\/nossosriachos\/biobahia\/wp-json\/wp\/v2\/users\/1"}],"replies":[{"embeddable":true,"href":"http:\/\/nossacasa.net\/nossosriachos\/biobahia\/wp-json\/wp\/v2\/comments?post=865"}],"version-history":[{"count":3,"href":"http:\/\/nossacasa.net\/nossosriachos\/biobahia\/wp-json\/wp\/v2\/pages\/865\/revisions"}],"predecessor-version":[{"id":915,"href":"http:\/\/nossacasa.net\/nossosriachos\/biobahia\/wp-json\/wp\/v2\/pages\/865\/revisions\/915"}],"wp:featuredmedia":[{"embeddable":true,"href":"http:\/\/nossacasa.net\/nossosriachos\/biobahia\/wp-json\/wp\/v2\/media\/1461"}],"wp:attachment":[{"href":"http:\/\/nossacasa.net\/nossosriachos\/biobahia\/wp-json\/wp\/v2\/media?parent=865"}],"curies":[{"name":"wp","href":"https:\/\/api.w.org\/{rel}","templated":true}]}}