{"id":973,"date":"2018-04-28T10:17:58","date_gmt":"2018-04-28T13:17:58","guid":{"rendered":"http:\/\/nossacasa.net\/nossosriachos\/biobahia\/?page_id=973"},"modified":"2018-04-28T10:18:50","modified_gmt":"2018-04-28T13:18:50","slug":"foto-46","status":"publish","type":"page","link":"http:\/\/nossacasa.net\/nossosriachos\/biobahia\/foto-46\/","title":{"rendered":"Foto 46"},"content":{"rendered":"<p style=\"text-align: center;\"><strong><img loading=\"lazy\" decoding=\"async\" class=\"aligncenter size-full wp-image-296\" src=\"http:\/\/nossacasa.net\/nossosriachos\/biobahia\/wp-content\/uploads\/sites\/2\/2018\/04\/1570.jpg\" alt=\"\" width=\"600\" height=\"450\" \/><\/p>\n<p style=\"text-align: center;\"><strong><img loading=\"lazy\" decoding=\"async\" class=\"aligncenter size-full wp-image-296\" src=\"http:\/\/nossacasa.net\/nossosriachos\/biobahia\/wp-content\/uploads\/sites\/2\/2018\/04\/15701.jpg\" alt=\"\" width=\"600\" height=\"450\" \/><\/p>\n<p style=\"text-align: center;\"><strong>C\u00f3rrego dos Palmares na estrada Guarany-Palmares-Corumbau, pr\u00f3ximo a Palmares.<\/strong><\/p>\n<p style=\"text-align: center;\"><strong><img loading=\"lazy\" decoding=\"async\" class=\"aligncenter size-full wp-image-296\" src=\"http:\/\/nossacasa.net\/nossosriachos\/biobahia\/wp-content\/uploads\/sites\/2\/2018\/04\/15702.jpg\" alt=\"\" width=\"600\" height=\"450\" \/><\/p>\n<p style=\"text-align: center;\"><strong>Vista do Monte Pascoal pr\u00f3ximo \u00e0 Palmares.<\/strong><\/p>\n<p style=\"text-align: center;\"><strong><img loading=\"lazy\" decoding=\"async\" class=\"aligncenter size-full wp-image-296\" src=\"http:\/\/nossacasa.net\/nossosriachos\/biobahia\/wp-content\/uploads\/sites\/2\/2018\/04\/15703.jpg\" alt=\"\" width=\"600\" height=\"450\" \/><\/p>\n<p style=\"text-align: center;\"><strong>Vila de Palmares.<\/strong><\/p>\n<p style=\"text-align: center;\"><strong><img loading=\"lazy\" decoding=\"async\" class=\"aligncenter size-full wp-image-296\" src=\"http:\/\/nossacasa.net\/nossosriachos\/biobahia\/wp-content\/uploads\/sites\/2\/2018\/04\/15704.jpg\" alt=\"\" width=\"600\" height=\"450\" \/><\/p>\n<p style=\"text-align: center;\"><strong>Crian\u00e7as brincando em Palmares.<\/strong><\/p>\n","protected":false},"excerpt":{"rendered":"<p>C\u00f3rrego dos Palmares na estrada Guarany-Palmares-Corumbau, pr\u00f3ximo a Palmares. Vista do Monte Pascoal pr\u00f3ximo \u00e0 Palmares. Vila de Palmares. Crian\u00e7as brincando em Palmares.<\/p>\n","protected":false},"author":1,"featured_media":358,"parent":0,"menu_order":0,"comment_status":"closed","ping_status":"closed","template":"","meta":{"footnotes":""},"class_list":["post-973","page","type-page","status-publish","has-post-thumbnail","hentry"],"_links":{"self":[{"href":"http:\/\/nossacasa.net\/nossosriachos\/biobahia\/wp-json\/wp\/v2\/pages\/973","targetHints":{"allow":["GET"]}}],"collection":[{"href":"http:\/\/nossacasa.net\/nossosriachos\/biobahia\/wp-json\/wp\/v2\/pages"}],"about":[{"href":"http:\/\/nossacasa.net\/nossosriachos\/biobahia\/wp-json\/wp\/v2\/types\/page"}],"author":[{"embeddable":true,"href":"http:\/\/nossacasa.net\/nossosriachos\/biobahia\/wp-json\/wp\/v2\/users\/1"}],"replies":[{"embeddable":true,"href":"http:\/\/nossacasa.net\/nossosriachos\/biobahia\/wp-json\/wp\/v2\/comments?post=973"}],"version-history":[{"count":2,"href":"http:\/\/nossacasa.net\/nossosriachos\/biobahia\/wp-json\/wp\/v2\/pages\/973\/revisions"}],"predecessor-version":[{"id":975,"href":"http:\/\/nossacasa.net\/nossosriachos\/biobahia\/wp-json\/wp\/v2\/pages\/973\/revisions\/975"}],"wp:featuredmedia":[{"embeddable":true,"href":"http:\/\/nossacasa.net\/nossosriachos\/biobahia\/wp-json\/wp\/v2\/media\/358"}],"wp:attachment":[{"href":"http:\/\/nossacasa.net\/nossosriachos\/biobahia\/wp-json\/wp\/v2\/media?parent=973"}],"curies":[{"name":"wp","href":"https:\/\/api.w.org\/{rel}","templated":true}]}}