{"id":101,"date":"2018-04-24T06:18:23","date_gmt":"2018-04-24T09:18:23","guid":{"rendered":"http:\/\/nossacasa.net\/nossosriachos\/bioconhecer\/?page_id=101"},"modified":"2018-04-24T10:55:26","modified_gmt":"2018-04-24T13:55:26","slug":"mensagens-jp-2011","status":"publish","type":"page","link":"http:\/\/nossacasa.net\/nossosriachos\/bioconhecer\/mensagens-jp-2011\/","title":{"rendered":"JP 2011 Mensagens"},"content":{"rendered":"<div style=\"text-align:justify\">\n<table>\n<tbody>\n<tr>\n<td><a href=\"http:\/\/nossacasa.net\/nossosriachos\/bioconhecer\/jp-2011\/\">capa<\/a><\/td>\n<td><a href=\"http:\/\/nossacasa.net\/nossosriachos\/bioconhecer\/projeto-jp-2011\/\">projeto<\/a><\/td>\n<td><a href=\"&quot;http:\/\/nossacasa.net\/nossosriachos\/bioconhecer\/turma-jp-2011\/\">turma<\/a><\/td>\n<td><a href=\"http:\/\/nossacasa.net\/nossosriachos\/bioconhecer\/encontros-jp-2011>encontros<\/a><\/td>\n<td><a href=\"http:\/\/nossacasa.net\/nossosriachos\/bioconhecer\/parcerias-jp-2011\/\">parcerias<\/a><\/td>\n<td><a href=\"http:\/\/nossacasa.net\/nossosriachos\/bioconhecer\/trabalhos-jp-2011\/\">trabalhos<\/a><\/td>\n<td><a href=\"http:\/\/nossacasa.net\/nossosriachos\/bioconhecer\/mensagens-jp-2011\/\">mensagens<\/a><\/td>\n<\/tr>\n<\/tbody>\n<\/table>\n<p><strong>CRACH\u00c1S<\/strong><br \/>\nAgradecemos ao <strong>Al\u00e9xei Pinheiro<\/strong> do Rio de Janeiro pelos crach\u00e1s que projetou, confeccionou e doou para nossa turma piloto:<\/p>\n<table>\n<tr>\n<td><img loading=\"lazy\" decoding=\"async\" src=\"http:\/\/nossacasa.net\/nossosriachos\/bioconhecer\/wp-content\/uploads\/sites\/10\/2018\/04\/cracha_pesquisador.jpg\" alt=\"\" width=\"210\" height=\"407\" class=\"alignnone size-full wp-image-166\" srcset=\"http:\/\/nossacasa.net\/nossosriachos\/bioconhecer\/wp-content\/uploads\/sites\/10\/2018\/04\/cracha_pesquisador.jpg 210w, http:\/\/nossacasa.net\/nossosriachos\/bioconhecer\/wp-content\/uploads\/sites\/10\/2018\/04\/cracha_pesquisador-155x300.jpg 155w\" sizes=\"auto, (max-width: 210px) 100vw, 210px\" \/><\/td>\n<td><img loading=\"lazy\" decoding=\"async\" src=\"http:\/\/nossacasa.net\/nossosriachos\/bioconhecer\/wp-content\/uploads\/sites\/10\/2018\/04\/cracha_monitor.jpg\" alt=\"\" width=\"210\" height=\"407\" class=\"alignnone size-full wp-image-165\" srcset=\"http:\/\/nossacasa.net\/nossosriachos\/bioconhecer\/wp-content\/uploads\/sites\/10\/2018\/04\/cracha_monitor.jpg 210w, http:\/\/nossacasa.net\/nossosriachos\/bioconhecer\/wp-content\/uploads\/sites\/10\/2018\/04\/cracha_monitor-155x300.jpg 155w\" sizes=\"auto, (max-width: 210px) 100vw, 210px\" \/><\/td>\n<td><img loading=\"lazy\" decoding=\"async\" src=\"http:\/\/nossacasa.net\/nossosriachos\/bioconhecer\/wp-content\/uploads\/sites\/10\/2018\/04\/cracha_estudante.jpg\" alt=\"\" width=\"210\" height=\"407\" class=\"alignnone size-full wp-image-164\" srcset=\"http:\/\/nossacasa.net\/nossosriachos\/bioconhecer\/wp-content\/uploads\/sites\/10\/2018\/04\/cracha_estudante.jpg 210w, http:\/\/nossacasa.net\/nossosriachos\/bioconhecer\/wp-content\/uploads\/sites\/10\/2018\/04\/cracha_estudante-155x300.jpg 155w\" sizes=\"auto, (max-width: 210px) 100vw, 210px\" \/><\/td>\n<\/table>\n<p><strong>MENSAGENS<\/strong><br \/>\n<strong>Savio Raeder &#8211; Bras\u00edlia &#8211; DF<\/strong><br \/>\n17 de maio de 2011 11:00<br \/>\n<em>Gostei do projeto Jovens Pesquisadores!<br \/>\nOlhei as fotos das aulas de georreferenciamento que deram e achei muito bacana.<br \/>\nVou ficar de olho em oportunidades de financiamento para o projeto.<br \/>\nAl\u00e9m disso, se precisar de algum tipo de apoio pessoal (financeiro ou intelectual) pode contar comigo<\/em>.<\/p>\n<hr>\n<p><strong>F\u00e1tima Cardoso &#8211; Niter\u00f3i &#8211; RJ<\/strong><br \/>\n17 de maio de 2011 22:28<br \/>\n<em>Que lindo o trabalho de voces !<br \/>\nCarinho.<\/em><\/p>\n<hr>\n<p><strong>J.Carino &#8211; Niter\u00f3i &#8211; RJ<\/strong><br \/>\n18 de maio de 2011 21:08<br \/>\n<em>Depois de ver as fotos, deu-me vontade de escrever o texto anexo endere\u00e7ado \u00e0s jovens pesquisadoras que aparecem retratadas.<br \/>\nCordiais abra\u00e7os.<\/em><br \/>\nTEXTO:<br \/>\nNiter\u00f3i, 18 de maio de 2011<br \/>\nJovens pesquisadoras:<\/p>\n<p><em>Encanta-me v\u00ea-las a\u00ed, lindas, e encarnando a Esperan\u00e7a.<br \/>\nEsperan\u00e7a, sim, de que seus jovens cora\u00e7\u00f5es e mentes se inclinem pela \u00e1rdua tarefa de fazer ci\u00eancia, sem perder a ternura e sem esquecer que o saber serve \u00e0 sublime condi\u00e7\u00e3o humana, e n\u00e3o \u00e0 fama ou ao dinheiro.<br \/>\nEsperan\u00e7a, sim, de que voc\u00eas persistam, e redobrem seus esfor\u00e7os tamb\u00e9m no sentido de se transformarem em multiplicadoras, contribuindo para a correta e generosa dissemina\u00e7\u00e3o do saber.<br \/>\nEsperan\u00e7a de que os mais velhos, inclusive os s\u00e1bios cientistas que j\u00e1 viraram presas na armadilha do academicismo, retornem \u00e0 curiosidade da sua juventude, que os ter\u00e1 movido, l\u00e1 no in\u00edcio da vida profissional, na dire\u00e7\u00e3o de uma ci\u00eancia pela ci\u00eancia e para as pessoas.<br \/>\nEncanta-me v\u00ea-las como bichinhos em meio a bichinhos, como flores em meio a flores, como cora\u00e7\u00f5es humanos batendo em un\u00edssono com o cora\u00e7\u00e3o dos animais e de todas as demais coisas e seres.<br \/>\nParab\u00e9ns por esses primeiros passos na pesquisa, o que me lembra a frase de uma sabedoria antiga, em que se diz que &#8220;todo caminho come\u00e7a com um primeiro passo&#8221;.<br \/>\nObrigado a voc\u00eas por darem esse passo.<\/em><br \/>\nMinha admira\u00e7\u00e3o.<br \/>\nCarino<\/p>\n<p>19 de maio de 2011 09:36<br \/>\n<em>&#8220;As meninas tamb\u00e9m nosso carinho, para que elas se sintam realmente incentivadas; o pa\u00eds, as pessoas e a natureza precisam de cientistas humanizados.<br \/>\nCordial abra\u00e7o<\/em><\/p>\n<hr>\n<p><strong>Bruna Sepulcri &#8211; Manaus &#8211; AM<\/strong><br \/>\n18 de maio de 2011 20:50<br \/>\n<em>Poxaaa..legal o projeto&#8230;quero participar!!!<br \/>\nbjusss<\/em><\/p>\n<hr>\n<p><strong>Larissa Racanelli &#8211; Santa Teresa &#8211; ES<\/strong><br \/>\n12 de maio de 2011 14:20<br \/>\n<em>J\u00e1 olhei as fotos e fiquei babando as minhas pesquisadoras.<br \/>\nFicou muito bom. As meninas est\u00e3o adorando as atividades realizadas.<br \/>\nVoc\u00eas est\u00e3o de parab\u00e9ns!!!!!<\/em><\/p>\n<hr>\n<p><strong>Simone Lima &#8211; Santa Teresa &#8211; ES<\/strong><br \/>\n19 de maio de 2011 11:36<br \/>\n<em>Parab\u00e9ns pela iniciativa, muito bacana mesmo!!!!!<br \/>\nBeijos<\/em><\/p>\n<hr>\n<p><strong>S\u00e9rgio Lucena &#8211; Vit\u00f3ria &#8211; ES<\/strong><br \/>\n12 de abril de 2011 15:40<br \/>\n<em>Maravilha,<br \/>\nFico feliz em saber que, mesmo aos pouco, estamos conseguindo implantar algumas atividades fim do Projeto.<br \/>\nabra\u00e7o e boa sorte.<\/em><br \/>\n29 de abril de 2011 09:54<br \/>\n<em>Excelente.<br \/>\n\u00c9 o tipo de coisa que o Museu tem que incorporar \u00e0s suas atividades educativas.<\/em><\/p>\n<hr>\n<p><strong>Camila Mendes &#8211; Vit\u00f3ria &#8211; ES<\/strong><br \/>\n18 de maio de 2011 20:21<br \/>\n<em>Muito legal o projeto, uma \u00f3tima maneira de melhorar a educa\u00e7\u00e3o.<br \/>\nabra\u00e7os.<\/em>\n<\/div>\n","protected":false},"excerpt":{"rendered":"<p>capa projeto turma<\/p>\n","protected":false},"author":1,"featured_media":0,"parent":0,"menu_order":0,"comment_status":"closed","ping_status":"closed","template":"","meta":{"footnotes":""},"class_list":["post-101","page","type-page","status-publish","hentry"],"_links":{"self":[{"href":"http:\/\/nossacasa.net\/nossosriachos\/bioconhecer\/wp-json\/wp\/v2\/pages\/101","targetHints":{"allow":["GET"]}}],"collection":[{"href":"http:\/\/nossacasa.net\/nossosriachos\/bioconhecer\/wp-json\/wp\/v2\/pages"}],"about":[{"href":"http:\/\/nossacasa.net\/nossosriachos\/bioconhecer\/wp-json\/wp\/v2\/types\/page"}],"author":[{"embeddable":true,"href":"http:\/\/nossacasa.net\/nossosriachos\/bioconhecer\/wp-json\/wp\/v2\/users\/1"}],"replies":[{"embeddable":true,"href":"http:\/\/nossacasa.net\/nossosriachos\/bioconhecer\/wp-json\/wp\/v2\/comments?post=101"}],"version-history":[{"count":8,"href":"http:\/\/nossacasa.net\/nossosriachos\/bioconhecer\/wp-json\/wp\/v2\/pages\/101\/revisions"}],"predecessor-version":[{"id":181,"href":"http:\/\/nossacasa.net\/nossosriachos\/bioconhecer\/wp-json\/wp\/v2\/pages\/101\/revisions\/181"}],"wp:attachment":[{"href":"http:\/\/nossacasa.net\/nossosriachos\/bioconhecer\/wp-json\/wp\/v2\/media?parent=101"}],"curies":[{"name":"wp","href":"https:\/\/api.w.org\/{rel}","templated":true}]}}