{"id":196,"date":"2018-04-24T11:32:42","date_gmt":"2018-04-24T14:32:42","guid":{"rendered":"http:\/\/nossacasa.net\/nossosriachos\/bioconhecer\/?page_id=196"},"modified":"2018-04-24T13:32:25","modified_gmt":"2018-04-24T16:32:25","slug":"jp-2012-turma","status":"publish","type":"page","link":"http:\/\/nossacasa.net\/nossosriachos\/bioconhecer\/jp-2012-turma\/","title":{"rendered":"JP 2012 Turma"},"content":{"rendered":"<div style=\"text-align: justify;\">\n<table>\n<tbody>\n<tr>\n<td><a href=\"http:\/\/nossacasa.net\/nossosriachos\/bioconhecer\/jp-2012\/\">capa<\/a><\/td>\n<td><a href=\"http:\/\/nossacasa.net\/nossosriachos\/bioconhecer\/projeto-jp-2012\/\">projeto<\/a><\/td>\n<td><a href=\"http:\/\/nossacasa.net\/nossosriachos\/bioconhecer\/turma-jp-2012\/\">turma<\/a><\/td>\n<td><a href=\"http:\/\/nossacasa.net\/nossosriachos\/bioconhecer\/encontros-jp-2012\">encontros<\/a><\/td>\n<td><a href=\"http:\/\/nossacasa.net\/nossosriachos\/bioconhecer\/parcerias-jp-2012\/\">parcerias<\/a><\/td>\n<\/tr>\n<\/tbody>\n<\/table>\n<table width=\"100%\">\n<caption align=\"center\"><b>RESPONS\u00c1VEIS<\/b><\/caption>\n<tbody>\n<tr>\n<td align=\"center\"><img loading=\"lazy\" decoding=\"async\" class=\"aligncenter size-full wp-image-130\" src=\"http:\/\/nossacasa.net\/nossosriachos\/bioconhecer\/wp-content\/uploads\/sites\/10\/2018\/04\/luisa.jpg\" alt=\"\" width=\"80\" height=\"75\" \/><\/td>\n<td align=\"center\"><img loading=\"lazy\" decoding=\"async\" class=\"aligncenter size-full wp-image-140\" src=\"http:\/\/nossacasa.net\/nossosriachos\/bioconhecer\/wp-content\/uploads\/sites\/10\/2018\/04\/ronaldo.jpg\" alt=\"\" width=\"80\" height=\"75\" \/><\/td>\n<\/tr>\n<tr>\n<td style=\"text-align: center;\">Luisa Maria Sarmento-Soares<\/td>\n<td style=\"text-align: center;\">Ronaldo Fernando Martins-Pinheiro<\/td>\n<\/tr>\n<\/tbody>\n<\/table>\n<table width=\"100%\">\n<caption align=\"center\"><b>COORDENA\u00c7\u00c3O<\/b><\/caption\n\n\n<tr>\n<td align=\"center\"><img loading=\"lazy\" decoding=\"async\" class=\"aligncenter size-full wp-image-134\" src=\"http:\/\/nossacasa.net\/nossosriachos\/bioconhecer\/wp-content\/uploads\/sites\/10\/2018\/04\/margareth.jpg\" alt=\"\" width=\"80\" height=\"75\" \/><\/td>\n<\/tr>\n<tr>\n<td style=\"text-align: center;\">Maria Margareth Cancian Roldi<\/td>\n<\/tr>\n<\/tbody>\n<\/table>\n<table width=\"100%\">\n<caption align=\"center\"><b>MONITORES<\/b><\/caption>\n<tbody>\n<tr>\n<td align=\"center\"><img loading=\"lazy\" decoding=\"async\" src=\"http:\/\/nossacasa.net\/nossosriachos\/bioconhecer\/wp-content\/uploads\/sites\/10\/2018\/04\/cristina.jpg\" alt=\"\" width=\"80\" height=\"75\" class=\"aligncenter size-full wp-image-200\" \/><\/td>\n<td align=\"center\"><img loading=\"lazy\" decoding=\"async\" src=\"http:\/\/nossacasa.net\/nossosriachos\/bioconhecer\/wp-content\/uploads\/sites\/10\/2018\/04\/matheus.jpg\" alt=\"\" width=\"80\" height=\"75\" class=\"aligncenter size-full wp-image-201\" \/><\/td>\n<td align=\"center\"><img loading=\"lazy\" decoding=\"async\" src=\"http:\/\/nossacasa.net\/nossosriachos\/bioconhecer\/wp-content\/uploads\/sites\/10\/2018\/04\/alexandre.jpg\" alt=\"\" width=\"80\" height=\"75\" class=\"aligncenter size-full wp-image-199\" \/><\/td>\n<\/tr>\n<tr>\n<td style=\"text-align: center;\">Cristina Jacques da Cunha<\/td>\n<td style=\"text-align: center;\">Matheus Torezani<\/td>\n<td style=\"text-align: center;\">Alexander M\u00f4nico<\/td>\n<\/tr>\n<\/tbody>\n<\/table>\n<table width=\"100%\">\n<caption align=\"center\"><b>PALESTRANTES<\/b><\/caption>\n<tbody>\n<tr>\n<td align=\"center\"><img loading=\"lazy\" decoding=\"async\" src=\"http:\/\/nossacasa.net\/nossosriachos\/bioconhecer\/wp-content\/uploads\/sites\/10\/2018\/04\/gabriel.jpg\" alt=\"\" width=\"80\" height=\"75\" class=\"aligncenter size-full wp-image-204\" \/><\/td>\n<td align=\"center\"><img loading=\"lazy\" decoding=\"async\" src=\"http:\/\/nossacasa.net\/nossosriachos\/bioconhecer\/wp-content\/uploads\/sites\/10\/2018\/04\/juliana.jpg\" alt=\"\" width=\"80\" height=\"75\" class=\"aligncenter size-full wp-image-206\" \/><\/td>\n<td align=\"center\"><img loading=\"lazy\" decoding=\"async\" src=\"http:\/\/nossacasa.net\/nossosriachos\/bioconhecer\/wp-content\/uploads\/sites\/10\/2018\/04\/cintia.jpg\" alt=\"\" width=\"80\" height=\"75\" class=\"aligncenter size-full wp-image-203\" \/><\/td>\n<td align=\"center\"><img loading=\"lazy\" decoding=\"async\" src=\"http:\/\/nossacasa.net\/nossosriachos\/bioconhecer\/wp-content\/uploads\/sites\/10\/2018\/04\/Raphael.jpg\" alt=\"\" width=\"80\" height=\"75\" class=\"aligncenter size-full wp-image-208\" \/><\/td>\n<\/tr>\n<tr>\n<td style=\"text-align: center;\">Gabriel Santos Aves<\/td>\n<td style=\"text-align: center;\">Juliana Peres Anf\u00edbios<\/td>\n<td style=\"text-align: center;\">C\u00edntia Corsini Mam\u00edferos<\/td>\n<td style=\"text-align: center;\">Raphael B. Soares R\u00e9pteis<\/td>\n<\/tr>\n<tr>\n<td align=\"center\"><img loading=\"lazy\" decoding=\"async\" src=\"http:\/\/nossacasa.net\/nossosriachos\/bioconhecer\/wp-content\/uploads\/sites\/10\/2018\/04\/elisa.jpg\" alt=\"\" width=\"57\" height=\"75\" class=\"aligncenter size-full wp-image-126\" \/><\/td>\n<td align=\"center\"><img loading=\"lazy\" decoding=\"async\" src=\"http:\/\/nossacasa.net\/nossosriachos\/bioconhecer\/wp-content\/uploads\/sites\/10\/2018\/04\/Cecilia.jpg\" alt=\"\" width=\"80\" height=\"75\" class=\"aligncenter size-full wp-image-210\" \/><\/td>\n<td align=\"center\"><img loading=\"lazy\" decoding=\"async\" src=\"http:\/\/nossacasa.net\/nossosriachos\/bioconhecer\/wp-content\/uploads\/sites\/10\/2018\/04\/josiani.jpg\" alt=\"\" width=\"80\" height=\"75\" class=\"aligncenter size-full wp-image-205\" \/><\/td>\n<td align=\"center\"><img loading=\"lazy\" decoding=\"async\" src=\"http:\/\/nossacasa.net\/nossosriachos\/bioconhecer\/wp-content\/uploads\/sites\/10\/2018\/04\/marcos-leao.jpg\" alt=\"\" width=\"80\" height=\"75\" class=\"aligncenter size-full wp-image-211\" \/><\/td>\n<\/tr>\n<tr>\n<td style=\"text-align: center;\">Elisa Alves Comunica\u00e7\u00e3o<\/td>\n<td style=\"text-align: center;\">Cecilia W. Monteiro Invertebrado<\/td>\n<td style=\"text-align: center;\">Josiani Rossini Botanica<\/td>\n<td style=\"text-align: center;\">Marco Le\u00e3o Arte<\/td>\n<\/tr>\n<\/tbody>\n<\/table>\n<table width=\"100%\">\n<caption align=\"center\"><b>ALUNOS<\/b><\/caption>\n<tbody>\n<tr>\n<td align=\"center\"><img loading=\"lazy\" decoding=\"async\" src=\"http:\/\/nossacasa.net\/nossosriachos\/bioconhecer\/wp-content\/uploads\/sites\/10\/2018\/04\/amanda.jpg\" alt=\"\" width=\"80\" height=\"75\" class=\"aligncenter size-full wp-image-213\" \/><\/td>\n<td align=\"center\"><img loading=\"lazy\" decoding=\"async\" src=\"http:\/\/nossacasa.net\/nossosriachos\/bioconhecer\/wp-content\/uploads\/sites\/10\/2018\/04\/caroline.jpg\" alt=\"\" width=\"80\" height=\"75\" class=\"aligncenter size-full wp-image-214\" \/><\/td>\n<td align=\"center\"><img loading=\"lazy\" decoding=\"async\" src=\"http:\/\/nossacasa.net\/nossosriachos\/bioconhecer\/wp-content\/uploads\/sites\/10\/2018\/04\/catarina.jpg\" alt=\"\" width=\"80\" height=\"75\" class=\"aligncenter size-full wp-image-215\" \/><\/td>\n<td align=\"center\"><img loading=\"lazy\" decoding=\"async\" src=\"http:\/\/nossacasa.net\/nossosriachos\/bioconhecer\/wp-content\/uploads\/sites\/10\/2018\/04\/Emanuelli.jpg\" alt=\"\" width=\"80\" height=\"75\" class=\"aligncenter size-full wp-image-216\" \/><\/td>\n<\/tr>\n<tr>\n<td style=\"text-align: center;\">Amanda<\/td>\n<td style=\"text-align: center;\">Caroline<\/td>\n<td style=\"text-align: center;\">Catarina<\/td>\n<td style=\"text-align: center;\">Emanuelli<\/td>\n<\/tr>\n<tr>\n<td align=\"center\"><img loading=\"lazy\" decoding=\"async\" src=\"http:\/\/nossacasa.net\/nossosriachos\/bioconhecer\/wp-content\/uploads\/sites\/10\/2018\/04\/jade.jpg\" alt=\"\" width=\"80\" height=\"75\" class=\"aligncenter size-full wp-image-217\" \/><\/td>\n<td align=\"center\"><img loading=\"lazy\" decoding=\"async\" src=\"http:\/\/nossacasa.net\/nossosriachos\/bioconhecer\/wp-content\/uploads\/sites\/10\/2018\/04\/Julia.jpg\" alt=\"\" width=\"80\" height=\"75\" class=\"aligncenter size-full wp-image-218\" \/><\/td>\n<td align=\"center\"><img loading=\"lazy\" decoding=\"async\" src=\"http:\/\/nossacasa.net\/nossosriachos\/bioconhecer\/wp-content\/uploads\/sites\/10\/2018\/04\/Lorena.jpg\" alt=\"\" width=\"80\" height=\"75\" class=\"aligncenter size-full wp-image-219\" \/><\/td>\n<td align=\"center\"><img loading=\"lazy\" decoding=\"async\" src=\"http:\/\/nossacasa.net\/nossosriachos\/bioconhecer\/wp-content\/uploads\/sites\/10\/2018\/04\/Lorenzo.jpg\" alt=\"\" width=\"80\" height=\"75\" class=\"aligncenter size-full wp-image-220\" \/><\/td>\n<\/tr>\n<tr>\n<td style=\"text-align: center;\">Jade<\/td>\n<td style=\"text-align: center;\">Julia<\/td>\n<td style=\"text-align: center;\">Lorena<\/td>\n<td style=\"text-align: center;\">Lorenzo<\/td>\n<\/tr>\n<tr>\n<td align=\"center\"><img loading=\"lazy\" decoding=\"async\" src=\"http:\/\/nossacasa.net\/nossosriachos\/bioconhecer\/wp-content\/uploads\/sites\/10\/2018\/04\/marcos.jpg\" alt=\"\" width=\"80\" height=\"75\" class=\"aligncenter size-full wp-image-221\" \/><\/td>\n<td align=\"center\"><img loading=\"lazy\" decoding=\"async\" src=\"http:\/\/nossacasa.net\/nossosriachos\/bioconhecer\/wp-content\/uploads\/sites\/10\/2018\/04\/marianne.jpg\" alt=\"\" width=\"80\" height=\"75\" class=\"aligncenter size-full wp-image-222\" \/><\/td>\n<td align=\"center\"><img loading=\"lazy\" decoding=\"async\" src=\"http:\/\/nossacasa.net\/nossosriachos\/bioconhecer\/wp-content\/uploads\/sites\/10\/2018\/04\/renato-1.jpg\" alt=\"\" width=\"80\" height=\"75\" class=\"aligncenter size-full wp-image-224\" \/><\/td>\n<\/tr>\n<tr>\n<td style=\"text-align: center;\">Marcos<\/td>\n<td style=\"text-align: center;\">Marianne<\/td>\n<td style=\"text-align: center;\">Renato<\/td>\n<\/tr>\n<\/tbody>\n<\/table>\n<\/div>\n","protected":false},"excerpt":{"rendered":"<p>capa projeto turma encontros parcerias RESPONS\u00c1VEIS Luisa Maria Sarmento-Soares Ronaldo Fernando Martins-Pinheiro COORDENA\u00c7\u00c3O<\/p>\n","protected":false},"author":1,"featured_media":188,"parent":0,"menu_order":0,"comment_status":"closed","ping_status":"closed","template":"","meta":{"footnotes":""},"class_list":["post-196","page","type-page","status-publish","has-post-thumbnail","hentry"],"_links":{"self":[{"href":"http:\/\/nossacasa.net\/nossosriachos\/bioconhecer\/wp-json\/wp\/v2\/pages\/196","targetHints":{"allow":["GET"]}}],"collection":[{"href":"http:\/\/nossacasa.net\/nossosriachos\/bioconhecer\/wp-json\/wp\/v2\/pages"}],"about":[{"href":"http:\/\/nossacasa.net\/nossosriachos\/bioconhecer\/wp-json\/wp\/v2\/types\/page"}],"author":[{"embeddable":true,"href":"http:\/\/nossacasa.net\/nossosriachos\/bioconhecer\/wp-json\/wp\/v2\/users\/1"}],"replies":[{"embeddable":true,"href":"http:\/\/nossacasa.net\/nossosriachos\/bioconhecer\/wp-json\/wp\/v2\/comments?post=196"}],"version-history":[{"count":7,"href":"http:\/\/nossacasa.net\/nossosriachos\/bioconhecer\/wp-json\/wp\/v2\/pages\/196\/revisions"}],"predecessor-version":[{"id":247,"href":"http:\/\/nossacasa.net\/nossosriachos\/bioconhecer\/wp-json\/wp\/v2\/pages\/196\/revisions\/247"}],"wp:featuredmedia":[{"embeddable":true,"href":"http:\/\/nossacasa.net\/nossosriachos\/bioconhecer\/wp-json\/wp\/v2\/media\/188"}],"wp:attachment":[{"href":"http:\/\/nossacasa.net\/nossosriachos\/bioconhecer\/wp-json\/wp\/v2\/media?parent=196"}],"curies":[{"name":"wp","href":"https:\/\/api.w.org\/{rel}","templated":true}]}}