{"id":2,"date":"2018-04-23T09:00:28","date_gmt":"2018-04-23T12:00:28","guid":{"rendered":"http:\/\/nossacasa.net\/nossosriachos\/bioconhecer\/?page_id=2"},"modified":"2018-04-23T15:51:06","modified_gmt":"2018-04-23T18:51:06","slug":"inicio","status":"publish","type":"page","link":"http:\/\/nossacasa.net\/nossosriachos\/bioconhecer\/","title":{"rendered":"Inicio"},"content":{"rendered":"<div style=\"text-align:justify\">\nUma das maiores preocupa\u00e7\u00f5es de <strong><em>nossoriachos<\/em><\/strong> foi sempre do compromisso de suas pesquisas com o retorno social.<br \/>\nNesta \u00e1rea <strong><em>BioConhecer<\/em><\/strong> procuramos divulgar nossas atividades relacionadas a divulga\u00e7\u00e3o cient\u00edfica de nosso trabalho.\n<\/div>\n<hr>\n<div style=\"text-align:justify\">\n<a href=\"http:\/\/nossacasa.net\/nossosriachos\/bioconhecer\/jovens-pesquisadores\/\"><img loading=\"lazy\" decoding=\"async\" src=\"http:\/\/nossacasa.net\/nossosriachos\/bioconhecer\/wp-content\/uploads\/sites\/10\/2018\/04\/jovenspesquisadores.jpg\" alt=\"\" width=\"200\" height=\"202\" class=\"alignleft size-full wp-image-26\" srcset=\"http:\/\/nossacasa.net\/nossosriachos\/bioconhecer\/wp-content\/uploads\/sites\/10\/2018\/04\/jovenspesquisadores.jpg 200w, http:\/\/nossacasa.net\/nossosriachos\/bioconhecer\/wp-content\/uploads\/sites\/10\/2018\/04\/jovenspesquisadores-50x50.jpg 50w\" sizes=\"auto, (max-width: 200px) 100vw, 200px\" \/><\/a>Projeto com estudantes de ensino m\u00e9dio, que acompanhados por monitores universit\u00e1rios e orientados por pesquisadores possam conhecer de perto os trabalhos realizado por pesquisadores em uma Institui\u00e7\u00e3o de Pesquisa Cient\u00edfica.<\/p>\n<p>Foram realizadas seis edi\u00e7\u00f5es do Projeto entre os anos de 2011 e 2016. Com envolvimento de in\u00fameros pesquisadores que trabalharam em parceria com projetos do Museu de Biologia Prof. Mello Leit\u00e3o em Santa Teresa, ES.\n<\/p><\/div>\n<hr>\n<p><a href=\"http:\/\/nossacasa.net\/nossosriachos\/bioconhecer\/peixes-meninos\/\"><\/p>\n<div style=\"text-align:justify\"><img loading=\"lazy\" decoding=\"async\" src=\"http:\/\/nossacasa.net\/nossosriachos\/bioconhecer\/wp-content\/uploads\/sites\/10\/2018\/04\/peixesmeninos.jpg\" alt=\"\" width=\"200\" height=\"135\" class=\"alignleft size-full wp-image-29\" \/><\/a>Projeto realizado com Jovens de Cumuruxatiba, munic\u00edpio do Prado no extremo sul da Bahia.<\/p>\n<p>Eles puderam acompanhar os trabalhos durantes a realiza\u00e7\u00e3o do p\u00f3s doutorado da Dra. Luisa Maria Sarmento-Soares realizado na regi\u00e3o. Na oportunidade participaram de um conjunto de atividades conhecendo melhor diversas realidades da regi\u00e3o e familiarizando com v\u00e1rias quest\u00f5es t\u00e9cnicas de pesquisa.\n<\/p><\/div>\n<hr>\n<div style=\"text-align:justify\">\n<a href=\"http:\/\/nossacasa.net\/nossosriachos\/bioconhecer\/liceei\/\"><img loading=\"lazy\" decoding=\"async\" src=\"http:\/\/nossacasa.net\/nossosriachos\/bioconhecer\/wp-content\/uploads\/sites\/10\/2018\/04\/licei.jpg\" alt=\"\" width=\"200\" height=\"135\" class=\"alignleft size-full wp-image-27\" \/><\/a>LICEEI &#8211; Licenciatura Intercultural em Educa\u00e7\u00e3o Escolar Ind\u00edgena.<br \/>\nEtapa de curso ministrado para a forma\u00e7\u00e3o de professores ind\u00edgenas, organizado pela Universidade do Estado da Bahia (UNEB), realizado em Cumuruxatiba, munic\u00edpio de Prado, no extremo sul da Bahia.<br \/>\nTrata-se de um curso espec\u00edfico destinado \u00e0 forma\u00e7\u00e3o em n\u00edvel superior de professores de escolas ind\u00edgenas realizado pela Funda\u00e7\u00e3o Nacional do \u00cdndio (FUNAI), pela Secretaria Estadual de Educa\u00e7\u00e3o (SEC) da Bahia, e pelo Minist\u00e9rio da Educa\u00e7\u00e3o (MEC), atrav\u00e9s do Programa de Apoio \u00e0 Forma\u00e7\u00e3o Superior e Licenciaturas Interculturais Ind\u00edgenas (PROLIND).\n<\/div>\n<hr>\n<div style=\"text-align:justify\">\n<a href=\"http:\/\/nossacasa.net\/nossosriachos\/bioconhecer\/palestras\/\"><img loading=\"lazy\" decoding=\"async\" src=\"http:\/\/nossacasa.net\/nossosriachos\/bioconhecer\/wp-content\/uploads\/sites\/10\/2018\/04\/palestras.jpg\" alt=\"\" width=\"200\" height=\"172\" class=\"alignleft size-full wp-image-28\" \/><\/a>Palestras e apresenta\u00e7\u00f5es para estudantes e p\u00fablicos de diferentes n\u00edveis, sempre abordando temas trabalhados e desenvolvidos no \u00e2mbito do <strong><em>nossosriachos<\/em><\/strong> ou com participa\u00e7\u00e3o de seus membros.<\/p>\n<p>.\n<\/p><\/div>\n<hr>\n","protected":false},"excerpt":{"rendered":"<p>Uma das maiores preocupa\u00e7\u00f5es de nossoriachos foi sempre do compromisso de suas pesquisas com o retorno social. Nesta \u00e1rea BioConhecer procuramos divulgar nossas atividades relacionadas a divulga\u00e7\u00e3o cient\u00edfica de nosso trabalho. Projeto com estudantes de ensino m\u00e9dio, que acompanhados por &hellip; <a href=\"http:\/\/nossacasa.net\/nossosriachos\/bioconhecer\/\">Continue lendo <span class=\"meta-nav\">&rarr;<\/span><\/a><\/p>\n","protected":false},"author":1,"featured_media":9,"parent":0,"menu_order":0,"comment_status":"closed","ping_status":"open","template":"","meta":{"footnotes":""},"class_list":["post-2","page","type-page","status-publish","has-post-thumbnail","hentry"],"_links":{"self":[{"href":"http:\/\/nossacasa.net\/nossosriachos\/bioconhecer\/wp-json\/wp\/v2\/pages\/2","targetHints":{"allow":["GET"]}}],"collection":[{"href":"http:\/\/nossacasa.net\/nossosriachos\/bioconhecer\/wp-json\/wp\/v2\/pages"}],"about":[{"href":"http:\/\/nossacasa.net\/nossosriachos\/bioconhecer\/wp-json\/wp\/v2\/types\/page"}],"author":[{"embeddable":true,"href":"http:\/\/nossacasa.net\/nossosriachos\/bioconhecer\/wp-json\/wp\/v2\/users\/1"}],"replies":[{"embeddable":true,"href":"http:\/\/nossacasa.net\/nossosriachos\/bioconhecer\/wp-json\/wp\/v2\/comments?post=2"}],"version-history":[{"count":8,"href":"http:\/\/nossacasa.net\/nossosriachos\/bioconhecer\/wp-json\/wp\/v2\/pages\/2\/revisions"}],"predecessor-version":[{"id":64,"href":"http:\/\/nossacasa.net\/nossosriachos\/bioconhecer\/wp-json\/wp\/v2\/pages\/2\/revisions\/64"}],"wp:featuredmedia":[{"embeddable":true,"href":"http:\/\/nossacasa.net\/nossosriachos\/bioconhecer\/wp-json\/wp\/v2\/media\/9"}],"wp:attachment":[{"href":"http:\/\/nossacasa.net\/nossosriachos\/bioconhecer\/wp-json\/wp\/v2\/media?parent=2"}],"curies":[{"name":"wp","href":"https:\/\/api.w.org\/{rel}","templated":true}]}}