{"id":234,"date":"2018-04-24T13:19:15","date_gmt":"2018-04-24T16:19:15","guid":{"rendered":"http:\/\/nossacasa.net\/nossosriachos\/bioconhecer\/?page_id=234"},"modified":"2018-04-24T19:30:05","modified_gmt":"2018-04-24T22:30:05","slug":"parcerias-jp-2012","status":"publish","type":"page","link":"http:\/\/nossacasa.net\/nossosriachos\/bioconhecer\/parcerias-jp-2012\/","title":{"rendered":"JP 2012 Parcerias"},"content":{"rendered":"<div style=\"text-align: justify;\">\n<table>\n<tbody>\n<tr>\n<td><a href=\"http:\/\/nossacasa.net\/nossosriachos\/bioconhecer\/jp-2012\/\">capa<\/a><\/td>\n<td><a href=\"http:\/\/nossacasa.net\/nossosriachos\/bioconhecer\/projeto-jp-2012\/\">projeto<\/a><\/td>\n<td><a href=\"http:\/\/nossacasa.net\/nossosriachos\/bioconhecer\/turma-jp-2012\/\">turma<\/a><\/td>\n<td><a href=\"http:\/\/nossacasa.net\/nossosriachos\/bioconhecer\/encontros-jp-2012\">encontros<\/a><\/td>\n<td><a href=\"http:\/\/nossacasa.net\/nossosriachos\/bioconhecer\/parcerias-jp-2012\/\">parcerias<\/a><\/td>\n<\/tr>\n<\/tbody>\n<\/table>\n<p>Jovens Pesquisadores \u00e9 um projeto de <strong><em>nossosriachos<\/em><\/strong>.<\/p>\n<p>A implementa\u00e7\u00e3o do Projeto em 2012 \u00e9 poss\u00edvel gra\u00e7as ao PROJETO &#8220;DIFUS\u00c3O E POPULARIZA\u00c7\u00c3O DA BIODIVERSIDADE DA MATA ATL\u00c2NTICA &#8211; ETAPA 2 (2010 &#8211; 2012)&#8221;<\/p>\n<table border=\"0\">\n<caption><strong>Parceiros envolvidos no Projeto Jovens Pesquisadores 2012<\/strong><\/caption>\n<tr>\n<td><img loading=\"lazy\" decoding=\"async\" src=\"http:\/\/nossacasa.net\/nossosriachos\/bioconhecer\/wp-content\/uploads\/sites\/10\/2018\/04\/sambio.jpg\" alt=\"\" width=\"232\" height=\"113\" class=\"aligncenter size-full wp-image-240\" \/><\/td>\n<td><img loading=\"lazy\" decoding=\"async\" src=\"http:\/\/nossacasa.net\/nossosriachos\/bioconhecer\/wp-content\/uploads\/sites\/10\/2018\/04\/cnpq.jpg\" alt=\"\" width=\"256\" height=\"113\" class=\"aligncenter size-full wp-image-237\" \/>\n<\/td>\n<td><img loading=\"lazy\" decoding=\"async\" src=\"http:\/\/nossacasa.net\/nossosriachos\/bioconhecer\/wp-content\/uploads\/sites\/10\/2018\/04\/FAPES.jpg\" alt=\"\" width=\"211\" height=\"113\" class=\"aligncenter size-full wp-image-238\" \/><\/td>\n<\/tr>\n<tr>\n<td><img loading=\"lazy\" decoding=\"async\" src=\"http:\/\/nossacasa.net\/nossosriachos\/bioconhecer\/wp-content\/uploads\/sites\/10\/2018\/04\/icone-300x300.jpg\" alt=\"\" width=\"113\" height=\"113\" class=\"aligncenter size-medium wp-image-37\" srcset=\"http:\/\/nossacasa.net\/nossosriachos\/bioconhecer\/wp-content\/uploads\/sites\/10\/2018\/04\/icone-300x300.jpg 300w, http:\/\/nossacasa.net\/nossosriachos\/bioconhecer\/wp-content\/uploads\/sites\/10\/2018\/04\/icone-150x150.jpg 150w, http:\/\/nossacasa.net\/nossosriachos\/bioconhecer\/wp-content\/uploads\/sites\/10\/2018\/04\/icone-50x50.jpg 50w, http:\/\/nossacasa.net\/nossosriachos\/bioconhecer\/wp-content\/uploads\/sites\/10\/2018\/04\/icone.jpg 512w\" sizes=\"auto, (max-width: 113px) 100vw, 113px\" \/><\/td>\n<td><img loading=\"lazy\" decoding=\"async\" src=\"http:\/\/nossacasa.net\/nossosriachos\/bioconhecer\/wp-content\/uploads\/sites\/10\/2018\/04\/mbml.jpg\" alt=\"\" width=\"100\" height=\"113\" class=\"aligncenter size-full wp-image-239\" \/><\/td>\n<td><img loading=\"lazy\" decoding=\"async\" src=\"http:\/\/nossacasa.net\/nossosriachos\/bioconhecer\/wp-content\/uploads\/sites\/10\/2018\/04\/UFES.jpg\" alt=\"\" width=\"85\" height=\"113\" class=\"aligncenter size-full wp-image-241\" \/><\/td>\n<\/tr>\n<\/table>\n<\/div>\n","protected":false},"excerpt":{"rendered":"<p>capa projeto turma encontros parcerias Jovens Pesquisadores \u00e9 um projeto de nossosriachos. A implementa\u00e7\u00e3o do Projeto em 2012 \u00e9 poss\u00edvel gra\u00e7as ao PROJETO &#8220;DIFUS\u00c3O E POPULARIZA\u00c7\u00c3O DA BIODIVERSIDADE DA MATA ATL\u00c2NTICA &#8211; ETAPA 2 (2010 &#8211; 2012)&#8221; Parceiros envolvidos no &hellip; <a href=\"http:\/\/nossacasa.net\/nossosriachos\/bioconhecer\/parcerias-jp-2012\/\">Continue lendo <span class=\"meta-nav\">&rarr;<\/span><\/a><\/p>\n","protected":false},"author":1,"featured_media":0,"parent":0,"menu_order":0,"comment_status":"closed","ping_status":"closed","template":"","meta":{"footnotes":""},"class_list":["post-234","page","type-page","status-publish","hentry"],"_links":{"self":[{"href":"http:\/\/nossacasa.net\/nossosriachos\/bioconhecer\/wp-json\/wp\/v2\/pages\/234","targetHints":{"allow":["GET"]}}],"collection":[{"href":"http:\/\/nossacasa.net\/nossosriachos\/bioconhecer\/wp-json\/wp\/v2\/pages"}],"about":[{"href":"http:\/\/nossacasa.net\/nossosriachos\/bioconhecer\/wp-json\/wp\/v2\/types\/page"}],"author":[{"embeddable":true,"href":"http:\/\/nossacasa.net\/nossosriachos\/bioconhecer\/wp-json\/wp\/v2\/users\/1"}],"replies":[{"embeddable":true,"href":"http:\/\/nossacasa.net\/nossosriachos\/bioconhecer\/wp-json\/wp\/v2\/comments?post=234"}],"version-history":[{"count":5,"href":"http:\/\/nossacasa.net\/nossosriachos\/bioconhecer\/wp-json\/wp\/v2\/pages\/234\/revisions"}],"predecessor-version":[{"id":299,"href":"http:\/\/nossacasa.net\/nossosriachos\/bioconhecer\/wp-json\/wp\/v2\/pages\/234\/revisions\/299"}],"wp:attachment":[{"href":"http:\/\/nossacasa.net\/nossosriachos\/bioconhecer\/wp-json\/wp\/v2\/media?parent=234"}],"curies":[{"name":"wp","href":"https:\/\/api.w.org\/{rel}","templated":true}]}}