{"id":312,"date":"2018-04-24T19:36:54","date_gmt":"2018-04-24T22:36:54","guid":{"rendered":"http:\/\/nossacasa.net\/nossosriachos\/bioconhecer\/?page_id=312"},"modified":"2018-04-24T19:41:27","modified_gmt":"2018-04-24T22:41:27","slug":"projeto-jp-2013","status":"publish","type":"page","link":"http:\/\/nossacasa.net\/nossosriachos\/bioconhecer\/projeto-jp-2013\/","title":{"rendered":"JP 2013 Projeto"},"content":{"rendered":"<div style=\"text-align: justify;\">\n<p><img loading=\"lazy\" decoding=\"async\" class=\"aligncenter size-full wp-image-188\" src=\"http:\/\/nossacasa.net\/nossosriachos\/bioconhecer\/wp-content\/uploads\/sites\/10\/2018\/04\/logo-projeto.jpg\" alt=\"\" width=\"649\" height=\"123\" srcset=\"http:\/\/nossacasa.net\/nossosriachos\/bioconhecer\/wp-content\/uploads\/sites\/10\/2018\/04\/logo-projeto.jpg 649w, http:\/\/nossacasa.net\/nossosriachos\/bioconhecer\/wp-content\/uploads\/sites\/10\/2018\/04\/logo-projeto-300x57.jpg 300w, http:\/\/nossacasa.net\/nossosriachos\/bioconhecer\/wp-content\/uploads\/sites\/10\/2018\/04\/logo-projeto-500x95.jpg 500w\" sizes=\"auto, (max-width: 649px) 100vw, 649px\" \/><\/p>\n<table border=\"0\" width=\"600px\" cellspacing=\"0\" cellpadding=\"0\" align=\"center\">\n<tbody>\n<tr>\n<td><a href=\"http:\/\/nossacasa.net\/nossosriachos\/bioconhecer\/jp-2013\/\">capa<\/a><\/td>\n<td><a href=\"http:\/\/nossacasa.net\/nossosriachos\/bioconhecer\/projeto-jp-2013\/\">projeto<\/a><\/td>\n<td><a href=\"&quot;http:\/\/nossacasa.net\/nossosriachos\/bioconhecer\/turma-jp-2013\/\">turma<\/a><\/td>\n<td><a href=\"&quot;http:\/\/nossacasa.net\/nossosriachos\/bioconhecer\/encontros-jp-2013\">encontros<\/a><\/td>\n<td><a href=\"http:\/\/nossacasa.net\/nossosriachos\/bioconhecer\/parcerias-jp-2013\/\">parcerias<\/a><\/td>\n<\/tr>\n<\/tbody>\n<\/table>\n<p><strong>TEMA: A pesquisa cient\u00edfica e a comunidade<\/strong><\/p>\n<p><strong>Proposta:<\/strong><\/p>\n<ul>\n<li>Trabalhar com a turma do primeiro ano<\/li>\n<li>Encontros mensais com um m\u00e1ximo de 15 a 20 alunos<\/li>\n<li>Dura\u00e7\u00e3o de um ano<\/li>\n<\/ul>\n<p><strong>Objetivo:<\/strong><br \/>\nConhecer as pesquisas existentes no Museu de Biologia Professor Mello Leit\u00e3o (MBML) promovendo intera\u00e7\u00e3o entre o museu e a comunidade, a fim de difundir a ci\u00eancia em especial as pesquisas desenvolvidas na Mata Atl\u00e2ntica.<\/p>\n<p><strong>Local dos encontros:<\/strong><br \/>\nEspa\u00e7os do MBML<\/p>\n<p><strong>Pr\u00e1ticas de campo :<\/strong><\/p>\n<ul>\n<li>Encontro para conhecimento dos grupos biol\u00f3gicos.<\/li>\n<li>Aula de campo para aprendizado de t\u00e9cnicas de coleta.<\/li>\n<li>No\u00e7\u00f5es de curadoria<\/li>\n<\/ul>\n<p><strong>Roteiro:<\/strong><br \/>\nOs grupos biol\u00f3gicos e suas especificidades<br \/>\nO MBML com espa\u00e7o de educa\u00e7\u00e3o e divulga\u00e7\u00e3o cient\u00edfica<\/p>\n<p><strong>Pesquisas<\/strong><\/p>\n<ol>\n<li>O MBML como espa\u00e7o de pesquisas<\/li>\n<li>As pesquisas em bot\u00e2nica<\/li>\n<li>As pesquisas com aves<\/li>\n<li>As pesquisas com anf\u00edbios<\/li>\n<li>As pesquisas com peixes<\/li>\n<li>As pesquisas com r\u00e9pteis<\/li>\n<li>As pesquisas com mam\u00edferos<\/li>\n<li>As pesquisas com invertebrados<\/li>\n<li>Desmistificando o Cientista<\/li>\n<li>Rodada de leitura<\/li>\n<li>Desenho livre<\/li>\n<\/ol>\n<\/div>\n","protected":false},"excerpt":{"rendered":"<p>capa projeto turma encontros parcerias TEMA: A pesquisa cient\u00edfica e a comunidade Proposta: Trabalhar com a turma do primeiro ano Encontros mensais com um m\u00e1ximo de 15 a 20 alunos Dura\u00e7\u00e3o de um ano Objetivo: Conhecer as pesquisas existentes no &hellip; <a href=\"http:\/\/nossacasa.net\/nossosriachos\/bioconhecer\/projeto-jp-2013\/\">Continue lendo <span class=\"meta-nav\">&rarr;<\/span><\/a><\/p>\n","protected":false},"author":1,"featured_media":0,"parent":0,"menu_order":0,"comment_status":"closed","ping_status":"closed","template":"","meta":{"footnotes":""},"class_list":["post-312","page","type-page","status-publish","hentry"],"_links":{"self":[{"href":"http:\/\/nossacasa.net\/nossosriachos\/bioconhecer\/wp-json\/wp\/v2\/pages\/312","targetHints":{"allow":["GET"]}}],"collection":[{"href":"http:\/\/nossacasa.net\/nossosriachos\/bioconhecer\/wp-json\/wp\/v2\/pages"}],"about":[{"href":"http:\/\/nossacasa.net\/nossosriachos\/bioconhecer\/wp-json\/wp\/v2\/types\/page"}],"author":[{"embeddable":true,"href":"http:\/\/nossacasa.net\/nossosriachos\/bioconhecer\/wp-json\/wp\/v2\/users\/1"}],"replies":[{"embeddable":true,"href":"http:\/\/nossacasa.net\/nossosriachos\/bioconhecer\/wp-json\/wp\/v2\/comments?post=312"}],"version-history":[{"count":3,"href":"http:\/\/nossacasa.net\/nossosriachos\/bioconhecer\/wp-json\/wp\/v2\/pages\/312\/revisions"}],"predecessor-version":[{"id":315,"href":"http:\/\/nossacasa.net\/nossosriachos\/bioconhecer\/wp-json\/wp\/v2\/pages\/312\/revisions\/315"}],"wp:attachment":[{"href":"http:\/\/nossacasa.net\/nossosriachos\/bioconhecer\/wp-json\/wp\/v2\/media?parent=312"}],"curies":[{"name":"wp","href":"https:\/\/api.w.org\/{rel}","templated":true}]}}